{"id":7430,"date":"2025-07-18T20:43:27","date_gmt":"2025-07-18T19:43:27","guid":{"rendered":"https:\/\/babylove.se\/produkt\/liewood-julstrumpa-rabbit-dumbo-grey\/"},"modified":"2026-04-08T08:37:02","modified_gmt":"2026-04-08T07:37:02","slug":"liewood-julstrompe-rabbit-dumbo-grey","status":"publish","type":"product","link":"https:\/\/babylove.se\/no\/produkt\/liewood-julstrompe-rabbit-dumbo-grey\/","title":{"rendered":"Liewood, julesokk Tinka, rabbit dumbo grey"},"content":{"rendered":"<p>Hva ville julen v\u00e6rt uten en vakker julesokk som barna (og de voksne) kan finne sm\u00e5 overraskelser i? Denne julesokken fra Liewood kommer til \u00e5 gj\u00f8re julen enda koselig og skape masse stemning i hjemmet. En gave p\u00e5 julaftensmorgen? Eller hver dag i desember? Du bestemmer selv, men uansett kommer julesokken med sitt s\u00f8te kattemotiv til \u00e5 finne sin plass. Forberedt for enkel oppheng p\u00e5 veggen, d\u00f8ren eller aller best over den \u00e5pne peisen. <\/p>\n<p>Materiale: 100 % organisk bomull <\/p>\n<p>M\u00e5l: 60 cm h\u00f8y <\/p>\n<p>Designer: <a href=\"https:\/\/babylove.se\/varumarken\/liewood\"><u>Liewood<\/u><\/a><\/p>\n","protected":false},"excerpt":{"rendered":"<p>Hva ville julen v\u00e6rt uten en vakker julesokk som barna (og de voksne) kan finne sm\u00e5 overraskelser i? Denne julesokken fra Liewood kommer til \u00e5 gj\u00f8re julen enda koselig og skape masse stemning i hjemmet. En gave p\u00e5 julaftensmorgen? Eller hver dag i desember? Du bestemmer selv, men uansett kommer julesokken med sitt s\u00f8te kattemotiv [&hellip;]<\/p>\n","protected":false},"featured_media":7432,"comment_status":"closed","ping_status":"closed","template":"","meta":{"_acf_changed":false},"product_brand":[282],"product_cat":[306,305,283,48],"product_tag":[],"class_list":{"0":"post-7430","1":"product","2":"type-product","3":"status-publish","4":"has-post-thumbnail","6":"product_brand-liewood","7":"product_cat-juldekorasjoner","8":"product_cat-julestromper","9":"product_cat-liewood","10":"product_cat-startside","12":"first","13":"outofstock","14":"taxable","15":"shipping-taxable","16":"purchasable","17":"product-type-simple"},"acf":[],"yoast_head":"<!-- This site is optimized with the Yoast SEO Premium plugin v25.8 (Yoast SEO v27.2) - https:\/\/yoast.com\/product\/yoast-seo-premium-wordpress\/ -->\n<title>Liewood, julesokk Tinka, rabbit dumbo grey - Babylove Norska<\/title>\n<meta name=\"robots\" content=\"noindex, follow, max-snippet:-1, max-image-preview:large, max-video-preview:-1\" \/>\n<meta property=\"og:locale\" content=\"nb_NO\" \/>\n<meta property=\"og:type\" content=\"article\" \/>\n<meta property=\"og:title\" content=\"Liewood, julesokk Tinka, rabbit dumbo grey\" \/>\n<meta property=\"og:description\" content=\"Hva ville julen v\u00e6rt uten en vakker julesokk som barna (og de voksne) kan finne sm\u00e5 overraskelser i? Denne julesokken fra Liewood kommer til \u00e5 gj\u00f8re julen enda koselig og skape masse stemning i hjemmet. En gave p\u00e5 julaftensmorgen? Eller hver dag i desember? Du bestemmer selv, men uansett kommer julesokken med sitt s\u00f8te kattemotiv [&hellip;]\" \/>\n<meta property=\"og:url\" content=\"https:\/\/babylove.se\/no\/produkt\/liewood-julstrompe-rabbit-dumbo-grey\/\" \/>\n<meta property=\"og:site_name\" content=\"Babylove Norska\" \/>\n<meta property=\"article:modified_time\" content=\"2026-04-08T07:37:02+00:00\" \/>\n<meta property=\"og:image\" content=\"https:\/\/babylove.se\/no\/wp-content\/uploads\/sites\/3\/2025\/07\/5baa8d62936b5.jpeg\" \/>\n\t<meta property=\"og:image:width\" content=\"750\" \/>\n\t<meta property=\"og:image:height\" content=\"750\" \/>\n\t<meta property=\"og:image:type\" content=\"image\/jpeg\" \/>\n<meta name=\"twitter:card\" content=\"summary_large_image\" \/>\n<meta name=\"twitter:label1\" content=\"Price\" \/>\n\t<meta name=\"twitter:data1\" content=\"209,00&nbsp;&#107;&#114;\" \/>\n\t<meta name=\"twitter:label2\" content=\"Availability\" \/>\n\t<meta name=\"twitter:data2\" content=\"Out of stock\" \/>\n<script type=\"application\/ld+json\" class=\"yoast-schema-graph\">{\"@context\":\"https:\/\/schema.org\",\"@graph\":[{\"@type\":\"WebPage\",\"@id\":\"https:\/\/babylove.se\/no\/produkt\/liewood-julstrompe-rabbit-dumbo-grey\/\",\"url\":\"https:\/\/babylove.se\/no\/produkt\/liewood-julstrompe-rabbit-dumbo-grey\/\",\"name\":\"Liewood, julesokk Tinka, rabbit dumbo grey - Babylove Norska\",\"isPartOf\":{\"@id\":\"https:\/\/babylove.se\/no\/#website\"},\"primaryImageOfPage\":{\"@id\":\"https:\/\/babylove.se\/no\/produkt\/liewood-julstrompe-rabbit-dumbo-grey\/#primaryimage\"},\"image\":{\"@id\":\"https:\/\/babylove.se\/no\/produkt\/liewood-julstrompe-rabbit-dumbo-grey\/#primaryimage\"},\"thumbnailUrl\":\"https:\/\/babylove.se\/no\/wp-content\/uploads\/sites\/3\/2025\/07\/5baa8d62936b5.jpeg\",\"datePublished\":\"2025-07-18T19:43:27+00:00\",\"dateModified\":\"2026-04-08T07:37:02+00:00\",\"breadcrumb\":{\"@id\":\"https:\/\/babylove.se\/no\/produkt\/liewood-julstrompe-rabbit-dumbo-grey\/#breadcrumb\"},\"inLanguage\":\"nb-NO\",\"potentialAction\":[{\"@type\":\"ReadAction\",\"target\":[\"https:\/\/babylove.se\/no\/produkt\/liewood-julstrompe-rabbit-dumbo-grey\/\"]}]},{\"@type\":\"ImageObject\",\"inLanguage\":\"nb-NO\",\"@id\":\"https:\/\/babylove.se\/no\/produkt\/liewood-julstrompe-rabbit-dumbo-grey\/#primaryimage\",\"url\":\"https:\/\/babylove.se\/no\/wp-content\/uploads\/sites\/3\/2025\/07\/5baa8d62936b5.jpeg\",\"contentUrl\":\"https:\/\/babylove.se\/no\/wp-content\/uploads\/sites\/3\/2025\/07\/5baa8d62936b5.jpeg\",\"width\":750,\"height\":750},{\"@type\":\"BreadcrumbList\",\"@id\":\"https:\/\/babylove.se\/no\/produkt\/liewood-julstrompe-rabbit-dumbo-grey\/#breadcrumb\",\"itemListElement\":[{\"@type\":\"ListItem\",\"position\":1,\"name\":\"Hem\",\"item\":\"https:\/\/babylove.se\/no\/\"},{\"@type\":\"ListItem\",\"position\":2,\"name\":\"Butik\",\"item\":\"https:\/\/babylove.se\/no\/butik\/\"},{\"@type\":\"ListItem\",\"position\":3,\"name\":\"Liewood, julesokk Tinka, rabbit dumbo grey\"}]},{\"@type\":\"WebSite\",\"@id\":\"https:\/\/babylove.se\/no\/#website\",\"url\":\"https:\/\/babylove.se\/no\/\",\"name\":\"Babylove Norska\",\"description\":\"\",\"potentialAction\":[{\"@type\":\"SearchAction\",\"target\":{\"@type\":\"EntryPoint\",\"urlTemplate\":\"https:\/\/babylove.se\/no\/?s={search_term_string}\"},\"query-input\":{\"@type\":\"PropertyValueSpecification\",\"valueRequired\":true,\"valueName\":\"search_term_string\"}}],\"inLanguage\":\"nb-NO\"}]}<\/script>\n<meta property=\"product:brand\" content=\"Liewood\" \/>\n<meta property=\"product:price:amount\" content=\"209.00\" \/>\n<meta property=\"product:price:currency\" content=\"SEK\" \/>\n<meta property=\"og:availability\" content=\"out of stock\" \/>\n<meta property=\"product:availability\" content=\"out of stock\" \/>\n<meta property=\"product:retailer_item_id\" content=\"2138\" \/>\n<meta property=\"product:condition\" content=\"new\" \/>\n<!-- \/ Yoast SEO Premium plugin. -->","yoast_head_json":{"title":"Liewood, julesokk Tinka, rabbit dumbo grey - Babylove Norska","robots":{"index":"noindex","follow":"follow","max-snippet":"max-snippet:-1","max-image-preview":"max-image-preview:large","max-video-preview":"max-video-preview:-1"},"og_locale":"nb_NO","og_type":"article","og_title":"Liewood, julesokk Tinka, rabbit dumbo grey","og_description":"Hva ville julen v\u00e6rt uten en vakker julesokk som barna (og de voksne) kan finne sm\u00e5 overraskelser i? Denne julesokken fra Liewood kommer til \u00e5 gj\u00f8re julen enda koselig og skape masse stemning i hjemmet. En gave p\u00e5 julaftensmorgen? Eller hver dag i desember? Du bestemmer selv, men uansett kommer julesokken med sitt s\u00f8te kattemotiv [&hellip;]","og_url":"https:\/\/babylove.se\/no\/produkt\/liewood-julstrompe-rabbit-dumbo-grey\/","og_site_name":"Babylove Norska","article_modified_time":"2026-04-08T07:37:02+00:00","og_image":[{"width":750,"height":750,"url":"https:\/\/babylove.se\/no\/wp-content\/uploads\/sites\/3\/2025\/07\/5baa8d62936b5.jpeg","type":"image\/jpeg"}],"twitter_card":"summary_large_image","twitter_misc":{"Price":"209,00&nbsp;&#107;&#114;","Availability":"Out of stock"},"schema":{"@context":"https:\/\/schema.org","@graph":[{"@type":"WebPage","@id":"https:\/\/babylove.se\/no\/produkt\/liewood-julstrompe-rabbit-dumbo-grey\/","url":"https:\/\/babylove.se\/no\/produkt\/liewood-julstrompe-rabbit-dumbo-grey\/","name":"Liewood, julesokk Tinka, rabbit dumbo grey - Babylove Norska","isPartOf":{"@id":"https:\/\/babylove.se\/no\/#website"},"primaryImageOfPage":{"@id":"https:\/\/babylove.se\/no\/produkt\/liewood-julstrompe-rabbit-dumbo-grey\/#primaryimage"},"image":{"@id":"https:\/\/babylove.se\/no\/produkt\/liewood-julstrompe-rabbit-dumbo-grey\/#primaryimage"},"thumbnailUrl":"https:\/\/babylove.se\/no\/wp-content\/uploads\/sites\/3\/2025\/07\/5baa8d62936b5.jpeg","datePublished":"2025-07-18T19:43:27+00:00","dateModified":"2026-04-08T07:37:02+00:00","breadcrumb":{"@id":"https:\/\/babylove.se\/no\/produkt\/liewood-julstrompe-rabbit-dumbo-grey\/#breadcrumb"},"inLanguage":"nb-NO","potentialAction":[{"@type":"ReadAction","target":["https:\/\/babylove.se\/no\/produkt\/liewood-julstrompe-rabbit-dumbo-grey\/"]}]},{"@type":"ImageObject","inLanguage":"nb-NO","@id":"https:\/\/babylove.se\/no\/produkt\/liewood-julstrompe-rabbit-dumbo-grey\/#primaryimage","url":"https:\/\/babylove.se\/no\/wp-content\/uploads\/sites\/3\/2025\/07\/5baa8d62936b5.jpeg","contentUrl":"https:\/\/babylove.se\/no\/wp-content\/uploads\/sites\/3\/2025\/07\/5baa8d62936b5.jpeg","width":750,"height":750},{"@type":"BreadcrumbList","@id":"https:\/\/babylove.se\/no\/produkt\/liewood-julstrompe-rabbit-dumbo-grey\/#breadcrumb","itemListElement":[{"@type":"ListItem","position":1,"name":"Hem","item":"https:\/\/babylove.se\/no\/"},{"@type":"ListItem","position":2,"name":"Butik","item":"https:\/\/babylove.se\/no\/butik\/"},{"@type":"ListItem","position":3,"name":"Liewood, julesokk Tinka, rabbit dumbo grey"}]},{"@type":"WebSite","@id":"https:\/\/babylove.se\/no\/#website","url":"https:\/\/babylove.se\/no\/","name":"Babylove Norska","description":"","potentialAction":[{"@type":"SearchAction","target":{"@type":"EntryPoint","urlTemplate":"https:\/\/babylove.se\/no\/?s={search_term_string}"},"query-input":{"@type":"PropertyValueSpecification","valueRequired":true,"valueName":"search_term_string"}}],"inLanguage":"nb-NO"}]},"product_brand":"Liewood","product_price_amount":"209.00","product_price_currency":"SEK","og_availability":"out of stock","product_availability":"out of stock","product_retailer_item_id":"2138","product_condition":"new"},"_links":{"self":[{"href":"https:\/\/babylove.se\/no\/wp-json\/wp\/v2\/product\/7430","targetHints":{"allow":["GET"]}}],"collection":[{"href":"https:\/\/babylove.se\/no\/wp-json\/wp\/v2\/product"}],"about":[{"href":"https:\/\/babylove.se\/no\/wp-json\/wp\/v2\/types\/product"}],"replies":[{"embeddable":true,"href":"https:\/\/babylove.se\/no\/wp-json\/wp\/v2\/comments?post=7430"}],"wp:featuredmedia":[{"embeddable":true,"href":"https:\/\/babylove.se\/no\/wp-json\/wp\/v2\/media\/7432"}],"wp:attachment":[{"href":"https:\/\/babylove.se\/no\/wp-json\/wp\/v2\/media?parent=7430"}],"wp:term":[{"taxonomy":"product_brand","embeddable":true,"href":"https:\/\/babylove.se\/no\/wp-json\/wp\/v2\/product_brand?post=7430"},{"taxonomy":"product_cat","embeddable":true,"href":"https:\/\/babylove.se\/no\/wp-json\/wp\/v2\/product_cat?post=7430"},{"taxonomy":"product_tag","embeddable":true,"href":"https:\/\/babylove.se\/no\/wp-json\/wp\/v2\/product_tag?post=7430"}],"curies":[{"name":"wp","href":"https:\/\/api.w.org\/{rel}","templated":true}]}}