{"id":7433,"date":"2025-07-18T20:43:27","date_gmt":"2025-07-18T19:43:27","guid":{"rendered":"https:\/\/babylove.se\/produkt\/banwood-balanscykel-the-first-go-chrome-limited-edition\/"},"modified":"2026-04-08T08:37:05","modified_gmt":"2026-04-08T07:37:05","slug":"banwood-balanscykel-the-first-go-chrome-limited-edition","status":"publish","type":"product","link":"https:\/\/babylove.se\/no\/produkt\/banwood-balanscykel-the-first-go-chrome-limited-edition\/","title":{"rendered":"Banwood, Balanssykkel the FIRST GO Chrome -Limited Edition"},"content":{"rendered":"<p><strong>FIRST GO, balanssykkel Chrome<\/strong> \\n \\nDenne flotte versjonen av den popul\u00e6re balanssykkelen fra Banwood, g\u00e5r under navnet Chrome. Designen er en unik h\u00e5ndpusset konstruksjon og styre, som gj\u00f8r at denne varianten er ekstremt lett (bare 3,8 kg) og dessuten har en retro-look som ikke g\u00e5r av for hakker. Styret har en avslutning med h\u00e5ndtakene laget av h\u00f8yklassisk l\u00e6r, som skal gi en f\u00f8lelse av tre, setet i fint i samme fine l\u00e6r og 12 toms hjulene har en sporty svart finish. \\n \\nDenne balanssykkelen er optimal for ditt barn som er for lite for en sykkel, men som likevel kan begynne \u00e5 trene opp balansen samtidig som de har det veldig g\u00f8y p\u00e5 veien.. \\n \\n<strong>M\u00e5l<\/strong>: \\n<\/p>\n<ul> \\n \\t<\/p>\n<li><span lang=\"sv\">Mini siteh\u00f8yde: 32cm<\/span><\/li>\n<p> \\n \\t<\/p>\n<li><span lang=\"sv\">Maksi siteh\u00f8yde: 44 cm.<\/span><\/li>\n<p> \\n \\t<\/p>\n<li><span lang=\"sv\">Styret Lengde: Justerbar fra 50 til 59 cm<\/span><\/li>\n<p> \\n \\t<\/p>\n<li><span lang=\"sv\">Klokke.<\/span><\/li>\n<p> \\n \\t<\/p>\n<li><span lang=\"sv\">12 ?hjul.<\/span><\/li>\n<p> \\n \\t<\/p>\n<li><span lang=\"sv\">Ergonomisk og behagelig stol.<\/span><\/li>\n<p> \\n \\t<\/p>\n<li><span lang=\"sv\">Vekt: 3,8 kg<\/span><\/li>\n<p> \\n \\t<\/p>\n<li><span lang=\"sv\">CE-sertifisering.<\/span><\/li>\n<p> \\n<\/ul>\n<p> \\nDesigner: <a href=\"https:\/\/babylove.se\/varumarken\/banwood\"><u>Banwood<\/u><\/a><\/p>\n","protected":false},"excerpt":{"rendered":"<p>FIRST GO, balanssykkel Chrome \\n \\nDenne flotte versjonen av den popul\u00e6re balanssykkelen fra Banwood, g\u00e5r under navnet Chrome. Designen er en unik h\u00e5ndpusset konstruksjon og styre, som gj\u00f8r at denne varianten er ekstremt lett (bare 3,8 kg) og dessuten har en retro-look som ikke g\u00e5r av for hakker. Styret har en avslutning med h\u00e5ndtakene laget [&hellip;]<\/p>\n","protected":false},"featured_media":7435,"comment_status":"closed","ping_status":"closed","template":"","meta":{"_acf_changed":false},"product_brand":[338],"product_cat":[316,339,68,48,1775],"product_tag":[1689],"class_list":{"0":"post-7433","1":"product","2":"type-product","3":"status-publish","4":"has-post-thumbnail","6":"product_brand-banwood","7":"product_cat-balanssykler","8":"product_cat-banwood","9":"product_cat-leker","10":"product_cat-startside","11":"product_cat-uteleker","12":"product_tag-bestillingsvaror","14":"first","15":"outofstock","16":"taxable","17":"shipping-taxable","18":"purchasable","19":"product-type-simple"},"acf":[],"yoast_head":"<!-- This site is optimized with the Yoast SEO Premium plugin v25.8 (Yoast SEO v27.2) - https:\/\/yoast.com\/product\/yoast-seo-premium-wordpress\/ -->\n<title>Banwood, Balanssykkel the FIRST GO Chrome -Limited Edition - Babylove Norska<\/title>\n<meta name=\"robots\" content=\"noindex, follow, max-snippet:-1, max-image-preview:large, max-video-preview:-1\" \/>\n<meta property=\"og:locale\" content=\"nb_NO\" \/>\n<meta property=\"og:type\" content=\"article\" \/>\n<meta property=\"og:title\" content=\"Banwood, Balanssykkel the FIRST GO Chrome -Limited Edition\" \/>\n<meta property=\"og:description\" content=\"FIRST GO, balanssykkel Chrome n nDenne flotte versjonen av den popul\u00e6re balanssykkelen fra Banwood, g\u00e5r under navnet Chrome. Designen er en unik h\u00e5ndpusset konstruksjon og styre, som gj\u00f8r at denne varianten er ekstremt lett (bare 3,8 kg) og dessuten har en retro-look som ikke g\u00e5r av for hakker. Styret har en avslutning med h\u00e5ndtakene laget [&hellip;]\" \/>\n<meta property=\"og:url\" content=\"https:\/\/babylove.se\/no\/produkt\/banwood-balanscykel-the-first-go-chrome-limited-edition\/\" \/>\n<meta property=\"og:site_name\" content=\"Babylove Norska\" \/>\n<meta property=\"article:modified_time\" content=\"2026-04-08T07:37:05+00:00\" \/>\n<meta property=\"og:image\" content=\"https:\/\/babylove.se\/no\/wp-content\/uploads\/sites\/3\/2025\/07\/5bb345c22c897.jpeg\" \/>\n\t<meta property=\"og:image:width\" content=\"750\" \/>\n\t<meta property=\"og:image:height\" content=\"750\" \/>\n\t<meta property=\"og:image:type\" content=\"image\/jpeg\" \/>\n<meta name=\"twitter:card\" content=\"summary_large_image\" \/>\n<meta name=\"twitter:label1\" content=\"Price\" \/>\n\t<meta name=\"twitter:data1\" content=\"1 999,00&nbsp;&#107;&#114;\" \/>\n\t<meta name=\"twitter:label2\" content=\"Availability\" \/>\n\t<meta name=\"twitter:data2\" content=\"Out of stock\" \/>\n<script type=\"application\/ld+json\" class=\"yoast-schema-graph\">{\"@context\":\"https:\/\/schema.org\",\"@graph\":[{\"@type\":\"WebPage\",\"@id\":\"https:\/\/babylove.se\/no\/produkt\/banwood-balanscykel-the-first-go-chrome-limited-edition\/\",\"url\":\"https:\/\/babylove.se\/no\/produkt\/banwood-balanscykel-the-first-go-chrome-limited-edition\/\",\"name\":\"Banwood, Balanssykkel the FIRST GO Chrome -Limited Edition - Babylove Norska\",\"isPartOf\":{\"@id\":\"https:\/\/babylove.se\/no\/#website\"},\"primaryImageOfPage\":{\"@id\":\"https:\/\/babylove.se\/no\/produkt\/banwood-balanscykel-the-first-go-chrome-limited-edition\/#primaryimage\"},\"image\":{\"@id\":\"https:\/\/babylove.se\/no\/produkt\/banwood-balanscykel-the-first-go-chrome-limited-edition\/#primaryimage\"},\"thumbnailUrl\":\"https:\/\/babylove.se\/no\/wp-content\/uploads\/sites\/3\/2025\/07\/5bb345c22c897.jpeg\",\"datePublished\":\"2025-07-18T19:43:27+00:00\",\"dateModified\":\"2026-04-08T07:37:05+00:00\",\"breadcrumb\":{\"@id\":\"https:\/\/babylove.se\/no\/produkt\/banwood-balanscykel-the-first-go-chrome-limited-edition\/#breadcrumb\"},\"inLanguage\":\"nb-NO\",\"potentialAction\":[{\"@type\":\"ReadAction\",\"target\":[\"https:\/\/babylove.se\/no\/produkt\/banwood-balanscykel-the-first-go-chrome-limited-edition\/\"]}]},{\"@type\":\"ImageObject\",\"inLanguage\":\"nb-NO\",\"@id\":\"https:\/\/babylove.se\/no\/produkt\/banwood-balanscykel-the-first-go-chrome-limited-edition\/#primaryimage\",\"url\":\"https:\/\/babylove.se\/no\/wp-content\/uploads\/sites\/3\/2025\/07\/5bb345c22c897.jpeg\",\"contentUrl\":\"https:\/\/babylove.se\/no\/wp-content\/uploads\/sites\/3\/2025\/07\/5bb345c22c897.jpeg\",\"width\":750,\"height\":750},{\"@type\":\"BreadcrumbList\",\"@id\":\"https:\/\/babylove.se\/no\/produkt\/banwood-balanscykel-the-first-go-chrome-limited-edition\/#breadcrumb\",\"itemListElement\":[{\"@type\":\"ListItem\",\"position\":1,\"name\":\"Hem\",\"item\":\"https:\/\/babylove.se\/no\/\"},{\"@type\":\"ListItem\",\"position\":2,\"name\":\"Butik\",\"item\":\"https:\/\/babylove.se\/no\/butik\/\"},{\"@type\":\"ListItem\",\"position\":3,\"name\":\"Banwood, Balanssykkel the FIRST GO Chrome -Limited Edition\"}]},{\"@type\":\"WebSite\",\"@id\":\"https:\/\/babylove.se\/no\/#website\",\"url\":\"https:\/\/babylove.se\/no\/\",\"name\":\"Babylove Norska\",\"description\":\"\",\"potentialAction\":[{\"@type\":\"SearchAction\",\"target\":{\"@type\":\"EntryPoint\",\"urlTemplate\":\"https:\/\/babylove.se\/no\/?s={search_term_string}\"},\"query-input\":{\"@type\":\"PropertyValueSpecification\",\"valueRequired\":true,\"valueName\":\"search_term_string\"}}],\"inLanguage\":\"nb-NO\"}]}<\/script>\n<meta property=\"product:brand\" content=\"Banwood\" \/>\n<meta property=\"product:price:amount\" content=\"1999.00\" \/>\n<meta property=\"product:price:currency\" content=\"SEK\" \/>\n<meta property=\"og:availability\" content=\"out of stock\" \/>\n<meta property=\"product:availability\" content=\"out of stock\" \/>\n<meta property=\"product:retailer_item_id\" content=\"2139\" \/>\n<meta property=\"product:condition\" content=\"new\" \/>\n<!-- \/ Yoast SEO Premium plugin. -->","yoast_head_json":{"title":"Banwood, Balanssykkel the FIRST GO Chrome -Limited Edition - Babylove Norska","robots":{"index":"noindex","follow":"follow","max-snippet":"max-snippet:-1","max-image-preview":"max-image-preview:large","max-video-preview":"max-video-preview:-1"},"og_locale":"nb_NO","og_type":"article","og_title":"Banwood, Balanssykkel the FIRST GO Chrome -Limited Edition","og_description":"FIRST GO, balanssykkel Chrome n nDenne flotte versjonen av den popul\u00e6re balanssykkelen fra Banwood, g\u00e5r under navnet Chrome. Designen er en unik h\u00e5ndpusset konstruksjon og styre, som gj\u00f8r at denne varianten er ekstremt lett (bare 3,8 kg) og dessuten har en retro-look som ikke g\u00e5r av for hakker. Styret har en avslutning med h\u00e5ndtakene laget [&hellip;]","og_url":"https:\/\/babylove.se\/no\/produkt\/banwood-balanscykel-the-first-go-chrome-limited-edition\/","og_site_name":"Babylove Norska","article_modified_time":"2026-04-08T07:37:05+00:00","og_image":[{"width":750,"height":750,"url":"https:\/\/babylove.se\/no\/wp-content\/uploads\/sites\/3\/2025\/07\/5bb345c22c897.jpeg","type":"image\/jpeg"}],"twitter_card":"summary_large_image","twitter_misc":{"Price":"1 999,00&nbsp;&#107;&#114;","Availability":"Out of stock"},"schema":{"@context":"https:\/\/schema.org","@graph":[{"@type":"WebPage","@id":"https:\/\/babylove.se\/no\/produkt\/banwood-balanscykel-the-first-go-chrome-limited-edition\/","url":"https:\/\/babylove.se\/no\/produkt\/banwood-balanscykel-the-first-go-chrome-limited-edition\/","name":"Banwood, Balanssykkel the FIRST GO Chrome -Limited Edition - Babylove Norska","isPartOf":{"@id":"https:\/\/babylove.se\/no\/#website"},"primaryImageOfPage":{"@id":"https:\/\/babylove.se\/no\/produkt\/banwood-balanscykel-the-first-go-chrome-limited-edition\/#primaryimage"},"image":{"@id":"https:\/\/babylove.se\/no\/produkt\/banwood-balanscykel-the-first-go-chrome-limited-edition\/#primaryimage"},"thumbnailUrl":"https:\/\/babylove.se\/no\/wp-content\/uploads\/sites\/3\/2025\/07\/5bb345c22c897.jpeg","datePublished":"2025-07-18T19:43:27+00:00","dateModified":"2026-04-08T07:37:05+00:00","breadcrumb":{"@id":"https:\/\/babylove.se\/no\/produkt\/banwood-balanscykel-the-first-go-chrome-limited-edition\/#breadcrumb"},"inLanguage":"nb-NO","potentialAction":[{"@type":"ReadAction","target":["https:\/\/babylove.se\/no\/produkt\/banwood-balanscykel-the-first-go-chrome-limited-edition\/"]}]},{"@type":"ImageObject","inLanguage":"nb-NO","@id":"https:\/\/babylove.se\/no\/produkt\/banwood-balanscykel-the-first-go-chrome-limited-edition\/#primaryimage","url":"https:\/\/babylove.se\/no\/wp-content\/uploads\/sites\/3\/2025\/07\/5bb345c22c897.jpeg","contentUrl":"https:\/\/babylove.se\/no\/wp-content\/uploads\/sites\/3\/2025\/07\/5bb345c22c897.jpeg","width":750,"height":750},{"@type":"BreadcrumbList","@id":"https:\/\/babylove.se\/no\/produkt\/banwood-balanscykel-the-first-go-chrome-limited-edition\/#breadcrumb","itemListElement":[{"@type":"ListItem","position":1,"name":"Hem","item":"https:\/\/babylove.se\/no\/"},{"@type":"ListItem","position":2,"name":"Butik","item":"https:\/\/babylove.se\/no\/butik\/"},{"@type":"ListItem","position":3,"name":"Banwood, Balanssykkel the FIRST GO Chrome -Limited Edition"}]},{"@type":"WebSite","@id":"https:\/\/babylove.se\/no\/#website","url":"https:\/\/babylove.se\/no\/","name":"Babylove Norska","description":"","potentialAction":[{"@type":"SearchAction","target":{"@type":"EntryPoint","urlTemplate":"https:\/\/babylove.se\/no\/?s={search_term_string}"},"query-input":{"@type":"PropertyValueSpecification","valueRequired":true,"valueName":"search_term_string"}}],"inLanguage":"nb-NO"}]},"product_brand":"Banwood","product_price_amount":"1999.00","product_price_currency":"SEK","og_availability":"out of stock","product_availability":"out of stock","product_retailer_item_id":"2139","product_condition":"new"},"_links":{"self":[{"href":"https:\/\/babylove.se\/no\/wp-json\/wp\/v2\/product\/7433","targetHints":{"allow":["GET"]}}],"collection":[{"href":"https:\/\/babylove.se\/no\/wp-json\/wp\/v2\/product"}],"about":[{"href":"https:\/\/babylove.se\/no\/wp-json\/wp\/v2\/types\/product"}],"replies":[{"embeddable":true,"href":"https:\/\/babylove.se\/no\/wp-json\/wp\/v2\/comments?post=7433"}],"wp:featuredmedia":[{"embeddable":true,"href":"https:\/\/babylove.se\/no\/wp-json\/wp\/v2\/media\/7435"}],"wp:attachment":[{"href":"https:\/\/babylove.se\/no\/wp-json\/wp\/v2\/media?parent=7433"}],"wp:term":[{"taxonomy":"product_brand","embeddable":true,"href":"https:\/\/babylove.se\/no\/wp-json\/wp\/v2\/product_brand?post=7433"},{"taxonomy":"product_cat","embeddable":true,"href":"https:\/\/babylove.se\/no\/wp-json\/wp\/v2\/product_cat?post=7433"},{"taxonomy":"product_tag","embeddable":true,"href":"https:\/\/babylove.se\/no\/wp-json\/wp\/v2\/product_tag?post=7433"}],"curies":[{"name":"wp","href":"https:\/\/api.w.org\/{rel}","templated":true}]}}