{"id":7460,"date":"2025-07-18T20:43:27","date_gmt":"2025-07-18T19:43:27","guid":{"rendered":"https:\/\/babylove.se\/produkt\/kramdjur-grarosa-enhorning-xl\/"},"modified":"2026-04-08T08:37:16","modified_gmt":"2026-04-08T07:37:16","slug":"kosedyr-grarose-enhjorning-xl","status":"publish","type":"product","link":"https:\/\/babylove.se\/no\/produkt\/kosedyr-grarose-enhjorning-xl\/","title":{"rendered":"Kosedyr, gr\u00e5\/rosa enhj\u00f8rning XL"},"content":{"rendered":"<p>En fantastisk og vakker enhj\u00f8rning som kommer til \u00e5 bli ditt barns favoritt kosedyr i mange \u00e5r fremover. Foruten at den er myk med fine detaljer som vinger og en hjerteformet snute er den fantastisk fin \u00e5 ha p\u00e5 barnerommet som innredningsdetalj. <\/p>\n<p>Sammen med de smilende \u00f8ynene kommer b\u00e5de ditt barn og du til \u00e5 smelte. Barna setter ekstra stor pris p\u00e5 st\u00f8rrelsen p\u00e5 kosedyret, da det virkelig kan kose og myse med det hvor de enn befinner seg.  <\/p>\n<p>Laget helt av myk og vakker plysj og produktet er CE-merket, og har en s\u00e5kalt EN71-1-2-3 sikkerhetsstandard for leker.<\/p>\n<p><strong>M\u00e5l<\/strong>: H\u00f8yde ca 60 cm<\/p>\n","protected":false},"excerpt":{"rendered":"<p>En fantastisk og vakker enhj\u00f8rning som kommer til \u00e5 bli ditt barns favoritt kosedyr i mange \u00e5r fremover. Foruten at den er myk med fine detaljer som vinger og en hjerteformet snute er den fantastisk fin \u00e5 ha p\u00e5 barnerommet som innredningsdetalj. Sammen med de smilende \u00f8ynene kommer b\u00e5de ditt barn og du til \u00e5 [&hellip;]<\/p>\n","protected":false},"featured_media":7462,"comment_status":"closed","ping_status":"open","template":"","meta":{"_acf_changed":false},"product_brand":[22],"product_cat":[69,70,25,48],"product_tag":[],"class_list":{"0":"post-7460","1":"product","2":"type-product","3":"status-publish","4":"has-post-thumbnail","6":"product_brand-babylove","7":"product_cat-dukker-tilbehoer","8":"product_cat-gaver","9":"product_cat-ikke-bare-jenter","10":"product_cat-startside","12":"first","13":"outofstock","14":"taxable","15":"shipping-taxable","16":"purchasable","17":"product-type-simple"},"acf":[],"yoast_head":"<!-- This site is optimized with the Yoast SEO Premium plugin v25.8 (Yoast SEO v27.2) - https:\/\/yoast.com\/product\/yoast-seo-premium-wordpress\/ -->\n<title>Kosedyr, gr\u00e5\/rosa enhj\u00f8rning XL - Babylove Norska<\/title>\n<meta name=\"robots\" content=\"noindex, follow, max-snippet:-1, max-image-preview:large, max-video-preview:-1\" \/>\n<meta property=\"og:locale\" content=\"nb_NO\" \/>\n<meta property=\"og:type\" content=\"article\" \/>\n<meta property=\"og:title\" content=\"Kosedyr, gr\u00e5\/rosa enhj\u00f8rning XL\" \/>\n<meta property=\"og:description\" content=\"En fantastisk og vakker enhj\u00f8rning som kommer til \u00e5 bli ditt barns favoritt kosedyr i mange \u00e5r fremover. Foruten at den er myk med fine detaljer som vinger og en hjerteformet snute er den fantastisk fin \u00e5 ha p\u00e5 barnerommet som innredningsdetalj. Sammen med de smilende \u00f8ynene kommer b\u00e5de ditt barn og du til \u00e5 [&hellip;]\" \/>\n<meta property=\"og:url\" content=\"https:\/\/babylove.se\/no\/produkt\/kosedyr-grarose-enhjorning-xl\/\" \/>\n<meta property=\"og:site_name\" content=\"Babylove Norska\" \/>\n<meta property=\"article:modified_time\" content=\"2026-04-08T07:37:16+00:00\" \/>\n<meta property=\"og:image\" content=\"https:\/\/babylove.se\/no\/wp-content\/uploads\/sites\/3\/2025\/07\/5bb5d3d836870.jpeg\" \/>\n\t<meta property=\"og:image:width\" content=\"500\" \/>\n\t<meta property=\"og:image:height\" content=\"500\" \/>\n\t<meta property=\"og:image:type\" content=\"image\/jpeg\" \/>\n<meta name=\"twitter:card\" content=\"summary_large_image\" \/>\n<meta name=\"twitter:label1\" content=\"Price\" \/>\n\t<meta name=\"twitter:data1\" content=\"699,00&nbsp;&#107;&#114;\" \/>\n\t<meta name=\"twitter:label2\" content=\"Availability\" \/>\n\t<meta name=\"twitter:data2\" content=\"Out of stock\" \/>\n<script type=\"application\/ld+json\" class=\"yoast-schema-graph\">{\"@context\":\"https:\/\/schema.org\",\"@graph\":[{\"@type\":\"WebPage\",\"@id\":\"https:\/\/babylove.se\/no\/produkt\/kosedyr-grarose-enhjorning-xl\/\",\"url\":\"https:\/\/babylove.se\/no\/produkt\/kosedyr-grarose-enhjorning-xl\/\",\"name\":\"Kosedyr, gr\u00e5\/rosa enhj\u00f8rning XL - Babylove Norska\",\"isPartOf\":{\"@id\":\"https:\/\/babylove.se\/no\/#website\"},\"primaryImageOfPage\":{\"@id\":\"https:\/\/babylove.se\/no\/produkt\/kosedyr-grarose-enhjorning-xl\/#primaryimage\"},\"image\":{\"@id\":\"https:\/\/babylove.se\/no\/produkt\/kosedyr-grarose-enhjorning-xl\/#primaryimage\"},\"thumbnailUrl\":\"https:\/\/babylove.se\/no\/wp-content\/uploads\/sites\/3\/2025\/07\/5bb5d3d836870.jpeg\",\"datePublished\":\"2025-07-18T19:43:27+00:00\",\"dateModified\":\"2026-04-08T07:37:16+00:00\",\"breadcrumb\":{\"@id\":\"https:\/\/babylove.se\/no\/produkt\/kosedyr-grarose-enhjorning-xl\/#breadcrumb\"},\"inLanguage\":\"nb-NO\",\"potentialAction\":[{\"@type\":\"ReadAction\",\"target\":[\"https:\/\/babylove.se\/no\/produkt\/kosedyr-grarose-enhjorning-xl\/\"]}]},{\"@type\":\"ImageObject\",\"inLanguage\":\"nb-NO\",\"@id\":\"https:\/\/babylove.se\/no\/produkt\/kosedyr-grarose-enhjorning-xl\/#primaryimage\",\"url\":\"https:\/\/babylove.se\/no\/wp-content\/uploads\/sites\/3\/2025\/07\/5bb5d3d836870.jpeg\",\"contentUrl\":\"https:\/\/babylove.se\/no\/wp-content\/uploads\/sites\/3\/2025\/07\/5bb5d3d836870.jpeg\",\"width\":500,\"height\":500},{\"@type\":\"BreadcrumbList\",\"@id\":\"https:\/\/babylove.se\/no\/produkt\/kosedyr-grarose-enhjorning-xl\/#breadcrumb\",\"itemListElement\":[{\"@type\":\"ListItem\",\"position\":1,\"name\":\"Hem\",\"item\":\"https:\/\/babylove.se\/no\/\"},{\"@type\":\"ListItem\",\"position\":2,\"name\":\"Butik\",\"item\":\"https:\/\/babylove.se\/no\/butik\/\"},{\"@type\":\"ListItem\",\"position\":3,\"name\":\"Kosedyr, gr\u00e5\/rosa enhj\u00f8rning XL\"}]},{\"@type\":\"WebSite\",\"@id\":\"https:\/\/babylove.se\/no\/#website\",\"url\":\"https:\/\/babylove.se\/no\/\",\"name\":\"Babylove Norska\",\"description\":\"\",\"potentialAction\":[{\"@type\":\"SearchAction\",\"target\":{\"@type\":\"EntryPoint\",\"urlTemplate\":\"https:\/\/babylove.se\/no\/?s={search_term_string}\"},\"query-input\":{\"@type\":\"PropertyValueSpecification\",\"valueRequired\":true,\"valueName\":\"search_term_string\"}}],\"inLanguage\":\"nb-NO\"}]}<\/script>\n<meta property=\"product:brand\" content=\"Babylove\" \/>\n<meta property=\"product:price:amount\" content=\"699.00\" \/>\n<meta property=\"product:price:currency\" content=\"SEK\" \/>\n<meta property=\"og:availability\" content=\"out of stock\" \/>\n<meta property=\"product:availability\" content=\"out of stock\" \/>\n<meta property=\"product:retailer_item_id\" content=\"2143\" \/>\n<meta property=\"product:condition\" content=\"new\" \/>\n<!-- \/ Yoast SEO Premium plugin. -->","yoast_head_json":{"title":"Kosedyr, gr\u00e5\/rosa enhj\u00f8rning XL - Babylove Norska","robots":{"index":"noindex","follow":"follow","max-snippet":"max-snippet:-1","max-image-preview":"max-image-preview:large","max-video-preview":"max-video-preview:-1"},"og_locale":"nb_NO","og_type":"article","og_title":"Kosedyr, gr\u00e5\/rosa enhj\u00f8rning XL","og_description":"En fantastisk og vakker enhj\u00f8rning som kommer til \u00e5 bli ditt barns favoritt kosedyr i mange \u00e5r fremover. Foruten at den er myk med fine detaljer som vinger og en hjerteformet snute er den fantastisk fin \u00e5 ha p\u00e5 barnerommet som innredningsdetalj. Sammen med de smilende \u00f8ynene kommer b\u00e5de ditt barn og du til \u00e5 [&hellip;]","og_url":"https:\/\/babylove.se\/no\/produkt\/kosedyr-grarose-enhjorning-xl\/","og_site_name":"Babylove Norska","article_modified_time":"2026-04-08T07:37:16+00:00","og_image":[{"width":500,"height":500,"url":"https:\/\/babylove.se\/no\/wp-content\/uploads\/sites\/3\/2025\/07\/5bb5d3d836870.jpeg","type":"image\/jpeg"}],"twitter_card":"summary_large_image","twitter_misc":{"Price":"699,00&nbsp;&#107;&#114;","Availability":"Out of stock"},"schema":{"@context":"https:\/\/schema.org","@graph":[{"@type":"WebPage","@id":"https:\/\/babylove.se\/no\/produkt\/kosedyr-grarose-enhjorning-xl\/","url":"https:\/\/babylove.se\/no\/produkt\/kosedyr-grarose-enhjorning-xl\/","name":"Kosedyr, gr\u00e5\/rosa enhj\u00f8rning XL - Babylove Norska","isPartOf":{"@id":"https:\/\/babylove.se\/no\/#website"},"primaryImageOfPage":{"@id":"https:\/\/babylove.se\/no\/produkt\/kosedyr-grarose-enhjorning-xl\/#primaryimage"},"image":{"@id":"https:\/\/babylove.se\/no\/produkt\/kosedyr-grarose-enhjorning-xl\/#primaryimage"},"thumbnailUrl":"https:\/\/babylove.se\/no\/wp-content\/uploads\/sites\/3\/2025\/07\/5bb5d3d836870.jpeg","datePublished":"2025-07-18T19:43:27+00:00","dateModified":"2026-04-08T07:37:16+00:00","breadcrumb":{"@id":"https:\/\/babylove.se\/no\/produkt\/kosedyr-grarose-enhjorning-xl\/#breadcrumb"},"inLanguage":"nb-NO","potentialAction":[{"@type":"ReadAction","target":["https:\/\/babylove.se\/no\/produkt\/kosedyr-grarose-enhjorning-xl\/"]}]},{"@type":"ImageObject","inLanguage":"nb-NO","@id":"https:\/\/babylove.se\/no\/produkt\/kosedyr-grarose-enhjorning-xl\/#primaryimage","url":"https:\/\/babylove.se\/no\/wp-content\/uploads\/sites\/3\/2025\/07\/5bb5d3d836870.jpeg","contentUrl":"https:\/\/babylove.se\/no\/wp-content\/uploads\/sites\/3\/2025\/07\/5bb5d3d836870.jpeg","width":500,"height":500},{"@type":"BreadcrumbList","@id":"https:\/\/babylove.se\/no\/produkt\/kosedyr-grarose-enhjorning-xl\/#breadcrumb","itemListElement":[{"@type":"ListItem","position":1,"name":"Hem","item":"https:\/\/babylove.se\/no\/"},{"@type":"ListItem","position":2,"name":"Butik","item":"https:\/\/babylove.se\/no\/butik\/"},{"@type":"ListItem","position":3,"name":"Kosedyr, gr\u00e5\/rosa enhj\u00f8rning XL"}]},{"@type":"WebSite","@id":"https:\/\/babylove.se\/no\/#website","url":"https:\/\/babylove.se\/no\/","name":"Babylove Norska","description":"","potentialAction":[{"@type":"SearchAction","target":{"@type":"EntryPoint","urlTemplate":"https:\/\/babylove.se\/no\/?s={search_term_string}"},"query-input":{"@type":"PropertyValueSpecification","valueRequired":true,"valueName":"search_term_string"}}],"inLanguage":"nb-NO"}]},"product_brand":"Babylove","product_price_amount":"699.00","product_price_currency":"SEK","og_availability":"out of stock","product_availability":"out of stock","product_retailer_item_id":"2143","product_condition":"new"},"_links":{"self":[{"href":"https:\/\/babylove.se\/no\/wp-json\/wp\/v2\/product\/7460","targetHints":{"allow":["GET"]}}],"collection":[{"href":"https:\/\/babylove.se\/no\/wp-json\/wp\/v2\/product"}],"about":[{"href":"https:\/\/babylove.se\/no\/wp-json\/wp\/v2\/types\/product"}],"replies":[{"embeddable":true,"href":"https:\/\/babylove.se\/no\/wp-json\/wp\/v2\/comments?post=7460"}],"wp:featuredmedia":[{"embeddable":true,"href":"https:\/\/babylove.se\/no\/wp-json\/wp\/v2\/media\/7462"}],"wp:attachment":[{"href":"https:\/\/babylove.se\/no\/wp-json\/wp\/v2\/media?parent=7460"}],"wp:term":[{"taxonomy":"product_brand","embeddable":true,"href":"https:\/\/babylove.se\/no\/wp-json\/wp\/v2\/product_brand?post=7460"},{"taxonomy":"product_cat","embeddable":true,"href":"https:\/\/babylove.se\/no\/wp-json\/wp\/v2\/product_cat?post=7460"},{"taxonomy":"product_tag","embeddable":true,"href":"https:\/\/babylove.se\/no\/wp-json\/wp\/v2\/product_tag?post=7460"}],"curies":[{"name":"wp","href":"https:\/\/api.w.org\/{rel}","templated":true}]}}