{"id":7464,"date":"2025-07-18T20:43:27","date_gmt":"2025-07-18T19:43:27","guid":{"rendered":"https:\/\/babylove.se\/produkt\/sebra-dockvagn-varm-gra\/"},"modified":"2026-04-08T08:37:19","modified_gmt":"2026-04-08T07:37:19","slug":"sebra-dukkevogn-varm-gra","status":"publish","type":"product","link":"https:\/\/babylove.se\/no\/produkt\/sebra-dukkevogn-varm-gra\/","title":{"rendered":"Sebra Dukkevogn varm gr\u00e5"},"content":{"rendered":"<p>En helt underbar og vakker dukkevogn helt laget av tre, fra det popul\u00e6re danske selskapet Sebra. Dukkevognen er perfekt for \u00e5 kj\u00f8re rundt med favorittdukken eller kosedyrene. Denne fine dukkevognen er laget av malt kryssfiner og har kanter i naturtre, et genuint produkt som g\u00e5r i balanse med naturen. Hjulene p\u00e5 dukkevognen er kledd i gummi, for \u00e5 gi en stabil og stilleg\u00e5ende kj\u00f8ring, n\u00e5r barnet tar med seg vognen p\u00e5 lek i hjemmets alle kroker.<\/p>\n<p><strong>M\u00e5l<\/strong>: L 45 x B 25 x H 44 cm.<\/p>\n<p><strong>Materiale<\/strong>: Tre<\/p>\n<p>Designer: <a href=\"https:\/\/babylove.se\/varumarken\/sebra\"><u>Sebra<\/u><\/a><\/p>\n","protected":false},"excerpt":{"rendered":"<p>En helt underbar og vakker dukkevogn helt laget av tre, fra det popul\u00e6re danske selskapet Sebra. Dukkevognen er perfekt for \u00e5 kj\u00f8re rundt med favorittdukken eller kosedyrene. Denne fine dukkevognen er laget av malt kryssfiner og har kanter i naturtre, et genuint produkt som g\u00e5r i balanse med naturen. Hjulene p\u00e5 dukkevognen er kledd i [&hellip;]<\/p>\n","protected":false},"featured_media":7466,"comment_status":"closed","ping_status":"open","template":"","meta":{"_acf_changed":false},"product_brand":[160],"product_cat":[69,70,162,68,161,48,112],"product_tag":[1689],"class_list":{"0":"post-7464","1":"product","2":"type-product","3":"status-publish","4":"has-post-thumbnail","6":"product_brand-sebra","7":"product_cat-dukker-tilbehoer","8":"product_cat-gaver","9":"product_cat-dockvogner","10":"product_cat-leker","11":"product_cat-sebra","12":"product_cat-startside","13":"product_cat-treleker","14":"product_tag-bestillingsvaror","16":"first","17":"outofstock","18":"taxable","19":"shipping-taxable","20":"purchasable","21":"product-type-simple"},"acf":[],"yoast_head":"<!-- This site is optimized with the Yoast SEO Premium plugin v25.8 (Yoast SEO v27.2) - https:\/\/yoast.com\/product\/yoast-seo-premium-wordpress\/ -->\n<title>Sebra Dukkevogn varm gr\u00e5 - Babylove Norska<\/title>\n<meta name=\"description\" content=\"En alldeles underbar och vacker dockvagn helt gjord i tr\u00e4, fr\u00e5n det popul\u00e4ra danska f\u00f6retaget Sebra. Skickas inom 24 timmar !\" \/>\n<meta name=\"robots\" content=\"noindex, follow, max-snippet:-1, max-image-preview:large, max-video-preview:-1\" \/>\n<meta property=\"og:locale\" content=\"nb_NO\" \/>\n<meta property=\"og:type\" content=\"article\" \/>\n<meta property=\"og:title\" content=\"Sebra Dukkevogn varm gr\u00e5\" \/>\n<meta property=\"og:description\" content=\"En alldeles underbar och vacker dockvagn helt gjord i tr\u00e4, fr\u00e5n det popul\u00e4ra danska f\u00f6retaget Sebra. Skickas inom 24 timmar !\" \/>\n<meta property=\"og:url\" content=\"https:\/\/babylove.se\/no\/produkt\/sebra-dukkevogn-varm-gra\/\" \/>\n<meta property=\"og:site_name\" content=\"Babylove Norska\" \/>\n<meta property=\"article:modified_time\" content=\"2026-04-08T07:37:19+00:00\" \/>\n<meta property=\"og:image\" content=\"https:\/\/babylove.se\/no\/wp-content\/uploads\/sites\/3\/2025\/07\/5bb5f6ffe61e0.jpeg\" \/>\n\t<meta property=\"og:image:width\" content=\"581\" \/>\n\t<meta property=\"og:image:height\" content=\"576\" \/>\n\t<meta property=\"og:image:type\" content=\"image\/jpeg\" \/>\n<meta name=\"twitter:card\" content=\"summary_large_image\" \/>\n<meta name=\"twitter:label1\" content=\"Price\" \/>\n\t<meta name=\"twitter:data1\" content=\"1 095,00&nbsp;&#107;&#114;\" \/>\n\t<meta name=\"twitter:label2\" content=\"Availability\" \/>\n\t<meta name=\"twitter:data2\" content=\"Out of stock\" \/>\n<script type=\"application\/ld+json\" class=\"yoast-schema-graph\">{\"@context\":\"https:\/\/schema.org\",\"@graph\":[{\"@type\":\"WebPage\",\"@id\":\"https:\/\/babylove.se\/no\/produkt\/sebra-dukkevogn-varm-gra\/\",\"url\":\"https:\/\/babylove.se\/no\/produkt\/sebra-dukkevogn-varm-gra\/\",\"name\":\"Sebra Dukkevogn varm gr\u00e5 - Babylove Norska\",\"isPartOf\":{\"@id\":\"https:\/\/babylove.se\/no\/#website\"},\"primaryImageOfPage\":{\"@id\":\"https:\/\/babylove.se\/no\/produkt\/sebra-dukkevogn-varm-gra\/#primaryimage\"},\"image\":{\"@id\":\"https:\/\/babylove.se\/no\/produkt\/sebra-dukkevogn-varm-gra\/#primaryimage\"},\"thumbnailUrl\":\"https:\/\/babylove.se\/no\/wp-content\/uploads\/sites\/3\/2025\/07\/5bb5f6ffe61e0.jpeg\",\"datePublished\":\"2025-07-18T19:43:27+00:00\",\"dateModified\":\"2026-04-08T07:37:19+00:00\",\"description\":\"En alldeles underbar och vacker dockvagn helt gjord i tr\u00e4, fr\u00e5n det popul\u00e4ra danska f\u00f6retaget Sebra. Skickas inom 24 timmar !\",\"breadcrumb\":{\"@id\":\"https:\/\/babylove.se\/no\/produkt\/sebra-dukkevogn-varm-gra\/#breadcrumb\"},\"inLanguage\":\"nb-NO\",\"potentialAction\":[{\"@type\":\"ReadAction\",\"target\":[\"https:\/\/babylove.se\/no\/produkt\/sebra-dukkevogn-varm-gra\/\"]}]},{\"@type\":\"ImageObject\",\"inLanguage\":\"nb-NO\",\"@id\":\"https:\/\/babylove.se\/no\/produkt\/sebra-dukkevogn-varm-gra\/#primaryimage\",\"url\":\"https:\/\/babylove.se\/no\/wp-content\/uploads\/sites\/3\/2025\/07\/5bb5f6ffe61e0.jpeg\",\"contentUrl\":\"https:\/\/babylove.se\/no\/wp-content\/uploads\/sites\/3\/2025\/07\/5bb5f6ffe61e0.jpeg\",\"width\":581,\"height\":576},{\"@type\":\"BreadcrumbList\",\"@id\":\"https:\/\/babylove.se\/no\/produkt\/sebra-dukkevogn-varm-gra\/#breadcrumb\",\"itemListElement\":[{\"@type\":\"ListItem\",\"position\":1,\"name\":\"Hem\",\"item\":\"https:\/\/babylove.se\/no\/\"},{\"@type\":\"ListItem\",\"position\":2,\"name\":\"Butik\",\"item\":\"https:\/\/babylove.se\/no\/butik\/\"},{\"@type\":\"ListItem\",\"position\":3,\"name\":\"Sebra Dukkevogn varm gr\u00e5\"}]},{\"@type\":\"WebSite\",\"@id\":\"https:\/\/babylove.se\/no\/#website\",\"url\":\"https:\/\/babylove.se\/no\/\",\"name\":\"Babylove Norska\",\"description\":\"\",\"potentialAction\":[{\"@type\":\"SearchAction\",\"target\":{\"@type\":\"EntryPoint\",\"urlTemplate\":\"https:\/\/babylove.se\/no\/?s={search_term_string}\"},\"query-input\":{\"@type\":\"PropertyValueSpecification\",\"valueRequired\":true,\"valueName\":\"search_term_string\"}}],\"inLanguage\":\"nb-NO\"}]}<\/script>\n<meta property=\"product:brand\" content=\"Sebra\" \/>\n<meta property=\"product:price:amount\" content=\"1095.00\" \/>\n<meta property=\"product:price:currency\" content=\"SEK\" \/>\n<meta property=\"og:availability\" content=\"out of stock\" \/>\n<meta property=\"product:availability\" content=\"out of stock\" \/>\n<meta property=\"product:retailer_item_id\" content=\"2144\" \/>\n<meta property=\"product:condition\" content=\"new\" \/>\n<!-- \/ Yoast SEO Premium plugin. -->","yoast_head_json":{"title":"Sebra Dukkevogn varm gr\u00e5 - Babylove Norska","description":"En alldeles underbar och vacker dockvagn helt gjord i tr\u00e4, fr\u00e5n det popul\u00e4ra danska f\u00f6retaget Sebra. Skickas inom 24 timmar !","robots":{"index":"noindex","follow":"follow","max-snippet":"max-snippet:-1","max-image-preview":"max-image-preview:large","max-video-preview":"max-video-preview:-1"},"og_locale":"nb_NO","og_type":"article","og_title":"Sebra Dukkevogn varm gr\u00e5","og_description":"En alldeles underbar och vacker dockvagn helt gjord i tr\u00e4, fr\u00e5n det popul\u00e4ra danska f\u00f6retaget Sebra. Skickas inom 24 timmar !","og_url":"https:\/\/babylove.se\/no\/produkt\/sebra-dukkevogn-varm-gra\/","og_site_name":"Babylove Norska","article_modified_time":"2026-04-08T07:37:19+00:00","og_image":[{"width":581,"height":576,"url":"https:\/\/babylove.se\/no\/wp-content\/uploads\/sites\/3\/2025\/07\/5bb5f6ffe61e0.jpeg","type":"image\/jpeg"}],"twitter_card":"summary_large_image","twitter_misc":{"Price":"1 095,00&nbsp;&#107;&#114;","Availability":"Out of stock"},"schema":{"@context":"https:\/\/schema.org","@graph":[{"@type":"WebPage","@id":"https:\/\/babylove.se\/no\/produkt\/sebra-dukkevogn-varm-gra\/","url":"https:\/\/babylove.se\/no\/produkt\/sebra-dukkevogn-varm-gra\/","name":"Sebra Dukkevogn varm gr\u00e5 - Babylove Norska","isPartOf":{"@id":"https:\/\/babylove.se\/no\/#website"},"primaryImageOfPage":{"@id":"https:\/\/babylove.se\/no\/produkt\/sebra-dukkevogn-varm-gra\/#primaryimage"},"image":{"@id":"https:\/\/babylove.se\/no\/produkt\/sebra-dukkevogn-varm-gra\/#primaryimage"},"thumbnailUrl":"https:\/\/babylove.se\/no\/wp-content\/uploads\/sites\/3\/2025\/07\/5bb5f6ffe61e0.jpeg","datePublished":"2025-07-18T19:43:27+00:00","dateModified":"2026-04-08T07:37:19+00:00","description":"En alldeles underbar och vacker dockvagn helt gjord i tr\u00e4, fr\u00e5n det popul\u00e4ra danska f\u00f6retaget Sebra. Skickas inom 24 timmar !","breadcrumb":{"@id":"https:\/\/babylove.se\/no\/produkt\/sebra-dukkevogn-varm-gra\/#breadcrumb"},"inLanguage":"nb-NO","potentialAction":[{"@type":"ReadAction","target":["https:\/\/babylove.se\/no\/produkt\/sebra-dukkevogn-varm-gra\/"]}]},{"@type":"ImageObject","inLanguage":"nb-NO","@id":"https:\/\/babylove.se\/no\/produkt\/sebra-dukkevogn-varm-gra\/#primaryimage","url":"https:\/\/babylove.se\/no\/wp-content\/uploads\/sites\/3\/2025\/07\/5bb5f6ffe61e0.jpeg","contentUrl":"https:\/\/babylove.se\/no\/wp-content\/uploads\/sites\/3\/2025\/07\/5bb5f6ffe61e0.jpeg","width":581,"height":576},{"@type":"BreadcrumbList","@id":"https:\/\/babylove.se\/no\/produkt\/sebra-dukkevogn-varm-gra\/#breadcrumb","itemListElement":[{"@type":"ListItem","position":1,"name":"Hem","item":"https:\/\/babylove.se\/no\/"},{"@type":"ListItem","position":2,"name":"Butik","item":"https:\/\/babylove.se\/no\/butik\/"},{"@type":"ListItem","position":3,"name":"Sebra Dukkevogn varm gr\u00e5"}]},{"@type":"WebSite","@id":"https:\/\/babylove.se\/no\/#website","url":"https:\/\/babylove.se\/no\/","name":"Babylove Norska","description":"","potentialAction":[{"@type":"SearchAction","target":{"@type":"EntryPoint","urlTemplate":"https:\/\/babylove.se\/no\/?s={search_term_string}"},"query-input":{"@type":"PropertyValueSpecification","valueRequired":true,"valueName":"search_term_string"}}],"inLanguage":"nb-NO"}]},"product_brand":"Sebra","product_price_amount":"1095.00","product_price_currency":"SEK","og_availability":"out of stock","product_availability":"out of stock","product_retailer_item_id":"2144","product_condition":"new"},"_links":{"self":[{"href":"https:\/\/babylove.se\/no\/wp-json\/wp\/v2\/product\/7464","targetHints":{"allow":["GET"]}}],"collection":[{"href":"https:\/\/babylove.se\/no\/wp-json\/wp\/v2\/product"}],"about":[{"href":"https:\/\/babylove.se\/no\/wp-json\/wp\/v2\/types\/product"}],"replies":[{"embeddable":true,"href":"https:\/\/babylove.se\/no\/wp-json\/wp\/v2\/comments?post=7464"}],"wp:featuredmedia":[{"embeddable":true,"href":"https:\/\/babylove.se\/no\/wp-json\/wp\/v2\/media\/7466"}],"wp:attachment":[{"href":"https:\/\/babylove.se\/no\/wp-json\/wp\/v2\/media?parent=7464"}],"wp:term":[{"taxonomy":"product_brand","embeddable":true,"href":"https:\/\/babylove.se\/no\/wp-json\/wp\/v2\/product_brand?post=7464"},{"taxonomy":"product_cat","embeddable":true,"href":"https:\/\/babylove.se\/no\/wp-json\/wp\/v2\/product_cat?post=7464"},{"taxonomy":"product_tag","embeddable":true,"href":"https:\/\/babylove.se\/no\/wp-json\/wp\/v2\/product_tag?post=7464"}],"curies":[{"name":"wp","href":"https:\/\/api.w.org\/{rel}","templated":true}]}}