{"id":7468,"date":"2025-07-18T20:43:46","date_gmt":"2025-07-18T19:43:46","guid":{"rendered":"https:\/\/babylove.se\/produkt\/sebra\/"},"modified":"2026-04-08T08:37:22","modified_gmt":"2026-04-08T07:37:22","slug":"sebra","status":"publish","type":"product","link":"https:\/\/babylove.se\/no\/produkt\/sebra\/","title":{"rendered":"Sebra, verkt\u00f8ybenk, varm gr\u00e5"},"content":{"rendered":"<p>Med denne verkt\u00f8ybenken fra Sebra blir barnet ditt en helt egen h\u00e5ndverker og det kan leve ut sine fantasier rundt \u00e5 bygge og skape. Benken er laget med stor omsorg og flere fine detaljer. Alt er laget av plywood i h\u00f8y kvalitet. Verkt\u00f8ybenken kommer med en liten praktisk boks, hvor barnet kan oppbevare skruer og muttere, og p\u00e5 den fine verkt\u00f8yveggen kan barnet henge opp verkt\u00f8yene. En annen fin detalj er skifertavlen, hvor barnet kan lage tegningen til det som skal bygges.<\/p>\n<p>Dette barnem\u00f8belet er skapt med et design som skal passe i alle typer rom, det kan like gjerne st\u00e5 i barnerommet som i stuen. <\/p>\n<p>Obs! Verkt\u00f8y og tilbeh\u00f8r f\u00f8lger ikke med, men m\u00e5 kj\u00f8pes separat!<\/p>\n<p>Anbefalt alder: 1+<\/p>\n<p><strong>M\u00e5l: <\/strong>58 x 38 x 81,5 cm<\/p>\n<p><strong>Materiale<\/strong>: Plywood<\/p>\n<p>Designer: <a href=\"https:\/\/babylove.se\/varumarken\/sebra\">Sebra<\/a><\/p>\n","protected":false},"excerpt":{"rendered":"<p>Med denne verkt\u00f8ybenken fra Sebra blir barnet ditt en helt egen h\u00e5ndverker og det kan leve ut sine fantasier rundt \u00e5 bygge og skape. Benken er laget med stor omsorg og flere fine detaljer. Alt er laget av plywood i h\u00f8y kvalitet. Verkt\u00f8ybenken kommer med en liten praktisk boks, hvor barnet kan oppbevare skruer og [&hellip;]<\/p>\n","protected":false},"featured_media":7470,"comment_status":"closed","ping_status":"open","template":"","meta":{"_acf_changed":false},"product_brand":[160],"product_cat":[70,72,68,322,161,48,112],"product_tag":[1689],"class_list":{"0":"post-7468","1":"product","2":"type-product","3":"status-publish","4":"has-post-thumbnail","6":"product_brand-sebra","7":"product_cat-gaver","8":"product_cat-julegaver","9":"product_cat-leker","10":"product_cat-rollespill","11":"product_cat-sebra","12":"product_cat-startside","13":"product_cat-treleker","14":"product_tag-bestillingsvaror","16":"first","17":"outofstock","18":"taxable","19":"shipping-taxable","20":"purchasable","21":"product-type-simple"},"acf":[],"yoast_head":"<!-- This site is optimized with the Yoast SEO Premium plugin v25.8 (Yoast SEO v27.2) - https:\/\/yoast.com\/product\/yoast-seo-premium-wordpress\/ -->\n<title>Sebra, verkt\u00f8ybenk, varm gr\u00e5 - Babylove Norska<\/title>\n<meta name=\"robots\" content=\"noindex, follow, max-snippet:-1, max-image-preview:large, max-video-preview:-1\" \/>\n<meta property=\"og:locale\" content=\"nb_NO\" \/>\n<meta property=\"og:type\" content=\"article\" \/>\n<meta property=\"og:title\" content=\"Sebra, verkt\u00f8ybenk, varm gr\u00e5\" \/>\n<meta property=\"og:description\" content=\"Med denne verkt\u00f8ybenken fra Sebra blir barnet ditt en helt egen h\u00e5ndverker og det kan leve ut sine fantasier rundt \u00e5 bygge og skape. Benken er laget med stor omsorg og flere fine detaljer. Alt er laget av plywood i h\u00f8y kvalitet. Verkt\u00f8ybenken kommer med en liten praktisk boks, hvor barnet kan oppbevare skruer og [&hellip;]\" \/>\n<meta property=\"og:url\" content=\"https:\/\/babylove.se\/no\/produkt\/sebra\/\" \/>\n<meta property=\"og:site_name\" content=\"Babylove Norska\" \/>\n<meta property=\"article:modified_time\" content=\"2026-04-08T07:37:22+00:00\" \/>\n<meta property=\"og:image\" content=\"https:\/\/babylove.se\/no\/wp-content\/uploads\/sites\/3\/2025\/07\/5bb5fcc977d88.jpeg\" \/>\n\t<meta property=\"og:image:width\" content=\"747\" \/>\n\t<meta property=\"og:image:height\" content=\"700\" \/>\n\t<meta property=\"og:image:type\" content=\"image\/jpeg\" \/>\n<meta name=\"twitter:card\" content=\"summary_large_image\" \/>\n<meta name=\"twitter:label1\" content=\"Price\" \/>\n\t<meta name=\"twitter:data1\" content=\"2 299,00&nbsp;&#107;&#114;\" \/>\n\t<meta name=\"twitter:label2\" content=\"Availability\" \/>\n\t<meta name=\"twitter:data2\" content=\"Out of stock\" \/>\n<script type=\"application\/ld+json\" class=\"yoast-schema-graph\">{\"@context\":\"https:\/\/schema.org\",\"@graph\":[{\"@type\":\"WebPage\",\"@id\":\"https:\/\/babylove.se\/no\/produkt\/sebra\/\",\"url\":\"https:\/\/babylove.se\/no\/produkt\/sebra\/\",\"name\":\"Sebra, verkt\u00f8ybenk, varm gr\u00e5 - Babylove Norska\",\"isPartOf\":{\"@id\":\"https:\/\/babylove.se\/no\/#website\"},\"primaryImageOfPage\":{\"@id\":\"https:\/\/babylove.se\/no\/produkt\/sebra\/#primaryimage\"},\"image\":{\"@id\":\"https:\/\/babylove.se\/no\/produkt\/sebra\/#primaryimage\"},\"thumbnailUrl\":\"https:\/\/babylove.se\/no\/wp-content\/uploads\/sites\/3\/2025\/07\/5bb5fcc977d88.jpeg\",\"datePublished\":\"2025-07-18T19:43:46+00:00\",\"dateModified\":\"2026-04-08T07:37:22+00:00\",\"breadcrumb\":{\"@id\":\"https:\/\/babylove.se\/no\/produkt\/sebra\/#breadcrumb\"},\"inLanguage\":\"nb-NO\",\"potentialAction\":[{\"@type\":\"ReadAction\",\"target\":[\"https:\/\/babylove.se\/no\/produkt\/sebra\/\"]}]},{\"@type\":\"ImageObject\",\"inLanguage\":\"nb-NO\",\"@id\":\"https:\/\/babylove.se\/no\/produkt\/sebra\/#primaryimage\",\"url\":\"https:\/\/babylove.se\/no\/wp-content\/uploads\/sites\/3\/2025\/07\/5bb5fcc977d88.jpeg\",\"contentUrl\":\"https:\/\/babylove.se\/no\/wp-content\/uploads\/sites\/3\/2025\/07\/5bb5fcc977d88.jpeg\",\"width\":747,\"height\":700},{\"@type\":\"BreadcrumbList\",\"@id\":\"https:\/\/babylove.se\/no\/produkt\/sebra\/#breadcrumb\",\"itemListElement\":[{\"@type\":\"ListItem\",\"position\":1,\"name\":\"Hem\",\"item\":\"https:\/\/babylove.se\/no\/\"},{\"@type\":\"ListItem\",\"position\":2,\"name\":\"Butik\",\"item\":\"https:\/\/babylove.se\/no\/butik\/\"},{\"@type\":\"ListItem\",\"position\":3,\"name\":\"Sebra, verkt\u00f8ybenk, varm gr\u00e5\"}]},{\"@type\":\"WebSite\",\"@id\":\"https:\/\/babylove.se\/no\/#website\",\"url\":\"https:\/\/babylove.se\/no\/\",\"name\":\"Babylove Norska\",\"description\":\"\",\"potentialAction\":[{\"@type\":\"SearchAction\",\"target\":{\"@type\":\"EntryPoint\",\"urlTemplate\":\"https:\/\/babylove.se\/no\/?s={search_term_string}\"},\"query-input\":{\"@type\":\"PropertyValueSpecification\",\"valueRequired\":true,\"valueName\":\"search_term_string\"}}],\"inLanguage\":\"nb-NO\"}]}<\/script>\n<meta property=\"product:brand\" content=\"Sebra\" \/>\n<meta property=\"product:price:amount\" content=\"2299.00\" \/>\n<meta property=\"product:price:currency\" content=\"SEK\" \/>\n<meta property=\"og:availability\" content=\"out of stock\" \/>\n<meta property=\"product:availability\" content=\"out of stock\" \/>\n<meta property=\"product:retailer_item_id\" content=\"3005102\" \/>\n<meta property=\"product:condition\" content=\"new\" \/>\n<!-- \/ Yoast SEO Premium plugin. -->","yoast_head_json":{"title":"Sebra, verkt\u00f8ybenk, varm gr\u00e5 - Babylove Norska","robots":{"index":"noindex","follow":"follow","max-snippet":"max-snippet:-1","max-image-preview":"max-image-preview:large","max-video-preview":"max-video-preview:-1"},"og_locale":"nb_NO","og_type":"article","og_title":"Sebra, verkt\u00f8ybenk, varm gr\u00e5","og_description":"Med denne verkt\u00f8ybenken fra Sebra blir barnet ditt en helt egen h\u00e5ndverker og det kan leve ut sine fantasier rundt \u00e5 bygge og skape. Benken er laget med stor omsorg og flere fine detaljer. Alt er laget av plywood i h\u00f8y kvalitet. Verkt\u00f8ybenken kommer med en liten praktisk boks, hvor barnet kan oppbevare skruer og [&hellip;]","og_url":"https:\/\/babylove.se\/no\/produkt\/sebra\/","og_site_name":"Babylove Norska","article_modified_time":"2026-04-08T07:37:22+00:00","og_image":[{"width":747,"height":700,"url":"https:\/\/babylove.se\/no\/wp-content\/uploads\/sites\/3\/2025\/07\/5bb5fcc977d88.jpeg","type":"image\/jpeg"}],"twitter_card":"summary_large_image","twitter_misc":{"Price":"2 299,00&nbsp;&#107;&#114;","Availability":"Out of stock"},"schema":{"@context":"https:\/\/schema.org","@graph":[{"@type":"WebPage","@id":"https:\/\/babylove.se\/no\/produkt\/sebra\/","url":"https:\/\/babylove.se\/no\/produkt\/sebra\/","name":"Sebra, verkt\u00f8ybenk, varm gr\u00e5 - Babylove Norska","isPartOf":{"@id":"https:\/\/babylove.se\/no\/#website"},"primaryImageOfPage":{"@id":"https:\/\/babylove.se\/no\/produkt\/sebra\/#primaryimage"},"image":{"@id":"https:\/\/babylove.se\/no\/produkt\/sebra\/#primaryimage"},"thumbnailUrl":"https:\/\/babylove.se\/no\/wp-content\/uploads\/sites\/3\/2025\/07\/5bb5fcc977d88.jpeg","datePublished":"2025-07-18T19:43:46+00:00","dateModified":"2026-04-08T07:37:22+00:00","breadcrumb":{"@id":"https:\/\/babylove.se\/no\/produkt\/sebra\/#breadcrumb"},"inLanguage":"nb-NO","potentialAction":[{"@type":"ReadAction","target":["https:\/\/babylove.se\/no\/produkt\/sebra\/"]}]},{"@type":"ImageObject","inLanguage":"nb-NO","@id":"https:\/\/babylove.se\/no\/produkt\/sebra\/#primaryimage","url":"https:\/\/babylove.se\/no\/wp-content\/uploads\/sites\/3\/2025\/07\/5bb5fcc977d88.jpeg","contentUrl":"https:\/\/babylove.se\/no\/wp-content\/uploads\/sites\/3\/2025\/07\/5bb5fcc977d88.jpeg","width":747,"height":700},{"@type":"BreadcrumbList","@id":"https:\/\/babylove.se\/no\/produkt\/sebra\/#breadcrumb","itemListElement":[{"@type":"ListItem","position":1,"name":"Hem","item":"https:\/\/babylove.se\/no\/"},{"@type":"ListItem","position":2,"name":"Butik","item":"https:\/\/babylove.se\/no\/butik\/"},{"@type":"ListItem","position":3,"name":"Sebra, verkt\u00f8ybenk, varm gr\u00e5"}]},{"@type":"WebSite","@id":"https:\/\/babylove.se\/no\/#website","url":"https:\/\/babylove.se\/no\/","name":"Babylove Norska","description":"","potentialAction":[{"@type":"SearchAction","target":{"@type":"EntryPoint","urlTemplate":"https:\/\/babylove.se\/no\/?s={search_term_string}"},"query-input":{"@type":"PropertyValueSpecification","valueRequired":true,"valueName":"search_term_string"}}],"inLanguage":"nb-NO"}]},"product_brand":"Sebra","product_price_amount":"2299.00","product_price_currency":"SEK","og_availability":"out of stock","product_availability":"out of stock","product_retailer_item_id":"3005102","product_condition":"new"},"_links":{"self":[{"href":"https:\/\/babylove.se\/no\/wp-json\/wp\/v2\/product\/7468","targetHints":{"allow":["GET"]}}],"collection":[{"href":"https:\/\/babylove.se\/no\/wp-json\/wp\/v2\/product"}],"about":[{"href":"https:\/\/babylove.se\/no\/wp-json\/wp\/v2\/types\/product"}],"replies":[{"embeddable":true,"href":"https:\/\/babylove.se\/no\/wp-json\/wp\/v2\/comments?post=7468"}],"wp:featuredmedia":[{"embeddable":true,"href":"https:\/\/babylove.se\/no\/wp-json\/wp\/v2\/media\/7470"}],"wp:attachment":[{"href":"https:\/\/babylove.se\/no\/wp-json\/wp\/v2\/media?parent=7468"}],"wp:term":[{"taxonomy":"product_brand","embeddable":true,"href":"https:\/\/babylove.se\/no\/wp-json\/wp\/v2\/product_brand?post=7468"},{"taxonomy":"product_cat","embeddable":true,"href":"https:\/\/babylove.se\/no\/wp-json\/wp\/v2\/product_cat?post=7468"},{"taxonomy":"product_tag","embeddable":true,"href":"https:\/\/babylove.se\/no\/wp-json\/wp\/v2\/product_tag?post=7468"}],"curies":[{"name":"wp","href":"https:\/\/api.w.org\/{rel}","templated":true}]}}