{"id":7479,"date":"2025-07-18T20:43:46","date_gmt":"2025-07-18T19:43:46","guid":{"rendered":"https:\/\/babylove.se\/produkt\/sebra-kok-varm-gra\/"},"modified":"2026-04-08T08:37:27","modified_gmt":"2026-04-08T07:37:27","slug":"sebra-kjokken-varm-gra","status":"publish","type":"product","link":"https:\/\/babylove.se\/no\/produkt\/sebra-kjokken-varm-gra\/","title":{"rendered":"Sebra lekekj\u00f8kken varm gr\u00e5"},"content":{"rendered":"<p>Et fantastisk flott og innbydende barnekj\u00f8kken i vakre gr\u00e5 farger med avrundede hj\u00f8rner. Dette kj\u00f8kkenet passer i alle rom i hjemmet, og barnet ditt kommer til \u00e5 elske det. Et kj\u00f8kken oppfordrer barnet ditt til lek, matlaging eller hvorfor ikke bake sammen med deg p\u00e5 kj\u00f8kkenet.<\/p>\n<p>Kj\u00f8kkenet fra Sebra er laget av naturlig og malt kryssfiner og inneholder en ovn, 2 dreieknapper for platene samt en l\u00f8s oppvaskbenk som gj\u00f8r at rengj\u00f8ringen er enkel. Dette kj\u00f8kkenet fra Sebra er en optimal gave som kommer til \u00e5 underholde barnet i mange dager fremover.<\/p>\n<p><strong>Spesifikasjoner:<\/strong><\/p>\n<table border=\"0\" cellpadding=\"0\" cellspacing=\"3\" width=\"245\">\n<tbody>\n<tr>\n<td width=\"160\">H\u00f8yde<\/td>\n<td width=\"73\">50 cm<\/td>\n<\/tr>\n<tr>\n<td width=\"160\">Lengde<\/td>\n<td width=\"73\">58 cm<\/td>\n<\/tr>\n<tr>\n<td width=\"160\">Material<\/td>\n<td width=\"73\">Kryssfiner<\/td>\n<\/tr>\n<tr>\n<td width=\"160\">Anbefalt alder<\/td>\n<td width=\"73\">1+<\/td>\n<\/tr>\n<tr>\n<td width=\"160\">Vekt<\/td>\n<td width=\"73\">9 kg<\/td>\n<\/tr>\n<tr>\n<td width=\"160\">Bredde<\/td>\n<td width=\"73\">38 cm<\/td>\n<\/tr>\n<\/tbody>\n<\/table>\n<p><\/p>\n<p>Designer: <a href=\"https:\/\/babylove.se\/varumarken\/sebra\"><u>Sebra<\/u><\/a><\/p>\n","protected":false},"excerpt":{"rendered":"<p>Et fantastisk flott og innbydende barnekj\u00f8kken i vakre gr\u00e5 farger med avrundede hj\u00f8rner. Dette kj\u00f8kkenet passer i alle rom i hjemmet, og barnet ditt kommer til \u00e5 elske det. Et kj\u00f8kken oppfordrer barnet ditt til lek, matlaging eller hvorfor ikke bake sammen med deg p\u00e5 kj\u00f8kkenet. Kj\u00f8kkenet fra Sebra er laget av naturlig og malt [&hellip;]<\/p>\n","protected":false},"featured_media":7481,"comment_status":"closed","ping_status":"open","template":"","meta":{"_acf_changed":false},"product_brand":[160],"product_cat":[25,161,48,112],"product_tag":[1689],"class_list":{"0":"post-7479","1":"product","2":"type-product","3":"status-publish","4":"has-post-thumbnail","6":"product_brand-sebra","7":"product_cat-ikke-bare-jenter","8":"product_cat-sebra","9":"product_cat-startside","10":"product_cat-treleker","11":"product_tag-bestillingsvaror","13":"first","14":"outofstock","15":"taxable","16":"shipping-taxable","17":"purchasable","18":"product-type-simple"},"acf":[],"yoast_head":"<!-- This site is optimized with the Yoast SEO Premium plugin v25.8 (Yoast SEO v27.2) - https:\/\/yoast.com\/product\/yoast-seo-premium-wordpress\/ -->\n<title>Sebra lekekj\u00f8kken varm gr\u00e5 - Babylove Norska<\/title>\n<meta name=\"description\" content=\"Ett fantastiskt snyggt och inbjudande barnk\u00f6k i vackra gr\u00e5 f\u00e4rger med rundade h\u00f6rn. Detta k\u00f6k passar i alla rum i hemmet, och ditt barn kommer att \u00e4lska det\" \/>\n<meta name=\"robots\" content=\"noindex, follow, max-snippet:-1, max-image-preview:large, max-video-preview:-1\" \/>\n<meta property=\"og:locale\" content=\"nb_NO\" \/>\n<meta property=\"og:type\" content=\"article\" \/>\n<meta property=\"og:title\" content=\"Sebra lekekj\u00f8kken varm gr\u00e5\" \/>\n<meta property=\"og:description\" content=\"Ett fantastiskt snyggt och inbjudande barnk\u00f6k i vackra gr\u00e5 f\u00e4rger med rundade h\u00f6rn. Detta k\u00f6k passar i alla rum i hemmet, och ditt barn kommer att \u00e4lska det\" \/>\n<meta property=\"og:url\" content=\"https:\/\/babylove.se\/no\/produkt\/sebra-kjokken-varm-gra\/\" \/>\n<meta property=\"og:site_name\" content=\"Babylove Norska\" \/>\n<meta property=\"article:modified_time\" content=\"2026-04-08T07:37:27+00:00\" \/>\n<meta property=\"og:image\" content=\"https:\/\/babylove.se\/no\/wp-content\/uploads\/sites\/3\/2025\/07\/5bb5fe7ee1463.jpeg\" \/>\n\t<meta property=\"og:image:width\" content=\"500\" \/>\n\t<meta property=\"og:image:height\" content=\"750\" \/>\n\t<meta property=\"og:image:type\" content=\"image\/jpeg\" \/>\n<meta name=\"twitter:card\" content=\"summary_large_image\" \/>\n<meta name=\"twitter:label1\" content=\"Price\" \/>\n\t<meta name=\"twitter:data1\" content=\"1 699,00&nbsp;&#107;&#114;\" \/>\n\t<meta name=\"twitter:label2\" content=\"Availability\" \/>\n\t<meta name=\"twitter:data2\" content=\"Out of stock\" \/>\n<script type=\"application\/ld+json\" class=\"yoast-schema-graph\">{\"@context\":\"https:\/\/schema.org\",\"@graph\":[{\"@type\":\"WebPage\",\"@id\":\"https:\/\/babylove.se\/no\/produkt\/sebra-kjokken-varm-gra\/\",\"url\":\"https:\/\/babylove.se\/no\/produkt\/sebra-kjokken-varm-gra\/\",\"name\":\"Sebra lekekj\u00f8kken varm gr\u00e5 - Babylove Norska\",\"isPartOf\":{\"@id\":\"https:\/\/babylove.se\/no\/#website\"},\"primaryImageOfPage\":{\"@id\":\"https:\/\/babylove.se\/no\/produkt\/sebra-kjokken-varm-gra\/#primaryimage\"},\"image\":{\"@id\":\"https:\/\/babylove.se\/no\/produkt\/sebra-kjokken-varm-gra\/#primaryimage\"},\"thumbnailUrl\":\"https:\/\/babylove.se\/no\/wp-content\/uploads\/sites\/3\/2025\/07\/5bb5fe7ee1463.jpeg\",\"datePublished\":\"2025-07-18T19:43:46+00:00\",\"dateModified\":\"2026-04-08T07:37:27+00:00\",\"description\":\"Ett fantastiskt snyggt och inbjudande barnk\u00f6k i vackra gr\u00e5 f\u00e4rger med rundade h\u00f6rn. Detta k\u00f6k passar i alla rum i hemmet, och ditt barn kommer att \u00e4lska det\",\"breadcrumb\":{\"@id\":\"https:\/\/babylove.se\/no\/produkt\/sebra-kjokken-varm-gra\/#breadcrumb\"},\"inLanguage\":\"nb-NO\",\"potentialAction\":[{\"@type\":\"ReadAction\",\"target\":[\"https:\/\/babylove.se\/no\/produkt\/sebra-kjokken-varm-gra\/\"]}]},{\"@type\":\"ImageObject\",\"inLanguage\":\"nb-NO\",\"@id\":\"https:\/\/babylove.se\/no\/produkt\/sebra-kjokken-varm-gra\/#primaryimage\",\"url\":\"https:\/\/babylove.se\/no\/wp-content\/uploads\/sites\/3\/2025\/07\/5bb5fe7ee1463.jpeg\",\"contentUrl\":\"https:\/\/babylove.se\/no\/wp-content\/uploads\/sites\/3\/2025\/07\/5bb5fe7ee1463.jpeg\",\"width\":500,\"height\":750},{\"@type\":\"BreadcrumbList\",\"@id\":\"https:\/\/babylove.se\/no\/produkt\/sebra-kjokken-varm-gra\/#breadcrumb\",\"itemListElement\":[{\"@type\":\"ListItem\",\"position\":1,\"name\":\"Hem\",\"item\":\"https:\/\/babylove.se\/no\/\"},{\"@type\":\"ListItem\",\"position\":2,\"name\":\"Butik\",\"item\":\"https:\/\/babylove.se\/no\/butik\/\"},{\"@type\":\"ListItem\",\"position\":3,\"name\":\"Sebra lekekj\u00f8kken varm gr\u00e5\"}]},{\"@type\":\"WebSite\",\"@id\":\"https:\/\/babylove.se\/no\/#website\",\"url\":\"https:\/\/babylove.se\/no\/\",\"name\":\"Babylove Norska\",\"description\":\"\",\"potentialAction\":[{\"@type\":\"SearchAction\",\"target\":{\"@type\":\"EntryPoint\",\"urlTemplate\":\"https:\/\/babylove.se\/no\/?s={search_term_string}\"},\"query-input\":{\"@type\":\"PropertyValueSpecification\",\"valueRequired\":true,\"valueName\":\"search_term_string\"}}],\"inLanguage\":\"nb-NO\"}]}<\/script>\n<meta property=\"product:brand\" content=\"Sebra\" \/>\n<meta property=\"product:price:amount\" content=\"1699.00\" \/>\n<meta property=\"product:price:currency\" content=\"SEK\" \/>\n<meta property=\"og:availability\" content=\"out of stock\" \/>\n<meta property=\"product:availability\" content=\"out of stock\" \/>\n<meta property=\"product:retailer_item_id\" content=\"2147\" \/>\n<meta property=\"product:condition\" content=\"new\" \/>\n<!-- \/ Yoast SEO Premium plugin. -->","yoast_head_json":{"title":"Sebra lekekj\u00f8kken varm gr\u00e5 - Babylove Norska","description":"Ett fantastiskt snyggt och inbjudande barnk\u00f6k i vackra gr\u00e5 f\u00e4rger med rundade h\u00f6rn. Detta k\u00f6k passar i alla rum i hemmet, och ditt barn kommer att \u00e4lska det","robots":{"index":"noindex","follow":"follow","max-snippet":"max-snippet:-1","max-image-preview":"max-image-preview:large","max-video-preview":"max-video-preview:-1"},"og_locale":"nb_NO","og_type":"article","og_title":"Sebra lekekj\u00f8kken varm gr\u00e5","og_description":"Ett fantastiskt snyggt och inbjudande barnk\u00f6k i vackra gr\u00e5 f\u00e4rger med rundade h\u00f6rn. Detta k\u00f6k passar i alla rum i hemmet, och ditt barn kommer att \u00e4lska det","og_url":"https:\/\/babylove.se\/no\/produkt\/sebra-kjokken-varm-gra\/","og_site_name":"Babylove Norska","article_modified_time":"2026-04-08T07:37:27+00:00","og_image":[{"width":500,"height":750,"url":"https:\/\/babylove.se\/no\/wp-content\/uploads\/sites\/3\/2025\/07\/5bb5fe7ee1463.jpeg","type":"image\/jpeg"}],"twitter_card":"summary_large_image","twitter_misc":{"Price":"1 699,00&nbsp;&#107;&#114;","Availability":"Out of stock"},"schema":{"@context":"https:\/\/schema.org","@graph":[{"@type":"WebPage","@id":"https:\/\/babylove.se\/no\/produkt\/sebra-kjokken-varm-gra\/","url":"https:\/\/babylove.se\/no\/produkt\/sebra-kjokken-varm-gra\/","name":"Sebra lekekj\u00f8kken varm gr\u00e5 - Babylove Norska","isPartOf":{"@id":"https:\/\/babylove.se\/no\/#website"},"primaryImageOfPage":{"@id":"https:\/\/babylove.se\/no\/produkt\/sebra-kjokken-varm-gra\/#primaryimage"},"image":{"@id":"https:\/\/babylove.se\/no\/produkt\/sebra-kjokken-varm-gra\/#primaryimage"},"thumbnailUrl":"https:\/\/babylove.se\/no\/wp-content\/uploads\/sites\/3\/2025\/07\/5bb5fe7ee1463.jpeg","datePublished":"2025-07-18T19:43:46+00:00","dateModified":"2026-04-08T07:37:27+00:00","description":"Ett fantastiskt snyggt och inbjudande barnk\u00f6k i vackra gr\u00e5 f\u00e4rger med rundade h\u00f6rn. Detta k\u00f6k passar i alla rum i hemmet, och ditt barn kommer att \u00e4lska det","breadcrumb":{"@id":"https:\/\/babylove.se\/no\/produkt\/sebra-kjokken-varm-gra\/#breadcrumb"},"inLanguage":"nb-NO","potentialAction":[{"@type":"ReadAction","target":["https:\/\/babylove.se\/no\/produkt\/sebra-kjokken-varm-gra\/"]}]},{"@type":"ImageObject","inLanguage":"nb-NO","@id":"https:\/\/babylove.se\/no\/produkt\/sebra-kjokken-varm-gra\/#primaryimage","url":"https:\/\/babylove.se\/no\/wp-content\/uploads\/sites\/3\/2025\/07\/5bb5fe7ee1463.jpeg","contentUrl":"https:\/\/babylove.se\/no\/wp-content\/uploads\/sites\/3\/2025\/07\/5bb5fe7ee1463.jpeg","width":500,"height":750},{"@type":"BreadcrumbList","@id":"https:\/\/babylove.se\/no\/produkt\/sebra-kjokken-varm-gra\/#breadcrumb","itemListElement":[{"@type":"ListItem","position":1,"name":"Hem","item":"https:\/\/babylove.se\/no\/"},{"@type":"ListItem","position":2,"name":"Butik","item":"https:\/\/babylove.se\/no\/butik\/"},{"@type":"ListItem","position":3,"name":"Sebra lekekj\u00f8kken varm gr\u00e5"}]},{"@type":"WebSite","@id":"https:\/\/babylove.se\/no\/#website","url":"https:\/\/babylove.se\/no\/","name":"Babylove Norska","description":"","potentialAction":[{"@type":"SearchAction","target":{"@type":"EntryPoint","urlTemplate":"https:\/\/babylove.se\/no\/?s={search_term_string}"},"query-input":{"@type":"PropertyValueSpecification","valueRequired":true,"valueName":"search_term_string"}}],"inLanguage":"nb-NO"}]},"product_brand":"Sebra","product_price_amount":"1699.00","product_price_currency":"SEK","og_availability":"out of stock","product_availability":"out of stock","product_retailer_item_id":"2147","product_condition":"new"},"_links":{"self":[{"href":"https:\/\/babylove.se\/no\/wp-json\/wp\/v2\/product\/7479","targetHints":{"allow":["GET"]}}],"collection":[{"href":"https:\/\/babylove.se\/no\/wp-json\/wp\/v2\/product"}],"about":[{"href":"https:\/\/babylove.se\/no\/wp-json\/wp\/v2\/types\/product"}],"replies":[{"embeddable":true,"href":"https:\/\/babylove.se\/no\/wp-json\/wp\/v2\/comments?post=7479"}],"wp:featuredmedia":[{"embeddable":true,"href":"https:\/\/babylove.se\/no\/wp-json\/wp\/v2\/media\/7481"}],"wp:attachment":[{"href":"https:\/\/babylove.se\/no\/wp-json\/wp\/v2\/media?parent=7479"}],"wp:term":[{"taxonomy":"product_brand","embeddable":true,"href":"https:\/\/babylove.se\/no\/wp-json\/wp\/v2\/product_brand?post=7479"},{"taxonomy":"product_cat","embeddable":true,"href":"https:\/\/babylove.se\/no\/wp-json\/wp\/v2\/product_cat?post=7479"},{"taxonomy":"product_tag","embeddable":true,"href":"https:\/\/babylove.se\/no\/wp-json\/wp\/v2\/product_tag?post=7479"}],"curies":[{"name":"wp","href":"https:\/\/api.w.org\/{rel}","templated":true}]}}