{"id":7487,"date":"2025-07-18T20:43:46","date_gmt":"2025-07-18T19:43:46","guid":{"rendered":"https:\/\/babylove.se\/produkt\/stickstay-good-vibes-only-vaggklistermarken\/"},"modified":"2026-04-08T08:37:33","modified_gmt":"2026-04-08T07:37:33","slug":"stickstay-good-vibes-only-veggklistremerker","status":"publish","type":"product","link":"https:\/\/babylove.se\/no\/produkt\/stickstay-good-vibes-only-veggklistremerker\/","title":{"rendered":"Stickstay, Good Vibes Only, veggklistremerker"},"content":{"rendered":"<p>Et stilrent men superkult veggklistremerke fra svenske Stickstay som kommer til \u00e5 gj\u00f8re barnerommets innredning enda t\u00f8ffere. De tre ordene er separate klistremerker s\u00e5 du kan v\u00e6re kreativ og sette dem p\u00e5 den m\u00e5ten du selv synes passer best. Stickstays veggklistremerker er laget av h\u00f8yeste kvalitet for \u00e5 holde lenge og er selvf\u00f8lgelig enkle \u00e5 kombinere med andre veggklistremerker. \\n \\nM\u00e5l: Hvert ord er mellom 16-20 cm \\n \\nMateriale: Vinylplast som er helt resirkulerbar. \\n \\nDesigner: <a href=\"https:\/\/babylove.se\/inredning-barnrum-pojke\/stickstay\"><u>Stickstay<\/u><\/a><\/p>\n","protected":false},"excerpt":{"rendered":"<p>Et stilrent men superkult veggklistremerke fra svenske Stickstay som kommer til \u00e5 gj\u00f8re barnerommets innredning enda t\u00f8ffere. De tre ordene er separate klistremerker s\u00e5 du kan v\u00e6re kreativ og sette dem p\u00e5 den m\u00e5ten du selv synes passer best. Stickstays veggklistremerker er laget av h\u00f8yeste kvalitet for \u00e5 holde lenge og er selvf\u00f8lgelig enkle \u00e5 [&hellip;]<\/p>\n","protected":false},"featured_media":7489,"comment_status":"closed","ping_status":"closed","template":"","meta":{"_acf_changed":false},"product_brand":[236],"product_cat":[48,237,29,24],"product_tag":[],"class_list":{"0":"post-7487","1":"product","2":"type-product","3":"status-publish","4":"has-post-thumbnail","6":"product_brand-stickstay","7":"product_cat-startside","8":"product_cat-stickstay","9":"product_cat-veggdekorasjoner","10":"product_cat-veggklistremerker","12":"first","13":"outofstock","14":"taxable","15":"shipping-taxable","16":"purchasable","17":"product-type-simple"},"acf":[],"yoast_head":"<!-- This site is optimized with the Yoast SEO Premium plugin v25.8 (Yoast SEO v27.2) - https:\/\/yoast.com\/product\/yoast-seo-premium-wordpress\/ -->\n<title>Stickstay, Good Vibes Only, veggklistremerker - Babylove Norska<\/title>\n<meta name=\"robots\" content=\"noindex, follow, max-snippet:-1, max-image-preview:large, max-video-preview:-1\" \/>\n<meta property=\"og:locale\" content=\"nb_NO\" \/>\n<meta property=\"og:type\" content=\"article\" \/>\n<meta property=\"og:title\" content=\"Stickstay, Good Vibes Only, veggklistremerker\" \/>\n<meta property=\"og:description\" content=\"Et stilrent men superkult veggklistremerke fra svenske Stickstay som kommer til \u00e5 gj\u00f8re barnerommets innredning enda t\u00f8ffere. De tre ordene er separate klistremerker s\u00e5 du kan v\u00e6re kreativ og sette dem p\u00e5 den m\u00e5ten du selv synes passer best. Stickstays veggklistremerker er laget av h\u00f8yeste kvalitet for \u00e5 holde lenge og er selvf\u00f8lgelig enkle \u00e5 [&hellip;]\" \/>\n<meta property=\"og:url\" content=\"https:\/\/babylove.se\/no\/produkt\/stickstay-good-vibes-only-veggklistremerker\/\" \/>\n<meta property=\"og:site_name\" content=\"Babylove Norska\" \/>\n<meta property=\"article:modified_time\" content=\"2026-04-08T07:37:33+00:00\" \/>\n<meta property=\"og:image\" content=\"https:\/\/babylove.se\/no\/wp-content\/uploads\/sites\/3\/2025\/07\/5bbf43bc23e31.jpeg\" \/>\n\t<meta property=\"og:image:width\" content=\"549\" \/>\n\t<meta property=\"og:image:height\" content=\"549\" \/>\n\t<meta property=\"og:image:type\" content=\"image\/jpeg\" \/>\n<meta name=\"twitter:card\" content=\"summary_large_image\" \/>\n<meta name=\"twitter:label1\" content=\"Price\" \/>\n\t<meta name=\"twitter:data1\" content=\"199,00&nbsp;&#107;&#114;\" \/>\n\t<meta name=\"twitter:label2\" content=\"Availability\" \/>\n\t<meta name=\"twitter:data2\" content=\"Out of stock\" \/>\n<script type=\"application\/ld+json\" class=\"yoast-schema-graph\">{\"@context\":\"https:\/\/schema.org\",\"@graph\":[{\"@type\":\"WebPage\",\"@id\":\"https:\/\/babylove.se\/no\/produkt\/stickstay-good-vibes-only-veggklistremerker\/\",\"url\":\"https:\/\/babylove.se\/no\/produkt\/stickstay-good-vibes-only-veggklistremerker\/\",\"name\":\"Stickstay, Good Vibes Only, veggklistremerker - Babylove Norska\",\"isPartOf\":{\"@id\":\"https:\/\/babylove.se\/no\/#website\"},\"primaryImageOfPage\":{\"@id\":\"https:\/\/babylove.se\/no\/produkt\/stickstay-good-vibes-only-veggklistremerker\/#primaryimage\"},\"image\":{\"@id\":\"https:\/\/babylove.se\/no\/produkt\/stickstay-good-vibes-only-veggklistremerker\/#primaryimage\"},\"thumbnailUrl\":\"https:\/\/babylove.se\/no\/wp-content\/uploads\/sites\/3\/2025\/07\/5bbf43bc23e31.jpeg\",\"datePublished\":\"2025-07-18T19:43:46+00:00\",\"dateModified\":\"2026-04-08T07:37:33+00:00\",\"breadcrumb\":{\"@id\":\"https:\/\/babylove.se\/no\/produkt\/stickstay-good-vibes-only-veggklistremerker\/#breadcrumb\"},\"inLanguage\":\"nb-NO\",\"potentialAction\":[{\"@type\":\"ReadAction\",\"target\":[\"https:\/\/babylove.se\/no\/produkt\/stickstay-good-vibes-only-veggklistremerker\/\"]}]},{\"@type\":\"ImageObject\",\"inLanguage\":\"nb-NO\",\"@id\":\"https:\/\/babylove.se\/no\/produkt\/stickstay-good-vibes-only-veggklistremerker\/#primaryimage\",\"url\":\"https:\/\/babylove.se\/no\/wp-content\/uploads\/sites\/3\/2025\/07\/5bbf43bc23e31.jpeg\",\"contentUrl\":\"https:\/\/babylove.se\/no\/wp-content\/uploads\/sites\/3\/2025\/07\/5bbf43bc23e31.jpeg\",\"width\":549,\"height\":549},{\"@type\":\"BreadcrumbList\",\"@id\":\"https:\/\/babylove.se\/no\/produkt\/stickstay-good-vibes-only-veggklistremerker\/#breadcrumb\",\"itemListElement\":[{\"@type\":\"ListItem\",\"position\":1,\"name\":\"Hem\",\"item\":\"https:\/\/babylove.se\/no\/\"},{\"@type\":\"ListItem\",\"position\":2,\"name\":\"Butik\",\"item\":\"https:\/\/babylove.se\/no\/butik\/\"},{\"@type\":\"ListItem\",\"position\":3,\"name\":\"Stickstay, Good Vibes Only, veggklistremerker\"}]},{\"@type\":\"WebSite\",\"@id\":\"https:\/\/babylove.se\/no\/#website\",\"url\":\"https:\/\/babylove.se\/no\/\",\"name\":\"Babylove Norska\",\"description\":\"\",\"potentialAction\":[{\"@type\":\"SearchAction\",\"target\":{\"@type\":\"EntryPoint\",\"urlTemplate\":\"https:\/\/babylove.se\/no\/?s={search_term_string}\"},\"query-input\":{\"@type\":\"PropertyValueSpecification\",\"valueRequired\":true,\"valueName\":\"search_term_string\"}}],\"inLanguage\":\"nb-NO\"}]}<\/script>\n<meta property=\"product:brand\" content=\"Stickstay\" \/>\n<meta property=\"product:price:amount\" content=\"199.00\" \/>\n<meta property=\"product:price:currency\" content=\"SEK\" \/>\n<meta property=\"og:availability\" content=\"out of stock\" \/>\n<meta property=\"product:availability\" content=\"out of stock\" \/>\n<meta property=\"product:retailer_item_id\" content=\"2149\" \/>\n<meta property=\"product:condition\" content=\"new\" \/>\n<!-- \/ Yoast SEO Premium plugin. -->","yoast_head_json":{"title":"Stickstay, Good Vibes Only, veggklistremerker - Babylove Norska","robots":{"index":"noindex","follow":"follow","max-snippet":"max-snippet:-1","max-image-preview":"max-image-preview:large","max-video-preview":"max-video-preview:-1"},"og_locale":"nb_NO","og_type":"article","og_title":"Stickstay, Good Vibes Only, veggklistremerker","og_description":"Et stilrent men superkult veggklistremerke fra svenske Stickstay som kommer til \u00e5 gj\u00f8re barnerommets innredning enda t\u00f8ffere. De tre ordene er separate klistremerker s\u00e5 du kan v\u00e6re kreativ og sette dem p\u00e5 den m\u00e5ten du selv synes passer best. Stickstays veggklistremerker er laget av h\u00f8yeste kvalitet for \u00e5 holde lenge og er selvf\u00f8lgelig enkle \u00e5 [&hellip;]","og_url":"https:\/\/babylove.se\/no\/produkt\/stickstay-good-vibes-only-veggklistremerker\/","og_site_name":"Babylove Norska","article_modified_time":"2026-04-08T07:37:33+00:00","og_image":[{"width":549,"height":549,"url":"https:\/\/babylove.se\/no\/wp-content\/uploads\/sites\/3\/2025\/07\/5bbf43bc23e31.jpeg","type":"image\/jpeg"}],"twitter_card":"summary_large_image","twitter_misc":{"Price":"199,00&nbsp;&#107;&#114;","Availability":"Out of stock"},"schema":{"@context":"https:\/\/schema.org","@graph":[{"@type":"WebPage","@id":"https:\/\/babylove.se\/no\/produkt\/stickstay-good-vibes-only-veggklistremerker\/","url":"https:\/\/babylove.se\/no\/produkt\/stickstay-good-vibes-only-veggklistremerker\/","name":"Stickstay, Good Vibes Only, veggklistremerker - Babylove Norska","isPartOf":{"@id":"https:\/\/babylove.se\/no\/#website"},"primaryImageOfPage":{"@id":"https:\/\/babylove.se\/no\/produkt\/stickstay-good-vibes-only-veggklistremerker\/#primaryimage"},"image":{"@id":"https:\/\/babylove.se\/no\/produkt\/stickstay-good-vibes-only-veggklistremerker\/#primaryimage"},"thumbnailUrl":"https:\/\/babylove.se\/no\/wp-content\/uploads\/sites\/3\/2025\/07\/5bbf43bc23e31.jpeg","datePublished":"2025-07-18T19:43:46+00:00","dateModified":"2026-04-08T07:37:33+00:00","breadcrumb":{"@id":"https:\/\/babylove.se\/no\/produkt\/stickstay-good-vibes-only-veggklistremerker\/#breadcrumb"},"inLanguage":"nb-NO","potentialAction":[{"@type":"ReadAction","target":["https:\/\/babylove.se\/no\/produkt\/stickstay-good-vibes-only-veggklistremerker\/"]}]},{"@type":"ImageObject","inLanguage":"nb-NO","@id":"https:\/\/babylove.se\/no\/produkt\/stickstay-good-vibes-only-veggklistremerker\/#primaryimage","url":"https:\/\/babylove.se\/no\/wp-content\/uploads\/sites\/3\/2025\/07\/5bbf43bc23e31.jpeg","contentUrl":"https:\/\/babylove.se\/no\/wp-content\/uploads\/sites\/3\/2025\/07\/5bbf43bc23e31.jpeg","width":549,"height":549},{"@type":"BreadcrumbList","@id":"https:\/\/babylove.se\/no\/produkt\/stickstay-good-vibes-only-veggklistremerker\/#breadcrumb","itemListElement":[{"@type":"ListItem","position":1,"name":"Hem","item":"https:\/\/babylove.se\/no\/"},{"@type":"ListItem","position":2,"name":"Butik","item":"https:\/\/babylove.se\/no\/butik\/"},{"@type":"ListItem","position":3,"name":"Stickstay, Good Vibes Only, veggklistremerker"}]},{"@type":"WebSite","@id":"https:\/\/babylove.se\/no\/#website","url":"https:\/\/babylove.se\/no\/","name":"Babylove Norska","description":"","potentialAction":[{"@type":"SearchAction","target":{"@type":"EntryPoint","urlTemplate":"https:\/\/babylove.se\/no\/?s={search_term_string}"},"query-input":{"@type":"PropertyValueSpecification","valueRequired":true,"valueName":"search_term_string"}}],"inLanguage":"nb-NO"}]},"product_brand":"Stickstay","product_price_amount":"199.00","product_price_currency":"SEK","og_availability":"out of stock","product_availability":"out of stock","product_retailer_item_id":"2149","product_condition":"new"},"_links":{"self":[{"href":"https:\/\/babylove.se\/no\/wp-json\/wp\/v2\/product\/7487","targetHints":{"allow":["GET"]}}],"collection":[{"href":"https:\/\/babylove.se\/no\/wp-json\/wp\/v2\/product"}],"about":[{"href":"https:\/\/babylove.se\/no\/wp-json\/wp\/v2\/types\/product"}],"replies":[{"embeddable":true,"href":"https:\/\/babylove.se\/no\/wp-json\/wp\/v2\/comments?post=7487"}],"wp:featuredmedia":[{"embeddable":true,"href":"https:\/\/babylove.se\/no\/wp-json\/wp\/v2\/media\/7489"}],"wp:attachment":[{"href":"https:\/\/babylove.se\/no\/wp-json\/wp\/v2\/media?parent=7487"}],"wp:term":[{"taxonomy":"product_brand","embeddable":true,"href":"https:\/\/babylove.se\/no\/wp-json\/wp\/v2\/product_brand?post=7487"},{"taxonomy":"product_cat","embeddable":true,"href":"https:\/\/babylove.se\/no\/wp-json\/wp\/v2\/product_cat?post=7487"},{"taxonomy":"product_tag","embeddable":true,"href":"https:\/\/babylove.se\/no\/wp-json\/wp\/v2\/product_tag?post=7487"}],"curies":[{"name":"wp","href":"https:\/\/api.w.org\/{rel}","templated":true}]}}