{"id":7511,"date":"2025-07-18T20:43:46","date_gmt":"2025-07-18T19:43:46","guid":{"rendered":"https:\/\/babylove.se\/produkt\/stickstay-enhorningen-sky-vaggklistermarken\/"},"modified":"2026-04-08T08:37:47","modified_gmt":"2026-04-08T07:37:47","slug":"stickstay-enhjorningen-sky-veggklistremerker","status":"publish","type":"product","link":"https:\/\/babylove.se\/no\/produkt\/stickstay-enhjorningen-sky-veggklistremerker\/","title":{"rendered":"Stickstay, Enhj\u00f8rningen Sky, veggklistremerker"},"content":{"rendered":"<p>Et underbart vakkert veggklistremerke fra popul\u00e6re Stickstay, i form av enhj\u00f8rningen Sky. \\n \\nAlle veggklistremerker fra Stickstay er flyttbare (noe som gj\u00f8r at du kan bytte plass n\u00e5r du \u00f8nsker det) og passer p\u00e5 b\u00e5de malte vegger og malte eller tykke tapeter. Stickstays veggklistremerker er laget av absolutt h\u00f8yeste kvalitet. \\n \\nProdusert i Sverige av vinylplast <em>(Som er resirkulerbar).<\/em> \\n \\nEt fantastisk og h\u00e5ndskissert design av Lisa Flodmark. \\n \\n<strong>M\u00e5l<\/strong>: 21,5 cm h\u00f8y \\n \\nDesigner: <a href=\"https:\/\/babylove.se\/inredning-barnrum-pojke\/stickstay\"><u>Stickstay<\/u><\/a><\/p>\n","protected":false},"excerpt":{"rendered":"<p>Et underbart vakkert veggklistremerke fra popul\u00e6re Stickstay, i form av enhj\u00f8rningen Sky. \\n \\nAlle veggklistremerker fra Stickstay er flyttbare (noe som gj\u00f8r at du kan bytte plass n\u00e5r du \u00f8nsker det) og passer p\u00e5 b\u00e5de malte vegger og malte eller tykke tapeter. Stickstays veggklistremerker er laget av absolutt h\u00f8yeste kvalitet. \\n \\nProdusert i Sverige av [&hellip;]<\/p>\n","protected":false},"featured_media":7513,"comment_status":"closed","ping_status":"closed","template":"","meta":{"_acf_changed":false},"product_brand":[236],"product_cat":[72,48,237,29,24],"product_tag":[1709],"class_list":{"0":"post-7511","1":"product","2":"type-product","3":"status-publish","4":"has-post-thumbnail","6":"product_brand-stickstay","7":"product_cat-julegaver","8":"product_cat-startside","9":"product_cat-stickstay","10":"product_cat-veggdekorasjoner","11":"product_cat-veggklistremerker","12":"product_tag-utforsalg","14":"first","15":"instock","16":"taxable","17":"shipping-taxable","18":"purchasable","19":"product-type-simple"},"acf":[],"yoast_head":"<!-- This site is optimized with the Yoast SEO Premium plugin v25.8 (Yoast SEO v27.2) - https:\/\/yoast.com\/product\/yoast-seo-premium-wordpress\/ -->\n<title>Stickstay, Enhj\u00f8rningen Sky, veggklistremerker - Babylove Norska<\/title>\n<meta name=\"robots\" content=\"noindex, follow, max-snippet:-1, max-image-preview:large, max-video-preview:-1\" \/>\n<meta property=\"og:locale\" content=\"nb_NO\" \/>\n<meta property=\"og:type\" content=\"article\" \/>\n<meta property=\"og:title\" content=\"Stickstay, Enhj\u00f8rningen Sky, veggklistremerker\" \/>\n<meta property=\"og:description\" content=\"Et underbart vakkert veggklistremerke fra popul\u00e6re Stickstay, i form av enhj\u00f8rningen Sky. n nAlle veggklistremerker fra Stickstay er flyttbare (noe som gj\u00f8r at du kan bytte plass n\u00e5r du \u00f8nsker det) og passer p\u00e5 b\u00e5de malte vegger og malte eller tykke tapeter. Stickstays veggklistremerker er laget av absolutt h\u00f8yeste kvalitet. n nProdusert i Sverige av [&hellip;]\" \/>\n<meta property=\"og:url\" content=\"https:\/\/babylove.se\/no\/produkt\/stickstay-enhjorningen-sky-veggklistremerker\/\" \/>\n<meta property=\"og:site_name\" content=\"Babylove Norska\" \/>\n<meta property=\"article:modified_time\" content=\"2026-04-08T07:37:47+00:00\" \/>\n<meta property=\"og:image\" content=\"https:\/\/babylove.se\/no\/wp-content\/uploads\/sites\/3\/2025\/07\/5bbf482f714b7.jpeg\" \/>\n\t<meta property=\"og:image:width\" content=\"549\" \/>\n\t<meta property=\"og:image:height\" content=\"549\" \/>\n\t<meta property=\"og:image:type\" content=\"image\/jpeg\" \/>\n<meta name=\"twitter:card\" content=\"summary_large_image\" \/>\n<meta name=\"twitter:label1\" content=\"Price\" \/>\n\t<meta name=\"twitter:data1\" content=\"199,00&nbsp;&#107;&#114;\" \/>\n\t<meta name=\"twitter:label2\" content=\"Availability\" \/>\n\t<meta name=\"twitter:data2\" content=\"In stock\" \/>\n<script type=\"application\/ld+json\" class=\"yoast-schema-graph\">{\"@context\":\"https:\/\/schema.org\",\"@graph\":[{\"@type\":\"WebPage\",\"@id\":\"https:\/\/babylove.se\/no\/produkt\/stickstay-enhjorningen-sky-veggklistremerker\/\",\"url\":\"https:\/\/babylove.se\/no\/produkt\/stickstay-enhjorningen-sky-veggklistremerker\/\",\"name\":\"Stickstay, Enhj\u00f8rningen Sky, veggklistremerker - Babylove Norska\",\"isPartOf\":{\"@id\":\"https:\/\/babylove.se\/no\/#website\"},\"primaryImageOfPage\":{\"@id\":\"https:\/\/babylove.se\/no\/produkt\/stickstay-enhjorningen-sky-veggklistremerker\/#primaryimage\"},\"image\":{\"@id\":\"https:\/\/babylove.se\/no\/produkt\/stickstay-enhjorningen-sky-veggklistremerker\/#primaryimage\"},\"thumbnailUrl\":\"https:\/\/babylove.se\/no\/wp-content\/uploads\/sites\/3\/2025\/07\/5bbf482f714b7.jpeg\",\"datePublished\":\"2025-07-18T19:43:46+00:00\",\"dateModified\":\"2026-04-08T07:37:47+00:00\",\"breadcrumb\":{\"@id\":\"https:\/\/babylove.se\/no\/produkt\/stickstay-enhjorningen-sky-veggklistremerker\/#breadcrumb\"},\"inLanguage\":\"nb-NO\",\"potentialAction\":[{\"@type\":\"ReadAction\",\"target\":[\"https:\/\/babylove.se\/no\/produkt\/stickstay-enhjorningen-sky-veggklistremerker\/\"]}]},{\"@type\":\"ImageObject\",\"inLanguage\":\"nb-NO\",\"@id\":\"https:\/\/babylove.se\/no\/produkt\/stickstay-enhjorningen-sky-veggklistremerker\/#primaryimage\",\"url\":\"https:\/\/babylove.se\/no\/wp-content\/uploads\/sites\/3\/2025\/07\/5bbf482f714b7.jpeg\",\"contentUrl\":\"https:\/\/babylove.se\/no\/wp-content\/uploads\/sites\/3\/2025\/07\/5bbf482f714b7.jpeg\",\"width\":549,\"height\":549},{\"@type\":\"BreadcrumbList\",\"@id\":\"https:\/\/babylove.se\/no\/produkt\/stickstay-enhjorningen-sky-veggklistremerker\/#breadcrumb\",\"itemListElement\":[{\"@type\":\"ListItem\",\"position\":1,\"name\":\"Hem\",\"item\":\"https:\/\/babylove.se\/no\/\"},{\"@type\":\"ListItem\",\"position\":2,\"name\":\"Butik\",\"item\":\"https:\/\/babylove.se\/no\/butik\/\"},{\"@type\":\"ListItem\",\"position\":3,\"name\":\"Stickstay, Enhj\u00f8rningen Sky, veggklistremerker\"}]},{\"@type\":\"WebSite\",\"@id\":\"https:\/\/babylove.se\/no\/#website\",\"url\":\"https:\/\/babylove.se\/no\/\",\"name\":\"Babylove Norska\",\"description\":\"\",\"potentialAction\":[{\"@type\":\"SearchAction\",\"target\":{\"@type\":\"EntryPoint\",\"urlTemplate\":\"https:\/\/babylove.se\/no\/?s={search_term_string}\"},\"query-input\":{\"@type\":\"PropertyValueSpecification\",\"valueRequired\":true,\"valueName\":\"search_term_string\"}}],\"inLanguage\":\"nb-NO\"}]}<\/script>\n<meta property=\"product:brand\" content=\"Stickstay\" \/>\n<meta property=\"product:price:amount\" content=\"199.00\" \/>\n<meta property=\"product:price:currency\" content=\"SEK\" \/>\n<meta property=\"og:availability\" content=\"instock\" \/>\n<meta property=\"product:availability\" content=\"instock\" \/>\n<meta property=\"product:retailer_item_id\" content=\"7350104861322\" \/>\n<meta property=\"product:condition\" content=\"new\" \/>\n<!-- \/ Yoast SEO Premium plugin. -->","yoast_head_json":{"title":"Stickstay, Enhj\u00f8rningen Sky, veggklistremerker - Babylove Norska","robots":{"index":"noindex","follow":"follow","max-snippet":"max-snippet:-1","max-image-preview":"max-image-preview:large","max-video-preview":"max-video-preview:-1"},"og_locale":"nb_NO","og_type":"article","og_title":"Stickstay, Enhj\u00f8rningen Sky, veggklistremerker","og_description":"Et underbart vakkert veggklistremerke fra popul\u00e6re Stickstay, i form av enhj\u00f8rningen Sky. n nAlle veggklistremerker fra Stickstay er flyttbare (noe som gj\u00f8r at du kan bytte plass n\u00e5r du \u00f8nsker det) og passer p\u00e5 b\u00e5de malte vegger og malte eller tykke tapeter. Stickstays veggklistremerker er laget av absolutt h\u00f8yeste kvalitet. n nProdusert i Sverige av [&hellip;]","og_url":"https:\/\/babylove.se\/no\/produkt\/stickstay-enhjorningen-sky-veggklistremerker\/","og_site_name":"Babylove Norska","article_modified_time":"2026-04-08T07:37:47+00:00","og_image":[{"width":549,"height":549,"url":"https:\/\/babylove.se\/no\/wp-content\/uploads\/sites\/3\/2025\/07\/5bbf482f714b7.jpeg","type":"image\/jpeg"}],"twitter_card":"summary_large_image","twitter_misc":{"Price":"199,00&nbsp;&#107;&#114;","Availability":"In stock"},"schema":{"@context":"https:\/\/schema.org","@graph":[{"@type":"WebPage","@id":"https:\/\/babylove.se\/no\/produkt\/stickstay-enhjorningen-sky-veggklistremerker\/","url":"https:\/\/babylove.se\/no\/produkt\/stickstay-enhjorningen-sky-veggklistremerker\/","name":"Stickstay, Enhj\u00f8rningen Sky, veggklistremerker - Babylove Norska","isPartOf":{"@id":"https:\/\/babylove.se\/no\/#website"},"primaryImageOfPage":{"@id":"https:\/\/babylove.se\/no\/produkt\/stickstay-enhjorningen-sky-veggklistremerker\/#primaryimage"},"image":{"@id":"https:\/\/babylove.se\/no\/produkt\/stickstay-enhjorningen-sky-veggklistremerker\/#primaryimage"},"thumbnailUrl":"https:\/\/babylove.se\/no\/wp-content\/uploads\/sites\/3\/2025\/07\/5bbf482f714b7.jpeg","datePublished":"2025-07-18T19:43:46+00:00","dateModified":"2026-04-08T07:37:47+00:00","breadcrumb":{"@id":"https:\/\/babylove.se\/no\/produkt\/stickstay-enhjorningen-sky-veggklistremerker\/#breadcrumb"},"inLanguage":"nb-NO","potentialAction":[{"@type":"ReadAction","target":["https:\/\/babylove.se\/no\/produkt\/stickstay-enhjorningen-sky-veggklistremerker\/"]}]},{"@type":"ImageObject","inLanguage":"nb-NO","@id":"https:\/\/babylove.se\/no\/produkt\/stickstay-enhjorningen-sky-veggklistremerker\/#primaryimage","url":"https:\/\/babylove.se\/no\/wp-content\/uploads\/sites\/3\/2025\/07\/5bbf482f714b7.jpeg","contentUrl":"https:\/\/babylove.se\/no\/wp-content\/uploads\/sites\/3\/2025\/07\/5bbf482f714b7.jpeg","width":549,"height":549},{"@type":"BreadcrumbList","@id":"https:\/\/babylove.se\/no\/produkt\/stickstay-enhjorningen-sky-veggklistremerker\/#breadcrumb","itemListElement":[{"@type":"ListItem","position":1,"name":"Hem","item":"https:\/\/babylove.se\/no\/"},{"@type":"ListItem","position":2,"name":"Butik","item":"https:\/\/babylove.se\/no\/butik\/"},{"@type":"ListItem","position":3,"name":"Stickstay, Enhj\u00f8rningen Sky, veggklistremerker"}]},{"@type":"WebSite","@id":"https:\/\/babylove.se\/no\/#website","url":"https:\/\/babylove.se\/no\/","name":"Babylove Norska","description":"","potentialAction":[{"@type":"SearchAction","target":{"@type":"EntryPoint","urlTemplate":"https:\/\/babylove.se\/no\/?s={search_term_string}"},"query-input":{"@type":"PropertyValueSpecification","valueRequired":true,"valueName":"search_term_string"}}],"inLanguage":"nb-NO"}]},"product_brand":"Stickstay","product_price_amount":"199.00","product_price_currency":"SEK","og_availability":"instock","product_availability":"instock","product_retailer_item_id":"7350104861322","product_condition":"new"},"_links":{"self":[{"href":"https:\/\/babylove.se\/no\/wp-json\/wp\/v2\/product\/7511","targetHints":{"allow":["GET"]}}],"collection":[{"href":"https:\/\/babylove.se\/no\/wp-json\/wp\/v2\/product"}],"about":[{"href":"https:\/\/babylove.se\/no\/wp-json\/wp\/v2\/types\/product"}],"replies":[{"embeddable":true,"href":"https:\/\/babylove.se\/no\/wp-json\/wp\/v2\/comments?post=7511"}],"wp:featuredmedia":[{"embeddable":true,"href":"https:\/\/babylove.se\/no\/wp-json\/wp\/v2\/media\/7513"}],"wp:attachment":[{"href":"https:\/\/babylove.se\/no\/wp-json\/wp\/v2\/media?parent=7511"}],"wp:term":[{"taxonomy":"product_brand","embeddable":true,"href":"https:\/\/babylove.se\/no\/wp-json\/wp\/v2\/product_brand?post=7511"},{"taxonomy":"product_cat","embeddable":true,"href":"https:\/\/babylove.se\/no\/wp-json\/wp\/v2\/product_cat?post=7511"},{"taxonomy":"product_tag","embeddable":true,"href":"https:\/\/babylove.se\/no\/wp-json\/wp\/v2\/product_tag?post=7511"}],"curies":[{"name":"wp","href":"https:\/\/api.w.org\/{rel}","templated":true}]}}