{"id":7544,"date":"2025-07-18T20:44:09","date_gmt":"2025-07-18T19:44:09","guid":{"rendered":"https:\/\/babylove.se\/produkt\/leksaksbil-volksvagen-pastell-bus-mini-bla\/"},"modified":"2026-04-08T08:38:06","modified_gmt":"2026-04-08T07:38:06","slug":"lekebil-volkswagen-pastell-buss-mini-bla","status":"publish","type":"product","link":"https:\/\/babylove.se\/no\/produkt\/lekebil-volkswagen-pastell-buss-mini-bla\/","title":{"rendered":"Lekebil Volkswagen pastell buss mini bl\u00e5"},"content":{"rendered":"<p>En sjarmerende og fin lekebil i metall som ditt barn vil ha mye moro med. Bygget etter Volkswagens popul\u00e6re &#8220;Bus&#8221; fra 1967 og en riktig liten racer som kj\u00f8rer av seg selv n\u00e5r du har trukket den bakover.<\/p>\n<p> Ikke bare en leke som dere vil ha mye moro med, men ogs\u00e5 vakre dekorasjoner som st\u00e5r p\u00e5 en fin hylle.<\/p>\n<p>Finnes i fire forskjellige pastellfarger<\/p>\n<p>M\u00e5l: 5cm x 3,5 cm<\/p>\n","protected":false},"excerpt":{"rendered":"<p>En sjarmerende og fin lekebil i metall som ditt barn vil ha mye moro med. Bygget etter Volkswagens popul\u00e6re &#8220;Bus&#8221; fra 1967 og en riktig liten racer som kj\u00f8rer av seg selv n\u00e5r du har trukket den bakover. Ikke bare en leke som dere vil ha mye moro med, men ogs\u00e5 vakre dekorasjoner som st\u00e5r [&hellip;]<\/p>\n","protected":false},"featured_media":7546,"comment_status":"closed","ping_status":"open","template":"","meta":{"_acf_changed":false},"product_brand":[22],"product_cat":[137,48],"product_tag":[],"class_list":{"0":"post-7544","1":"product","2":"type-product","3":"status-publish","4":"has-post-thumbnail","6":"product_brand-babylove","7":"product_cat-bilverden","8":"product_cat-startside","10":"first","11":"outofstock","12":"taxable","13":"shipping-taxable","14":"purchasable","15":"product-type-simple"},"acf":[],"yoast_head":"<!-- This site is optimized with the Yoast SEO Premium plugin v25.8 (Yoast SEO v27.2) - https:\/\/yoast.com\/product\/yoast-seo-premium-wordpress\/ -->\n<title>Lekebil Volkswagen pastell buss mini bl\u00e5 - Babylove Norska<\/title>\n<meta name=\"robots\" content=\"noindex, follow, max-snippet:-1, max-image-preview:large, max-video-preview:-1\" \/>\n<meta property=\"og:locale\" content=\"nb_NO\" \/>\n<meta property=\"og:type\" content=\"article\" \/>\n<meta property=\"og:title\" content=\"Lekebil Volkswagen pastell buss mini bl\u00e5\" \/>\n<meta property=\"og:description\" content=\"En sjarmerende og fin lekebil i metall som ditt barn vil ha mye moro med. Bygget etter Volkswagens popul\u00e6re &#8220;Bus&#8221; fra 1967 og en riktig liten racer som kj\u00f8rer av seg selv n\u00e5r du har trukket den bakover. Ikke bare en leke som dere vil ha mye moro med, men ogs\u00e5 vakre dekorasjoner som st\u00e5r [&hellip;]\" \/>\n<meta property=\"og:url\" content=\"https:\/\/babylove.se\/no\/produkt\/lekebil-volkswagen-pastell-buss-mini-bla\/\" \/>\n<meta property=\"og:site_name\" content=\"Babylove Norska\" \/>\n<meta property=\"article:modified_time\" content=\"2026-04-08T07:38:06+00:00\" \/>\n<meta property=\"og:image\" content=\"https:\/\/babylove.se\/no\/wp-content\/uploads\/sites\/3\/2025\/07\/5fa42d4a541c1.png\" \/>\n\t<meta property=\"og:image:width\" content=\"750\" \/>\n\t<meta property=\"og:image:height\" content=\"750\" \/>\n\t<meta property=\"og:image:type\" content=\"image\/png\" \/>\n<meta name=\"twitter:card\" content=\"summary_large_image\" \/>\n<meta name=\"twitter:label1\" content=\"Price\" \/>\n\t<meta name=\"twitter:data1\" content=\"49,00&nbsp;&#107;&#114;\" \/>\n\t<meta name=\"twitter:label2\" content=\"Availability\" \/>\n\t<meta name=\"twitter:data2\" content=\"Out of stock\" \/>\n<script type=\"application\/ld+json\" class=\"yoast-schema-graph\">{\"@context\":\"https:\/\/schema.org\",\"@graph\":[{\"@type\":\"WebPage\",\"@id\":\"https:\/\/babylove.se\/no\/produkt\/lekebil-volkswagen-pastell-buss-mini-bla\/\",\"url\":\"https:\/\/babylove.se\/no\/produkt\/lekebil-volkswagen-pastell-buss-mini-bla\/\",\"name\":\"Lekebil Volkswagen pastell buss mini bl\u00e5 - Babylove Norska\",\"isPartOf\":{\"@id\":\"https:\/\/babylove.se\/no\/#website\"},\"primaryImageOfPage\":{\"@id\":\"https:\/\/babylove.se\/no\/produkt\/lekebil-volkswagen-pastell-buss-mini-bla\/#primaryimage\"},\"image\":{\"@id\":\"https:\/\/babylove.se\/no\/produkt\/lekebil-volkswagen-pastell-buss-mini-bla\/#primaryimage\"},\"thumbnailUrl\":\"https:\/\/babylove.se\/no\/wp-content\/uploads\/sites\/3\/2025\/07\/5fa42d4a541c1.png\",\"datePublished\":\"2025-07-18T19:44:09+00:00\",\"dateModified\":\"2026-04-08T07:38:06+00:00\",\"breadcrumb\":{\"@id\":\"https:\/\/babylove.se\/no\/produkt\/lekebil-volkswagen-pastell-buss-mini-bla\/#breadcrumb\"},\"inLanguage\":\"nb-NO\",\"potentialAction\":[{\"@type\":\"ReadAction\",\"target\":[\"https:\/\/babylove.se\/no\/produkt\/lekebil-volkswagen-pastell-buss-mini-bla\/\"]}]},{\"@type\":\"ImageObject\",\"inLanguage\":\"nb-NO\",\"@id\":\"https:\/\/babylove.se\/no\/produkt\/lekebil-volkswagen-pastell-buss-mini-bla\/#primaryimage\",\"url\":\"https:\/\/babylove.se\/no\/wp-content\/uploads\/sites\/3\/2025\/07\/5fa42d4a541c1.png\",\"contentUrl\":\"https:\/\/babylove.se\/no\/wp-content\/uploads\/sites\/3\/2025\/07\/5fa42d4a541c1.png\",\"width\":750,\"height\":750},{\"@type\":\"BreadcrumbList\",\"@id\":\"https:\/\/babylove.se\/no\/produkt\/lekebil-volkswagen-pastell-buss-mini-bla\/#breadcrumb\",\"itemListElement\":[{\"@type\":\"ListItem\",\"position\":1,\"name\":\"Hem\",\"item\":\"https:\/\/babylove.se\/no\/\"},{\"@type\":\"ListItem\",\"position\":2,\"name\":\"Butik\",\"item\":\"https:\/\/babylove.se\/no\/butik\/\"},{\"@type\":\"ListItem\",\"position\":3,\"name\":\"Lekebil Volkswagen pastell buss mini bl\u00e5\"}]},{\"@type\":\"WebSite\",\"@id\":\"https:\/\/babylove.se\/no\/#website\",\"url\":\"https:\/\/babylove.se\/no\/\",\"name\":\"Babylove Norska\",\"description\":\"\",\"potentialAction\":[{\"@type\":\"SearchAction\",\"target\":{\"@type\":\"EntryPoint\",\"urlTemplate\":\"https:\/\/babylove.se\/no\/?s={search_term_string}\"},\"query-input\":{\"@type\":\"PropertyValueSpecification\",\"valueRequired\":true,\"valueName\":\"search_term_string\"}}],\"inLanguage\":\"nb-NO\"}]}<\/script>\n<meta property=\"product:brand\" content=\"Babylove\" \/>\n<meta property=\"product:price:amount\" content=\"49.00\" \/>\n<meta property=\"product:price:currency\" content=\"SEK\" \/>\n<meta property=\"og:availability\" content=\"out of stock\" \/>\n<meta property=\"product:availability\" content=\"out of stock\" \/>\n<meta property=\"product:retailer_item_id\" content=\"2161\" \/>\n<meta property=\"product:condition\" content=\"new\" \/>\n<!-- \/ Yoast SEO Premium plugin. -->","yoast_head_json":{"title":"Lekebil Volkswagen pastell buss mini bl\u00e5 - Babylove Norska","robots":{"index":"noindex","follow":"follow","max-snippet":"max-snippet:-1","max-image-preview":"max-image-preview:large","max-video-preview":"max-video-preview:-1"},"og_locale":"nb_NO","og_type":"article","og_title":"Lekebil Volkswagen pastell buss mini bl\u00e5","og_description":"En sjarmerende og fin lekebil i metall som ditt barn vil ha mye moro med. Bygget etter Volkswagens popul\u00e6re &#8220;Bus&#8221; fra 1967 og en riktig liten racer som kj\u00f8rer av seg selv n\u00e5r du har trukket den bakover. Ikke bare en leke som dere vil ha mye moro med, men ogs\u00e5 vakre dekorasjoner som st\u00e5r [&hellip;]","og_url":"https:\/\/babylove.se\/no\/produkt\/lekebil-volkswagen-pastell-buss-mini-bla\/","og_site_name":"Babylove Norska","article_modified_time":"2026-04-08T07:38:06+00:00","og_image":[{"width":750,"height":750,"url":"https:\/\/babylove.se\/no\/wp-content\/uploads\/sites\/3\/2025\/07\/5fa42d4a541c1.png","type":"image\/png"}],"twitter_card":"summary_large_image","twitter_misc":{"Price":"49,00&nbsp;&#107;&#114;","Availability":"Out of stock"},"schema":{"@context":"https:\/\/schema.org","@graph":[{"@type":"WebPage","@id":"https:\/\/babylove.se\/no\/produkt\/lekebil-volkswagen-pastell-buss-mini-bla\/","url":"https:\/\/babylove.se\/no\/produkt\/lekebil-volkswagen-pastell-buss-mini-bla\/","name":"Lekebil Volkswagen pastell buss mini bl\u00e5 - Babylove Norska","isPartOf":{"@id":"https:\/\/babylove.se\/no\/#website"},"primaryImageOfPage":{"@id":"https:\/\/babylove.se\/no\/produkt\/lekebil-volkswagen-pastell-buss-mini-bla\/#primaryimage"},"image":{"@id":"https:\/\/babylove.se\/no\/produkt\/lekebil-volkswagen-pastell-buss-mini-bla\/#primaryimage"},"thumbnailUrl":"https:\/\/babylove.se\/no\/wp-content\/uploads\/sites\/3\/2025\/07\/5fa42d4a541c1.png","datePublished":"2025-07-18T19:44:09+00:00","dateModified":"2026-04-08T07:38:06+00:00","breadcrumb":{"@id":"https:\/\/babylove.se\/no\/produkt\/lekebil-volkswagen-pastell-buss-mini-bla\/#breadcrumb"},"inLanguage":"nb-NO","potentialAction":[{"@type":"ReadAction","target":["https:\/\/babylove.se\/no\/produkt\/lekebil-volkswagen-pastell-buss-mini-bla\/"]}]},{"@type":"ImageObject","inLanguage":"nb-NO","@id":"https:\/\/babylove.se\/no\/produkt\/lekebil-volkswagen-pastell-buss-mini-bla\/#primaryimage","url":"https:\/\/babylove.se\/no\/wp-content\/uploads\/sites\/3\/2025\/07\/5fa42d4a541c1.png","contentUrl":"https:\/\/babylove.se\/no\/wp-content\/uploads\/sites\/3\/2025\/07\/5fa42d4a541c1.png","width":750,"height":750},{"@type":"BreadcrumbList","@id":"https:\/\/babylove.se\/no\/produkt\/lekebil-volkswagen-pastell-buss-mini-bla\/#breadcrumb","itemListElement":[{"@type":"ListItem","position":1,"name":"Hem","item":"https:\/\/babylove.se\/no\/"},{"@type":"ListItem","position":2,"name":"Butik","item":"https:\/\/babylove.se\/no\/butik\/"},{"@type":"ListItem","position":3,"name":"Lekebil Volkswagen pastell buss mini bl\u00e5"}]},{"@type":"WebSite","@id":"https:\/\/babylove.se\/no\/#website","url":"https:\/\/babylove.se\/no\/","name":"Babylove Norska","description":"","potentialAction":[{"@type":"SearchAction","target":{"@type":"EntryPoint","urlTemplate":"https:\/\/babylove.se\/no\/?s={search_term_string}"},"query-input":{"@type":"PropertyValueSpecification","valueRequired":true,"valueName":"search_term_string"}}],"inLanguage":"nb-NO"}]},"product_brand":"Babylove","product_price_amount":"49.00","product_price_currency":"SEK","og_availability":"out of stock","product_availability":"out of stock","product_retailer_item_id":"2161","product_condition":"new"},"_links":{"self":[{"href":"https:\/\/babylove.se\/no\/wp-json\/wp\/v2\/product\/7544","targetHints":{"allow":["GET"]}}],"collection":[{"href":"https:\/\/babylove.se\/no\/wp-json\/wp\/v2\/product"}],"about":[{"href":"https:\/\/babylove.se\/no\/wp-json\/wp\/v2\/types\/product"}],"replies":[{"embeddable":true,"href":"https:\/\/babylove.se\/no\/wp-json\/wp\/v2\/comments?post=7544"}],"wp:featuredmedia":[{"embeddable":true,"href":"https:\/\/babylove.se\/no\/wp-json\/wp\/v2\/media\/7546"}],"wp:attachment":[{"href":"https:\/\/babylove.se\/no\/wp-json\/wp\/v2\/media?parent=7544"}],"wp:term":[{"taxonomy":"product_brand","embeddable":true,"href":"https:\/\/babylove.se\/no\/wp-json\/wp\/v2\/product_brand?post=7544"},{"taxonomy":"product_cat","embeddable":true,"href":"https:\/\/babylove.se\/no\/wp-json\/wp\/v2\/product_cat?post=7544"},{"taxonomy":"product_tag","embeddable":true,"href":"https:\/\/babylove.se\/no\/wp-json\/wp\/v2\/product_tag?post=7544"}],"curies":[{"name":"wp","href":"https:\/\/api.w.org\/{rel}","templated":true}]}}