{"id":7593,"date":"2025-07-18T20:44:31","date_gmt":"2025-07-18T19:44:31","guid":{"rendered":"https:\/\/babylove.se\/produkt\/liewood-baby-gavoset-rosa-filt-leksak-snuttefilt\/"},"modified":"2026-04-08T08:38:37","modified_gmt":"2026-04-08T07:38:37","slug":"liewood-baby-gavesett-rosa-teppe-leke-koseklut","status":"publish","type":"product","link":"https:\/\/babylove.se\/no\/produkt\/liewood-baby-gavesett-rosa-teppe-leke-koseklut\/","title":{"rendered":"Liewood, Petra rosa gavesett (pledd, leke, koseklut)"},"content":{"rendered":"<p>Dette ekstremt s\u00f8te lille gavesettet har alt som du trenger til den nyf\u00f8dte. I den fine brune gaveeska finner du tre underbart myke produkter fra danske Liewood: Et babyteppe, en skramle og et sutteklut, alle selvf\u00f8lgelig av organisk bomull. Settet er selvf\u00f8lgelig perfekt som gave til d\u00e5p eller babyshower, og vil bli meget verdsatt. Eller til deg som vil kj\u00f8pe en egen gave til ditt barn. <\/p>\n<p><strong>M\u00e5l: <\/strong>Babyteppe 80 x 80 cm \/ Skramle Dybde 7 x bredde 7cm \/ Sutteklut 35 x 35 cm <\/p>\n<p>Designer: Liewood<\/p>\n","protected":false},"excerpt":{"rendered":"<p>Dette ekstremt s\u00f8te lille gavesettet har alt som du trenger til den nyf\u00f8dte. I den fine brune gaveeska finner du tre underbart myke produkter fra danske Liewood: Et babyteppe, en skramle og et sutteklut, alle selvf\u00f8lgelig av organisk bomull. Settet er selvf\u00f8lgelig perfekt som gave til d\u00e5p eller babyshower, og vil bli meget verdsatt. Eller [&hellip;]<\/p>\n","protected":false},"featured_media":7595,"comment_status":"closed","ping_status":"closed","template":"","meta":{"_acf_changed":false},"product_brand":[282],"product_cat":[42,70,357,283,49,48],"product_tag":[],"class_list":{"0":"post-7593","1":"product","2":"type-product","3":"status-publish","4":"has-post-thumbnail","6":"product_brand-liewood","7":"product_cat-babyteppe","8":"product_cat-gaver","9":"product_cat-gavesett","10":"product_cat-liewood","11":"product_cat-snutetepper","12":"product_cat-startside","14":"first","15":"instock","16":"taxable","17":"shipping-taxable","18":"purchasable","19":"product-type-simple"},"acf":[],"yoast_head":"<!-- This site is optimized with the Yoast SEO Premium plugin v25.8 (Yoast SEO v27.2) - https:\/\/yoast.com\/product\/yoast-seo-premium-wordpress\/ -->\n<title>Liewood, Petra rosa gavesett (pledd, leke, koseklut) - Babylove Norska<\/title>\n<meta name=\"robots\" content=\"noindex, follow, max-snippet:-1, max-image-preview:large, max-video-preview:-1\" \/>\n<meta property=\"og:locale\" content=\"nb_NO\" \/>\n<meta property=\"og:type\" content=\"article\" \/>\n<meta property=\"og:title\" content=\"Liewood, Petra rosa gavesett (pledd, leke, koseklut)\" \/>\n<meta property=\"og:description\" content=\"Dette ekstremt s\u00f8te lille gavesettet har alt som du trenger til den nyf\u00f8dte. I den fine brune gaveeska finner du tre underbart myke produkter fra danske Liewood: Et babyteppe, en skramle og et sutteklut, alle selvf\u00f8lgelig av organisk bomull. Settet er selvf\u00f8lgelig perfekt som gave til d\u00e5p eller babyshower, og vil bli meget verdsatt. Eller [&hellip;]\" \/>\n<meta property=\"og:url\" content=\"https:\/\/babylove.se\/no\/produkt\/liewood-baby-gavesett-rosa-teppe-leke-koseklut\/\" \/>\n<meta property=\"og:site_name\" content=\"Babylove Norska\" \/>\n<meta property=\"article:modified_time\" content=\"2026-04-08T07:38:37+00:00\" \/>\n<meta property=\"og:image\" content=\"https:\/\/babylove.se\/no\/wp-content\/uploads\/sites\/3\/2025\/07\/5bc893a997fb6.jpeg\" \/>\n\t<meta property=\"og:image:width\" content=\"750\" \/>\n\t<meta property=\"og:image:height\" content=\"750\" \/>\n\t<meta property=\"og:image:type\" content=\"image\/jpeg\" \/>\n<meta name=\"twitter:card\" content=\"summary_large_image\" \/>\n<meta name=\"twitter:label1\" content=\"Price\" \/>\n\t<meta name=\"twitter:data1\" content=\"799,00&nbsp;&#107;&#114;\" \/>\n\t<meta name=\"twitter:label2\" content=\"Availability\" \/>\n\t<meta name=\"twitter:data2\" content=\"In stock\" \/>\n<script type=\"application\/ld+json\" class=\"yoast-schema-graph\">{\"@context\":\"https:\/\/schema.org\",\"@graph\":[{\"@type\":\"WebPage\",\"@id\":\"https:\/\/babylove.se\/no\/produkt\/liewood-baby-gavesett-rosa-teppe-leke-koseklut\/\",\"url\":\"https:\/\/babylove.se\/no\/produkt\/liewood-baby-gavesett-rosa-teppe-leke-koseklut\/\",\"name\":\"Liewood, Petra rosa gavesett (pledd, leke, koseklut) - Babylove Norska\",\"isPartOf\":{\"@id\":\"https:\/\/babylove.se\/no\/#website\"},\"primaryImageOfPage\":{\"@id\":\"https:\/\/babylove.se\/no\/produkt\/liewood-baby-gavesett-rosa-teppe-leke-koseklut\/#primaryimage\"},\"image\":{\"@id\":\"https:\/\/babylove.se\/no\/produkt\/liewood-baby-gavesett-rosa-teppe-leke-koseklut\/#primaryimage\"},\"thumbnailUrl\":\"https:\/\/babylove.se\/no\/wp-content\/uploads\/sites\/3\/2025\/07\/5bc893a997fb6.jpeg\",\"datePublished\":\"2025-07-18T19:44:31+00:00\",\"dateModified\":\"2026-04-08T07:38:37+00:00\",\"breadcrumb\":{\"@id\":\"https:\/\/babylove.se\/no\/produkt\/liewood-baby-gavesett-rosa-teppe-leke-koseklut\/#breadcrumb\"},\"inLanguage\":\"nb-NO\",\"potentialAction\":[{\"@type\":\"ReadAction\",\"target\":[\"https:\/\/babylove.se\/no\/produkt\/liewood-baby-gavesett-rosa-teppe-leke-koseklut\/\"]}]},{\"@type\":\"ImageObject\",\"inLanguage\":\"nb-NO\",\"@id\":\"https:\/\/babylove.se\/no\/produkt\/liewood-baby-gavesett-rosa-teppe-leke-koseklut\/#primaryimage\",\"url\":\"https:\/\/babylove.se\/no\/wp-content\/uploads\/sites\/3\/2025\/07\/5bc893a997fb6.jpeg\",\"contentUrl\":\"https:\/\/babylove.se\/no\/wp-content\/uploads\/sites\/3\/2025\/07\/5bc893a997fb6.jpeg\",\"width\":750,\"height\":750},{\"@type\":\"BreadcrumbList\",\"@id\":\"https:\/\/babylove.se\/no\/produkt\/liewood-baby-gavesett-rosa-teppe-leke-koseklut\/#breadcrumb\",\"itemListElement\":[{\"@type\":\"ListItem\",\"position\":1,\"name\":\"Hem\",\"item\":\"https:\/\/babylove.se\/no\/\"},{\"@type\":\"ListItem\",\"position\":2,\"name\":\"Butik\",\"item\":\"https:\/\/babylove.se\/no\/butik\/\"},{\"@type\":\"ListItem\",\"position\":3,\"name\":\"Liewood, Petra rosa gavesett (pledd, leke, koseklut)\"}]},{\"@type\":\"WebSite\",\"@id\":\"https:\/\/babylove.se\/no\/#website\",\"url\":\"https:\/\/babylove.se\/no\/\",\"name\":\"Babylove Norska\",\"description\":\"\",\"potentialAction\":[{\"@type\":\"SearchAction\",\"target\":{\"@type\":\"EntryPoint\",\"urlTemplate\":\"https:\/\/babylove.se\/no\/?s={search_term_string}\"},\"query-input\":{\"@type\":\"PropertyValueSpecification\",\"valueRequired\":true,\"valueName\":\"search_term_string\"}}],\"inLanguage\":\"nb-NO\"}]}<\/script>\n<meta property=\"product:brand\" content=\"Liewood\" \/>\n<meta property=\"product:price:amount\" content=\"799.00\" \/>\n<meta property=\"product:price:currency\" content=\"SEK\" \/>\n<meta property=\"og:availability\" content=\"instock\" \/>\n<meta property=\"product:availability\" content=\"instock\" \/>\n<meta property=\"product:retailer_item_id\" content=\"LW126192100\" \/>\n<meta property=\"product:condition\" content=\"new\" \/>\n<!-- \/ Yoast SEO Premium plugin. -->","yoast_head_json":{"title":"Liewood, Petra rosa gavesett (pledd, leke, koseklut) - Babylove Norska","robots":{"index":"noindex","follow":"follow","max-snippet":"max-snippet:-1","max-image-preview":"max-image-preview:large","max-video-preview":"max-video-preview:-1"},"og_locale":"nb_NO","og_type":"article","og_title":"Liewood, Petra rosa gavesett (pledd, leke, koseklut)","og_description":"Dette ekstremt s\u00f8te lille gavesettet har alt som du trenger til den nyf\u00f8dte. I den fine brune gaveeska finner du tre underbart myke produkter fra danske Liewood: Et babyteppe, en skramle og et sutteklut, alle selvf\u00f8lgelig av organisk bomull. Settet er selvf\u00f8lgelig perfekt som gave til d\u00e5p eller babyshower, og vil bli meget verdsatt. Eller [&hellip;]","og_url":"https:\/\/babylove.se\/no\/produkt\/liewood-baby-gavesett-rosa-teppe-leke-koseklut\/","og_site_name":"Babylove Norska","article_modified_time":"2026-04-08T07:38:37+00:00","og_image":[{"width":750,"height":750,"url":"https:\/\/babylove.se\/no\/wp-content\/uploads\/sites\/3\/2025\/07\/5bc893a997fb6.jpeg","type":"image\/jpeg"}],"twitter_card":"summary_large_image","twitter_misc":{"Price":"799,00&nbsp;&#107;&#114;","Availability":"In stock"},"schema":{"@context":"https:\/\/schema.org","@graph":[{"@type":"WebPage","@id":"https:\/\/babylove.se\/no\/produkt\/liewood-baby-gavesett-rosa-teppe-leke-koseklut\/","url":"https:\/\/babylove.se\/no\/produkt\/liewood-baby-gavesett-rosa-teppe-leke-koseklut\/","name":"Liewood, Petra rosa gavesett (pledd, leke, koseklut) - Babylove Norska","isPartOf":{"@id":"https:\/\/babylove.se\/no\/#website"},"primaryImageOfPage":{"@id":"https:\/\/babylove.se\/no\/produkt\/liewood-baby-gavesett-rosa-teppe-leke-koseklut\/#primaryimage"},"image":{"@id":"https:\/\/babylove.se\/no\/produkt\/liewood-baby-gavesett-rosa-teppe-leke-koseklut\/#primaryimage"},"thumbnailUrl":"https:\/\/babylove.se\/no\/wp-content\/uploads\/sites\/3\/2025\/07\/5bc893a997fb6.jpeg","datePublished":"2025-07-18T19:44:31+00:00","dateModified":"2026-04-08T07:38:37+00:00","breadcrumb":{"@id":"https:\/\/babylove.se\/no\/produkt\/liewood-baby-gavesett-rosa-teppe-leke-koseklut\/#breadcrumb"},"inLanguage":"nb-NO","potentialAction":[{"@type":"ReadAction","target":["https:\/\/babylove.se\/no\/produkt\/liewood-baby-gavesett-rosa-teppe-leke-koseklut\/"]}]},{"@type":"ImageObject","inLanguage":"nb-NO","@id":"https:\/\/babylove.se\/no\/produkt\/liewood-baby-gavesett-rosa-teppe-leke-koseklut\/#primaryimage","url":"https:\/\/babylove.se\/no\/wp-content\/uploads\/sites\/3\/2025\/07\/5bc893a997fb6.jpeg","contentUrl":"https:\/\/babylove.se\/no\/wp-content\/uploads\/sites\/3\/2025\/07\/5bc893a997fb6.jpeg","width":750,"height":750},{"@type":"BreadcrumbList","@id":"https:\/\/babylove.se\/no\/produkt\/liewood-baby-gavesett-rosa-teppe-leke-koseklut\/#breadcrumb","itemListElement":[{"@type":"ListItem","position":1,"name":"Hem","item":"https:\/\/babylove.se\/no\/"},{"@type":"ListItem","position":2,"name":"Butik","item":"https:\/\/babylove.se\/no\/butik\/"},{"@type":"ListItem","position":3,"name":"Liewood, Petra rosa gavesett (pledd, leke, koseklut)"}]},{"@type":"WebSite","@id":"https:\/\/babylove.se\/no\/#website","url":"https:\/\/babylove.se\/no\/","name":"Babylove Norska","description":"","potentialAction":[{"@type":"SearchAction","target":{"@type":"EntryPoint","urlTemplate":"https:\/\/babylove.se\/no\/?s={search_term_string}"},"query-input":{"@type":"PropertyValueSpecification","valueRequired":true,"valueName":"search_term_string"}}],"inLanguage":"nb-NO"}]},"product_brand":"Liewood","product_price_amount":"799.00","product_price_currency":"SEK","og_availability":"instock","product_availability":"instock","product_retailer_item_id":"LW126192100","product_condition":"new"},"_links":{"self":[{"href":"https:\/\/babylove.se\/no\/wp-json\/wp\/v2\/product\/7593","targetHints":{"allow":["GET"]}}],"collection":[{"href":"https:\/\/babylove.se\/no\/wp-json\/wp\/v2\/product"}],"about":[{"href":"https:\/\/babylove.se\/no\/wp-json\/wp\/v2\/types\/product"}],"replies":[{"embeddable":true,"href":"https:\/\/babylove.se\/no\/wp-json\/wp\/v2\/comments?post=7593"}],"wp:featuredmedia":[{"embeddable":true,"href":"https:\/\/babylove.se\/no\/wp-json\/wp\/v2\/media\/7595"}],"wp:attachment":[{"href":"https:\/\/babylove.se\/no\/wp-json\/wp\/v2\/media?parent=7593"}],"wp:term":[{"taxonomy":"product_brand","embeddable":true,"href":"https:\/\/babylove.se\/no\/wp-json\/wp\/v2\/product_brand?post=7593"},{"taxonomy":"product_cat","embeddable":true,"href":"https:\/\/babylove.se\/no\/wp-json\/wp\/v2\/product_cat?post=7593"},{"taxonomy":"product_tag","embeddable":true,"href":"https:\/\/babylove.se\/no\/wp-json\/wp\/v2\/product_tag?post=7593"}],"curies":[{"name":"wp","href":"https:\/\/api.w.org\/{rel}","templated":true}]}}