{"id":7606,"date":"2025-07-18T20:44:31","date_gmt":"2025-07-18T19:44:31","guid":{"rendered":"https:\/\/babylove.se\/produkt\/cotton-sweets-camel-julstrumpa\/"},"modified":"2026-04-08T08:38:46","modified_gmt":"2026-04-08T07:38:46","slug":"bomull-godteri-kamel-julstrompe","status":"publish","type":"product","link":"https:\/\/babylove.se\/no\/produkt\/bomull-godteri-kamel-julstrompe\/","title":{"rendered":"Cotton &#038; Sweets, kamel julstr\u00f8mpe"},"content":{"rendered":"<p>En s\u00f8t og fin julstr\u00f8mpe fra det popul\u00e6re firmaet Cotton &#038; Sweets. Denne julstr\u00f8mpen er laget av fl\u00f8yelsstoff og er b\u00e5de fluffy og deilig, samtidig som den er vakker \u00e5 henge opp p\u00e5 barnerommet. Julstr\u00f8mpen kommer forberedt med en henger som gj\u00f8r det enkelt for deg \u00e5 plassere den i rommet. Relativt stor noe som gj\u00f8r at man kan putte ned fine julegaver i den.<\/p>\n<p><strong>M\u00e5l<\/strong>: 45 x 20 cm <\/p>\n<p>Designer: <a href=\"https:\/\/babylove.se\/varumarken\/cottonsweets\"><u>Cotton &#038; Sweets<\/u><\/a><\/p>\n<p><\/p>\n","protected":false},"excerpt":{"rendered":"<p>En s\u00f8t og fin julstr\u00f8mpe fra det popul\u00e6re firmaet Cotton &#038; Sweets. Denne julstr\u00f8mpen er laget av fl\u00f8yelsstoff og er b\u00e5de fluffy og deilig, samtidig som den er vakker \u00e5 henge opp p\u00e5 barnerommet. Julstr\u00f8mpen kommer forberedt med en henger som gj\u00f8r det enkelt for deg \u00e5 plassere den i rommet. Relativt stor noe som [&hellip;]<\/p>\n","protected":false},"featured_media":7608,"comment_status":"closed","ping_status":"open","template":"","meta":{"_acf_changed":false},"product_brand":[143],"product_cat":[144,306,72,305,48],"product_tag":[1689],"class_list":{"0":"post-7606","1":"product","2":"type-product","3":"status-publish","4":"has-post-thumbnail","6":"product_brand-cotton-sweets","7":"product_cat-cottonsweets","8":"product_cat-juldekorasjoner","9":"product_cat-julegaver","10":"product_cat-julestromper","11":"product_cat-startside","12":"product_tag-bestillingsvaror","14":"first","15":"instock","16":"taxable","17":"shipping-taxable","18":"purchasable","19":"product-type-simple"},"acf":[],"yoast_head":"<!-- This site is optimized with the Yoast SEO Premium plugin v25.8 (Yoast SEO v27.2) - https:\/\/yoast.com\/product\/yoast-seo-premium-wordpress\/ -->\n<title>Cotton &amp; Sweets, kamel julstr\u00f8mpe - Babylove Norska<\/title>\n<meta name=\"robots\" content=\"noindex, follow, max-snippet:-1, max-image-preview:large, max-video-preview:-1\" \/>\n<meta property=\"og:locale\" content=\"nb_NO\" \/>\n<meta property=\"og:type\" content=\"article\" \/>\n<meta property=\"og:title\" content=\"Cotton &amp; Sweets, kamel julstr\u00f8mpe\" \/>\n<meta property=\"og:description\" content=\"En s\u00f8t og fin julstr\u00f8mpe fra det popul\u00e6re firmaet Cotton &#038; Sweets. Denne julstr\u00f8mpen er laget av fl\u00f8yelsstoff og er b\u00e5de fluffy og deilig, samtidig som den er vakker \u00e5 henge opp p\u00e5 barnerommet. Julstr\u00f8mpen kommer forberedt med en henger som gj\u00f8r det enkelt for deg \u00e5 plassere den i rommet. Relativt stor noe som [&hellip;]\" \/>\n<meta property=\"og:url\" content=\"https:\/\/babylove.se\/no\/produkt\/bomull-godteri-kamel-julstrompe\/\" \/>\n<meta property=\"og:site_name\" content=\"Babylove Norska\" \/>\n<meta property=\"article:modified_time\" content=\"2026-04-08T07:38:46+00:00\" \/>\n<meta property=\"og:image\" content=\"https:\/\/babylove.se\/no\/wp-content\/uploads\/sites\/3\/2025\/07\/5bd19770384db.jpeg\" \/>\n\t<meta property=\"og:image:width\" content=\"560\" \/>\n\t<meta property=\"og:image:height\" content=\"453\" \/>\n\t<meta property=\"og:image:type\" content=\"image\/jpeg\" \/>\n<meta name=\"twitter:card\" content=\"summary_large_image\" \/>\n<meta name=\"twitter:label1\" content=\"Price\" \/>\n\t<meta name=\"twitter:data1\" content=\"249,00&nbsp;&#107;&#114;\" \/>\n\t<meta name=\"twitter:label2\" content=\"Availability\" \/>\n\t<meta name=\"twitter:data2\" content=\"In stock\" \/>\n<script type=\"application\/ld+json\" class=\"yoast-schema-graph\">{\"@context\":\"https:\/\/schema.org\",\"@graph\":[{\"@type\":\"WebPage\",\"@id\":\"https:\/\/babylove.se\/no\/produkt\/bomull-godteri-kamel-julstrompe\/\",\"url\":\"https:\/\/babylove.se\/no\/produkt\/bomull-godteri-kamel-julstrompe\/\",\"name\":\"Cotton & Sweets, kamel julstr\u00f8mpe - Babylove Norska\",\"isPartOf\":{\"@id\":\"https:\/\/babylove.se\/no\/#website\"},\"primaryImageOfPage\":{\"@id\":\"https:\/\/babylove.se\/no\/produkt\/bomull-godteri-kamel-julstrompe\/#primaryimage\"},\"image\":{\"@id\":\"https:\/\/babylove.se\/no\/produkt\/bomull-godteri-kamel-julstrompe\/#primaryimage\"},\"thumbnailUrl\":\"https:\/\/babylove.se\/no\/wp-content\/uploads\/sites\/3\/2025\/07\/5bd19770384db.jpeg\",\"datePublished\":\"2025-07-18T19:44:31+00:00\",\"dateModified\":\"2026-04-08T07:38:46+00:00\",\"breadcrumb\":{\"@id\":\"https:\/\/babylove.se\/no\/produkt\/bomull-godteri-kamel-julstrompe\/#breadcrumb\"},\"inLanguage\":\"nb-NO\",\"potentialAction\":[{\"@type\":\"ReadAction\",\"target\":[\"https:\/\/babylove.se\/no\/produkt\/bomull-godteri-kamel-julstrompe\/\"]}]},{\"@type\":\"ImageObject\",\"inLanguage\":\"nb-NO\",\"@id\":\"https:\/\/babylove.se\/no\/produkt\/bomull-godteri-kamel-julstrompe\/#primaryimage\",\"url\":\"https:\/\/babylove.se\/no\/wp-content\/uploads\/sites\/3\/2025\/07\/5bd19770384db.jpeg\",\"contentUrl\":\"https:\/\/babylove.se\/no\/wp-content\/uploads\/sites\/3\/2025\/07\/5bd19770384db.jpeg\",\"width\":560,\"height\":453},{\"@type\":\"BreadcrumbList\",\"@id\":\"https:\/\/babylove.se\/no\/produkt\/bomull-godteri-kamel-julstrompe\/#breadcrumb\",\"itemListElement\":[{\"@type\":\"ListItem\",\"position\":1,\"name\":\"Hem\",\"item\":\"https:\/\/babylove.se\/no\/\"},{\"@type\":\"ListItem\",\"position\":2,\"name\":\"Butik\",\"item\":\"https:\/\/babylove.se\/no\/butik\/\"},{\"@type\":\"ListItem\",\"position\":3,\"name\":\"Cotton &#038; Sweets, kamel julstr\u00f8mpe\"}]},{\"@type\":\"WebSite\",\"@id\":\"https:\/\/babylove.se\/no\/#website\",\"url\":\"https:\/\/babylove.se\/no\/\",\"name\":\"Babylove Norska\",\"description\":\"\",\"potentialAction\":[{\"@type\":\"SearchAction\",\"target\":{\"@type\":\"EntryPoint\",\"urlTemplate\":\"https:\/\/babylove.se\/no\/?s={search_term_string}\"},\"query-input\":{\"@type\":\"PropertyValueSpecification\",\"valueRequired\":true,\"valueName\":\"search_term_string\"}}],\"inLanguage\":\"nb-NO\"}]}<\/script>\n<meta property=\"product:brand\" content=\"Cotton &amp; Sweets\" \/>\n<meta property=\"product:price:amount\" content=\"249.00\" \/>\n<meta property=\"product:price:currency\" content=\"SEK\" \/>\n<meta property=\"og:availability\" content=\"instock\" \/>\n<meta property=\"product:availability\" content=\"instock\" \/>\n<meta property=\"product:retailer_item_id\" content=\"BN27120\" \/>\n<meta property=\"product:condition\" content=\"new\" \/>\n<!-- \/ Yoast SEO Premium plugin. -->","yoast_head_json":{"title":"Cotton & Sweets, kamel julstr\u00f8mpe - Babylove Norska","robots":{"index":"noindex","follow":"follow","max-snippet":"max-snippet:-1","max-image-preview":"max-image-preview:large","max-video-preview":"max-video-preview:-1"},"og_locale":"nb_NO","og_type":"article","og_title":"Cotton & Sweets, kamel julstr\u00f8mpe","og_description":"En s\u00f8t og fin julstr\u00f8mpe fra det popul\u00e6re firmaet Cotton &#038; Sweets. Denne julstr\u00f8mpen er laget av fl\u00f8yelsstoff og er b\u00e5de fluffy og deilig, samtidig som den er vakker \u00e5 henge opp p\u00e5 barnerommet. Julstr\u00f8mpen kommer forberedt med en henger som gj\u00f8r det enkelt for deg \u00e5 plassere den i rommet. Relativt stor noe som [&hellip;]","og_url":"https:\/\/babylove.se\/no\/produkt\/bomull-godteri-kamel-julstrompe\/","og_site_name":"Babylove Norska","article_modified_time":"2026-04-08T07:38:46+00:00","og_image":[{"width":560,"height":453,"url":"https:\/\/babylove.se\/no\/wp-content\/uploads\/sites\/3\/2025\/07\/5bd19770384db.jpeg","type":"image\/jpeg"}],"twitter_card":"summary_large_image","twitter_misc":{"Price":"249,00&nbsp;&#107;&#114;","Availability":"In stock"},"schema":{"@context":"https:\/\/schema.org","@graph":[{"@type":"WebPage","@id":"https:\/\/babylove.se\/no\/produkt\/bomull-godteri-kamel-julstrompe\/","url":"https:\/\/babylove.se\/no\/produkt\/bomull-godteri-kamel-julstrompe\/","name":"Cotton & Sweets, kamel julstr\u00f8mpe - Babylove Norska","isPartOf":{"@id":"https:\/\/babylove.se\/no\/#website"},"primaryImageOfPage":{"@id":"https:\/\/babylove.se\/no\/produkt\/bomull-godteri-kamel-julstrompe\/#primaryimage"},"image":{"@id":"https:\/\/babylove.se\/no\/produkt\/bomull-godteri-kamel-julstrompe\/#primaryimage"},"thumbnailUrl":"https:\/\/babylove.se\/no\/wp-content\/uploads\/sites\/3\/2025\/07\/5bd19770384db.jpeg","datePublished":"2025-07-18T19:44:31+00:00","dateModified":"2026-04-08T07:38:46+00:00","breadcrumb":{"@id":"https:\/\/babylove.se\/no\/produkt\/bomull-godteri-kamel-julstrompe\/#breadcrumb"},"inLanguage":"nb-NO","potentialAction":[{"@type":"ReadAction","target":["https:\/\/babylove.se\/no\/produkt\/bomull-godteri-kamel-julstrompe\/"]}]},{"@type":"ImageObject","inLanguage":"nb-NO","@id":"https:\/\/babylove.se\/no\/produkt\/bomull-godteri-kamel-julstrompe\/#primaryimage","url":"https:\/\/babylove.se\/no\/wp-content\/uploads\/sites\/3\/2025\/07\/5bd19770384db.jpeg","contentUrl":"https:\/\/babylove.se\/no\/wp-content\/uploads\/sites\/3\/2025\/07\/5bd19770384db.jpeg","width":560,"height":453},{"@type":"BreadcrumbList","@id":"https:\/\/babylove.se\/no\/produkt\/bomull-godteri-kamel-julstrompe\/#breadcrumb","itemListElement":[{"@type":"ListItem","position":1,"name":"Hem","item":"https:\/\/babylove.se\/no\/"},{"@type":"ListItem","position":2,"name":"Butik","item":"https:\/\/babylove.se\/no\/butik\/"},{"@type":"ListItem","position":3,"name":"Cotton &#038; Sweets, kamel julstr\u00f8mpe"}]},{"@type":"WebSite","@id":"https:\/\/babylove.se\/no\/#website","url":"https:\/\/babylove.se\/no\/","name":"Babylove Norska","description":"","potentialAction":[{"@type":"SearchAction","target":{"@type":"EntryPoint","urlTemplate":"https:\/\/babylove.se\/no\/?s={search_term_string}"},"query-input":{"@type":"PropertyValueSpecification","valueRequired":true,"valueName":"search_term_string"}}],"inLanguage":"nb-NO"}]},"product_brand":"Cotton &amp; Sweets","product_price_amount":"249.00","product_price_currency":"SEK","og_availability":"instock","product_availability":"instock","product_retailer_item_id":"BN27120","product_condition":"new"},"_links":{"self":[{"href":"https:\/\/babylove.se\/no\/wp-json\/wp\/v2\/product\/7606","targetHints":{"allow":["GET"]}}],"collection":[{"href":"https:\/\/babylove.se\/no\/wp-json\/wp\/v2\/product"}],"about":[{"href":"https:\/\/babylove.se\/no\/wp-json\/wp\/v2\/types\/product"}],"replies":[{"embeddable":true,"href":"https:\/\/babylove.se\/no\/wp-json\/wp\/v2\/comments?post=7606"}],"wp:featuredmedia":[{"embeddable":true,"href":"https:\/\/babylove.se\/no\/wp-json\/wp\/v2\/media\/7608"}],"wp:attachment":[{"href":"https:\/\/babylove.se\/no\/wp-json\/wp\/v2\/media?parent=7606"}],"wp:term":[{"taxonomy":"product_brand","embeddable":true,"href":"https:\/\/babylove.se\/no\/wp-json\/wp\/v2\/product_brand?post=7606"},{"taxonomy":"product_cat","embeddable":true,"href":"https:\/\/babylove.se\/no\/wp-json\/wp\/v2\/product_cat?post=7606"},{"taxonomy":"product_tag","embeddable":true,"href":"https:\/\/babylove.se\/no\/wp-json\/wp\/v2\/product_tag?post=7606"}],"curies":[{"name":"wp","href":"https:\/\/api.w.org\/{rel}","templated":true}]}}