{"id":76547,"date":"2025-11-04T14:45:36","date_gmt":"2025-11-04T13:45:36","guid":{"rendered":"https:\/\/babylove.se\/?post_type=product&#038;p=76547"},"modified":"2026-04-08T14:35:41","modified_gmt":"2026-04-08T13:35:41","slug":"taklampe-til-barnerommet-dogs","status":"publish","type":"product","link":"https:\/\/babylove.se\/no\/produkt\/taklampe-til-barnerommet-dogs\/","title":{"rendered":"Taklampe til barnerommet , dogs"},"content":{"rendered":"<p>Herlig taklampe med beige og hvite striper samt sm\u00e5 hunder som henger ned og gir barnerommet en leken og sjarmerende f\u00f8lelse.<br \/>\nDen stripete lampeskjermen skaper et stilrent og koselig uttrykk som passer perfekt p\u00e5 barnerommet. <\/p>\n<p>M\u00e5l: 40 x 29 cm<br \/>\nObs! Lampeplugg f\u00f8lger ikke med, men kan anskaffes hos Ikea, Bauhaus etc.<\/p>\n","protected":false},"excerpt":{"rendered":"<p>Herlig taklampe med beige og hvite striper samt sm\u00e5 hunder som henger ned og gir barnerommet en leken og sjarmerende f\u00f8lelse. Den stripete lampeskjermen skaper et stilrent og koselig uttrykk som passer perfekt p\u00e5 barnerommet. M\u00e5l: 40 x 29 cm Obs! Lampeplugg f\u00f8lger ikke med, men kan anskaffes hos Ikea, Bauhaus etc.<\/p>\n","protected":false},"featured_media":76534,"comment_status":"closed","ping_status":"closed","template":"","meta":{"_acf_changed":false},"product_brand":[],"product_cat":[973,36,922],"product_tag":[],"class_list":{"0":"post-76547","1":"product","2":"type-product","3":"status-publish","4":"has-post-thumbnail","6":"product_cat-atmosphera","7":"product_cat-taklamper","8":"product_cat-nyheter","10":"first","11":"instock","12":"taxable","13":"shipping-taxable","14":"purchasable","15":"product-type-simple"},"acf":[],"yoast_head":"<!-- This site is optimized with the Yoast SEO Premium plugin v25.8 (Yoast SEO v27.2) - https:\/\/yoast.com\/product\/yoast-seo-premium-wordpress\/ -->\n<title>Taklampe til barnerommet , dogs - Babylove Norska<\/title>\n<meta name=\"robots\" content=\"noindex, follow, max-snippet:-1, max-image-preview:large, max-video-preview:-1\" \/>\n<meta property=\"og:locale\" content=\"nb_NO\" \/>\n<meta property=\"og:type\" content=\"article\" \/>\n<meta property=\"og:title\" content=\"Taklampe til barnerommet , dogs\" \/>\n<meta property=\"og:description\" content=\"Herlig taklampe med beige og hvite striper samt sm\u00e5 hunder som henger ned og gir barnerommet en leken og sjarmerende f\u00f8lelse. Den stripete lampeskjermen skaper et stilrent og koselig uttrykk som passer perfekt p\u00e5 barnerommet. M\u00e5l: 40 x 29 cm Obs! Lampeplugg f\u00f8lger ikke med, men kan anskaffes hos Ikea, Bauhaus etc.\" \/>\n<meta property=\"og:url\" content=\"https:\/\/babylove.se\/no\/produkt\/taklampe-til-barnerommet-dogs\/\" \/>\n<meta property=\"og:site_name\" content=\"Babylove Norska\" \/>\n<meta property=\"article:modified_time\" content=\"2026-04-08T13:35:41+00:00\" \/>\n<meta property=\"og:image\" content=\"https:\/\/babylove.se\/no\/wp-content\/uploads\/sites\/3\/2025\/11\/taklampa-1.jpg\" \/>\n\t<meta property=\"og:image:width\" content=\"448\" \/>\n\t<meta property=\"og:image:height\" content=\"448\" \/>\n\t<meta property=\"og:image:type\" content=\"image\/jpeg\" \/>\n<meta name=\"twitter:card\" content=\"summary_large_image\" \/>\n<meta name=\"twitter:label1\" content=\"Price\" \/>\n\t<meta name=\"twitter:data1\" content=\"399,00&nbsp;&#107;&#114;\" \/>\n\t<meta name=\"twitter:label2\" content=\"Availability\" \/>\n\t<meta name=\"twitter:data2\" content=\"In stock\" \/>\n<script type=\"application\/ld+json\" class=\"yoast-schema-graph\">{\"@context\":\"https:\/\/schema.org\",\"@graph\":[{\"@type\":\"WebPage\",\"@id\":\"https:\/\/babylove.se\/no\/produkt\/taklampe-til-barnerommet-dogs\/\",\"url\":\"https:\/\/babylove.se\/no\/produkt\/taklampe-til-barnerommet-dogs\/\",\"name\":\"Taklampe til barnerommet , dogs - Babylove Norska\",\"isPartOf\":{\"@id\":\"https:\/\/babylove.se\/no\/#website\"},\"primaryImageOfPage\":{\"@id\":\"https:\/\/babylove.se\/no\/produkt\/taklampe-til-barnerommet-dogs\/#primaryimage\"},\"image\":{\"@id\":\"https:\/\/babylove.se\/no\/produkt\/taklampe-til-barnerommet-dogs\/#primaryimage\"},\"thumbnailUrl\":\"https:\/\/babylove.se\/no\/wp-content\/uploads\/sites\/3\/2025\/11\/taklampa-1.jpg\",\"datePublished\":\"2025-11-04T13:45:36+00:00\",\"dateModified\":\"2026-04-08T13:35:41+00:00\",\"breadcrumb\":{\"@id\":\"https:\/\/babylove.se\/no\/produkt\/taklampe-til-barnerommet-dogs\/#breadcrumb\"},\"inLanguage\":\"nb-NO\",\"potentialAction\":[{\"@type\":\"ReadAction\",\"target\":[\"https:\/\/babylove.se\/no\/produkt\/taklampe-til-barnerommet-dogs\/\"]}]},{\"@type\":\"ImageObject\",\"inLanguage\":\"nb-NO\",\"@id\":\"https:\/\/babylove.se\/no\/produkt\/taklampe-til-barnerommet-dogs\/#primaryimage\",\"url\":\"https:\/\/babylove.se\/no\/wp-content\/uploads\/sites\/3\/2025\/11\/taklampa-1.jpg\",\"contentUrl\":\"https:\/\/babylove.se\/no\/wp-content\/uploads\/sites\/3\/2025\/11\/taklampa-1.jpg\",\"width\":448,\"height\":448},{\"@type\":\"BreadcrumbList\",\"@id\":\"https:\/\/babylove.se\/no\/produkt\/taklampe-til-barnerommet-dogs\/#breadcrumb\",\"itemListElement\":[{\"@type\":\"ListItem\",\"position\":1,\"name\":\"Hem\",\"item\":\"https:\/\/babylove.se\/no\/\"},{\"@type\":\"ListItem\",\"position\":2,\"name\":\"Butik\",\"item\":\"https:\/\/babylove.se\/no\/butik\/\"},{\"@type\":\"ListItem\",\"position\":3,\"name\":\"Taklampe til barnerommet , dogs\"}]},{\"@type\":\"WebSite\",\"@id\":\"https:\/\/babylove.se\/no\/#website\",\"url\":\"https:\/\/babylove.se\/no\/\",\"name\":\"Babylove Norska\",\"description\":\"\",\"potentialAction\":[{\"@type\":\"SearchAction\",\"target\":{\"@type\":\"EntryPoint\",\"urlTemplate\":\"https:\/\/babylove.se\/no\/?s={search_term_string}\"},\"query-input\":{\"@type\":\"PropertyValueSpecification\",\"valueRequired\":true,\"valueName\":\"search_term_string\"}}],\"inLanguage\":\"nb-NO\"}]}<\/script>\n<meta property=\"product:price:amount\" content=\"399.00\" \/>\n<meta property=\"product:price:currency\" content=\"SEK\" \/>\n<meta property=\"og:availability\" content=\"instock\" \/>\n<meta property=\"product:availability\" content=\"instock\" \/>\n<meta property=\"product:retailer_item_id\" content=\"174300C\" \/>\n<meta property=\"product:condition\" content=\"new\" \/>\n<!-- \/ Yoast SEO Premium plugin. -->","yoast_head_json":{"title":"Taklampe til barnerommet , dogs - Babylove Norska","robots":{"index":"noindex","follow":"follow","max-snippet":"max-snippet:-1","max-image-preview":"max-image-preview:large","max-video-preview":"max-video-preview:-1"},"og_locale":"nb_NO","og_type":"article","og_title":"Taklampe til barnerommet , dogs","og_description":"Herlig taklampe med beige og hvite striper samt sm\u00e5 hunder som henger ned og gir barnerommet en leken og sjarmerende f\u00f8lelse. Den stripete lampeskjermen skaper et stilrent og koselig uttrykk som passer perfekt p\u00e5 barnerommet. M\u00e5l: 40 x 29 cm Obs! Lampeplugg f\u00f8lger ikke med, men kan anskaffes hos Ikea, Bauhaus etc.","og_url":"https:\/\/babylove.se\/no\/produkt\/taklampe-til-barnerommet-dogs\/","og_site_name":"Babylove Norska","article_modified_time":"2026-04-08T13:35:41+00:00","og_image":[{"width":448,"height":448,"url":"https:\/\/babylove.se\/no\/wp-content\/uploads\/sites\/3\/2025\/11\/taklampa-1.jpg","type":"image\/jpeg"}],"twitter_card":"summary_large_image","twitter_misc":{"Price":"399,00&nbsp;&#107;&#114;","Availability":"In stock"},"schema":{"@context":"https:\/\/schema.org","@graph":[{"@type":"WebPage","@id":"https:\/\/babylove.se\/no\/produkt\/taklampe-til-barnerommet-dogs\/","url":"https:\/\/babylove.se\/no\/produkt\/taklampe-til-barnerommet-dogs\/","name":"Taklampe til barnerommet , dogs - Babylove Norska","isPartOf":{"@id":"https:\/\/babylove.se\/no\/#website"},"primaryImageOfPage":{"@id":"https:\/\/babylove.se\/no\/produkt\/taklampe-til-barnerommet-dogs\/#primaryimage"},"image":{"@id":"https:\/\/babylove.se\/no\/produkt\/taklampe-til-barnerommet-dogs\/#primaryimage"},"thumbnailUrl":"https:\/\/babylove.se\/no\/wp-content\/uploads\/sites\/3\/2025\/11\/taklampa-1.jpg","datePublished":"2025-11-04T13:45:36+00:00","dateModified":"2026-04-08T13:35:41+00:00","breadcrumb":{"@id":"https:\/\/babylove.se\/no\/produkt\/taklampe-til-barnerommet-dogs\/#breadcrumb"},"inLanguage":"nb-NO","potentialAction":[{"@type":"ReadAction","target":["https:\/\/babylove.se\/no\/produkt\/taklampe-til-barnerommet-dogs\/"]}]},{"@type":"ImageObject","inLanguage":"nb-NO","@id":"https:\/\/babylove.se\/no\/produkt\/taklampe-til-barnerommet-dogs\/#primaryimage","url":"https:\/\/babylove.se\/no\/wp-content\/uploads\/sites\/3\/2025\/11\/taklampa-1.jpg","contentUrl":"https:\/\/babylove.se\/no\/wp-content\/uploads\/sites\/3\/2025\/11\/taklampa-1.jpg","width":448,"height":448},{"@type":"BreadcrumbList","@id":"https:\/\/babylove.se\/no\/produkt\/taklampe-til-barnerommet-dogs\/#breadcrumb","itemListElement":[{"@type":"ListItem","position":1,"name":"Hem","item":"https:\/\/babylove.se\/no\/"},{"@type":"ListItem","position":2,"name":"Butik","item":"https:\/\/babylove.se\/no\/butik\/"},{"@type":"ListItem","position":3,"name":"Taklampe til barnerommet , dogs"}]},{"@type":"WebSite","@id":"https:\/\/babylove.se\/no\/#website","url":"https:\/\/babylove.se\/no\/","name":"Babylove Norska","description":"","potentialAction":[{"@type":"SearchAction","target":{"@type":"EntryPoint","urlTemplate":"https:\/\/babylove.se\/no\/?s={search_term_string}"},"query-input":{"@type":"PropertyValueSpecification","valueRequired":true,"valueName":"search_term_string"}}],"inLanguage":"nb-NO"}]},"product_price_amount":"399.00","product_price_currency":"SEK","og_availability":"instock","product_availability":"instock","product_retailer_item_id":"174300C","product_condition":"new"},"_links":{"self":[{"href":"https:\/\/babylove.se\/no\/wp-json\/wp\/v2\/product\/76547","targetHints":{"allow":["GET"]}}],"collection":[{"href":"https:\/\/babylove.se\/no\/wp-json\/wp\/v2\/product"}],"about":[{"href":"https:\/\/babylove.se\/no\/wp-json\/wp\/v2\/types\/product"}],"replies":[{"embeddable":true,"href":"https:\/\/babylove.se\/no\/wp-json\/wp\/v2\/comments?post=76547"}],"wp:featuredmedia":[{"embeddable":true,"href":"https:\/\/babylove.se\/no\/wp-json\/wp\/v2\/media\/76534"}],"wp:attachment":[{"href":"https:\/\/babylove.se\/no\/wp-json\/wp\/v2\/media?parent=76547"}],"wp:term":[{"taxonomy":"product_brand","embeddable":true,"href":"https:\/\/babylove.se\/no\/wp-json\/wp\/v2\/product_brand?post=76547"},{"taxonomy":"product_cat","embeddable":true,"href":"https:\/\/babylove.se\/no\/wp-json\/wp\/v2\/product_cat?post=76547"},{"taxonomy":"product_tag","embeddable":true,"href":"https:\/\/babylove.se\/no\/wp-json\/wp\/v2\/product_tag?post=76547"}],"curies":[{"name":"wp","href":"https:\/\/api.w.org\/{rel}","templated":true}]}}