{"id":7710,"date":"2025-07-18T20:45:28","date_gmt":"2025-07-18T19:45:28","guid":{"rendered":"https:\/\/babylove.se\/produkt\/kids-concept-dragleksak-mammutfamilj-neo\/"},"modified":"2026-04-08T08:39:45","modified_gmt":"2026-04-08T07:39:45","slug":"kids-concept-dragleksak-mammutfamilie-neo","status":"publish","type":"product","link":"https:\/\/babylove.se\/no\/produkt\/kids-concept-dragleksak-mammutfamilie-neo\/","title":{"rendered":"Kid&#8217;s Concept, dragleksak Mammutfamilie NEO"},"content":{"rendered":"<p>En av de mest popul\u00e6re gavene du kan tenke deg, fungerer som d\u00e5psgave, bursdagsgave, julegave eller ved babyshower. Uansett s\u00e5 kommer denne fine treleken til \u00e5 bli veldig popul\u00e6r hos det lille barnet. Hvorfor? Kombinasjonen av de s\u00f8te mammutene og det faktum at de g\u00e5r p\u00e5 sm\u00e5 hjul og man kan dra dem rundt med en snor, der er det vinnende konseptet. En virkelig &#8220;must have&#8221; produkt synes vi. <\/p>\n<p><strong>M\u00e5l:<\/strong> Lengde 27 cm<\/p>\n<p>Designer:<a href=\"https:\/\/babylove.se\/varumarken\/kids-concept\"> Kids Concept<\/a><\/p>\n","protected":false},"excerpt":{"rendered":"<p>En av de mest popul\u00e6re gavene du kan tenke deg, fungerer som d\u00e5psgave, bursdagsgave, julegave eller ved babyshower. Uansett s\u00e5 kommer denne fine treleken til \u00e5 bli veldig popul\u00e6r hos det lille barnet. Hvorfor? Kombinasjonen av de s\u00f8te mammutene og det faktum at de g\u00e5r p\u00e5 sm\u00e5 hjul og man kan dra dem rundt med [&hellip;]<\/p>\n","protected":false},"featured_media":7712,"comment_status":"closed","ping_status":"open","template":"","meta":{"_acf_changed":false},"product_brand":[320],"product_cat":[90,72,321,68,48,112],"product_tag":[1709],"class_list":{"0":"post-7710","1":"product","2":"type-product","3":"status-publish","4":"has-post-thumbnail","6":"product_brand-kids-concept","7":"product_cat-dyr","8":"product_cat-julegaver","9":"product_cat-kids-concept","10":"product_cat-leker","11":"product_cat-startside","12":"product_cat-treleker","13":"product_tag-utforsalg","15":"first","16":"instock","17":"taxable","18":"shipping-taxable","19":"purchasable","20":"product-type-simple"},"acf":[],"yoast_head":"<!-- This site is optimized with the Yoast SEO Premium plugin v25.8 (Yoast SEO v27.2) - https:\/\/yoast.com\/product\/yoast-seo-premium-wordpress\/ -->\n<title>Kid&#039;s Concept, dragleksak Mammutfamilie NEO - Babylove Norska<\/title>\n<meta name=\"robots\" content=\"noindex, follow, max-snippet:-1, max-image-preview:large, max-video-preview:-1\" \/>\n<meta property=\"og:locale\" content=\"nb_NO\" \/>\n<meta property=\"og:type\" content=\"article\" \/>\n<meta property=\"og:title\" content=\"Kid&#039;s Concept, dragleksak Mammutfamilie NEO\" \/>\n<meta property=\"og:description\" content=\"En av de mest popul\u00e6re gavene du kan tenke deg, fungerer som d\u00e5psgave, bursdagsgave, julegave eller ved babyshower. Uansett s\u00e5 kommer denne fine treleken til \u00e5 bli veldig popul\u00e6r hos det lille barnet. Hvorfor? Kombinasjonen av de s\u00f8te mammutene og det faktum at de g\u00e5r p\u00e5 sm\u00e5 hjul og man kan dra dem rundt med [&hellip;]\" \/>\n<meta property=\"og:url\" content=\"https:\/\/babylove.se\/no\/produkt\/kids-concept-dragleksak-mammutfamilie-neo\/\" \/>\n<meta property=\"og:site_name\" content=\"Babylove Norska\" \/>\n<meta property=\"article:modified_time\" content=\"2026-04-08T07:39:45+00:00\" \/>\n<meta property=\"og:image\" content=\"https:\/\/babylove.se\/no\/wp-content\/uploads\/sites\/3\/2025\/07\/5be96bd3bd6bd.jpeg\" \/>\n\t<meta property=\"og:image:width\" content=\"701\" \/>\n\t<meta property=\"og:image:height\" content=\"700\" \/>\n\t<meta property=\"og:image:type\" content=\"image\/jpeg\" \/>\n<meta name=\"twitter:card\" content=\"summary_large_image\" \/>\n<meta name=\"twitter:label1\" content=\"Price\" \/>\n\t<meta name=\"twitter:data1\" content=\"349,00&nbsp;&#107;&#114;\" \/>\n\t<meta name=\"twitter:label2\" content=\"Availability\" \/>\n\t<meta name=\"twitter:data2\" content=\"In stock\" \/>\n<script type=\"application\/ld+json\" class=\"yoast-schema-graph\">{\"@context\":\"https:\/\/schema.org\",\"@graph\":[{\"@type\":\"WebPage\",\"@id\":\"https:\/\/babylove.se\/no\/produkt\/kids-concept-dragleksak-mammutfamilie-neo\/\",\"url\":\"https:\/\/babylove.se\/no\/produkt\/kids-concept-dragleksak-mammutfamilie-neo\/\",\"name\":\"Kid's Concept, dragleksak Mammutfamilie NEO - Babylove Norska\",\"isPartOf\":{\"@id\":\"https:\/\/babylove.se\/no\/#website\"},\"primaryImageOfPage\":{\"@id\":\"https:\/\/babylove.se\/no\/produkt\/kids-concept-dragleksak-mammutfamilie-neo\/#primaryimage\"},\"image\":{\"@id\":\"https:\/\/babylove.se\/no\/produkt\/kids-concept-dragleksak-mammutfamilie-neo\/#primaryimage\"},\"thumbnailUrl\":\"https:\/\/babylove.se\/no\/wp-content\/uploads\/sites\/3\/2025\/07\/5be96bd3bd6bd.jpeg\",\"datePublished\":\"2025-07-18T19:45:28+00:00\",\"dateModified\":\"2026-04-08T07:39:45+00:00\",\"breadcrumb\":{\"@id\":\"https:\/\/babylove.se\/no\/produkt\/kids-concept-dragleksak-mammutfamilie-neo\/#breadcrumb\"},\"inLanguage\":\"nb-NO\",\"potentialAction\":[{\"@type\":\"ReadAction\",\"target\":[\"https:\/\/babylove.se\/no\/produkt\/kids-concept-dragleksak-mammutfamilie-neo\/\"]}]},{\"@type\":\"ImageObject\",\"inLanguage\":\"nb-NO\",\"@id\":\"https:\/\/babylove.se\/no\/produkt\/kids-concept-dragleksak-mammutfamilie-neo\/#primaryimage\",\"url\":\"https:\/\/babylove.se\/no\/wp-content\/uploads\/sites\/3\/2025\/07\/5be96bd3bd6bd.jpeg\",\"contentUrl\":\"https:\/\/babylove.se\/no\/wp-content\/uploads\/sites\/3\/2025\/07\/5be96bd3bd6bd.jpeg\",\"width\":701,\"height\":700},{\"@type\":\"BreadcrumbList\",\"@id\":\"https:\/\/babylove.se\/no\/produkt\/kids-concept-dragleksak-mammutfamilie-neo\/#breadcrumb\",\"itemListElement\":[{\"@type\":\"ListItem\",\"position\":1,\"name\":\"Hem\",\"item\":\"https:\/\/babylove.se\/no\/\"},{\"@type\":\"ListItem\",\"position\":2,\"name\":\"Butik\",\"item\":\"https:\/\/babylove.se\/no\/butik\/\"},{\"@type\":\"ListItem\",\"position\":3,\"name\":\"Kid&#8217;s Concept, dragleksak Mammutfamilie NEO\"}]},{\"@type\":\"WebSite\",\"@id\":\"https:\/\/babylove.se\/no\/#website\",\"url\":\"https:\/\/babylove.se\/no\/\",\"name\":\"Babylove Norska\",\"description\":\"\",\"potentialAction\":[{\"@type\":\"SearchAction\",\"target\":{\"@type\":\"EntryPoint\",\"urlTemplate\":\"https:\/\/babylove.se\/no\/?s={search_term_string}\"},\"query-input\":{\"@type\":\"PropertyValueSpecification\",\"valueRequired\":true,\"valueName\":\"search_term_string\"}}],\"inLanguage\":\"nb-NO\"}]}<\/script>\n<meta property=\"product:brand\" content=\"Kids Concept\" \/>\n<meta property=\"product:price:amount\" content=\"349.00\" \/>\n<meta property=\"product:price:currency\" content=\"SEK\" \/>\n<meta property=\"og:availability\" content=\"instock\" \/>\n<meta property=\"product:availability\" content=\"instock\" \/>\n<meta property=\"product:retailer_item_id\" content=\"1000501\" \/>\n<meta property=\"product:condition\" content=\"new\" \/>\n<!-- \/ Yoast SEO Premium plugin. -->","yoast_head_json":{"title":"Kid's Concept, dragleksak Mammutfamilie NEO - Babylove Norska","robots":{"index":"noindex","follow":"follow","max-snippet":"max-snippet:-1","max-image-preview":"max-image-preview:large","max-video-preview":"max-video-preview:-1"},"og_locale":"nb_NO","og_type":"article","og_title":"Kid's Concept, dragleksak Mammutfamilie NEO","og_description":"En av de mest popul\u00e6re gavene du kan tenke deg, fungerer som d\u00e5psgave, bursdagsgave, julegave eller ved babyshower. Uansett s\u00e5 kommer denne fine treleken til \u00e5 bli veldig popul\u00e6r hos det lille barnet. Hvorfor? Kombinasjonen av de s\u00f8te mammutene og det faktum at de g\u00e5r p\u00e5 sm\u00e5 hjul og man kan dra dem rundt med [&hellip;]","og_url":"https:\/\/babylove.se\/no\/produkt\/kids-concept-dragleksak-mammutfamilie-neo\/","og_site_name":"Babylove Norska","article_modified_time":"2026-04-08T07:39:45+00:00","og_image":[{"width":701,"height":700,"url":"https:\/\/babylove.se\/no\/wp-content\/uploads\/sites\/3\/2025\/07\/5be96bd3bd6bd.jpeg","type":"image\/jpeg"}],"twitter_card":"summary_large_image","twitter_misc":{"Price":"349,00&nbsp;&#107;&#114;","Availability":"In stock"},"schema":{"@context":"https:\/\/schema.org","@graph":[{"@type":"WebPage","@id":"https:\/\/babylove.se\/no\/produkt\/kids-concept-dragleksak-mammutfamilie-neo\/","url":"https:\/\/babylove.se\/no\/produkt\/kids-concept-dragleksak-mammutfamilie-neo\/","name":"Kid's Concept, dragleksak Mammutfamilie NEO - Babylove Norska","isPartOf":{"@id":"https:\/\/babylove.se\/no\/#website"},"primaryImageOfPage":{"@id":"https:\/\/babylove.se\/no\/produkt\/kids-concept-dragleksak-mammutfamilie-neo\/#primaryimage"},"image":{"@id":"https:\/\/babylove.se\/no\/produkt\/kids-concept-dragleksak-mammutfamilie-neo\/#primaryimage"},"thumbnailUrl":"https:\/\/babylove.se\/no\/wp-content\/uploads\/sites\/3\/2025\/07\/5be96bd3bd6bd.jpeg","datePublished":"2025-07-18T19:45:28+00:00","dateModified":"2026-04-08T07:39:45+00:00","breadcrumb":{"@id":"https:\/\/babylove.se\/no\/produkt\/kids-concept-dragleksak-mammutfamilie-neo\/#breadcrumb"},"inLanguage":"nb-NO","potentialAction":[{"@type":"ReadAction","target":["https:\/\/babylove.se\/no\/produkt\/kids-concept-dragleksak-mammutfamilie-neo\/"]}]},{"@type":"ImageObject","inLanguage":"nb-NO","@id":"https:\/\/babylove.se\/no\/produkt\/kids-concept-dragleksak-mammutfamilie-neo\/#primaryimage","url":"https:\/\/babylove.se\/no\/wp-content\/uploads\/sites\/3\/2025\/07\/5be96bd3bd6bd.jpeg","contentUrl":"https:\/\/babylove.se\/no\/wp-content\/uploads\/sites\/3\/2025\/07\/5be96bd3bd6bd.jpeg","width":701,"height":700},{"@type":"BreadcrumbList","@id":"https:\/\/babylove.se\/no\/produkt\/kids-concept-dragleksak-mammutfamilie-neo\/#breadcrumb","itemListElement":[{"@type":"ListItem","position":1,"name":"Hem","item":"https:\/\/babylove.se\/no\/"},{"@type":"ListItem","position":2,"name":"Butik","item":"https:\/\/babylove.se\/no\/butik\/"},{"@type":"ListItem","position":3,"name":"Kid&#8217;s Concept, dragleksak Mammutfamilie NEO"}]},{"@type":"WebSite","@id":"https:\/\/babylove.se\/no\/#website","url":"https:\/\/babylove.se\/no\/","name":"Babylove Norska","description":"","potentialAction":[{"@type":"SearchAction","target":{"@type":"EntryPoint","urlTemplate":"https:\/\/babylove.se\/no\/?s={search_term_string}"},"query-input":{"@type":"PropertyValueSpecification","valueRequired":true,"valueName":"search_term_string"}}],"inLanguage":"nb-NO"}]},"product_brand":"Kids Concept","product_price_amount":"349.00","product_price_currency":"SEK","og_availability":"instock","product_availability":"instock","product_retailer_item_id":"1000501","product_condition":"new"},"_links":{"self":[{"href":"https:\/\/babylove.se\/no\/wp-json\/wp\/v2\/product\/7710","targetHints":{"allow":["GET"]}}],"collection":[{"href":"https:\/\/babylove.se\/no\/wp-json\/wp\/v2\/product"}],"about":[{"href":"https:\/\/babylove.se\/no\/wp-json\/wp\/v2\/types\/product"}],"replies":[{"embeddable":true,"href":"https:\/\/babylove.se\/no\/wp-json\/wp\/v2\/comments?post=7710"}],"wp:featuredmedia":[{"embeddable":true,"href":"https:\/\/babylove.se\/no\/wp-json\/wp\/v2\/media\/7712"}],"wp:attachment":[{"href":"https:\/\/babylove.se\/no\/wp-json\/wp\/v2\/media?parent=7710"}],"wp:term":[{"taxonomy":"product_brand","embeddable":true,"href":"https:\/\/babylove.se\/no\/wp-json\/wp\/v2\/product_brand?post=7710"},{"taxonomy":"product_cat","embeddable":true,"href":"https:\/\/babylove.se\/no\/wp-json\/wp\/v2\/product_cat?post=7710"},{"taxonomy":"product_tag","embeddable":true,"href":"https:\/\/babylove.se\/no\/wp-json\/wp\/v2\/product_tag?post=7710"}],"curies":[{"name":"wp","href":"https:\/\/api.w.org\/{rel}","templated":true}]}}