{"id":7719,"date":"2025-07-18T20:45:28","date_gmt":"2025-07-18T19:45:28","guid":{"rendered":"https:\/\/babylove.se\/produkt\/miffy-my-chair-barnstol\/"},"modified":"2026-04-08T08:39:50","modified_gmt":"2026-04-08T07:39:50","slug":"miffy-min-stol-barnestol","status":"publish","type":"product","link":"https:\/\/babylove.se\/no\/produkt\/miffy-min-stol-barnestol\/","title":{"rendered":"Miffy My Chair barnestol"},"content":{"rendered":"<p>En eventyrlig fin stol som passer i alle barnerom, men er s\u00e5 kul at du kan ha den i hvilket som helst rom. Miffy er en kj\u00e6r venn til hele familien og er basert p\u00e5 den verdensber\u00f8mte figuren som stammer fra Holland. Denne stolen vil skape et spesielt b\u00e5nd med barnet ditt og bli en riktig kompis, som barnet garantert kommer til \u00e5 ville flytte rundt i hjemmet.<\/p>\n<p>Barnestolen er designet i Danmark og produsert i samarbeid med svenske snekkerere og av b\u00e6rekraftig svensk tre som er testet og godkjent av &#8220;Teknologiske Institut&#8221; i Danmark. Fargen som brukes er helt giftfri og du rengj\u00f8r den enkelt med en fuktet klut.<\/p>\n<p>Stolens farge er hvit og formen p\u00e5 ryggst\u00f8ttet er Miffys ansikt. Anbefalt alder er 2-5 \u00e5r.<\/p>\n<ul>\n<li>M\u00e5l: 59*32*30 cm<\/li>\n<li>Sitteh\u00f8yde: 25 cm<\/li>\n<\/ul>\n","protected":false},"excerpt":{"rendered":"<p>En eventyrlig fin stol som passer i alle barnerom, men er s\u00e5 kul at du kan ha den i hvilket som helst rom. Miffy er en kj\u00e6r venn til hele familien og er basert p\u00e5 den verdensber\u00f8mte figuren som stammer fra Holland. Denne stolen vil skape et spesielt b\u00e5nd med barnet ditt og bli en [&hellip;]<\/p>\n","protected":false},"featured_media":7721,"comment_status":"closed","ping_status":"open","template":"","meta":{"_acf_changed":false},"product_brand":[176],"product_cat":[90,48,80],"product_tag":[],"class_list":{"0":"post-7719","1":"product","2":"type-product","3":"status-publish","4":"has-post-thumbnail","6":"product_brand-mr-maria","7":"product_cat-dyr","8":"product_cat-startside","9":"product_cat-stoler","11":"first","12":"outofstock","13":"taxable","14":"shipping-taxable","15":"purchasable","16":"product-type-simple"},"acf":[],"yoast_head":"<!-- This site is optimized with the Yoast SEO Premium plugin v25.8 (Yoast SEO v27.2) - https:\/\/yoast.com\/product\/yoast-seo-premium-wordpress\/ -->\n<title>Miffy My Chair barnestol - Babylove Norska<\/title>\n<meta name=\"robots\" content=\"noindex, follow, max-snippet:-1, max-image-preview:large, max-video-preview:-1\" \/>\n<meta property=\"og:locale\" content=\"nb_NO\" \/>\n<meta property=\"og:type\" content=\"article\" \/>\n<meta property=\"og:title\" content=\"Miffy My Chair barnestol\" \/>\n<meta property=\"og:description\" content=\"En eventyrlig fin stol som passer i alle barnerom, men er s\u00e5 kul at du kan ha den i hvilket som helst rom. Miffy er en kj\u00e6r venn til hele familien og er basert p\u00e5 den verdensber\u00f8mte figuren som stammer fra Holland. Denne stolen vil skape et spesielt b\u00e5nd med barnet ditt og bli en [&hellip;]\" \/>\n<meta property=\"og:url\" content=\"https:\/\/babylove.se\/no\/produkt\/miffy-min-stol-barnestol\/\" \/>\n<meta property=\"og:site_name\" content=\"Babylove Norska\" \/>\n<meta property=\"article:modified_time\" content=\"2026-04-08T07:39:50+00:00\" \/>\n<meta property=\"og:image\" content=\"https:\/\/babylove.se\/no\/wp-content\/uploads\/sites\/3\/2025\/07\/5d5aec0646279.jpeg\" \/>\n\t<meta property=\"og:image:width\" content=\"403\" \/>\n\t<meta property=\"og:image:height\" content=\"750\" \/>\n\t<meta property=\"og:image:type\" content=\"image\/jpeg\" \/>\n<meta name=\"twitter:card\" content=\"summary_large_image\" \/>\n<meta name=\"twitter:label1\" content=\"Price\" \/>\n\t<meta name=\"twitter:data1\" content=\"1 499,00&nbsp;&#107;&#114;\" \/>\n\t<meta name=\"twitter:label2\" content=\"Availability\" \/>\n\t<meta name=\"twitter:data2\" content=\"Out of stock\" \/>\n<script type=\"application\/ld+json\" class=\"yoast-schema-graph\">{\"@context\":\"https:\/\/schema.org\",\"@graph\":[{\"@type\":\"WebPage\",\"@id\":\"https:\/\/babylove.se\/no\/produkt\/miffy-min-stol-barnestol\/\",\"url\":\"https:\/\/babylove.se\/no\/produkt\/miffy-min-stol-barnestol\/\",\"name\":\"Miffy My Chair barnestol - Babylove Norska\",\"isPartOf\":{\"@id\":\"https:\/\/babylove.se\/no\/#website\"},\"primaryImageOfPage\":{\"@id\":\"https:\/\/babylove.se\/no\/produkt\/miffy-min-stol-barnestol\/#primaryimage\"},\"image\":{\"@id\":\"https:\/\/babylove.se\/no\/produkt\/miffy-min-stol-barnestol\/#primaryimage\"},\"thumbnailUrl\":\"https:\/\/babylove.se\/no\/wp-content\/uploads\/sites\/3\/2025\/07\/5d5aec0646279.jpeg\",\"datePublished\":\"2025-07-18T19:45:28+00:00\",\"dateModified\":\"2026-04-08T07:39:50+00:00\",\"breadcrumb\":{\"@id\":\"https:\/\/babylove.se\/no\/produkt\/miffy-min-stol-barnestol\/#breadcrumb\"},\"inLanguage\":\"nb-NO\",\"potentialAction\":[{\"@type\":\"ReadAction\",\"target\":[\"https:\/\/babylove.se\/no\/produkt\/miffy-min-stol-barnestol\/\"]}]},{\"@type\":\"ImageObject\",\"inLanguage\":\"nb-NO\",\"@id\":\"https:\/\/babylove.se\/no\/produkt\/miffy-min-stol-barnestol\/#primaryimage\",\"url\":\"https:\/\/babylove.se\/no\/wp-content\/uploads\/sites\/3\/2025\/07\/5d5aec0646279.jpeg\",\"contentUrl\":\"https:\/\/babylove.se\/no\/wp-content\/uploads\/sites\/3\/2025\/07\/5d5aec0646279.jpeg\",\"width\":403,\"height\":750},{\"@type\":\"BreadcrumbList\",\"@id\":\"https:\/\/babylove.se\/no\/produkt\/miffy-min-stol-barnestol\/#breadcrumb\",\"itemListElement\":[{\"@type\":\"ListItem\",\"position\":1,\"name\":\"Hem\",\"item\":\"https:\/\/babylove.se\/no\/\"},{\"@type\":\"ListItem\",\"position\":2,\"name\":\"Butik\",\"item\":\"https:\/\/babylove.se\/no\/butik\/\"},{\"@type\":\"ListItem\",\"position\":3,\"name\":\"Miffy My Chair barnestol\"}]},{\"@type\":\"WebSite\",\"@id\":\"https:\/\/babylove.se\/no\/#website\",\"url\":\"https:\/\/babylove.se\/no\/\",\"name\":\"Babylove Norska\",\"description\":\"\",\"potentialAction\":[{\"@type\":\"SearchAction\",\"target\":{\"@type\":\"EntryPoint\",\"urlTemplate\":\"https:\/\/babylove.se\/no\/?s={search_term_string}\"},\"query-input\":{\"@type\":\"PropertyValueSpecification\",\"valueRequired\":true,\"valueName\":\"search_term_string\"}}],\"inLanguage\":\"nb-NO\"}]}<\/script>\n<meta property=\"product:brand\" content=\"Mr Maria\" \/>\n<meta property=\"product:price:amount\" content=\"1499.00\" \/>\n<meta property=\"product:price:currency\" content=\"SEK\" \/>\n<meta property=\"og:availability\" content=\"out of stock\" \/>\n<meta property=\"product:availability\" content=\"out of stock\" \/>\n<meta property=\"product:retailer_item_id\" content=\"2200\" \/>\n<meta property=\"product:condition\" content=\"new\" \/>\n<!-- \/ Yoast SEO Premium plugin. -->","yoast_head_json":{"title":"Miffy My Chair barnestol - Babylove Norska","robots":{"index":"noindex","follow":"follow","max-snippet":"max-snippet:-1","max-image-preview":"max-image-preview:large","max-video-preview":"max-video-preview:-1"},"og_locale":"nb_NO","og_type":"article","og_title":"Miffy My Chair barnestol","og_description":"En eventyrlig fin stol som passer i alle barnerom, men er s\u00e5 kul at du kan ha den i hvilket som helst rom. Miffy er en kj\u00e6r venn til hele familien og er basert p\u00e5 den verdensber\u00f8mte figuren som stammer fra Holland. Denne stolen vil skape et spesielt b\u00e5nd med barnet ditt og bli en [&hellip;]","og_url":"https:\/\/babylove.se\/no\/produkt\/miffy-min-stol-barnestol\/","og_site_name":"Babylove Norska","article_modified_time":"2026-04-08T07:39:50+00:00","og_image":[{"width":403,"height":750,"url":"https:\/\/babylove.se\/no\/wp-content\/uploads\/sites\/3\/2025\/07\/5d5aec0646279.jpeg","type":"image\/jpeg"}],"twitter_card":"summary_large_image","twitter_misc":{"Price":"1 499,00&nbsp;&#107;&#114;","Availability":"Out of stock"},"schema":{"@context":"https:\/\/schema.org","@graph":[{"@type":"WebPage","@id":"https:\/\/babylove.se\/no\/produkt\/miffy-min-stol-barnestol\/","url":"https:\/\/babylove.se\/no\/produkt\/miffy-min-stol-barnestol\/","name":"Miffy My Chair barnestol - Babylove Norska","isPartOf":{"@id":"https:\/\/babylove.se\/no\/#website"},"primaryImageOfPage":{"@id":"https:\/\/babylove.se\/no\/produkt\/miffy-min-stol-barnestol\/#primaryimage"},"image":{"@id":"https:\/\/babylove.se\/no\/produkt\/miffy-min-stol-barnestol\/#primaryimage"},"thumbnailUrl":"https:\/\/babylove.se\/no\/wp-content\/uploads\/sites\/3\/2025\/07\/5d5aec0646279.jpeg","datePublished":"2025-07-18T19:45:28+00:00","dateModified":"2026-04-08T07:39:50+00:00","breadcrumb":{"@id":"https:\/\/babylove.se\/no\/produkt\/miffy-min-stol-barnestol\/#breadcrumb"},"inLanguage":"nb-NO","potentialAction":[{"@type":"ReadAction","target":["https:\/\/babylove.se\/no\/produkt\/miffy-min-stol-barnestol\/"]}]},{"@type":"ImageObject","inLanguage":"nb-NO","@id":"https:\/\/babylove.se\/no\/produkt\/miffy-min-stol-barnestol\/#primaryimage","url":"https:\/\/babylove.se\/no\/wp-content\/uploads\/sites\/3\/2025\/07\/5d5aec0646279.jpeg","contentUrl":"https:\/\/babylove.se\/no\/wp-content\/uploads\/sites\/3\/2025\/07\/5d5aec0646279.jpeg","width":403,"height":750},{"@type":"BreadcrumbList","@id":"https:\/\/babylove.se\/no\/produkt\/miffy-min-stol-barnestol\/#breadcrumb","itemListElement":[{"@type":"ListItem","position":1,"name":"Hem","item":"https:\/\/babylove.se\/no\/"},{"@type":"ListItem","position":2,"name":"Butik","item":"https:\/\/babylove.se\/no\/butik\/"},{"@type":"ListItem","position":3,"name":"Miffy My Chair barnestol"}]},{"@type":"WebSite","@id":"https:\/\/babylove.se\/no\/#website","url":"https:\/\/babylove.se\/no\/","name":"Babylove Norska","description":"","potentialAction":[{"@type":"SearchAction","target":{"@type":"EntryPoint","urlTemplate":"https:\/\/babylove.se\/no\/?s={search_term_string}"},"query-input":{"@type":"PropertyValueSpecification","valueRequired":true,"valueName":"search_term_string"}}],"inLanguage":"nb-NO"}]},"product_brand":"Mr Maria","product_price_amount":"1499.00","product_price_currency":"SEK","og_availability":"out of stock","product_availability":"out of stock","product_retailer_item_id":"2200","product_condition":"new"},"_links":{"self":[{"href":"https:\/\/babylove.se\/no\/wp-json\/wp\/v2\/product\/7719","targetHints":{"allow":["GET"]}}],"collection":[{"href":"https:\/\/babylove.se\/no\/wp-json\/wp\/v2\/product"}],"about":[{"href":"https:\/\/babylove.se\/no\/wp-json\/wp\/v2\/types\/product"}],"replies":[{"embeddable":true,"href":"https:\/\/babylove.se\/no\/wp-json\/wp\/v2\/comments?post=7719"}],"wp:featuredmedia":[{"embeddable":true,"href":"https:\/\/babylove.se\/no\/wp-json\/wp\/v2\/media\/7721"}],"wp:attachment":[{"href":"https:\/\/babylove.se\/no\/wp-json\/wp\/v2\/media?parent=7719"}],"wp:term":[{"taxonomy":"product_brand","embeddable":true,"href":"https:\/\/babylove.se\/no\/wp-json\/wp\/v2\/product_brand?post=7719"},{"taxonomy":"product_cat","embeddable":true,"href":"https:\/\/babylove.se\/no\/wp-json\/wp\/v2\/product_cat?post=7719"},{"taxonomy":"product_tag","embeddable":true,"href":"https:\/\/babylove.se\/no\/wp-json\/wp\/v2\/product_tag?post=7719"}],"curies":[{"name":"wp","href":"https:\/\/api.w.org\/{rel}","templated":true}]}}