{"id":7775,"date":"2025-07-18T20:45:52","date_gmt":"2025-07-18T19:45:52","guid":{"rendered":"https:\/\/babylove.se\/produkt\/dear-friends-vaggklistermarken-stickstay\/"},"modified":"2026-04-08T08:40:13","modified_gmt":"2026-04-08T07:40:13","slug":"kjaere-venner-veggklistremerker-stickstay","status":"publish","type":"product","link":"https:\/\/babylove.se\/no\/produkt\/kjaere-venner-veggklistremerker-stickstay\/","title":{"rendered":"Dear Friends veggklistremerker, Stickstay"},"content":{"rendered":"<p>F\u00e5r vi presentere dear friends&#8230; De er alle her, Lucy, Till, Max, Sam &#038; sist men ikke minst Bono  <\/p>\n<p>Disse er hver for seg sm\u00e5 kunstverk og kan dessuten flyttes rundt akkurat som du vil ha dem. Veggklistremerkene er laget i materiale av h\u00f8yeste kvalitet og kan enkelt festes p\u00e5 alle typer malte vegger eller tapeter. Dette gj\u00f8r at de holder lenge, uansett om du flytter ofte p\u00e5 dem eller ei. Designen er helt h\u00e5ndtegnet av Lisa Flodmark. Produsert av svenske Stickstay.<\/p>\n<p><strong>M\u00e5l<\/strong>: 19 -23 cm h\u00f8ye<\/p>\n<p><strong>Antall<\/strong>: 5 dyr<\/p>\n<p><strong>Materiale<\/strong>: Vinylplast (<em>Resirkulerbar)<\/em><\/p>\n<p>Designer:  <a href=\"https:\/\/babylove.se\/inredning-barnrum-pojke\/stickstay\"><u>Stickstay<\/u><\/a><\/p>\n","protected":false},"excerpt":{"rendered":"<p>F\u00e5r vi presentere dear friends&#8230; De er alle her, Lucy, Till, Max, Sam &#038; sist men ikke minst Bono Disse er hver for seg sm\u00e5 kunstverk og kan dessuten flyttes rundt akkurat som du vil ha dem. Veggklistremerkene er laget i materiale av h\u00f8yeste kvalitet og kan enkelt festes p\u00e5 alle typer malte vegger eller [&hellip;]<\/p>\n","protected":false},"featured_media":7777,"comment_status":"closed","ping_status":"open","template":"","meta":{"_acf_changed":false},"product_brand":[236],"product_cat":[90,48,237,29,24],"product_tag":[1689,1709],"class_list":{"0":"post-7775","1":"product","2":"type-product","3":"status-publish","4":"has-post-thumbnail","6":"product_brand-stickstay","7":"product_cat-dyr","8":"product_cat-startside","9":"product_cat-stickstay","10":"product_cat-veggdekorasjoner","11":"product_cat-veggklistremerker","12":"product_tag-bestillingsvaror","13":"product_tag-utforsalg","15":"first","16":"instock","17":"taxable","18":"shipping-taxable","19":"purchasable","20":"product-type-simple"},"acf":[],"yoast_head":"<!-- This site is optimized with the Yoast SEO Premium plugin v25.8 (Yoast SEO v27.2) - https:\/\/yoast.com\/product\/yoast-seo-premium-wordpress\/ -->\n<title>Dear Friends veggklistremerker, Stickstay - Babylove Norska<\/title>\n<meta name=\"description\" content=\"V\u00e4ggklisterm\u00e4rkerna \u00e4r gjorda i material av h\u00f6gsta kvalitet och kan enkelt f\u00e4stas p\u00e5 alla typer av m\u00e5lade v\u00e4ggar eller tapeter. Skickas inom 24 timmar !\" \/>\n<meta name=\"robots\" content=\"noindex, follow, max-snippet:-1, max-image-preview:large, max-video-preview:-1\" \/>\n<meta property=\"og:locale\" content=\"nb_NO\" \/>\n<meta property=\"og:type\" content=\"article\" \/>\n<meta property=\"og:title\" content=\"Dear Friends veggklistremerker, Stickstay\" \/>\n<meta property=\"og:description\" content=\"V\u00e4ggklisterm\u00e4rkerna \u00e4r gjorda i material av h\u00f6gsta kvalitet och kan enkelt f\u00e4stas p\u00e5 alla typer av m\u00e5lade v\u00e4ggar eller tapeter. Skickas inom 24 timmar !\" \/>\n<meta property=\"og:url\" content=\"https:\/\/babylove.se\/no\/produkt\/kjaere-venner-veggklistremerker-stickstay\/\" \/>\n<meta property=\"og:site_name\" content=\"Babylove Norska\" \/>\n<meta property=\"article:modified_time\" content=\"2026-04-08T07:40:13+00:00\" \/>\n<meta property=\"og:image\" content=\"https:\/\/babylove.se\/no\/wp-content\/uploads\/sites\/3\/2025\/07\/5bed52d5ab948.jpeg\" \/>\n\t<meta property=\"og:image:width\" content=\"549\" \/>\n\t<meta property=\"og:image:height\" content=\"549\" \/>\n\t<meta property=\"og:image:type\" content=\"image\/jpeg\" \/>\n<meta name=\"twitter:card\" content=\"summary_large_image\" \/>\n<meta name=\"twitter:label1\" content=\"Price\" \/>\n\t<meta name=\"twitter:data1\" content=\"799,00&nbsp;&#107;&#114;\" \/>\n\t<meta name=\"twitter:label2\" content=\"Availability\" \/>\n\t<meta name=\"twitter:data2\" content=\"In stock\" \/>\n<script type=\"application\/ld+json\" class=\"yoast-schema-graph\">{\"@context\":\"https:\/\/schema.org\",\"@graph\":[{\"@type\":\"WebPage\",\"@id\":\"https:\/\/babylove.se\/no\/produkt\/kjaere-venner-veggklistremerker-stickstay\/\",\"url\":\"https:\/\/babylove.se\/no\/produkt\/kjaere-venner-veggklistremerker-stickstay\/\",\"name\":\"Dear Friends veggklistremerker, Stickstay - Babylove Norska\",\"isPartOf\":{\"@id\":\"https:\/\/babylove.se\/no\/#website\"},\"primaryImageOfPage\":{\"@id\":\"https:\/\/babylove.se\/no\/produkt\/kjaere-venner-veggklistremerker-stickstay\/#primaryimage\"},\"image\":{\"@id\":\"https:\/\/babylove.se\/no\/produkt\/kjaere-venner-veggklistremerker-stickstay\/#primaryimage\"},\"thumbnailUrl\":\"https:\/\/babylove.se\/no\/wp-content\/uploads\/sites\/3\/2025\/07\/5bed52d5ab948.jpeg\",\"datePublished\":\"2025-07-18T19:45:52+00:00\",\"dateModified\":\"2026-04-08T07:40:13+00:00\",\"description\":\"V\u00e4ggklisterm\u00e4rkerna \u00e4r gjorda i material av h\u00f6gsta kvalitet och kan enkelt f\u00e4stas p\u00e5 alla typer av m\u00e5lade v\u00e4ggar eller tapeter. Skickas inom 24 timmar !\",\"breadcrumb\":{\"@id\":\"https:\/\/babylove.se\/no\/produkt\/kjaere-venner-veggklistremerker-stickstay\/#breadcrumb\"},\"inLanguage\":\"nb-NO\",\"potentialAction\":[{\"@type\":\"ReadAction\",\"target\":[\"https:\/\/babylove.se\/no\/produkt\/kjaere-venner-veggklistremerker-stickstay\/\"]}]},{\"@type\":\"ImageObject\",\"inLanguage\":\"nb-NO\",\"@id\":\"https:\/\/babylove.se\/no\/produkt\/kjaere-venner-veggklistremerker-stickstay\/#primaryimage\",\"url\":\"https:\/\/babylove.se\/no\/wp-content\/uploads\/sites\/3\/2025\/07\/5bed52d5ab948.jpeg\",\"contentUrl\":\"https:\/\/babylove.se\/no\/wp-content\/uploads\/sites\/3\/2025\/07\/5bed52d5ab948.jpeg\",\"width\":549,\"height\":549},{\"@type\":\"BreadcrumbList\",\"@id\":\"https:\/\/babylove.se\/no\/produkt\/kjaere-venner-veggklistremerker-stickstay\/#breadcrumb\",\"itemListElement\":[{\"@type\":\"ListItem\",\"position\":1,\"name\":\"Hem\",\"item\":\"https:\/\/babylove.se\/no\/\"},{\"@type\":\"ListItem\",\"position\":2,\"name\":\"Butik\",\"item\":\"https:\/\/babylove.se\/no\/butik\/\"},{\"@type\":\"ListItem\",\"position\":3,\"name\":\"Dear Friends veggklistremerker, Stickstay\"}]},{\"@type\":\"WebSite\",\"@id\":\"https:\/\/babylove.se\/no\/#website\",\"url\":\"https:\/\/babylove.se\/no\/\",\"name\":\"Babylove Norska\",\"description\":\"\",\"potentialAction\":[{\"@type\":\"SearchAction\",\"target\":{\"@type\":\"EntryPoint\",\"urlTemplate\":\"https:\/\/babylove.se\/no\/?s={search_term_string}\"},\"query-input\":{\"@type\":\"PropertyValueSpecification\",\"valueRequired\":true,\"valueName\":\"search_term_string\"}}],\"inLanguage\":\"nb-NO\"}]}<\/script>\n<meta property=\"product:brand\" content=\"Stickstay\" \/>\n<meta property=\"product:price:amount\" content=\"799.00\" \/>\n<meta property=\"product:price:currency\" content=\"SEK\" \/>\n<meta property=\"og:availability\" content=\"instock\" \/>\n<meta property=\"product:availability\" content=\"instock\" \/>\n<meta property=\"product:retailer_item_id\" content=\"7350104861766\" \/>\n<meta property=\"product:condition\" content=\"new\" \/>\n<!-- \/ Yoast SEO Premium plugin. -->","yoast_head_json":{"title":"Dear Friends veggklistremerker, Stickstay - Babylove Norska","description":"V\u00e4ggklisterm\u00e4rkerna \u00e4r gjorda i material av h\u00f6gsta kvalitet och kan enkelt f\u00e4stas p\u00e5 alla typer av m\u00e5lade v\u00e4ggar eller tapeter. Skickas inom 24 timmar !","robots":{"index":"noindex","follow":"follow","max-snippet":"max-snippet:-1","max-image-preview":"max-image-preview:large","max-video-preview":"max-video-preview:-1"},"og_locale":"nb_NO","og_type":"article","og_title":"Dear Friends veggklistremerker, Stickstay","og_description":"V\u00e4ggklisterm\u00e4rkerna \u00e4r gjorda i material av h\u00f6gsta kvalitet och kan enkelt f\u00e4stas p\u00e5 alla typer av m\u00e5lade v\u00e4ggar eller tapeter. Skickas inom 24 timmar !","og_url":"https:\/\/babylove.se\/no\/produkt\/kjaere-venner-veggklistremerker-stickstay\/","og_site_name":"Babylove Norska","article_modified_time":"2026-04-08T07:40:13+00:00","og_image":[{"width":549,"height":549,"url":"https:\/\/babylove.se\/no\/wp-content\/uploads\/sites\/3\/2025\/07\/5bed52d5ab948.jpeg","type":"image\/jpeg"}],"twitter_card":"summary_large_image","twitter_misc":{"Price":"799,00&nbsp;&#107;&#114;","Availability":"In stock"},"schema":{"@context":"https:\/\/schema.org","@graph":[{"@type":"WebPage","@id":"https:\/\/babylove.se\/no\/produkt\/kjaere-venner-veggklistremerker-stickstay\/","url":"https:\/\/babylove.se\/no\/produkt\/kjaere-venner-veggklistremerker-stickstay\/","name":"Dear Friends veggklistremerker, Stickstay - Babylove Norska","isPartOf":{"@id":"https:\/\/babylove.se\/no\/#website"},"primaryImageOfPage":{"@id":"https:\/\/babylove.se\/no\/produkt\/kjaere-venner-veggklistremerker-stickstay\/#primaryimage"},"image":{"@id":"https:\/\/babylove.se\/no\/produkt\/kjaere-venner-veggklistremerker-stickstay\/#primaryimage"},"thumbnailUrl":"https:\/\/babylove.se\/no\/wp-content\/uploads\/sites\/3\/2025\/07\/5bed52d5ab948.jpeg","datePublished":"2025-07-18T19:45:52+00:00","dateModified":"2026-04-08T07:40:13+00:00","description":"V\u00e4ggklisterm\u00e4rkerna \u00e4r gjorda i material av h\u00f6gsta kvalitet och kan enkelt f\u00e4stas p\u00e5 alla typer av m\u00e5lade v\u00e4ggar eller tapeter. Skickas inom 24 timmar !","breadcrumb":{"@id":"https:\/\/babylove.se\/no\/produkt\/kjaere-venner-veggklistremerker-stickstay\/#breadcrumb"},"inLanguage":"nb-NO","potentialAction":[{"@type":"ReadAction","target":["https:\/\/babylove.se\/no\/produkt\/kjaere-venner-veggklistremerker-stickstay\/"]}]},{"@type":"ImageObject","inLanguage":"nb-NO","@id":"https:\/\/babylove.se\/no\/produkt\/kjaere-venner-veggklistremerker-stickstay\/#primaryimage","url":"https:\/\/babylove.se\/no\/wp-content\/uploads\/sites\/3\/2025\/07\/5bed52d5ab948.jpeg","contentUrl":"https:\/\/babylove.se\/no\/wp-content\/uploads\/sites\/3\/2025\/07\/5bed52d5ab948.jpeg","width":549,"height":549},{"@type":"BreadcrumbList","@id":"https:\/\/babylove.se\/no\/produkt\/kjaere-venner-veggklistremerker-stickstay\/#breadcrumb","itemListElement":[{"@type":"ListItem","position":1,"name":"Hem","item":"https:\/\/babylove.se\/no\/"},{"@type":"ListItem","position":2,"name":"Butik","item":"https:\/\/babylove.se\/no\/butik\/"},{"@type":"ListItem","position":3,"name":"Dear Friends veggklistremerker, Stickstay"}]},{"@type":"WebSite","@id":"https:\/\/babylove.se\/no\/#website","url":"https:\/\/babylove.se\/no\/","name":"Babylove Norska","description":"","potentialAction":[{"@type":"SearchAction","target":{"@type":"EntryPoint","urlTemplate":"https:\/\/babylove.se\/no\/?s={search_term_string}"},"query-input":{"@type":"PropertyValueSpecification","valueRequired":true,"valueName":"search_term_string"}}],"inLanguage":"nb-NO"}]},"product_brand":"Stickstay","product_price_amount":"799.00","product_price_currency":"SEK","og_availability":"instock","product_availability":"instock","product_retailer_item_id":"7350104861766","product_condition":"new"},"_links":{"self":[{"href":"https:\/\/babylove.se\/no\/wp-json\/wp\/v2\/product\/7775","targetHints":{"allow":["GET"]}}],"collection":[{"href":"https:\/\/babylove.se\/no\/wp-json\/wp\/v2\/product"}],"about":[{"href":"https:\/\/babylove.se\/no\/wp-json\/wp\/v2\/types\/product"}],"replies":[{"embeddable":true,"href":"https:\/\/babylove.se\/no\/wp-json\/wp\/v2\/comments?post=7775"}],"wp:featuredmedia":[{"embeddable":true,"href":"https:\/\/babylove.se\/no\/wp-json\/wp\/v2\/media\/7777"}],"wp:attachment":[{"href":"https:\/\/babylove.se\/no\/wp-json\/wp\/v2\/media?parent=7775"}],"wp:term":[{"taxonomy":"product_brand","embeddable":true,"href":"https:\/\/babylove.se\/no\/wp-json\/wp\/v2\/product_brand?post=7775"},{"taxonomy":"product_cat","embeddable":true,"href":"https:\/\/babylove.se\/no\/wp-json\/wp\/v2\/product_cat?post=7775"},{"taxonomy":"product_tag","embeddable":true,"href":"https:\/\/babylove.se\/no\/wp-json\/wp\/v2\/product_tag?post=7775"}],"curies":[{"name":"wp","href":"https:\/\/api.w.org\/{rel}","templated":true}]}}