{"id":781,"date":"2025-07-18T19:57:40","date_gmt":"2025-07-18T18:57:40","guid":{"rendered":"https:\/\/babylove.se\/produkt\/sittpuff-city-transport\/"},"modified":"2026-04-08T07:36:38","modified_gmt":"2026-04-08T06:36:38","slug":"sittpuff-city-transport","status":"publish","type":"product","link":"https:\/\/babylove.se\/no\/produkt\/sittpuff-city-transport\/","title":{"rendered":"Sittpuff by transport"},"content":{"rendered":"<p>Vakker og praktisk <strong>sittem\u00f8bel&nbsp;<\/strong>til <strong>barnerommet<\/strong>.<strong>&nbsp;<\/strong>Perfekt for barnet \u00e5 sitte p\u00e5 og leke med, eller hvorfor ikke for mamma \u00e5 hvile beina p\u00e5 under <strong>amming<\/strong>.<\/p>\n<p>Denne <strong>sittem\u00f8bel&nbsp;<\/strong>kan med fordel kombineres med andre produkter fra samme kolleksjon.<\/p>\n<p><strong>Sittem\u00f8blet&nbsp;<\/strong>er laget av bomull og fyllet best\u00e5r av sm\u00e5 frigolittkuler. Takket v\u00e6re det er <strong>sittem\u00f8blet&nbsp;<\/strong>b\u00e5de mykt og lett \u00e5 b\u00e6re og flytte. <strong>Sittem\u00f8blets&nbsp;<\/strong>overtrekk er avtakbart og vaskbart i h\u00f8yst 40 grader.<\/p>\n<p>Produktet har f\u00f8lgende sertifikat: OEKO-TEX STANDARD 100, CE<\/p>\n<p><strong>St\u00f8rrelse:<\/strong> Diameter 45 cm og h\u00f8yde 25 cm.<\/p>\n<p><span style=\"font-size: 11px;\">Designer:Lamps and Co<\/span><\/p>\n","protected":false},"excerpt":{"rendered":"<p>Vakker og praktisk sittem\u00f8bel&nbsp;til barnerommet.&nbsp;Perfekt for barnet \u00e5 sitte p\u00e5 og leke med, eller hvorfor ikke for mamma \u00e5 hvile beina p\u00e5 under amming. Denne sittem\u00f8bel&nbsp;kan med fordel kombineres med andre produkter fra samme kolleksjon. Sittem\u00f8blet&nbsp;er laget av bomull og fyllet best\u00e5r av sm\u00e5 frigolittkuler. Takket v\u00e6re det er sittem\u00f8blet&nbsp;b\u00e5de mykt og lett \u00e5 b\u00e6re [&hellip;]<\/p>\n","protected":false},"featured_media":783,"comment_status":"closed","ping_status":"open","template":"","meta":{"_acf_changed":false},"product_brand":[30],"product_cat":[34,44,80],"product_tag":[1689],"class_list":{"0":"post-781","1":"product","2":"type-product","3":"status-publish","4":"has-post-thumbnail","6":"product_brand-lamps-co","7":"product_cat-lamps-and-co","8":"product_cat-sitteputfer-saccosekker","9":"product_cat-stoler","10":"product_tag-bestillingsvaror","12":"first","13":"instock","14":"taxable","15":"shipping-taxable","16":"purchasable","17":"product-type-simple"},"acf":[],"yoast_head":"<!-- This site is optimized with the Yoast SEO Premium plugin v25.8 (Yoast SEO v27.2) - https:\/\/yoast.com\/product\/yoast-seo-premium-wordpress\/ -->\n<title>Sittpuff by transport - Babylove Norska<\/title>\n<meta name=\"robots\" content=\"noindex, follow, max-snippet:-1, max-image-preview:large, max-video-preview:-1\" \/>\n<meta property=\"og:locale\" content=\"nb_NO\" \/>\n<meta property=\"og:type\" content=\"article\" \/>\n<meta property=\"og:title\" content=\"Sittpuff by transport\" \/>\n<meta property=\"og:description\" content=\"Vakker og praktisk sittem\u00f8bel&nbsp;til barnerommet.&nbsp;Perfekt for barnet \u00e5 sitte p\u00e5 og leke med, eller hvorfor ikke for mamma \u00e5 hvile beina p\u00e5 under amming. Denne sittem\u00f8bel&nbsp;kan med fordel kombineres med andre produkter fra samme kolleksjon. Sittem\u00f8blet&nbsp;er laget av bomull og fyllet best\u00e5r av sm\u00e5 frigolittkuler. Takket v\u00e6re det er sittem\u00f8blet&nbsp;b\u00e5de mykt og lett \u00e5 b\u00e6re [&hellip;]\" \/>\n<meta property=\"og:url\" content=\"https:\/\/babylove.se\/no\/produkt\/sittpuff-city-transport\/\" \/>\n<meta property=\"og:site_name\" content=\"Babylove Norska\" \/>\n<meta property=\"article:modified_time\" content=\"2026-04-08T06:36:38+00:00\" \/>\n<meta property=\"og:image\" content=\"https:\/\/babylove.se\/no\/wp-content\/uploads\/sites\/3\/2025\/07\/5732fa54b6a60.jpeg\" \/>\n\t<meta property=\"og:image:width\" content=\"372\" \/>\n\t<meta property=\"og:image:height\" content=\"480\" \/>\n\t<meta property=\"og:image:type\" content=\"image\/jpeg\" \/>\n<meta name=\"twitter:card\" content=\"summary_large_image\" \/>\n<meta name=\"twitter:label1\" content=\"Price\" \/>\n\t<meta name=\"twitter:data1\" content=\"899,00&nbsp;&#107;&#114;\" \/>\n\t<meta name=\"twitter:label2\" content=\"Availability\" \/>\n\t<meta name=\"twitter:data2\" content=\"In stock\" \/>\n<script type=\"application\/ld+json\" class=\"yoast-schema-graph\">{\"@context\":\"https:\/\/schema.org\",\"@graph\":[{\"@type\":\"WebPage\",\"@id\":\"https:\/\/babylove.se\/no\/produkt\/sittpuff-city-transport\/\",\"url\":\"https:\/\/babylove.se\/no\/produkt\/sittpuff-city-transport\/\",\"name\":\"Sittpuff by transport - Babylove Norska\",\"isPartOf\":{\"@id\":\"https:\/\/babylove.se\/no\/#website\"},\"primaryImageOfPage\":{\"@id\":\"https:\/\/babylove.se\/no\/produkt\/sittpuff-city-transport\/#primaryimage\"},\"image\":{\"@id\":\"https:\/\/babylove.se\/no\/produkt\/sittpuff-city-transport\/#primaryimage\"},\"thumbnailUrl\":\"https:\/\/babylove.se\/no\/wp-content\/uploads\/sites\/3\/2025\/07\/5732fa54b6a60.jpeg\",\"datePublished\":\"2025-07-18T18:57:40+00:00\",\"dateModified\":\"2026-04-08T06:36:38+00:00\",\"breadcrumb\":{\"@id\":\"https:\/\/babylove.se\/no\/produkt\/sittpuff-city-transport\/#breadcrumb\"},\"inLanguage\":\"nb-NO\",\"potentialAction\":[{\"@type\":\"ReadAction\",\"target\":[\"https:\/\/babylove.se\/no\/produkt\/sittpuff-city-transport\/\"]}]},{\"@type\":\"ImageObject\",\"inLanguage\":\"nb-NO\",\"@id\":\"https:\/\/babylove.se\/no\/produkt\/sittpuff-city-transport\/#primaryimage\",\"url\":\"https:\/\/babylove.se\/no\/wp-content\/uploads\/sites\/3\/2025\/07\/5732fa54b6a60.jpeg\",\"contentUrl\":\"https:\/\/babylove.se\/no\/wp-content\/uploads\/sites\/3\/2025\/07\/5732fa54b6a60.jpeg\",\"width\":372,\"height\":480},{\"@type\":\"BreadcrumbList\",\"@id\":\"https:\/\/babylove.se\/no\/produkt\/sittpuff-city-transport\/#breadcrumb\",\"itemListElement\":[{\"@type\":\"ListItem\",\"position\":1,\"name\":\"Hem\",\"item\":\"https:\/\/babylove.se\/no\/\"},{\"@type\":\"ListItem\",\"position\":2,\"name\":\"Butik\",\"item\":\"https:\/\/babylove.se\/no\/butik\/\"},{\"@type\":\"ListItem\",\"position\":3,\"name\":\"Sittpuff by transport\"}]},{\"@type\":\"WebSite\",\"@id\":\"https:\/\/babylove.se\/no\/#website\",\"url\":\"https:\/\/babylove.se\/no\/\",\"name\":\"Babylove Norska\",\"description\":\"\",\"potentialAction\":[{\"@type\":\"SearchAction\",\"target\":{\"@type\":\"EntryPoint\",\"urlTemplate\":\"https:\/\/babylove.se\/no\/?s={search_term_string}\"},\"query-input\":{\"@type\":\"PropertyValueSpecification\",\"valueRequired\":true,\"valueName\":\"search_term_string\"}}],\"inLanguage\":\"nb-NO\"}]}<\/script>\n<meta property=\"product:brand\" content=\"Lamps &amp; Co\" \/>\n<meta property=\"product:price:amount\" content=\"899.00\" \/>\n<meta property=\"product:price:currency\" content=\"SEK\" \/>\n<meta property=\"og:availability\" content=\"instock\" \/>\n<meta property=\"product:availability\" content=\"instock\" \/>\n<meta property=\"product:retailer_item_id\" content=\"LC0094\" \/>\n<meta property=\"product:condition\" content=\"new\" \/>\n<!-- \/ Yoast SEO Premium plugin. -->","yoast_head_json":{"title":"Sittpuff by transport - Babylove Norska","robots":{"index":"noindex","follow":"follow","max-snippet":"max-snippet:-1","max-image-preview":"max-image-preview:large","max-video-preview":"max-video-preview:-1"},"og_locale":"nb_NO","og_type":"article","og_title":"Sittpuff by transport","og_description":"Vakker og praktisk sittem\u00f8bel&nbsp;til barnerommet.&nbsp;Perfekt for barnet \u00e5 sitte p\u00e5 og leke med, eller hvorfor ikke for mamma \u00e5 hvile beina p\u00e5 under amming. Denne sittem\u00f8bel&nbsp;kan med fordel kombineres med andre produkter fra samme kolleksjon. Sittem\u00f8blet&nbsp;er laget av bomull og fyllet best\u00e5r av sm\u00e5 frigolittkuler. Takket v\u00e6re det er sittem\u00f8blet&nbsp;b\u00e5de mykt og lett \u00e5 b\u00e6re [&hellip;]","og_url":"https:\/\/babylove.se\/no\/produkt\/sittpuff-city-transport\/","og_site_name":"Babylove Norska","article_modified_time":"2026-04-08T06:36:38+00:00","og_image":[{"width":372,"height":480,"url":"https:\/\/babylove.se\/no\/wp-content\/uploads\/sites\/3\/2025\/07\/5732fa54b6a60.jpeg","type":"image\/jpeg"}],"twitter_card":"summary_large_image","twitter_misc":{"Price":"899,00&nbsp;&#107;&#114;","Availability":"In stock"},"schema":{"@context":"https:\/\/schema.org","@graph":[{"@type":"WebPage","@id":"https:\/\/babylove.se\/no\/produkt\/sittpuff-city-transport\/","url":"https:\/\/babylove.se\/no\/produkt\/sittpuff-city-transport\/","name":"Sittpuff by transport - Babylove Norska","isPartOf":{"@id":"https:\/\/babylove.se\/no\/#website"},"primaryImageOfPage":{"@id":"https:\/\/babylove.se\/no\/produkt\/sittpuff-city-transport\/#primaryimage"},"image":{"@id":"https:\/\/babylove.se\/no\/produkt\/sittpuff-city-transport\/#primaryimage"},"thumbnailUrl":"https:\/\/babylove.se\/no\/wp-content\/uploads\/sites\/3\/2025\/07\/5732fa54b6a60.jpeg","datePublished":"2025-07-18T18:57:40+00:00","dateModified":"2026-04-08T06:36:38+00:00","breadcrumb":{"@id":"https:\/\/babylove.se\/no\/produkt\/sittpuff-city-transport\/#breadcrumb"},"inLanguage":"nb-NO","potentialAction":[{"@type":"ReadAction","target":["https:\/\/babylove.se\/no\/produkt\/sittpuff-city-transport\/"]}]},{"@type":"ImageObject","inLanguage":"nb-NO","@id":"https:\/\/babylove.se\/no\/produkt\/sittpuff-city-transport\/#primaryimage","url":"https:\/\/babylove.se\/no\/wp-content\/uploads\/sites\/3\/2025\/07\/5732fa54b6a60.jpeg","contentUrl":"https:\/\/babylove.se\/no\/wp-content\/uploads\/sites\/3\/2025\/07\/5732fa54b6a60.jpeg","width":372,"height":480},{"@type":"BreadcrumbList","@id":"https:\/\/babylove.se\/no\/produkt\/sittpuff-city-transport\/#breadcrumb","itemListElement":[{"@type":"ListItem","position":1,"name":"Hem","item":"https:\/\/babylove.se\/no\/"},{"@type":"ListItem","position":2,"name":"Butik","item":"https:\/\/babylove.se\/no\/butik\/"},{"@type":"ListItem","position":3,"name":"Sittpuff by transport"}]},{"@type":"WebSite","@id":"https:\/\/babylove.se\/no\/#website","url":"https:\/\/babylove.se\/no\/","name":"Babylove Norska","description":"","potentialAction":[{"@type":"SearchAction","target":{"@type":"EntryPoint","urlTemplate":"https:\/\/babylove.se\/no\/?s={search_term_string}"},"query-input":{"@type":"PropertyValueSpecification","valueRequired":true,"valueName":"search_term_string"}}],"inLanguage":"nb-NO"}]},"product_brand":"Lamps &amp; Co","product_price_amount":"899.00","product_price_currency":"SEK","og_availability":"instock","product_availability":"instock","product_retailer_item_id":"LC0094","product_condition":"new"},"_links":{"self":[{"href":"https:\/\/babylove.se\/no\/wp-json\/wp\/v2\/product\/781","targetHints":{"allow":["GET"]}}],"collection":[{"href":"https:\/\/babylove.se\/no\/wp-json\/wp\/v2\/product"}],"about":[{"href":"https:\/\/babylove.se\/no\/wp-json\/wp\/v2\/types\/product"}],"replies":[{"embeddable":true,"href":"https:\/\/babylove.se\/no\/wp-json\/wp\/v2\/comments?post=781"}],"wp:featuredmedia":[{"embeddable":true,"href":"https:\/\/babylove.se\/no\/wp-json\/wp\/v2\/media\/783"}],"wp:attachment":[{"href":"https:\/\/babylove.se\/no\/wp-json\/wp\/v2\/media?parent=781"}],"wp:term":[{"taxonomy":"product_brand","embeddable":true,"href":"https:\/\/babylove.se\/no\/wp-json\/wp\/v2\/product_brand?post=781"},{"taxonomy":"product_cat","embeddable":true,"href":"https:\/\/babylove.se\/no\/wp-json\/wp\/v2\/product_cat?post=781"},{"taxonomy":"product_tag","embeddable":true,"href":"https:\/\/babylove.se\/no\/wp-json\/wp\/v2\/product_tag?post=781"}],"curies":[{"name":"wp","href":"https:\/\/api.w.org\/{rel}","templated":true}]}}