{"id":7829,"date":"2025-07-18T20:46:12","date_gmt":"2025-07-18T19:46:12","guid":{"rendered":"https:\/\/babylove.se\/produkt\/liewood-hangare-krokbrada-elenor-rabbit-mix\/"},"modified":"2026-04-08T08:40:39","modified_gmt":"2026-04-08T07:40:39","slug":"liewood-hangere-knaggbrett-elenor-rabbit-mix","status":"publish","type":"product","link":"https:\/\/babylove.se\/no\/produkt\/liewood-hangere-knaggbrett-elenor-rabbit-mix\/","title":{"rendered":"Liewood, henger krokbrett, Elenor rabbit mix"},"content":{"rendered":"<p>En fantastisk kroklist for barnerommet som b\u00e5de du og barnet ditt kommer til \u00e5 elske. P\u00e5 denne kan du henge alle barnets favorittting, sekk og kl\u00e6r. Helt laget av tre og finnes b\u00e5de som naturfarge eller i farge, for \u00e5 passe alle forskjellige typer barnerom og hjem. Listen er testet og kontrollert i henhold til alle standarder. Rengj\u00f8res enkelt med en lett fuktet klut. <\/p>\n<p>M\u00e5l: 45 x 6 x 1,2 cm <\/p>\n<p>Designer: <a href=\"https:\/\/babylove.se\/varumarken\/liewood\"><u>Liewood<\/u><\/a><\/p>\n","protected":false},"excerpt":{"rendered":"<p>En fantastisk kroklist for barnerommet som b\u00e5de du og barnet ditt kommer til \u00e5 elske. P\u00e5 denne kan du henge alle barnets favorittting, sekk og kl\u00e6r. Helt laget av tre og finnes b\u00e5de som naturfarge eller i farge, for \u00e5 passe alle forskjellige typer barnerom og hjem. Listen er testet og kontrollert i henhold til [&hellip;]<\/p>\n","protected":false},"featured_media":7831,"comment_status":"closed","ping_status":"closed","template":"","meta":{"_acf_changed":false},"product_brand":[282],"product_cat":[283,48,94],"product_tag":[],"class_list":{"0":"post-7829","1":"product","2":"type-product","3":"status-publish","4":"has-post-thumbnail","6":"product_brand-liewood","7":"product_cat-liewood","8":"product_cat-startside","9":"product_cat-vegghengeere","11":"first","12":"outofstock","13":"taxable","14":"shipping-taxable","15":"purchasable","16":"product-type-simple"},"acf":[],"yoast_head":"<!-- This site is optimized with the Yoast SEO Premium plugin v25.8 (Yoast SEO v27.2) - https:\/\/yoast.com\/product\/yoast-seo-premium-wordpress\/ -->\n<title>Liewood, henger krokbrett, Elenor rabbit mix - Babylove Norska<\/title>\n<meta name=\"robots\" content=\"noindex, follow, max-snippet:-1, max-image-preview:large, max-video-preview:-1\" \/>\n<meta property=\"og:locale\" content=\"nb_NO\" \/>\n<meta property=\"og:type\" content=\"article\" \/>\n<meta property=\"og:title\" content=\"Liewood, henger krokbrett, Elenor rabbit mix\" \/>\n<meta property=\"og:description\" content=\"En fantastisk kroklist for barnerommet som b\u00e5de du og barnet ditt kommer til \u00e5 elske. P\u00e5 denne kan du henge alle barnets favorittting, sekk og kl\u00e6r. Helt laget av tre og finnes b\u00e5de som naturfarge eller i farge, for \u00e5 passe alle forskjellige typer barnerom og hjem. Listen er testet og kontrollert i henhold til [&hellip;]\" \/>\n<meta property=\"og:url\" content=\"https:\/\/babylove.se\/no\/produkt\/liewood-hangere-knaggbrett-elenor-rabbit-mix\/\" \/>\n<meta property=\"og:site_name\" content=\"Babylove Norska\" \/>\n<meta property=\"article:modified_time\" content=\"2026-04-08T07:40:39+00:00\" \/>\n<meta property=\"og:image\" content=\"https:\/\/babylove.se\/no\/wp-content\/uploads\/sites\/3\/2025\/07\/5bf7d3c8582f4.jpeg\" \/>\n\t<meta property=\"og:image:width\" content=\"750\" \/>\n\t<meta property=\"og:image:height\" content=\"750\" \/>\n\t<meta property=\"og:image:type\" content=\"image\/jpeg\" \/>\n<meta name=\"twitter:card\" content=\"summary_large_image\" \/>\n<meta name=\"twitter:label1\" content=\"Price\" \/>\n\t<meta name=\"twitter:data1\" content=\"339,00&nbsp;&#107;&#114;\" \/>\n\t<meta name=\"twitter:label2\" content=\"Availability\" \/>\n\t<meta name=\"twitter:data2\" content=\"Out of stock\" \/>\n<script type=\"application\/ld+json\" class=\"yoast-schema-graph\">{\"@context\":\"https:\/\/schema.org\",\"@graph\":[{\"@type\":\"WebPage\",\"@id\":\"https:\/\/babylove.se\/no\/produkt\/liewood-hangere-knaggbrett-elenor-rabbit-mix\/\",\"url\":\"https:\/\/babylove.se\/no\/produkt\/liewood-hangere-knaggbrett-elenor-rabbit-mix\/\",\"name\":\"Liewood, henger krokbrett, Elenor rabbit mix - Babylove Norska\",\"isPartOf\":{\"@id\":\"https:\/\/babylove.se\/no\/#website\"},\"primaryImageOfPage\":{\"@id\":\"https:\/\/babylove.se\/no\/produkt\/liewood-hangere-knaggbrett-elenor-rabbit-mix\/#primaryimage\"},\"image\":{\"@id\":\"https:\/\/babylove.se\/no\/produkt\/liewood-hangere-knaggbrett-elenor-rabbit-mix\/#primaryimage\"},\"thumbnailUrl\":\"https:\/\/babylove.se\/no\/wp-content\/uploads\/sites\/3\/2025\/07\/5bf7d3c8582f4.jpeg\",\"datePublished\":\"2025-07-18T19:46:12+00:00\",\"dateModified\":\"2026-04-08T07:40:39+00:00\",\"breadcrumb\":{\"@id\":\"https:\/\/babylove.se\/no\/produkt\/liewood-hangere-knaggbrett-elenor-rabbit-mix\/#breadcrumb\"},\"inLanguage\":\"nb-NO\",\"potentialAction\":[{\"@type\":\"ReadAction\",\"target\":[\"https:\/\/babylove.se\/no\/produkt\/liewood-hangere-knaggbrett-elenor-rabbit-mix\/\"]}]},{\"@type\":\"ImageObject\",\"inLanguage\":\"nb-NO\",\"@id\":\"https:\/\/babylove.se\/no\/produkt\/liewood-hangere-knaggbrett-elenor-rabbit-mix\/#primaryimage\",\"url\":\"https:\/\/babylove.se\/no\/wp-content\/uploads\/sites\/3\/2025\/07\/5bf7d3c8582f4.jpeg\",\"contentUrl\":\"https:\/\/babylove.se\/no\/wp-content\/uploads\/sites\/3\/2025\/07\/5bf7d3c8582f4.jpeg\",\"width\":750,\"height\":750},{\"@type\":\"BreadcrumbList\",\"@id\":\"https:\/\/babylove.se\/no\/produkt\/liewood-hangere-knaggbrett-elenor-rabbit-mix\/#breadcrumb\",\"itemListElement\":[{\"@type\":\"ListItem\",\"position\":1,\"name\":\"Hem\",\"item\":\"https:\/\/babylove.se\/no\/\"},{\"@type\":\"ListItem\",\"position\":2,\"name\":\"Butik\",\"item\":\"https:\/\/babylove.se\/no\/butik\/\"},{\"@type\":\"ListItem\",\"position\":3,\"name\":\"Liewood, henger krokbrett, Elenor rabbit mix\"}]},{\"@type\":\"WebSite\",\"@id\":\"https:\/\/babylove.se\/no\/#website\",\"url\":\"https:\/\/babylove.se\/no\/\",\"name\":\"Babylove Norska\",\"description\":\"\",\"potentialAction\":[{\"@type\":\"SearchAction\",\"target\":{\"@type\":\"EntryPoint\",\"urlTemplate\":\"https:\/\/babylove.se\/no\/?s={search_term_string}\"},\"query-input\":{\"@type\":\"PropertyValueSpecification\",\"valueRequired\":true,\"valueName\":\"search_term_string\"}}],\"inLanguage\":\"nb-NO\"}]}<\/script>\n<meta property=\"product:brand\" content=\"Liewood\" \/>\n<meta property=\"product:price:amount\" content=\"339.00\" \/>\n<meta property=\"product:price:currency\" content=\"SEK\" \/>\n<meta property=\"og:availability\" content=\"out of stock\" \/>\n<meta property=\"product:availability\" content=\"out of stock\" \/>\n<meta property=\"product:retailer_item_id\" content=\"2217\" \/>\n<meta property=\"product:condition\" content=\"new\" \/>\n<!-- \/ Yoast SEO Premium plugin. -->","yoast_head_json":{"title":"Liewood, henger krokbrett, Elenor rabbit mix - Babylove Norska","robots":{"index":"noindex","follow":"follow","max-snippet":"max-snippet:-1","max-image-preview":"max-image-preview:large","max-video-preview":"max-video-preview:-1"},"og_locale":"nb_NO","og_type":"article","og_title":"Liewood, henger krokbrett, Elenor rabbit mix","og_description":"En fantastisk kroklist for barnerommet som b\u00e5de du og barnet ditt kommer til \u00e5 elske. P\u00e5 denne kan du henge alle barnets favorittting, sekk og kl\u00e6r. Helt laget av tre og finnes b\u00e5de som naturfarge eller i farge, for \u00e5 passe alle forskjellige typer barnerom og hjem. Listen er testet og kontrollert i henhold til [&hellip;]","og_url":"https:\/\/babylove.se\/no\/produkt\/liewood-hangere-knaggbrett-elenor-rabbit-mix\/","og_site_name":"Babylove Norska","article_modified_time":"2026-04-08T07:40:39+00:00","og_image":[{"width":750,"height":750,"url":"https:\/\/babylove.se\/no\/wp-content\/uploads\/sites\/3\/2025\/07\/5bf7d3c8582f4.jpeg","type":"image\/jpeg"}],"twitter_card":"summary_large_image","twitter_misc":{"Price":"339,00&nbsp;&#107;&#114;","Availability":"Out of stock"},"schema":{"@context":"https:\/\/schema.org","@graph":[{"@type":"WebPage","@id":"https:\/\/babylove.se\/no\/produkt\/liewood-hangere-knaggbrett-elenor-rabbit-mix\/","url":"https:\/\/babylove.se\/no\/produkt\/liewood-hangere-knaggbrett-elenor-rabbit-mix\/","name":"Liewood, henger krokbrett, Elenor rabbit mix - Babylove Norska","isPartOf":{"@id":"https:\/\/babylove.se\/no\/#website"},"primaryImageOfPage":{"@id":"https:\/\/babylove.se\/no\/produkt\/liewood-hangere-knaggbrett-elenor-rabbit-mix\/#primaryimage"},"image":{"@id":"https:\/\/babylove.se\/no\/produkt\/liewood-hangere-knaggbrett-elenor-rabbit-mix\/#primaryimage"},"thumbnailUrl":"https:\/\/babylove.se\/no\/wp-content\/uploads\/sites\/3\/2025\/07\/5bf7d3c8582f4.jpeg","datePublished":"2025-07-18T19:46:12+00:00","dateModified":"2026-04-08T07:40:39+00:00","breadcrumb":{"@id":"https:\/\/babylove.se\/no\/produkt\/liewood-hangere-knaggbrett-elenor-rabbit-mix\/#breadcrumb"},"inLanguage":"nb-NO","potentialAction":[{"@type":"ReadAction","target":["https:\/\/babylove.se\/no\/produkt\/liewood-hangere-knaggbrett-elenor-rabbit-mix\/"]}]},{"@type":"ImageObject","inLanguage":"nb-NO","@id":"https:\/\/babylove.se\/no\/produkt\/liewood-hangere-knaggbrett-elenor-rabbit-mix\/#primaryimage","url":"https:\/\/babylove.se\/no\/wp-content\/uploads\/sites\/3\/2025\/07\/5bf7d3c8582f4.jpeg","contentUrl":"https:\/\/babylove.se\/no\/wp-content\/uploads\/sites\/3\/2025\/07\/5bf7d3c8582f4.jpeg","width":750,"height":750},{"@type":"BreadcrumbList","@id":"https:\/\/babylove.se\/no\/produkt\/liewood-hangere-knaggbrett-elenor-rabbit-mix\/#breadcrumb","itemListElement":[{"@type":"ListItem","position":1,"name":"Hem","item":"https:\/\/babylove.se\/no\/"},{"@type":"ListItem","position":2,"name":"Butik","item":"https:\/\/babylove.se\/no\/butik\/"},{"@type":"ListItem","position":3,"name":"Liewood, henger krokbrett, Elenor rabbit mix"}]},{"@type":"WebSite","@id":"https:\/\/babylove.se\/no\/#website","url":"https:\/\/babylove.se\/no\/","name":"Babylove Norska","description":"","potentialAction":[{"@type":"SearchAction","target":{"@type":"EntryPoint","urlTemplate":"https:\/\/babylove.se\/no\/?s={search_term_string}"},"query-input":{"@type":"PropertyValueSpecification","valueRequired":true,"valueName":"search_term_string"}}],"inLanguage":"nb-NO"}]},"product_brand":"Liewood","product_price_amount":"339.00","product_price_currency":"SEK","og_availability":"out of stock","product_availability":"out of stock","product_retailer_item_id":"2217","product_condition":"new"},"_links":{"self":[{"href":"https:\/\/babylove.se\/no\/wp-json\/wp\/v2\/product\/7829","targetHints":{"allow":["GET"]}}],"collection":[{"href":"https:\/\/babylove.se\/no\/wp-json\/wp\/v2\/product"}],"about":[{"href":"https:\/\/babylove.se\/no\/wp-json\/wp\/v2\/types\/product"}],"replies":[{"embeddable":true,"href":"https:\/\/babylove.se\/no\/wp-json\/wp\/v2\/comments?post=7829"}],"wp:featuredmedia":[{"embeddable":true,"href":"https:\/\/babylove.se\/no\/wp-json\/wp\/v2\/media\/7831"}],"wp:attachment":[{"href":"https:\/\/babylove.se\/no\/wp-json\/wp\/v2\/media?parent=7829"}],"wp:term":[{"taxonomy":"product_brand","embeddable":true,"href":"https:\/\/babylove.se\/no\/wp-json\/wp\/v2\/product_brand?post=7829"},{"taxonomy":"product_cat","embeddable":true,"href":"https:\/\/babylove.se\/no\/wp-json\/wp\/v2\/product_cat?post=7829"},{"taxonomy":"product_tag","embeddable":true,"href":"https:\/\/babylove.se\/no\/wp-json\/wp\/v2\/product_tag?post=7829"}],"curies":[{"name":"wp","href":"https:\/\/api.w.org\/{rel}","templated":true}]}}