{"id":7848,"date":"2025-07-18T20:46:12","date_gmt":"2025-07-18T19:46:12","guid":{"rendered":"https:\/\/babylove.se\/produkt\/liewood-tra-kanin-draleksak-abby\/"},"modified":"2026-04-08T08:40:54","modified_gmt":"2026-04-08T07:40:54","slug":"liewood-tre-kanin-dragleke-abby","status":"publish","type":"product","link":"https:\/\/babylove.se\/no\/produkt\/liewood-tre-kanin-dragleke-abby\/","title":{"rendered":"Liewood, trekanin dra-leksak Abby"},"content":{"rendered":"<p>En kjempes\u00f8t og popul\u00e6r liten leke av h\u00f8yeste kvalitet fra danske Liewood. Dette kommer til \u00e5 bli en av ditt barns favorittleker som kommer til \u00e5 rulle med uansett hvor dere skal. CE-sertifisert produkt og finnes i flere fine farger, alle giftfrie. Holdes enkelt ren med en vanlig st\u00f8vklut <\/p>\n<p>Perfekt som gave, til bursdagen, babyshower, d\u00e5pen eller til jul. <\/p>\n<p>M\u00e5l: 16,9 x 21 cm <\/p>\n<style>i.fa {    font-weight: 400;}i.fa.fa-pencil, i.fa.fa-database, i.fa.fa-pencil, i.fa.fa-sort {    font-weight: 900;}\/* .fr-toolbar .fa *\/.wrap i.fa.fa-cubes, .wrap i.fa.fa-camera, .wrap i.fa.fa-users, .wrap i.fa.fa-circle, .wrap i.fa.fa-download, .wrap i.fa.fa-user, .wrap i.fa.fa-sign-in {    font-weight: 900;}<\/style>\n<style>@keyframes jBox-animation-zoomOutOpen-open {0% {transform:scale(1.1);}100% {transform:scale(1);}}.jBox-animation-zoomOutOpen-open {animation-duration: 180ms;animation-name: jBox-animation-zoomOutOpen-open;}@keyframes jBox-animation-zoomOutClose-close {0% {transform:scale(1);}100% {transform:scale(1.1);}}.jBox-animation-zoomOutClose-close {animation-duration: 180ms;animation-name: jBox-animation-zoomOutClose-close;}<\/style>\n","protected":false},"excerpt":{"rendered":"<p>En kjempes\u00f8t og popul\u00e6r liten leke av h\u00f8yeste kvalitet fra danske Liewood. Dette kommer til \u00e5 bli en av ditt barns favorittleker som kommer til \u00e5 rulle med uansett hvor dere skal. CE-sertifisert produkt og finnes i flere fine farger, alle giftfrie. Holdes enkelt ren med en vanlig st\u00f8vklut Perfekt som gave, til bursdagen, babyshower, [&hellip;]<\/p>\n","protected":false},"featured_media":7850,"comment_status":"closed","ping_status":"closed","template":"","meta":{"_acf_changed":false},"product_brand":[282],"product_cat":[68,283,48,112],"product_tag":[],"class_list":{"0":"post-7848","1":"product","2":"type-product","3":"status-publish","4":"has-post-thumbnail","6":"product_brand-liewood","7":"product_cat-leker","8":"product_cat-liewood","9":"product_cat-startside","10":"product_cat-treleker","12":"first","13":"outofstock","14":"taxable","15":"shipping-taxable","16":"purchasable","17":"product-type-simple"},"acf":[],"yoast_head":"<!-- This site is optimized with the Yoast SEO Premium plugin v25.8 (Yoast SEO v27.2) - https:\/\/yoast.com\/product\/yoast-seo-premium-wordpress\/ -->\n<title>Liewood, trekanin dra-leksak Abby - Babylove Norska<\/title>\n<meta name=\"robots\" content=\"noindex, follow, max-snippet:-1, max-image-preview:large, max-video-preview:-1\" \/>\n<meta property=\"og:locale\" content=\"nb_NO\" \/>\n<meta property=\"og:type\" content=\"article\" \/>\n<meta property=\"og:title\" content=\"Liewood, trekanin dra-leksak Abby\" \/>\n<meta property=\"og:description\" content=\"En kjempes\u00f8t og popul\u00e6r liten leke av h\u00f8yeste kvalitet fra danske Liewood. Dette kommer til \u00e5 bli en av ditt barns favorittleker som kommer til \u00e5 rulle med uansett hvor dere skal. CE-sertifisert produkt og finnes i flere fine farger, alle giftfrie. Holdes enkelt ren med en vanlig st\u00f8vklut Perfekt som gave, til bursdagen, babyshower, [&hellip;]\" \/>\n<meta property=\"og:url\" content=\"https:\/\/babylove.se\/no\/produkt\/liewood-tre-kanin-dragleke-abby\/\" \/>\n<meta property=\"og:site_name\" content=\"Babylove Norska\" \/>\n<meta property=\"article:modified_time\" content=\"2026-04-08T07:40:54+00:00\" \/>\n<meta property=\"og:image\" content=\"https:\/\/babylove.se\/no\/wp-content\/uploads\/sites\/3\/2025\/07\/5bf7d6377dead.jpeg\" \/>\n\t<meta property=\"og:image:width\" content=\"750\" \/>\n\t<meta property=\"og:image:height\" content=\"750\" \/>\n\t<meta property=\"og:image:type\" content=\"image\/jpeg\" \/>\n<meta name=\"twitter:card\" content=\"summary_large_image\" \/>\n<meta name=\"twitter:label1\" content=\"Price\" \/>\n\t<meta name=\"twitter:data1\" content=\"249,00&nbsp;&#107;&#114;\" \/>\n\t<meta name=\"twitter:label2\" content=\"Availability\" \/>\n\t<meta name=\"twitter:data2\" content=\"Out of stock\" \/>\n<script type=\"application\/ld+json\" class=\"yoast-schema-graph\">{\"@context\":\"https:\/\/schema.org\",\"@graph\":[{\"@type\":\"WebPage\",\"@id\":\"https:\/\/babylove.se\/no\/produkt\/liewood-tre-kanin-dragleke-abby\/\",\"url\":\"https:\/\/babylove.se\/no\/produkt\/liewood-tre-kanin-dragleke-abby\/\",\"name\":\"Liewood, trekanin dra-leksak Abby - Babylove Norska\",\"isPartOf\":{\"@id\":\"https:\/\/babylove.se\/no\/#website\"},\"primaryImageOfPage\":{\"@id\":\"https:\/\/babylove.se\/no\/produkt\/liewood-tre-kanin-dragleke-abby\/#primaryimage\"},\"image\":{\"@id\":\"https:\/\/babylove.se\/no\/produkt\/liewood-tre-kanin-dragleke-abby\/#primaryimage\"},\"thumbnailUrl\":\"https:\/\/babylove.se\/no\/wp-content\/uploads\/sites\/3\/2025\/07\/5bf7d6377dead.jpeg\",\"datePublished\":\"2025-07-18T19:46:12+00:00\",\"dateModified\":\"2026-04-08T07:40:54+00:00\",\"breadcrumb\":{\"@id\":\"https:\/\/babylove.se\/no\/produkt\/liewood-tre-kanin-dragleke-abby\/#breadcrumb\"},\"inLanguage\":\"nb-NO\",\"potentialAction\":[{\"@type\":\"ReadAction\",\"target\":[\"https:\/\/babylove.se\/no\/produkt\/liewood-tre-kanin-dragleke-abby\/\"]}]},{\"@type\":\"ImageObject\",\"inLanguage\":\"nb-NO\",\"@id\":\"https:\/\/babylove.se\/no\/produkt\/liewood-tre-kanin-dragleke-abby\/#primaryimage\",\"url\":\"https:\/\/babylove.se\/no\/wp-content\/uploads\/sites\/3\/2025\/07\/5bf7d6377dead.jpeg\",\"contentUrl\":\"https:\/\/babylove.se\/no\/wp-content\/uploads\/sites\/3\/2025\/07\/5bf7d6377dead.jpeg\",\"width\":750,\"height\":750},{\"@type\":\"BreadcrumbList\",\"@id\":\"https:\/\/babylove.se\/no\/produkt\/liewood-tre-kanin-dragleke-abby\/#breadcrumb\",\"itemListElement\":[{\"@type\":\"ListItem\",\"position\":1,\"name\":\"Hem\",\"item\":\"https:\/\/babylove.se\/no\/\"},{\"@type\":\"ListItem\",\"position\":2,\"name\":\"Butik\",\"item\":\"https:\/\/babylove.se\/no\/butik\/\"},{\"@type\":\"ListItem\",\"position\":3,\"name\":\"Liewood, trekanin dra-leksak Abby\"}]},{\"@type\":\"WebSite\",\"@id\":\"https:\/\/babylove.se\/no\/#website\",\"url\":\"https:\/\/babylove.se\/no\/\",\"name\":\"Babylove Norska\",\"description\":\"\",\"potentialAction\":[{\"@type\":\"SearchAction\",\"target\":{\"@type\":\"EntryPoint\",\"urlTemplate\":\"https:\/\/babylove.se\/no\/?s={search_term_string}\"},\"query-input\":{\"@type\":\"PropertyValueSpecification\",\"valueRequired\":true,\"valueName\":\"search_term_string\"}}],\"inLanguage\":\"nb-NO\"}]}<\/script>\n<meta property=\"product:brand\" content=\"Liewood\" \/>\n<meta property=\"product:price:amount\" content=\"249.00\" \/>\n<meta property=\"product:price:currency\" content=\"SEK\" \/>\n<meta property=\"og:availability\" content=\"out of stock\" \/>\n<meta property=\"product:availability\" content=\"out of stock\" \/>\n<meta property=\"product:retailer_item_id\" content=\"2222\" \/>\n<meta property=\"product:condition\" content=\"new\" \/>\n<!-- \/ Yoast SEO Premium plugin. -->","yoast_head_json":{"title":"Liewood, trekanin dra-leksak Abby - Babylove Norska","robots":{"index":"noindex","follow":"follow","max-snippet":"max-snippet:-1","max-image-preview":"max-image-preview:large","max-video-preview":"max-video-preview:-1"},"og_locale":"nb_NO","og_type":"article","og_title":"Liewood, trekanin dra-leksak Abby","og_description":"En kjempes\u00f8t og popul\u00e6r liten leke av h\u00f8yeste kvalitet fra danske Liewood. Dette kommer til \u00e5 bli en av ditt barns favorittleker som kommer til \u00e5 rulle med uansett hvor dere skal. CE-sertifisert produkt og finnes i flere fine farger, alle giftfrie. Holdes enkelt ren med en vanlig st\u00f8vklut Perfekt som gave, til bursdagen, babyshower, [&hellip;]","og_url":"https:\/\/babylove.se\/no\/produkt\/liewood-tre-kanin-dragleke-abby\/","og_site_name":"Babylove Norska","article_modified_time":"2026-04-08T07:40:54+00:00","og_image":[{"width":750,"height":750,"url":"https:\/\/babylove.se\/no\/wp-content\/uploads\/sites\/3\/2025\/07\/5bf7d6377dead.jpeg","type":"image\/jpeg"}],"twitter_card":"summary_large_image","twitter_misc":{"Price":"249,00&nbsp;&#107;&#114;","Availability":"Out of stock"},"schema":{"@context":"https:\/\/schema.org","@graph":[{"@type":"WebPage","@id":"https:\/\/babylove.se\/no\/produkt\/liewood-tre-kanin-dragleke-abby\/","url":"https:\/\/babylove.se\/no\/produkt\/liewood-tre-kanin-dragleke-abby\/","name":"Liewood, trekanin dra-leksak Abby - Babylove Norska","isPartOf":{"@id":"https:\/\/babylove.se\/no\/#website"},"primaryImageOfPage":{"@id":"https:\/\/babylove.se\/no\/produkt\/liewood-tre-kanin-dragleke-abby\/#primaryimage"},"image":{"@id":"https:\/\/babylove.se\/no\/produkt\/liewood-tre-kanin-dragleke-abby\/#primaryimage"},"thumbnailUrl":"https:\/\/babylove.se\/no\/wp-content\/uploads\/sites\/3\/2025\/07\/5bf7d6377dead.jpeg","datePublished":"2025-07-18T19:46:12+00:00","dateModified":"2026-04-08T07:40:54+00:00","breadcrumb":{"@id":"https:\/\/babylove.se\/no\/produkt\/liewood-tre-kanin-dragleke-abby\/#breadcrumb"},"inLanguage":"nb-NO","potentialAction":[{"@type":"ReadAction","target":["https:\/\/babylove.se\/no\/produkt\/liewood-tre-kanin-dragleke-abby\/"]}]},{"@type":"ImageObject","inLanguage":"nb-NO","@id":"https:\/\/babylove.se\/no\/produkt\/liewood-tre-kanin-dragleke-abby\/#primaryimage","url":"https:\/\/babylove.se\/no\/wp-content\/uploads\/sites\/3\/2025\/07\/5bf7d6377dead.jpeg","contentUrl":"https:\/\/babylove.se\/no\/wp-content\/uploads\/sites\/3\/2025\/07\/5bf7d6377dead.jpeg","width":750,"height":750},{"@type":"BreadcrumbList","@id":"https:\/\/babylove.se\/no\/produkt\/liewood-tre-kanin-dragleke-abby\/#breadcrumb","itemListElement":[{"@type":"ListItem","position":1,"name":"Hem","item":"https:\/\/babylove.se\/no\/"},{"@type":"ListItem","position":2,"name":"Butik","item":"https:\/\/babylove.se\/no\/butik\/"},{"@type":"ListItem","position":3,"name":"Liewood, trekanin dra-leksak Abby"}]},{"@type":"WebSite","@id":"https:\/\/babylove.se\/no\/#website","url":"https:\/\/babylove.se\/no\/","name":"Babylove Norska","description":"","potentialAction":[{"@type":"SearchAction","target":{"@type":"EntryPoint","urlTemplate":"https:\/\/babylove.se\/no\/?s={search_term_string}"},"query-input":{"@type":"PropertyValueSpecification","valueRequired":true,"valueName":"search_term_string"}}],"inLanguage":"nb-NO"}]},"product_brand":"Liewood","product_price_amount":"249.00","product_price_currency":"SEK","og_availability":"out of stock","product_availability":"out of stock","product_retailer_item_id":"2222","product_condition":"new"},"_links":{"self":[{"href":"https:\/\/babylove.se\/no\/wp-json\/wp\/v2\/product\/7848","targetHints":{"allow":["GET"]}}],"collection":[{"href":"https:\/\/babylove.se\/no\/wp-json\/wp\/v2\/product"}],"about":[{"href":"https:\/\/babylove.se\/no\/wp-json\/wp\/v2\/types\/product"}],"replies":[{"embeddable":true,"href":"https:\/\/babylove.se\/no\/wp-json\/wp\/v2\/comments?post=7848"}],"wp:featuredmedia":[{"embeddable":true,"href":"https:\/\/babylove.se\/no\/wp-json\/wp\/v2\/media\/7850"}],"wp:attachment":[{"href":"https:\/\/babylove.se\/no\/wp-json\/wp\/v2\/media?parent=7848"}],"wp:term":[{"taxonomy":"product_brand","embeddable":true,"href":"https:\/\/babylove.se\/no\/wp-json\/wp\/v2\/product_brand?post=7848"},{"taxonomy":"product_cat","embeddable":true,"href":"https:\/\/babylove.se\/no\/wp-json\/wp\/v2\/product_cat?post=7848"},{"taxonomy":"product_tag","embeddable":true,"href":"https:\/\/babylove.se\/no\/wp-json\/wp\/v2\/product_tag?post=7848"}],"curies":[{"name":"wp","href":"https:\/\/api.w.org\/{rel}","templated":true}]}}