{"id":7856,"date":"2025-07-18T20:46:12","date_gmt":"2025-07-18T19:46:12","guid":{"rendered":"https:\/\/babylove.se\/produkt\/liewood-puzzle-rosa-mix\/"},"modified":"2026-05-11T12:58:31","modified_gmt":"2026-05-11T11:58:31","slug":"liewood-puslespill-rosa-miks","status":"publish","type":"product","link":"https:\/\/babylove.se\/no\/produkt\/liewood-puslespill-rosa-miks\/","title":{"rendered":"Liewood, puslespill rosa mix"},"content":{"rendered":"<p>Et supers\u00f8tt lite puslespill for de aller minste, perfekt som ditt barns f\u00f8rste puslespill kanskje? Et puslespill gj\u00f8r mer nytte enn man kan tro, det trener ditt barns motorikk og tankevirksomhet, det l\u00e6rer barnet \u00e5 kjenne igjen farger og fremfor alt \u00e5 bruke sin egen kreativitet. Dette produktet er like mye leke som puslespill, og helt laget av tre gj\u00f8r den trygg og holdbar. <\/p>\n<p>Puslespillbitene er malt med farger som er helt giftfrie s\u00e5 du kan f\u00f8le deg trygg og sikker n\u00e5r ditt barn leker med dem, selv om de havner i munnen, noe som jo ikke er helt uvanlig. <\/p>\n<p>Hold puslespillet rent ved hjelp av en vanlig st\u00f8vklut. <\/p>\n<p>M\u00e5l: 24 x 22 cm<\/p>\n","protected":false},"excerpt":{"rendered":"<p>Et supers\u00f8tt lite puslespill for de aller minste, perfekt som ditt barns f\u00f8rste puslespill kanskje? Et puslespill gj\u00f8r mer nytte enn man kan tro, det trener ditt barns motorikk og tankevirksomhet, det l\u00e6rer barnet \u00e5 kjenne igjen farger og fremfor alt \u00e5 bruke sin egen kreativitet. Dette produktet er like mye leke som puslespill, og [&hellip;]<\/p>\n","protected":false},"featured_media":7858,"comment_status":"closed","ping_status":"closed","template":"","meta":{"_acf_changed":false},"product_brand":[282],"product_cat":[68,283,48,112],"product_tag":[],"class_list":{"0":"post-7856","1":"product","2":"type-product","3":"status-publish","4":"has-post-thumbnail","6":"product_brand-liewood","7":"product_cat-leker","8":"product_cat-liewood","9":"product_cat-startside","10":"product_cat-treleker","12":"first","13":"outofstock","14":"taxable","15":"shipping-taxable","16":"purchasable","17":"product-type-simple"},"acf":[],"yoast_head":"<!-- This site is optimized with the Yoast SEO Premium plugin v25.8 (Yoast SEO v27.2) - https:\/\/yoast.com\/product\/yoast-seo-premium-wordpress\/ -->\n<title>Liewood, puslespill rosa mix - Babylove Norska<\/title>\n<meta name=\"robots\" content=\"noindex, follow, max-snippet:-1, max-image-preview:large, max-video-preview:-1\" \/>\n<meta property=\"og:locale\" content=\"nb_NO\" \/>\n<meta property=\"og:type\" content=\"article\" \/>\n<meta property=\"og:title\" content=\"Liewood, puslespill rosa mix\" \/>\n<meta property=\"og:description\" content=\"Et supers\u00f8tt lite puslespill for de aller minste, perfekt som ditt barns f\u00f8rste puslespill kanskje? Et puslespill gj\u00f8r mer nytte enn man kan tro, det trener ditt barns motorikk og tankevirksomhet, det l\u00e6rer barnet \u00e5 kjenne igjen farger og fremfor alt \u00e5 bruke sin egen kreativitet. Dette produktet er like mye leke som puslespill, og [&hellip;]\" \/>\n<meta property=\"og:url\" content=\"https:\/\/babylove.se\/no\/produkt\/liewood-puslespill-rosa-miks\/\" \/>\n<meta property=\"og:site_name\" content=\"Babylove Norska\" \/>\n<meta property=\"article:modified_time\" content=\"2026-05-11T11:58:31+00:00\" \/>\n<meta property=\"og:image\" content=\"https:\/\/babylove.se\/no\/wp-content\/uploads\/sites\/3\/2025\/07\/5bf7d9b00d329.jpeg\" \/>\n\t<meta property=\"og:image:width\" content=\"750\" \/>\n\t<meta property=\"og:image:height\" content=\"750\" \/>\n\t<meta property=\"og:image:type\" content=\"image\/jpeg\" \/>\n<meta name=\"twitter:card\" content=\"summary_large_image\" \/>\n<meta name=\"twitter:label1\" content=\"Price\" \/>\n\t<meta name=\"twitter:data1\" content=\"356,00&nbsp;&#107;&#114;\" \/>\n\t<meta name=\"twitter:label2\" content=\"Availability\" \/>\n\t<meta name=\"twitter:data2\" content=\"Out of stock\" \/>\n<script type=\"application\/ld+json\" class=\"yoast-schema-graph\">{\"@context\":\"https:\/\/schema.org\",\"@graph\":[{\"@type\":\"WebPage\",\"@id\":\"https:\/\/babylove.se\/no\/produkt\/liewood-puslespill-rosa-miks\/\",\"url\":\"https:\/\/babylove.se\/no\/produkt\/liewood-puslespill-rosa-miks\/\",\"name\":\"Liewood, puslespill rosa mix - Babylove Norska\",\"isPartOf\":{\"@id\":\"https:\/\/babylove.se\/no\/#website\"},\"primaryImageOfPage\":{\"@id\":\"https:\/\/babylove.se\/no\/produkt\/liewood-puslespill-rosa-miks\/#primaryimage\"},\"image\":{\"@id\":\"https:\/\/babylove.se\/no\/produkt\/liewood-puslespill-rosa-miks\/#primaryimage\"},\"thumbnailUrl\":\"https:\/\/babylove.se\/no\/wp-content\/uploads\/sites\/3\/2025\/07\/5bf7d9b00d329.jpeg\",\"datePublished\":\"2025-07-18T19:46:12+00:00\",\"dateModified\":\"2026-05-11T11:58:31+00:00\",\"breadcrumb\":{\"@id\":\"https:\/\/babylove.se\/no\/produkt\/liewood-puslespill-rosa-miks\/#breadcrumb\"},\"inLanguage\":\"nb-NO\",\"potentialAction\":[{\"@type\":\"ReadAction\",\"target\":[\"https:\/\/babylove.se\/no\/produkt\/liewood-puslespill-rosa-miks\/\"]}]},{\"@type\":\"ImageObject\",\"inLanguage\":\"nb-NO\",\"@id\":\"https:\/\/babylove.se\/no\/produkt\/liewood-puslespill-rosa-miks\/#primaryimage\",\"url\":\"https:\/\/babylove.se\/no\/wp-content\/uploads\/sites\/3\/2025\/07\/5bf7d9b00d329.jpeg\",\"contentUrl\":\"https:\/\/babylove.se\/no\/wp-content\/uploads\/sites\/3\/2025\/07\/5bf7d9b00d329.jpeg\",\"width\":750,\"height\":750},{\"@type\":\"BreadcrumbList\",\"@id\":\"https:\/\/babylove.se\/no\/produkt\/liewood-puslespill-rosa-miks\/#breadcrumb\",\"itemListElement\":[{\"@type\":\"ListItem\",\"position\":1,\"name\":\"Hem\",\"item\":\"https:\/\/babylove.se\/no\/\"},{\"@type\":\"ListItem\",\"position\":2,\"name\":\"Butik\",\"item\":\"https:\/\/babylove.se\/no\/butik\/\"},{\"@type\":\"ListItem\",\"position\":3,\"name\":\"Liewood, puslespill rosa mix\"}]},{\"@type\":\"WebSite\",\"@id\":\"https:\/\/babylove.se\/no\/#website\",\"url\":\"https:\/\/babylove.se\/no\/\",\"name\":\"Babylove Norska\",\"description\":\"\",\"potentialAction\":[{\"@type\":\"SearchAction\",\"target\":{\"@type\":\"EntryPoint\",\"urlTemplate\":\"https:\/\/babylove.se\/no\/?s={search_term_string}\"},\"query-input\":{\"@type\":\"PropertyValueSpecification\",\"valueRequired\":true,\"valueName\":\"search_term_string\"}}],\"inLanguage\":\"nb-NO\"}]}<\/script>\n<meta property=\"product:brand\" content=\"Liewood\" \/>\n<meta property=\"product:price:amount\" content=\"356.00\" \/>\n<meta property=\"product:price:currency\" content=\"NOK\" \/>\n<meta property=\"og:availability\" content=\"out of stock\" \/>\n<meta property=\"product:availability\" content=\"out of stock\" \/>\n<meta property=\"product:retailer_item_id\" content=\"2224\" \/>\n<meta property=\"product:condition\" content=\"new\" \/>\n<!-- \/ Yoast SEO Premium plugin. -->","yoast_head_json":{"title":"Liewood, puslespill rosa mix - Babylove Norska","robots":{"index":"noindex","follow":"follow","max-snippet":"max-snippet:-1","max-image-preview":"max-image-preview:large","max-video-preview":"max-video-preview:-1"},"og_locale":"nb_NO","og_type":"article","og_title":"Liewood, puslespill rosa mix","og_description":"Et supers\u00f8tt lite puslespill for de aller minste, perfekt som ditt barns f\u00f8rste puslespill kanskje? Et puslespill gj\u00f8r mer nytte enn man kan tro, det trener ditt barns motorikk og tankevirksomhet, det l\u00e6rer barnet \u00e5 kjenne igjen farger og fremfor alt \u00e5 bruke sin egen kreativitet. Dette produktet er like mye leke som puslespill, og [&hellip;]","og_url":"https:\/\/babylove.se\/no\/produkt\/liewood-puslespill-rosa-miks\/","og_site_name":"Babylove Norska","article_modified_time":"2026-05-11T11:58:31+00:00","og_image":[{"width":750,"height":750,"url":"https:\/\/babylove.se\/no\/wp-content\/uploads\/sites\/3\/2025\/07\/5bf7d9b00d329.jpeg","type":"image\/jpeg"}],"twitter_card":"summary_large_image","twitter_misc":{"Price":"356,00&nbsp;&#107;&#114;","Availability":"Out of stock"},"schema":{"@context":"https:\/\/schema.org","@graph":[{"@type":"WebPage","@id":"https:\/\/babylove.se\/no\/produkt\/liewood-puslespill-rosa-miks\/","url":"https:\/\/babylove.se\/no\/produkt\/liewood-puslespill-rosa-miks\/","name":"Liewood, puslespill rosa mix - Babylove Norska","isPartOf":{"@id":"https:\/\/babylove.se\/no\/#website"},"primaryImageOfPage":{"@id":"https:\/\/babylove.se\/no\/produkt\/liewood-puslespill-rosa-miks\/#primaryimage"},"image":{"@id":"https:\/\/babylove.se\/no\/produkt\/liewood-puslespill-rosa-miks\/#primaryimage"},"thumbnailUrl":"https:\/\/babylove.se\/no\/wp-content\/uploads\/sites\/3\/2025\/07\/5bf7d9b00d329.jpeg","datePublished":"2025-07-18T19:46:12+00:00","dateModified":"2026-05-11T11:58:31+00:00","breadcrumb":{"@id":"https:\/\/babylove.se\/no\/produkt\/liewood-puslespill-rosa-miks\/#breadcrumb"},"inLanguage":"nb-NO","potentialAction":[{"@type":"ReadAction","target":["https:\/\/babylove.se\/no\/produkt\/liewood-puslespill-rosa-miks\/"]}]},{"@type":"ImageObject","inLanguage":"nb-NO","@id":"https:\/\/babylove.se\/no\/produkt\/liewood-puslespill-rosa-miks\/#primaryimage","url":"https:\/\/babylove.se\/no\/wp-content\/uploads\/sites\/3\/2025\/07\/5bf7d9b00d329.jpeg","contentUrl":"https:\/\/babylove.se\/no\/wp-content\/uploads\/sites\/3\/2025\/07\/5bf7d9b00d329.jpeg","width":750,"height":750},{"@type":"BreadcrumbList","@id":"https:\/\/babylove.se\/no\/produkt\/liewood-puslespill-rosa-miks\/#breadcrumb","itemListElement":[{"@type":"ListItem","position":1,"name":"Hem","item":"https:\/\/babylove.se\/no\/"},{"@type":"ListItem","position":2,"name":"Butik","item":"https:\/\/babylove.se\/no\/butik\/"},{"@type":"ListItem","position":3,"name":"Liewood, puslespill rosa mix"}]},{"@type":"WebSite","@id":"https:\/\/babylove.se\/no\/#website","url":"https:\/\/babylove.se\/no\/","name":"Babylove Norska","description":"","potentialAction":[{"@type":"SearchAction","target":{"@type":"EntryPoint","urlTemplate":"https:\/\/babylove.se\/no\/?s={search_term_string}"},"query-input":{"@type":"PropertyValueSpecification","valueRequired":true,"valueName":"search_term_string"}}],"inLanguage":"nb-NO"}]},"product_brand":"Liewood","product_price_amount":"356.00","product_price_currency":"NOK","og_availability":"out of stock","product_availability":"out of stock","product_retailer_item_id":"2224","product_condition":"new"},"_links":{"self":[{"href":"https:\/\/babylove.se\/no\/wp-json\/wp\/v2\/product\/7856","targetHints":{"allow":["GET"]}}],"collection":[{"href":"https:\/\/babylove.se\/no\/wp-json\/wp\/v2\/product"}],"about":[{"href":"https:\/\/babylove.se\/no\/wp-json\/wp\/v2\/types\/product"}],"replies":[{"embeddable":true,"href":"https:\/\/babylove.se\/no\/wp-json\/wp\/v2\/comments?post=7856"}],"wp:featuredmedia":[{"embeddable":true,"href":"https:\/\/babylove.se\/no\/wp-json\/wp\/v2\/media\/7858"}],"wp:attachment":[{"href":"https:\/\/babylove.se\/no\/wp-json\/wp\/v2\/media?parent=7856"}],"wp:term":[{"taxonomy":"product_brand","embeddable":true,"href":"https:\/\/babylove.se\/no\/wp-json\/wp\/v2\/product_brand?post=7856"},{"taxonomy":"product_cat","embeddable":true,"href":"https:\/\/babylove.se\/no\/wp-json\/wp\/v2\/product_cat?post=7856"},{"taxonomy":"product_tag","embeddable":true,"href":"https:\/\/babylove.se\/no\/wp-json\/wp\/v2\/product_tag?post=7856"}],"curies":[{"name":"wp","href":"https:\/\/api.w.org\/{rel}","templated":true}]}}