{"id":7862,"date":"2025-07-18T20:46:32","date_gmt":"2025-07-18T19:46:32","guid":{"rendered":"https:\/\/babylove.se\/produkt\/liewood-matset-barbara-i-bamboo-bjorn-mustard\/"},"modified":"2026-04-08T08:41:05","modified_gmt":"2026-04-08T07:41:05","slug":"liewood-matsett-barbara-i-bambus-bjorn-sennep","status":"publish","type":"product","link":"https:\/\/babylove.se\/no\/produkt\/liewood-matsett-barbara-i-bambus-bjorn-sennep\/","title":{"rendered":"Liewood, mattsett Barbara i bambus, Bj\u00f8rn sennep"},"content":{"rendered":"<p>Et praktisk og fint matsett fra Liewood, med sine popul\u00e6re barneprodukter. Dette matsettet inneholder fire smarte deler, en tallerken for barn, en barneskje og en barnkopp samt den smarte sk\u00e5len for barn. Ditt barn kommer til \u00e5 s\u00f8le mindre og ha det g\u00f8y n\u00e5r det spiser og drikker, optimalt for et barns m\u00e5ltid. Selvf\u00f8lgelig er Liewoods patenterte vakre dyremotiv p\u00e5 samtlige deler av dette matsettet. Optimalt n\u00e5r ditt barn skal l\u00e6re seg \u00e5 spise selv. <\/p>\n<p>M\u00e5l: Barntallerken 12,5 cm, Barnesk\u00e5l 10 cm, Barneskje 13 cm, og s\u00e5 barnkopp \u00d87,5 H8 cm<br \/>\nMateriale: 45% Bambufiber, 24,5% Maispulver, 5% Trefiber og 25% Melamin <\/p>\n<p>Kan oppvaskes i maskin uten problemer. <\/p>\n<p>Designer: <a href=\"https:\/\/babylove.se\/varumarken\/liewood\"><u>Liewood<\/u><\/a><\/p>\n","protected":false},"excerpt":{"rendered":"<p>Et praktisk og fint matsett fra Liewood, med sine popul\u00e6re barneprodukter. Dette matsettet inneholder fire smarte deler, en tallerken for barn, en barneskje og en barnkopp samt den smarte sk\u00e5len for barn. Ditt barn kommer til \u00e5 s\u00f8le mindre og ha det g\u00f8y n\u00e5r det spiser og drikker, optimalt for et barns m\u00e5ltid. Selvf\u00f8lgelig er [&hellip;]<\/p>\n","protected":false},"featured_media":7864,"comment_status":"closed","ping_status":"closed","template":"","meta":{"_acf_changed":false},"product_brand":[282],"product_cat":[92,70,90,283,48],"product_tag":[],"class_list":{"0":"post-7862","1":"product","2":"type-product","3":"status-publish","4":"has-post-thumbnail","6":"product_brand-liewood","7":"product_cat-barnbestikk-matsett","8":"product_cat-gaver","9":"product_cat-dyr","10":"product_cat-liewood","11":"product_cat-startside","13":"first","14":"outofstock","15":"taxable","16":"shipping-taxable","17":"purchasable","18":"product-type-simple"},"acf":[],"yoast_head":"<!-- This site is optimized with the Yoast SEO Premium plugin v25.8 (Yoast SEO v27.2) - https:\/\/yoast.com\/product\/yoast-seo-premium-wordpress\/ -->\n<title>Liewood, mattsett Barbara i bambus, Bj\u00f8rn sennep - Babylove Norska<\/title>\n<meta name=\"robots\" content=\"noindex, follow, max-snippet:-1, max-image-preview:large, max-video-preview:-1\" \/>\n<meta property=\"og:locale\" content=\"nb_NO\" \/>\n<meta property=\"og:type\" content=\"article\" \/>\n<meta property=\"og:title\" content=\"Liewood, mattsett Barbara i bambus, Bj\u00f8rn sennep\" \/>\n<meta property=\"og:description\" content=\"Et praktisk og fint matsett fra Liewood, med sine popul\u00e6re barneprodukter. Dette matsettet inneholder fire smarte deler, en tallerken for barn, en barneskje og en barnkopp samt den smarte sk\u00e5len for barn. Ditt barn kommer til \u00e5 s\u00f8le mindre og ha det g\u00f8y n\u00e5r det spiser og drikker, optimalt for et barns m\u00e5ltid. Selvf\u00f8lgelig er [&hellip;]\" \/>\n<meta property=\"og:url\" content=\"https:\/\/babylove.se\/no\/produkt\/liewood-matsett-barbara-i-bambus-bjorn-sennep\/\" \/>\n<meta property=\"og:site_name\" content=\"Babylove Norska\" \/>\n<meta property=\"article:modified_time\" content=\"2026-04-08T07:41:05+00:00\" \/>\n<meta property=\"og:image\" content=\"https:\/\/babylove.se\/no\/wp-content\/uploads\/sites\/3\/2025\/07\/5c082b1ba6cce.jpeg\" \/>\n\t<meta property=\"og:image:width\" content=\"600\" \/>\n\t<meta property=\"og:image:height\" content=\"600\" \/>\n\t<meta property=\"og:image:type\" content=\"image\/jpeg\" \/>\n<meta name=\"twitter:card\" content=\"summary_large_image\" \/>\n<meta name=\"twitter:label1\" content=\"Price\" \/>\n\t<meta name=\"twitter:data1\" content=\"194,25&nbsp;&#107;&#114;\" \/>\n\t<meta name=\"twitter:label2\" content=\"Availability\" \/>\n\t<meta name=\"twitter:data2\" content=\"Out of stock\" \/>\n<script type=\"application\/ld+json\" class=\"yoast-schema-graph\">{\"@context\":\"https:\/\/schema.org\",\"@graph\":[{\"@type\":\"WebPage\",\"@id\":\"https:\/\/babylove.se\/no\/produkt\/liewood-matsett-barbara-i-bambus-bjorn-sennep\/\",\"url\":\"https:\/\/babylove.se\/no\/produkt\/liewood-matsett-barbara-i-bambus-bjorn-sennep\/\",\"name\":\"Liewood, mattsett Barbara i bambus, Bj\u00f8rn sennep - Babylove Norska\",\"isPartOf\":{\"@id\":\"https:\/\/babylove.se\/no\/#website\"},\"primaryImageOfPage\":{\"@id\":\"https:\/\/babylove.se\/no\/produkt\/liewood-matsett-barbara-i-bambus-bjorn-sennep\/#primaryimage\"},\"image\":{\"@id\":\"https:\/\/babylove.se\/no\/produkt\/liewood-matsett-barbara-i-bambus-bjorn-sennep\/#primaryimage\"},\"thumbnailUrl\":\"https:\/\/babylove.se\/no\/wp-content\/uploads\/sites\/3\/2025\/07\/5c082b1ba6cce.jpeg\",\"datePublished\":\"2025-07-18T19:46:32+00:00\",\"dateModified\":\"2026-04-08T07:41:05+00:00\",\"breadcrumb\":{\"@id\":\"https:\/\/babylove.se\/no\/produkt\/liewood-matsett-barbara-i-bambus-bjorn-sennep\/#breadcrumb\"},\"inLanguage\":\"nb-NO\",\"potentialAction\":[{\"@type\":\"ReadAction\",\"target\":[\"https:\/\/babylove.se\/no\/produkt\/liewood-matsett-barbara-i-bambus-bjorn-sennep\/\"]}]},{\"@type\":\"ImageObject\",\"inLanguage\":\"nb-NO\",\"@id\":\"https:\/\/babylove.se\/no\/produkt\/liewood-matsett-barbara-i-bambus-bjorn-sennep\/#primaryimage\",\"url\":\"https:\/\/babylove.se\/no\/wp-content\/uploads\/sites\/3\/2025\/07\/5c082b1ba6cce.jpeg\",\"contentUrl\":\"https:\/\/babylove.se\/no\/wp-content\/uploads\/sites\/3\/2025\/07\/5c082b1ba6cce.jpeg\",\"width\":600,\"height\":600},{\"@type\":\"BreadcrumbList\",\"@id\":\"https:\/\/babylove.se\/no\/produkt\/liewood-matsett-barbara-i-bambus-bjorn-sennep\/#breadcrumb\",\"itemListElement\":[{\"@type\":\"ListItem\",\"position\":1,\"name\":\"Hem\",\"item\":\"https:\/\/babylove.se\/no\/\"},{\"@type\":\"ListItem\",\"position\":2,\"name\":\"Butik\",\"item\":\"https:\/\/babylove.se\/no\/butik\/\"},{\"@type\":\"ListItem\",\"position\":3,\"name\":\"Liewood, mattsett Barbara i bambus, Bj\u00f8rn sennep\"}]},{\"@type\":\"WebSite\",\"@id\":\"https:\/\/babylove.se\/no\/#website\",\"url\":\"https:\/\/babylove.se\/no\/\",\"name\":\"Babylove Norska\",\"description\":\"\",\"potentialAction\":[{\"@type\":\"SearchAction\",\"target\":{\"@type\":\"EntryPoint\",\"urlTemplate\":\"https:\/\/babylove.se\/no\/?s={search_term_string}\"},\"query-input\":{\"@type\":\"PropertyValueSpecification\",\"valueRequired\":true,\"valueName\":\"search_term_string\"}}],\"inLanguage\":\"nb-NO\"}]}<\/script>\n<meta property=\"product:brand\" content=\"Liewood\" \/>\n<meta property=\"product:price:amount\" content=\"194.25\" \/>\n<meta property=\"product:price:currency\" content=\"SEK\" \/>\n<meta property=\"og:availability\" content=\"out of stock\" \/>\n<meta property=\"product:availability\" content=\"out of stock\" \/>\n<meta property=\"product:retailer_item_id\" content=\"2226\" \/>\n<meta property=\"product:condition\" content=\"new\" \/>\n<!-- \/ Yoast SEO Premium plugin. -->","yoast_head_json":{"title":"Liewood, mattsett Barbara i bambus, Bj\u00f8rn sennep - Babylove Norska","robots":{"index":"noindex","follow":"follow","max-snippet":"max-snippet:-1","max-image-preview":"max-image-preview:large","max-video-preview":"max-video-preview:-1"},"og_locale":"nb_NO","og_type":"article","og_title":"Liewood, mattsett Barbara i bambus, Bj\u00f8rn sennep","og_description":"Et praktisk og fint matsett fra Liewood, med sine popul\u00e6re barneprodukter. Dette matsettet inneholder fire smarte deler, en tallerken for barn, en barneskje og en barnkopp samt den smarte sk\u00e5len for barn. Ditt barn kommer til \u00e5 s\u00f8le mindre og ha det g\u00f8y n\u00e5r det spiser og drikker, optimalt for et barns m\u00e5ltid. Selvf\u00f8lgelig er [&hellip;]","og_url":"https:\/\/babylove.se\/no\/produkt\/liewood-matsett-barbara-i-bambus-bjorn-sennep\/","og_site_name":"Babylove Norska","article_modified_time":"2026-04-08T07:41:05+00:00","og_image":[{"width":600,"height":600,"url":"https:\/\/babylove.se\/no\/wp-content\/uploads\/sites\/3\/2025\/07\/5c082b1ba6cce.jpeg","type":"image\/jpeg"}],"twitter_card":"summary_large_image","twitter_misc":{"Price":"194,25&nbsp;&#107;&#114;","Availability":"Out of stock"},"schema":{"@context":"https:\/\/schema.org","@graph":[{"@type":"WebPage","@id":"https:\/\/babylove.se\/no\/produkt\/liewood-matsett-barbara-i-bambus-bjorn-sennep\/","url":"https:\/\/babylove.se\/no\/produkt\/liewood-matsett-barbara-i-bambus-bjorn-sennep\/","name":"Liewood, mattsett Barbara i bambus, Bj\u00f8rn sennep - Babylove Norska","isPartOf":{"@id":"https:\/\/babylove.se\/no\/#website"},"primaryImageOfPage":{"@id":"https:\/\/babylove.se\/no\/produkt\/liewood-matsett-barbara-i-bambus-bjorn-sennep\/#primaryimage"},"image":{"@id":"https:\/\/babylove.se\/no\/produkt\/liewood-matsett-barbara-i-bambus-bjorn-sennep\/#primaryimage"},"thumbnailUrl":"https:\/\/babylove.se\/no\/wp-content\/uploads\/sites\/3\/2025\/07\/5c082b1ba6cce.jpeg","datePublished":"2025-07-18T19:46:32+00:00","dateModified":"2026-04-08T07:41:05+00:00","breadcrumb":{"@id":"https:\/\/babylove.se\/no\/produkt\/liewood-matsett-barbara-i-bambus-bjorn-sennep\/#breadcrumb"},"inLanguage":"nb-NO","potentialAction":[{"@type":"ReadAction","target":["https:\/\/babylove.se\/no\/produkt\/liewood-matsett-barbara-i-bambus-bjorn-sennep\/"]}]},{"@type":"ImageObject","inLanguage":"nb-NO","@id":"https:\/\/babylove.se\/no\/produkt\/liewood-matsett-barbara-i-bambus-bjorn-sennep\/#primaryimage","url":"https:\/\/babylove.se\/no\/wp-content\/uploads\/sites\/3\/2025\/07\/5c082b1ba6cce.jpeg","contentUrl":"https:\/\/babylove.se\/no\/wp-content\/uploads\/sites\/3\/2025\/07\/5c082b1ba6cce.jpeg","width":600,"height":600},{"@type":"BreadcrumbList","@id":"https:\/\/babylove.se\/no\/produkt\/liewood-matsett-barbara-i-bambus-bjorn-sennep\/#breadcrumb","itemListElement":[{"@type":"ListItem","position":1,"name":"Hem","item":"https:\/\/babylove.se\/no\/"},{"@type":"ListItem","position":2,"name":"Butik","item":"https:\/\/babylove.se\/no\/butik\/"},{"@type":"ListItem","position":3,"name":"Liewood, mattsett Barbara i bambus, Bj\u00f8rn sennep"}]},{"@type":"WebSite","@id":"https:\/\/babylove.se\/no\/#website","url":"https:\/\/babylove.se\/no\/","name":"Babylove Norska","description":"","potentialAction":[{"@type":"SearchAction","target":{"@type":"EntryPoint","urlTemplate":"https:\/\/babylove.se\/no\/?s={search_term_string}"},"query-input":{"@type":"PropertyValueSpecification","valueRequired":true,"valueName":"search_term_string"}}],"inLanguage":"nb-NO"}]},"product_brand":"Liewood","product_price_amount":"194.25","product_price_currency":"SEK","og_availability":"out of stock","product_availability":"out of stock","product_retailer_item_id":"2226","product_condition":"new"},"_links":{"self":[{"href":"https:\/\/babylove.se\/no\/wp-json\/wp\/v2\/product\/7862","targetHints":{"allow":["GET"]}}],"collection":[{"href":"https:\/\/babylove.se\/no\/wp-json\/wp\/v2\/product"}],"about":[{"href":"https:\/\/babylove.se\/no\/wp-json\/wp\/v2\/types\/product"}],"replies":[{"embeddable":true,"href":"https:\/\/babylove.se\/no\/wp-json\/wp\/v2\/comments?post=7862"}],"wp:featuredmedia":[{"embeddable":true,"href":"https:\/\/babylove.se\/no\/wp-json\/wp\/v2\/media\/7864"}],"wp:attachment":[{"href":"https:\/\/babylove.se\/no\/wp-json\/wp\/v2\/media?parent=7862"}],"wp:term":[{"taxonomy":"product_brand","embeddable":true,"href":"https:\/\/babylove.se\/no\/wp-json\/wp\/v2\/product_brand?post=7862"},{"taxonomy":"product_cat","embeddable":true,"href":"https:\/\/babylove.se\/no\/wp-json\/wp\/v2\/product_cat?post=7862"},{"taxonomy":"product_tag","embeddable":true,"href":"https:\/\/babylove.se\/no\/wp-json\/wp\/v2\/product_tag?post=7862"}],"curies":[{"name":"wp","href":"https:\/\/api.w.org\/{rel}","templated":true}]}}