{"id":7963,"date":"2025-07-18T20:46:50","date_gmt":"2025-07-18T19:46:50","guid":{"rendered":"https:\/\/babylove.se\/produkt\/byra-till-barnrummet-melody-skap-gra\/"},"modified":"2026-04-08T08:41:52","modified_gmt":"2026-04-08T07:41:52","slug":"byra-til-barnerommet-melody-skap-gra","status":"publish","type":"product","link":"https:\/\/babylove.se\/no\/produkt\/byra-til-barnerommet-melody-skap-gra\/","title":{"rendered":"Kommode til barnerommet, Melody skap gr\u00e5"},"content":{"rendered":"<p>En fantastisk kommode eller fint skap til barnerommet, med dette underfulle m\u00f8belet i antikk stil kommer du til \u00e5 l\u00f8fte barneroms-innredningen din til himmelsk h\u00f8yder. Lilles\u00f8steren til kommoden Charlotte som vi ogs\u00e5 tilbyr.<\/p>\n<p>Skapet er helt laget for h\u00e5nd i en gammeldags antikk stil og er helt laget av massiv furu, familiebedriften som lager disse bruker ingen raske snarveier. De b\u00f8yde trebenene er meget vakre og skaper en ekstra sjarm og magi, og sammen med de fine m\u00f8nstrene p\u00e5 d\u00f8rene og knottene i slitt gull alternativt s\u00f8lv skaper den et helhetsinntrykk som alle kommer til \u00e5 like.<\/p>\n<p>Hylleplanen er praktiske og fine, perfekt n\u00e5r du vil oppbevare kl\u00e6r eller spill og b\u00f8ker p\u00e5 en smart m\u00e5te<\/p>\n<p>Da treet som brukes har sin naturlige struktur s\u00e5 kan det oppst\u00e5 mindre avvik eller kvister som svakt synes igjennom fargen, dette skaper dog bare en gammeldags stil og er absolutt ikke til noen ulempe.<\/p>\n<p>Kommoden sendes ferdigbygget, det eneste du trenger \u00e5 gj\u00f8re er \u00e5 skru p\u00e5 benene i de borrede hullene og du er klar til \u00e5 bruke m\u00f8belet.<\/p>\n<p><strong>M\u00e5l<\/strong>:<\/p>\n<ul>\n<li>H\u00f8yde 90 cm<\/li>\n<li>Bredde 80 cm<\/li>\n<li>Dybde 40 cm<\/li>\n<\/ul>\n<p>Kommoden finnes i seks klassiske farger \u2013 hvit, gr\u00e5, dusty blue, natur, lys rosa eller i dusty pink. Da kommoden bare lages p\u00e5 bestilling s\u00e5 kan de lages i andre farger ogs\u00e5 om man \u00f8nsker det. Skapet males for h\u00e5nd for \u00e5 skape riktig f\u00f8lelse i penselstr\u00f8kene, og selvf\u00f8lgelig brukes bare giftfrie farger ved utf\u00f8relsen.<\/p>\n<p><u>Leveringstiden er 3-5 uker fra mottak av din ordre. OBS Denne varen leveres bare under l\u00f8rdager eller s\u00f8ndager, da med hjemlevering som inng\u00e5r i prisen.<\/u><\/p>\n","protected":false},"excerpt":{"rendered":"<p>En fantastisk kommode eller fint skap til barnerommet, med dette underfulle m\u00f8belet i antikk stil kommer du til \u00e5 l\u00f8fte barneroms-innredningen din til himmelsk h\u00f8yder. Lilles\u00f8steren til kommoden Charlotte som vi ogs\u00e5 tilbyr. Skapet er helt laget for h\u00e5nd i en gammeldags antikk stil og er helt laget av massiv furu, familiebedriften som lager disse [&hellip;]<\/p>\n","protected":false},"featured_media":7965,"comment_status":"closed","ping_status":"open","template":"","meta":{"_acf_changed":false},"product_brand":[366],"product_cat":[84,85,367,104,48],"product_tag":[],"class_list":{"0":"post-7963","1":"product","2":"type-product","3":"status-publish","4":"has-post-thumbnail","6":"product_brand-babyloff","7":"product_cat-babylove","8":"product_cat-bord","9":"product_cat-byra","10":"product_cat-sangbord","11":"product_cat-startside","13":"first","14":"outofstock","15":"taxable","16":"shipping-taxable","17":"purchasable","18":"product-type-simple"},"acf":[],"yoast_head":"<!-- This site is optimized with the Yoast SEO Premium plugin v25.8 (Yoast SEO v27.2) - https:\/\/yoast.com\/product\/yoast-seo-premium-wordpress\/ -->\n<title>Kommode til barnerommet, Melody skap gr\u00e5 - Babylove Norska<\/title>\n<meta name=\"robots\" content=\"noindex, follow, max-snippet:-1, max-image-preview:large, max-video-preview:-1\" \/>\n<meta property=\"og:locale\" content=\"nb_NO\" \/>\n<meta property=\"og:type\" content=\"article\" \/>\n<meta property=\"og:title\" content=\"Kommode til barnerommet, Melody skap gr\u00e5\" \/>\n<meta property=\"og:description\" content=\"En fantastisk kommode eller fint skap til barnerommet, med dette underfulle m\u00f8belet i antikk stil kommer du til \u00e5 l\u00f8fte barneroms-innredningen din til himmelsk h\u00f8yder. Lilles\u00f8steren til kommoden Charlotte som vi ogs\u00e5 tilbyr. Skapet er helt laget for h\u00e5nd i en gammeldags antikk stil og er helt laget av massiv furu, familiebedriften som lager disse [&hellip;]\" \/>\n<meta property=\"og:url\" content=\"https:\/\/babylove.se\/no\/produkt\/byra-til-barnerommet-melody-skap-gra\/\" \/>\n<meta property=\"og:site_name\" content=\"Babylove Norska\" \/>\n<meta property=\"article:modified_time\" content=\"2026-04-08T07:41:52+00:00\" \/>\n<meta property=\"og:image\" content=\"https:\/\/babylove.se\/no\/wp-content\/uploads\/sites\/3\/2025\/07\/5c29e1c200a50.jpeg\" \/>\n\t<meta property=\"og:image:width\" content=\"563\" \/>\n\t<meta property=\"og:image:height\" content=\"750\" \/>\n\t<meta property=\"og:image:type\" content=\"image\/jpeg\" \/>\n<meta name=\"twitter:card\" content=\"summary_large_image\" \/>\n<meta name=\"twitter:label1\" content=\"Price\" \/>\n\t<meta name=\"twitter:data1\" content=\"7 299,00&nbsp;&#107;&#114;\" \/>\n\t<meta name=\"twitter:label2\" content=\"Availability\" \/>\n\t<meta name=\"twitter:data2\" content=\"Out of stock\" \/>\n<script type=\"application\/ld+json\" class=\"yoast-schema-graph\">{\"@context\":\"https:\/\/schema.org\",\"@graph\":[{\"@type\":\"WebPage\",\"@id\":\"https:\/\/babylove.se\/no\/produkt\/byra-til-barnerommet-melody-skap-gra\/\",\"url\":\"https:\/\/babylove.se\/no\/produkt\/byra-til-barnerommet-melody-skap-gra\/\",\"name\":\"Kommode til barnerommet, Melody skap gr\u00e5 - Babylove Norska\",\"isPartOf\":{\"@id\":\"https:\/\/babylove.se\/no\/#website\"},\"primaryImageOfPage\":{\"@id\":\"https:\/\/babylove.se\/no\/produkt\/byra-til-barnerommet-melody-skap-gra\/#primaryimage\"},\"image\":{\"@id\":\"https:\/\/babylove.se\/no\/produkt\/byra-til-barnerommet-melody-skap-gra\/#primaryimage\"},\"thumbnailUrl\":\"https:\/\/babylove.se\/no\/wp-content\/uploads\/sites\/3\/2025\/07\/5c29e1c200a50.jpeg\",\"datePublished\":\"2025-07-18T19:46:50+00:00\",\"dateModified\":\"2026-04-08T07:41:52+00:00\",\"breadcrumb\":{\"@id\":\"https:\/\/babylove.se\/no\/produkt\/byra-til-barnerommet-melody-skap-gra\/#breadcrumb\"},\"inLanguage\":\"nb-NO\",\"potentialAction\":[{\"@type\":\"ReadAction\",\"target\":[\"https:\/\/babylove.se\/no\/produkt\/byra-til-barnerommet-melody-skap-gra\/\"]}]},{\"@type\":\"ImageObject\",\"inLanguage\":\"nb-NO\",\"@id\":\"https:\/\/babylove.se\/no\/produkt\/byra-til-barnerommet-melody-skap-gra\/#primaryimage\",\"url\":\"https:\/\/babylove.se\/no\/wp-content\/uploads\/sites\/3\/2025\/07\/5c29e1c200a50.jpeg\",\"contentUrl\":\"https:\/\/babylove.se\/no\/wp-content\/uploads\/sites\/3\/2025\/07\/5c29e1c200a50.jpeg\",\"width\":563,\"height\":750},{\"@type\":\"BreadcrumbList\",\"@id\":\"https:\/\/babylove.se\/no\/produkt\/byra-til-barnerommet-melody-skap-gra\/#breadcrumb\",\"itemListElement\":[{\"@type\":\"ListItem\",\"position\":1,\"name\":\"Hem\",\"item\":\"https:\/\/babylove.se\/no\/\"},{\"@type\":\"ListItem\",\"position\":2,\"name\":\"Butik\",\"item\":\"https:\/\/babylove.se\/no\/butik\/\"},{\"@type\":\"ListItem\",\"position\":3,\"name\":\"Kommode til barnerommet, Melody skap gr\u00e5\"}]},{\"@type\":\"WebSite\",\"@id\":\"https:\/\/babylove.se\/no\/#website\",\"url\":\"https:\/\/babylove.se\/no\/\",\"name\":\"Babylove Norska\",\"description\":\"\",\"potentialAction\":[{\"@type\":\"SearchAction\",\"target\":{\"@type\":\"EntryPoint\",\"urlTemplate\":\"https:\/\/babylove.se\/no\/?s={search_term_string}\"},\"query-input\":{\"@type\":\"PropertyValueSpecification\",\"valueRequired\":true,\"valueName\":\"search_term_string\"}}],\"inLanguage\":\"nb-NO\"}]}<\/script>\n<meta property=\"product:brand\" content=\"Babyloff\" \/>\n<meta property=\"product:price:amount\" content=\"7299.00\" \/>\n<meta property=\"product:price:currency\" content=\"SEK\" \/>\n<meta property=\"og:availability\" content=\"out of stock\" \/>\n<meta property=\"product:availability\" content=\"out of stock\" \/>\n<meta property=\"product:retailer_item_id\" content=\"2243\" \/>\n<meta property=\"product:condition\" content=\"new\" \/>\n<!-- \/ Yoast SEO Premium plugin. -->","yoast_head_json":{"title":"Kommode til barnerommet, Melody skap gr\u00e5 - Babylove Norska","robots":{"index":"noindex","follow":"follow","max-snippet":"max-snippet:-1","max-image-preview":"max-image-preview:large","max-video-preview":"max-video-preview:-1"},"og_locale":"nb_NO","og_type":"article","og_title":"Kommode til barnerommet, Melody skap gr\u00e5","og_description":"En fantastisk kommode eller fint skap til barnerommet, med dette underfulle m\u00f8belet i antikk stil kommer du til \u00e5 l\u00f8fte barneroms-innredningen din til himmelsk h\u00f8yder. Lilles\u00f8steren til kommoden Charlotte som vi ogs\u00e5 tilbyr. Skapet er helt laget for h\u00e5nd i en gammeldags antikk stil og er helt laget av massiv furu, familiebedriften som lager disse [&hellip;]","og_url":"https:\/\/babylove.se\/no\/produkt\/byra-til-barnerommet-melody-skap-gra\/","og_site_name":"Babylove Norska","article_modified_time":"2026-04-08T07:41:52+00:00","og_image":[{"width":563,"height":750,"url":"https:\/\/babylove.se\/no\/wp-content\/uploads\/sites\/3\/2025\/07\/5c29e1c200a50.jpeg","type":"image\/jpeg"}],"twitter_card":"summary_large_image","twitter_misc":{"Price":"7 299,00&nbsp;&#107;&#114;","Availability":"Out of stock"},"schema":{"@context":"https:\/\/schema.org","@graph":[{"@type":"WebPage","@id":"https:\/\/babylove.se\/no\/produkt\/byra-til-barnerommet-melody-skap-gra\/","url":"https:\/\/babylove.se\/no\/produkt\/byra-til-barnerommet-melody-skap-gra\/","name":"Kommode til barnerommet, Melody skap gr\u00e5 - Babylove Norska","isPartOf":{"@id":"https:\/\/babylove.se\/no\/#website"},"primaryImageOfPage":{"@id":"https:\/\/babylove.se\/no\/produkt\/byra-til-barnerommet-melody-skap-gra\/#primaryimage"},"image":{"@id":"https:\/\/babylove.se\/no\/produkt\/byra-til-barnerommet-melody-skap-gra\/#primaryimage"},"thumbnailUrl":"https:\/\/babylove.se\/no\/wp-content\/uploads\/sites\/3\/2025\/07\/5c29e1c200a50.jpeg","datePublished":"2025-07-18T19:46:50+00:00","dateModified":"2026-04-08T07:41:52+00:00","breadcrumb":{"@id":"https:\/\/babylove.se\/no\/produkt\/byra-til-barnerommet-melody-skap-gra\/#breadcrumb"},"inLanguage":"nb-NO","potentialAction":[{"@type":"ReadAction","target":["https:\/\/babylove.se\/no\/produkt\/byra-til-barnerommet-melody-skap-gra\/"]}]},{"@type":"ImageObject","inLanguage":"nb-NO","@id":"https:\/\/babylove.se\/no\/produkt\/byra-til-barnerommet-melody-skap-gra\/#primaryimage","url":"https:\/\/babylove.se\/no\/wp-content\/uploads\/sites\/3\/2025\/07\/5c29e1c200a50.jpeg","contentUrl":"https:\/\/babylove.se\/no\/wp-content\/uploads\/sites\/3\/2025\/07\/5c29e1c200a50.jpeg","width":563,"height":750},{"@type":"BreadcrumbList","@id":"https:\/\/babylove.se\/no\/produkt\/byra-til-barnerommet-melody-skap-gra\/#breadcrumb","itemListElement":[{"@type":"ListItem","position":1,"name":"Hem","item":"https:\/\/babylove.se\/no\/"},{"@type":"ListItem","position":2,"name":"Butik","item":"https:\/\/babylove.se\/no\/butik\/"},{"@type":"ListItem","position":3,"name":"Kommode til barnerommet, Melody skap gr\u00e5"}]},{"@type":"WebSite","@id":"https:\/\/babylove.se\/no\/#website","url":"https:\/\/babylove.se\/no\/","name":"Babylove Norska","description":"","potentialAction":[{"@type":"SearchAction","target":{"@type":"EntryPoint","urlTemplate":"https:\/\/babylove.se\/no\/?s={search_term_string}"},"query-input":{"@type":"PropertyValueSpecification","valueRequired":true,"valueName":"search_term_string"}}],"inLanguage":"nb-NO"}]},"product_brand":"Babyloff","product_price_amount":"7299.00","product_price_currency":"SEK","og_availability":"out of stock","product_availability":"out of stock","product_retailer_item_id":"2243","product_condition":"new"},"_links":{"self":[{"href":"https:\/\/babylove.se\/no\/wp-json\/wp\/v2\/product\/7963","targetHints":{"allow":["GET"]}}],"collection":[{"href":"https:\/\/babylove.se\/no\/wp-json\/wp\/v2\/product"}],"about":[{"href":"https:\/\/babylove.se\/no\/wp-json\/wp\/v2\/types\/product"}],"replies":[{"embeddable":true,"href":"https:\/\/babylove.se\/no\/wp-json\/wp\/v2\/comments?post=7963"}],"wp:featuredmedia":[{"embeddable":true,"href":"https:\/\/babylove.se\/no\/wp-json\/wp\/v2\/media\/7965"}],"wp:attachment":[{"href":"https:\/\/babylove.se\/no\/wp-json\/wp\/v2\/media?parent=7963"}],"wp:term":[{"taxonomy":"product_brand","embeddable":true,"href":"https:\/\/babylove.se\/no\/wp-json\/wp\/v2\/product_brand?post=7963"},{"taxonomy":"product_cat","embeddable":true,"href":"https:\/\/babylove.se\/no\/wp-json\/wp\/v2\/product_cat?post=7963"},{"taxonomy":"product_tag","embeddable":true,"href":"https:\/\/babylove.se\/no\/wp-json\/wp\/v2\/product_tag?post=7963"}],"curies":[{"name":"wp","href":"https:\/\/api.w.org\/{rel}","templated":true}]}}