{"id":79688,"date":"2025-11-12T13:50:59","date_gmt":"2025-11-12T12:50:59","guid":{"rendered":"https:\/\/babylove.se\/?post_type=product&#038;p=79688"},"modified":"2026-04-08T14:35:55","modified_gmt":"2026-04-08T13:35:55","slug":"oppbevaringskurv-teddy-white","status":"publish","type":"product","link":"https:\/\/babylove.se\/no\/produkt\/oppbevaringskurv-teddy-white\/","title":{"rendered":"Oppbevaringskurv teddy white"},"content":{"rendered":"<p>S\u00f8t og praktisk oppbevaringskurv som vil hjelpe deg \u00e5 holde orden samtidig som du skaper en vakker barneroms\u00adinnredning. <\/p>\n<p>Oppbevaringsboksen er firkantet og perfekt for \u00e5 oppbevare tepper, leker eller hvorfor ikke babyens bleier og vaskekluter. Praktisk, samtidig som den er en fin detalj til barneroms\u00adinnredningen. <\/p>\n<p><strong>M\u00e5l<\/strong>: 29 x 29 x 29 cm<\/p>\n","protected":false},"excerpt":{"rendered":"<p>S\u00f8t og praktisk oppbevaringskurv som vil hjelpe deg \u00e5 holde orden samtidig som du skaper en vakker barneroms\u00adinnredning. Oppbevaringsboksen er firkantet og perfekt for \u00e5 oppbevare tepper, leker eller hvorfor ikke babyens bleier og vaskekluter. Praktisk, samtidig som den er en fin detalj til barneroms\u00adinnredningen. M\u00e5l: 29 x 29 x 29 cm<\/p>\n","protected":false},"featured_media":79693,"comment_status":"closed","ping_status":"closed","template":"","meta":{"_acf_changed":false},"product_brand":[972],"product_cat":[973,922,43],"product_tag":[],"class_list":{"0":"post-79688","1":"product","2":"type-product","3":"status-publish","4":"has-post-thumbnail","6":"product_brand-atmosphera","7":"product_cat-atmosphera","8":"product_cat-nyheter","9":"product_cat-oppbevaringskurver","11":"first","12":"instock","13":"taxable","14":"shipping-taxable","15":"purchasable","16":"product-type-simple"},"acf":[],"yoast_head":"<!-- This site is optimized with the Yoast SEO Premium plugin v25.8 (Yoast SEO v27.2) - https:\/\/yoast.com\/product\/yoast-seo-premium-wordpress\/ -->\n<title>Oppbevaringskurv teddy white - Babylove Norska<\/title>\n<meta name=\"description\" content=\"Vackra f\u00f6rvaringskorgar kommer hj\u00e4lpa dig att h\u00e5lla ordning samtidigt som du skapar en vacker barnrumsinredning.\" \/>\n<meta name=\"robots\" content=\"noindex, follow, max-snippet:-1, max-image-preview:large, max-video-preview:-1\" \/>\n<meta property=\"og:locale\" content=\"nb_NO\" \/>\n<meta property=\"og:type\" content=\"article\" \/>\n<meta property=\"og:title\" content=\"Oppbevaringskurv teddy white\" \/>\n<meta property=\"og:description\" content=\"Vackra f\u00f6rvaringskorgar kommer hj\u00e4lpa dig att h\u00e5lla ordning samtidigt som du skapar en vacker barnrumsinredning.\" \/>\n<meta property=\"og:url\" content=\"https:\/\/babylove.se\/no\/produkt\/oppbevaringskurv-teddy-white\/\" \/>\n<meta property=\"og:site_name\" content=\"Babylove Norska\" \/>\n<meta property=\"article:modified_time\" content=\"2026-04-08T13:35:55+00:00\" \/>\n<meta property=\"og:image\" content=\"https:\/\/babylove.se\/no\/wp-content\/uploads\/sites\/3\/2025\/11\/227.png\" \/>\n\t<meta property=\"og:image:width\" content=\"800\" \/>\n\t<meta property=\"og:image:height\" content=\"800\" \/>\n\t<meta property=\"og:image:type\" content=\"image\/png\" \/>\n<meta name=\"twitter:card\" content=\"summary_large_image\" \/>\n<meta name=\"twitter:label1\" content=\"Price\" \/>\n\t<meta name=\"twitter:data1\" content=\"99,00&nbsp;&#107;&#114;\" \/>\n\t<meta name=\"twitter:label2\" content=\"Availability\" \/>\n\t<meta name=\"twitter:data2\" content=\"In stock\" \/>\n<script type=\"application\/ld+json\" class=\"yoast-schema-graph\">{\"@context\":\"https:\/\/schema.org\",\"@graph\":[{\"@type\":\"WebPage\",\"@id\":\"https:\/\/babylove.se\/no\/produkt\/oppbevaringskurv-teddy-white\/\",\"url\":\"https:\/\/babylove.se\/no\/produkt\/oppbevaringskurv-teddy-white\/\",\"name\":\"Oppbevaringskurv teddy white - Babylove Norska\",\"isPartOf\":{\"@id\":\"https:\/\/babylove.se\/no\/#website\"},\"primaryImageOfPage\":{\"@id\":\"https:\/\/babylove.se\/no\/produkt\/oppbevaringskurv-teddy-white\/#primaryimage\"},\"image\":{\"@id\":\"https:\/\/babylove.se\/no\/produkt\/oppbevaringskurv-teddy-white\/#primaryimage\"},\"thumbnailUrl\":\"https:\/\/babylove.se\/no\/wp-content\/uploads\/sites\/3\/2025\/11\/227.png\",\"datePublished\":\"2025-11-12T12:50:59+00:00\",\"dateModified\":\"2026-04-08T13:35:55+00:00\",\"description\":\"Vackra f\u00f6rvaringskorgar kommer hj\u00e4lpa dig att h\u00e5lla ordning samtidigt som du skapar en vacker barnrumsinredning.\",\"breadcrumb\":{\"@id\":\"https:\/\/babylove.se\/no\/produkt\/oppbevaringskurv-teddy-white\/#breadcrumb\"},\"inLanguage\":\"nb-NO\",\"potentialAction\":[{\"@type\":\"ReadAction\",\"target\":[\"https:\/\/babylove.se\/no\/produkt\/oppbevaringskurv-teddy-white\/\"]}]},{\"@type\":\"ImageObject\",\"inLanguage\":\"nb-NO\",\"@id\":\"https:\/\/babylove.se\/no\/produkt\/oppbevaringskurv-teddy-white\/#primaryimage\",\"url\":\"https:\/\/babylove.se\/no\/wp-content\/uploads\/sites\/3\/2025\/11\/227.png\",\"contentUrl\":\"https:\/\/babylove.se\/no\/wp-content\/uploads\/sites\/3\/2025\/11\/227.png\",\"width\":800,\"height\":800},{\"@type\":\"BreadcrumbList\",\"@id\":\"https:\/\/babylove.se\/no\/produkt\/oppbevaringskurv-teddy-white\/#breadcrumb\",\"itemListElement\":[{\"@type\":\"ListItem\",\"position\":1,\"name\":\"Hem\",\"item\":\"https:\/\/babylove.se\/no\/\"},{\"@type\":\"ListItem\",\"position\":2,\"name\":\"Butik\",\"item\":\"https:\/\/babylove.se\/no\/butik\/\"},{\"@type\":\"ListItem\",\"position\":3,\"name\":\"Oppbevaringskurv teddy white\"}]},{\"@type\":\"WebSite\",\"@id\":\"https:\/\/babylove.se\/no\/#website\",\"url\":\"https:\/\/babylove.se\/no\/\",\"name\":\"Babylove Norska\",\"description\":\"\",\"potentialAction\":[{\"@type\":\"SearchAction\",\"target\":{\"@type\":\"EntryPoint\",\"urlTemplate\":\"https:\/\/babylove.se\/no\/?s={search_term_string}\"},\"query-input\":{\"@type\":\"PropertyValueSpecification\",\"valueRequired\":true,\"valueName\":\"search_term_string\"}}],\"inLanguage\":\"nb-NO\"}]}<\/script>\n<meta property=\"product:brand\" content=\"Atmosphera\" \/>\n<meta property=\"product:price:amount\" content=\"99.00\" \/>\n<meta property=\"product:price:currency\" content=\"SEK\" \/>\n<meta property=\"og:availability\" content=\"instock\" \/>\n<meta property=\"product:availability\" content=\"instock\" \/>\n<meta property=\"product:retailer_item_id\" content=\"211061\" \/>\n<meta property=\"product:condition\" content=\"new\" \/>\n<!-- \/ Yoast SEO Premium plugin. -->","yoast_head_json":{"title":"Oppbevaringskurv teddy white - Babylove Norska","description":"Vackra f\u00f6rvaringskorgar kommer hj\u00e4lpa dig att h\u00e5lla ordning samtidigt som du skapar en vacker barnrumsinredning.","robots":{"index":"noindex","follow":"follow","max-snippet":"max-snippet:-1","max-image-preview":"max-image-preview:large","max-video-preview":"max-video-preview:-1"},"og_locale":"nb_NO","og_type":"article","og_title":"Oppbevaringskurv teddy white","og_description":"Vackra f\u00f6rvaringskorgar kommer hj\u00e4lpa dig att h\u00e5lla ordning samtidigt som du skapar en vacker barnrumsinredning.","og_url":"https:\/\/babylove.se\/no\/produkt\/oppbevaringskurv-teddy-white\/","og_site_name":"Babylove Norska","article_modified_time":"2026-04-08T13:35:55+00:00","og_image":[{"width":800,"height":800,"url":"https:\/\/babylove.se\/no\/wp-content\/uploads\/sites\/3\/2025\/11\/227.png","type":"image\/png"}],"twitter_card":"summary_large_image","twitter_misc":{"Price":"99,00&nbsp;&#107;&#114;","Availability":"In stock"},"schema":{"@context":"https:\/\/schema.org","@graph":[{"@type":"WebPage","@id":"https:\/\/babylove.se\/no\/produkt\/oppbevaringskurv-teddy-white\/","url":"https:\/\/babylove.se\/no\/produkt\/oppbevaringskurv-teddy-white\/","name":"Oppbevaringskurv teddy white - Babylove Norska","isPartOf":{"@id":"https:\/\/babylove.se\/no\/#website"},"primaryImageOfPage":{"@id":"https:\/\/babylove.se\/no\/produkt\/oppbevaringskurv-teddy-white\/#primaryimage"},"image":{"@id":"https:\/\/babylove.se\/no\/produkt\/oppbevaringskurv-teddy-white\/#primaryimage"},"thumbnailUrl":"https:\/\/babylove.se\/no\/wp-content\/uploads\/sites\/3\/2025\/11\/227.png","datePublished":"2025-11-12T12:50:59+00:00","dateModified":"2026-04-08T13:35:55+00:00","description":"Vackra f\u00f6rvaringskorgar kommer hj\u00e4lpa dig att h\u00e5lla ordning samtidigt som du skapar en vacker barnrumsinredning.","breadcrumb":{"@id":"https:\/\/babylove.se\/no\/produkt\/oppbevaringskurv-teddy-white\/#breadcrumb"},"inLanguage":"nb-NO","potentialAction":[{"@type":"ReadAction","target":["https:\/\/babylove.se\/no\/produkt\/oppbevaringskurv-teddy-white\/"]}]},{"@type":"ImageObject","inLanguage":"nb-NO","@id":"https:\/\/babylove.se\/no\/produkt\/oppbevaringskurv-teddy-white\/#primaryimage","url":"https:\/\/babylove.se\/no\/wp-content\/uploads\/sites\/3\/2025\/11\/227.png","contentUrl":"https:\/\/babylove.se\/no\/wp-content\/uploads\/sites\/3\/2025\/11\/227.png","width":800,"height":800},{"@type":"BreadcrumbList","@id":"https:\/\/babylove.se\/no\/produkt\/oppbevaringskurv-teddy-white\/#breadcrumb","itemListElement":[{"@type":"ListItem","position":1,"name":"Hem","item":"https:\/\/babylove.se\/no\/"},{"@type":"ListItem","position":2,"name":"Butik","item":"https:\/\/babylove.se\/no\/butik\/"},{"@type":"ListItem","position":3,"name":"Oppbevaringskurv teddy white"}]},{"@type":"WebSite","@id":"https:\/\/babylove.se\/no\/#website","url":"https:\/\/babylove.se\/no\/","name":"Babylove Norska","description":"","potentialAction":[{"@type":"SearchAction","target":{"@type":"EntryPoint","urlTemplate":"https:\/\/babylove.se\/no\/?s={search_term_string}"},"query-input":{"@type":"PropertyValueSpecification","valueRequired":true,"valueName":"search_term_string"}}],"inLanguage":"nb-NO"}]},"product_brand":"Atmosphera","product_price_amount":"99.00","product_price_currency":"SEK","og_availability":"instock","product_availability":"instock","product_retailer_item_id":"211061","product_condition":"new"},"_links":{"self":[{"href":"https:\/\/babylove.se\/no\/wp-json\/wp\/v2\/product\/79688","targetHints":{"allow":["GET"]}}],"collection":[{"href":"https:\/\/babylove.se\/no\/wp-json\/wp\/v2\/product"}],"about":[{"href":"https:\/\/babylove.se\/no\/wp-json\/wp\/v2\/types\/product"}],"replies":[{"embeddable":true,"href":"https:\/\/babylove.se\/no\/wp-json\/wp\/v2\/comments?post=79688"}],"wp:featuredmedia":[{"embeddable":true,"href":"https:\/\/babylove.se\/no\/wp-json\/wp\/v2\/media\/79693"}],"wp:attachment":[{"href":"https:\/\/babylove.se\/no\/wp-json\/wp\/v2\/media?parent=79688"}],"wp:term":[{"taxonomy":"product_brand","embeddable":true,"href":"https:\/\/babylove.se\/no\/wp-json\/wp\/v2\/product_brand?post=79688"},{"taxonomy":"product_cat","embeddable":true,"href":"https:\/\/babylove.se\/no\/wp-json\/wp\/v2\/product_cat?post=79688"},{"taxonomy":"product_tag","embeddable":true,"href":"https:\/\/babylove.se\/no\/wp-json\/wp\/v2\/product_tag?post=79688"}],"curies":[{"name":"wp","href":"https:\/\/api.w.org\/{rel}","templated":true}]}}