{"id":79699,"date":"2025-11-12T14:08:01","date_gmt":"2025-11-12T13:08:01","guid":{"rendered":"https:\/\/babylove.se\/?post_type=product&#038;p=79699"},"modified":"2026-04-08T14:36:01","modified_gmt":"2026-04-08T13:36:01","slug":"oppbevaringskorger-sirkus-for-barnerommet-2-pack","status":"publish","type":"product","link":"https:\/\/babylove.se\/no\/produkt\/oppbevaringskorger-sirkus-for-barnerommet-2-pack\/","title":{"rendered":"Oppbevaringskurver sirkus for barnerommet 2-pakk,"},"content":{"rendered":"<p data-start=\"85\" data-end=\"149\"><strong data-start=\"85\" data-end=\"147\">Naturlige og funksjonelle oppbevaringskurver for barnerommet<\/strong><\/p>\n<p data-start=\"151\" data-end=\"277\">Settet med to kurver er en varm og sjarmerende oppbevaringsl\u00f8sning som passer perfekt p\u00e5 barnerommet.<\/p>\n<p data-start=\"279\" data-end=\"584\">Kurvene er laget av flettet papir med en stabil ramme av st\u00f8pejern og kommer i to forskjellige st\u00f8rrelser. De har praktiske lokk med h\u00e5ndtak som gj\u00f8r dem enkle \u00e5 \u00e5pne og flytte ved behov. Takket v\u00e6re sitt fine tofargede design fungerer de like godt som dekorative innslag som til smart lekeoppbevaring.<\/p>\n<p data-start=\"586\" data-end=\"806\">Plasser dem p\u00e5 gulvet eller p\u00e5 en hylle \u2013 uansett hvor du setter dem bidrar de til en naturlig og harmonisk f\u00f8lelse i rommet.<\/p>\n<p data-start=\"808\" data-end=\"823\"><strong data-start=\"808\" data-end=\"821\">Detaljer:<\/strong><\/p>\n<ul data-start=\"824\" data-end=\"917\">\n<li data-start=\"824\" data-end=\"870\">\n<p data-start=\"826\" data-end=\"870\">Material: Flettet papir, ramme i st\u00f8pejern<\/p>\n<\/li>\n<li data-start=\"871\" data-end=\"891\">\n<p data-start=\"873\" data-end=\"891\">Lokk med h\u00e5ndtak<\/p>\n<\/li>\n<\/ul>\n","protected":false},"excerpt":{"rendered":"<p>Naturlige og funksjonelle oppbevaringskurver for barnerommet Settet med to kurver er en varm og sjarmerende oppbevaringsl\u00f8sning som passer perfekt p\u00e5 barnerommet. Kurvene er laget av flettet papir med en stabil ramme av st\u00f8pejern og kommer i to forskjellige st\u00f8rrelser. De har praktiske lokk med h\u00e5ndtak som gj\u00f8r dem enkle \u00e5 \u00e5pne og flytte ved behov. [&hellip;]<\/p>\n","protected":false},"featured_media":79707,"comment_status":"closed","ping_status":"closed","template":"","meta":{"_acf_changed":false},"product_brand":[972],"product_cat":[973,922,43,48],"product_tag":[],"class_list":{"0":"post-79699","1":"product","2":"type-product","3":"status-publish","4":"has-post-thumbnail","6":"product_brand-atmosphera","7":"product_cat-atmosphera","8":"product_cat-nyheter","9":"product_cat-oppbevaringskurver","10":"product_cat-startside","12":"first","13":"instock","14":"taxable","15":"shipping-taxable","16":"purchasable","17":"product-type-simple"},"acf":[],"yoast_head":"<!-- This site is optimized with the Yoast SEO Premium plugin v25.8 (Yoast SEO v27.2) - https:\/\/yoast.com\/product\/yoast-seo-premium-wordpress\/ -->\n<title>Oppbevaringskurver sirkus for barnerommet 2-pakk, - Babylove Norska<\/title>\n<meta name=\"robots\" content=\"noindex, follow, max-snippet:-1, max-image-preview:large, max-video-preview:-1\" \/>\n<meta property=\"og:locale\" content=\"nb_NO\" \/>\n<meta property=\"og:type\" content=\"article\" \/>\n<meta property=\"og:title\" content=\"Oppbevaringskurver sirkus for barnerommet 2-pakk,\" \/>\n<meta property=\"og:description\" content=\"Naturlige og funksjonelle oppbevaringskurver for barnerommet Settet med to kurver er en varm og sjarmerende oppbevaringsl\u00f8sning som passer perfekt p\u00e5 barnerommet. Kurvene er laget av flettet papir med en stabil ramme av st\u00f8pejern og kommer i to forskjellige st\u00f8rrelser. De har praktiske lokk med h\u00e5ndtak som gj\u00f8r dem enkle \u00e5 \u00e5pne og flytte ved behov. [&hellip;]\" \/>\n<meta property=\"og:url\" content=\"https:\/\/babylove.se\/no\/produkt\/oppbevaringskorger-sirkus-for-barnerommet-2-pack\/\" \/>\n<meta property=\"og:site_name\" content=\"Babylove Norska\" \/>\n<meta property=\"article:modified_time\" content=\"2026-04-08T13:36:01+00:00\" \/>\n<meta property=\"og:image\" content=\"https:\/\/babylove.se\/no\/wp-content\/uploads\/sites\/3\/2025\/11\/Produkter-9.png\" \/>\n\t<meta property=\"og:image:width\" content=\"800\" \/>\n\t<meta property=\"og:image:height\" content=\"800\" \/>\n\t<meta property=\"og:image:type\" content=\"image\/png\" \/>\n<meta name=\"twitter:card\" content=\"summary_large_image\" \/>\n<meta name=\"twitter:label1\" content=\"Price\" \/>\n\t<meta name=\"twitter:data1\" content=\"899,00&nbsp;&#107;&#114;\" \/>\n\t<meta name=\"twitter:label2\" content=\"Availability\" \/>\n\t<meta name=\"twitter:data2\" content=\"In stock\" \/>\n<script type=\"application\/ld+json\" class=\"yoast-schema-graph\">{\"@context\":\"https:\/\/schema.org\",\"@graph\":[{\"@type\":\"WebPage\",\"@id\":\"https:\/\/babylove.se\/no\/produkt\/oppbevaringskorger-sirkus-for-barnerommet-2-pack\/\",\"url\":\"https:\/\/babylove.se\/no\/produkt\/oppbevaringskorger-sirkus-for-barnerommet-2-pack\/\",\"name\":\"Oppbevaringskurver sirkus for barnerommet 2-pakk, - Babylove Norska\",\"isPartOf\":{\"@id\":\"https:\/\/babylove.se\/no\/#website\"},\"primaryImageOfPage\":{\"@id\":\"https:\/\/babylove.se\/no\/produkt\/oppbevaringskorger-sirkus-for-barnerommet-2-pack\/#primaryimage\"},\"image\":{\"@id\":\"https:\/\/babylove.se\/no\/produkt\/oppbevaringskorger-sirkus-for-barnerommet-2-pack\/#primaryimage\"},\"thumbnailUrl\":\"https:\/\/babylove.se\/no\/wp-content\/uploads\/sites\/3\/2025\/11\/Produkter-9.png\",\"datePublished\":\"2025-11-12T13:08:01+00:00\",\"dateModified\":\"2026-04-08T13:36:01+00:00\",\"breadcrumb\":{\"@id\":\"https:\/\/babylove.se\/no\/produkt\/oppbevaringskorger-sirkus-for-barnerommet-2-pack\/#breadcrumb\"},\"inLanguage\":\"nb-NO\",\"potentialAction\":[{\"@type\":\"ReadAction\",\"target\":[\"https:\/\/babylove.se\/no\/produkt\/oppbevaringskorger-sirkus-for-barnerommet-2-pack\/\"]}]},{\"@type\":\"ImageObject\",\"inLanguage\":\"nb-NO\",\"@id\":\"https:\/\/babylove.se\/no\/produkt\/oppbevaringskorger-sirkus-for-barnerommet-2-pack\/#primaryimage\",\"url\":\"https:\/\/babylove.se\/no\/wp-content\/uploads\/sites\/3\/2025\/11\/Produkter-9.png\",\"contentUrl\":\"https:\/\/babylove.se\/no\/wp-content\/uploads\/sites\/3\/2025\/11\/Produkter-9.png\",\"width\":800,\"height\":800},{\"@type\":\"BreadcrumbList\",\"@id\":\"https:\/\/babylove.se\/no\/produkt\/oppbevaringskorger-sirkus-for-barnerommet-2-pack\/#breadcrumb\",\"itemListElement\":[{\"@type\":\"ListItem\",\"position\":1,\"name\":\"Hem\",\"item\":\"https:\/\/babylove.se\/no\/\"},{\"@type\":\"ListItem\",\"position\":2,\"name\":\"Butik\",\"item\":\"https:\/\/babylove.se\/no\/butik\/\"},{\"@type\":\"ListItem\",\"position\":3,\"name\":\"Oppbevaringskurver sirkus for barnerommet 2-pakk,\"}]},{\"@type\":\"WebSite\",\"@id\":\"https:\/\/babylove.se\/no\/#website\",\"url\":\"https:\/\/babylove.se\/no\/\",\"name\":\"Babylove Norska\",\"description\":\"\",\"potentialAction\":[{\"@type\":\"SearchAction\",\"target\":{\"@type\":\"EntryPoint\",\"urlTemplate\":\"https:\/\/babylove.se\/no\/?s={search_term_string}\"},\"query-input\":{\"@type\":\"PropertyValueSpecification\",\"valueRequired\":true,\"valueName\":\"search_term_string\"}}],\"inLanguage\":\"nb-NO\"}]}<\/script>\n<meta property=\"product:brand\" content=\"Atmosphera\" \/>\n<meta property=\"product:price:amount\" content=\"899.00\" \/>\n<meta property=\"product:price:currency\" content=\"SEK\" \/>\n<meta property=\"og:availability\" content=\"instock\" \/>\n<meta property=\"product:availability\" content=\"instock\" \/>\n<meta property=\"product:retailer_item_id\" content=\"211027\" \/>\n<meta property=\"product:condition\" content=\"new\" \/>\n<!-- \/ Yoast SEO Premium plugin. -->","yoast_head_json":{"title":"Oppbevaringskurver sirkus for barnerommet 2-pakk, - Babylove Norska","robots":{"index":"noindex","follow":"follow","max-snippet":"max-snippet:-1","max-image-preview":"max-image-preview:large","max-video-preview":"max-video-preview:-1"},"og_locale":"nb_NO","og_type":"article","og_title":"Oppbevaringskurver sirkus for barnerommet 2-pakk,","og_description":"Naturlige og funksjonelle oppbevaringskurver for barnerommet Settet med to kurver er en varm og sjarmerende oppbevaringsl\u00f8sning som passer perfekt p\u00e5 barnerommet. Kurvene er laget av flettet papir med en stabil ramme av st\u00f8pejern og kommer i to forskjellige st\u00f8rrelser. De har praktiske lokk med h\u00e5ndtak som gj\u00f8r dem enkle \u00e5 \u00e5pne og flytte ved behov. [&hellip;]","og_url":"https:\/\/babylove.se\/no\/produkt\/oppbevaringskorger-sirkus-for-barnerommet-2-pack\/","og_site_name":"Babylove Norska","article_modified_time":"2026-04-08T13:36:01+00:00","og_image":[{"width":800,"height":800,"url":"https:\/\/babylove.se\/no\/wp-content\/uploads\/sites\/3\/2025\/11\/Produkter-9.png","type":"image\/png"}],"twitter_card":"summary_large_image","twitter_misc":{"Price":"899,00&nbsp;&#107;&#114;","Availability":"In stock"},"schema":{"@context":"https:\/\/schema.org","@graph":[{"@type":"WebPage","@id":"https:\/\/babylove.se\/no\/produkt\/oppbevaringskorger-sirkus-for-barnerommet-2-pack\/","url":"https:\/\/babylove.se\/no\/produkt\/oppbevaringskorger-sirkus-for-barnerommet-2-pack\/","name":"Oppbevaringskurver sirkus for barnerommet 2-pakk, - Babylove Norska","isPartOf":{"@id":"https:\/\/babylove.se\/no\/#website"},"primaryImageOfPage":{"@id":"https:\/\/babylove.se\/no\/produkt\/oppbevaringskorger-sirkus-for-barnerommet-2-pack\/#primaryimage"},"image":{"@id":"https:\/\/babylove.se\/no\/produkt\/oppbevaringskorger-sirkus-for-barnerommet-2-pack\/#primaryimage"},"thumbnailUrl":"https:\/\/babylove.se\/no\/wp-content\/uploads\/sites\/3\/2025\/11\/Produkter-9.png","datePublished":"2025-11-12T13:08:01+00:00","dateModified":"2026-04-08T13:36:01+00:00","breadcrumb":{"@id":"https:\/\/babylove.se\/no\/produkt\/oppbevaringskorger-sirkus-for-barnerommet-2-pack\/#breadcrumb"},"inLanguage":"nb-NO","potentialAction":[{"@type":"ReadAction","target":["https:\/\/babylove.se\/no\/produkt\/oppbevaringskorger-sirkus-for-barnerommet-2-pack\/"]}]},{"@type":"ImageObject","inLanguage":"nb-NO","@id":"https:\/\/babylove.se\/no\/produkt\/oppbevaringskorger-sirkus-for-barnerommet-2-pack\/#primaryimage","url":"https:\/\/babylove.se\/no\/wp-content\/uploads\/sites\/3\/2025\/11\/Produkter-9.png","contentUrl":"https:\/\/babylove.se\/no\/wp-content\/uploads\/sites\/3\/2025\/11\/Produkter-9.png","width":800,"height":800},{"@type":"BreadcrumbList","@id":"https:\/\/babylove.se\/no\/produkt\/oppbevaringskorger-sirkus-for-barnerommet-2-pack\/#breadcrumb","itemListElement":[{"@type":"ListItem","position":1,"name":"Hem","item":"https:\/\/babylove.se\/no\/"},{"@type":"ListItem","position":2,"name":"Butik","item":"https:\/\/babylove.se\/no\/butik\/"},{"@type":"ListItem","position":3,"name":"Oppbevaringskurver sirkus for barnerommet 2-pakk,"}]},{"@type":"WebSite","@id":"https:\/\/babylove.se\/no\/#website","url":"https:\/\/babylove.se\/no\/","name":"Babylove Norska","description":"","potentialAction":[{"@type":"SearchAction","target":{"@type":"EntryPoint","urlTemplate":"https:\/\/babylove.se\/no\/?s={search_term_string}"},"query-input":{"@type":"PropertyValueSpecification","valueRequired":true,"valueName":"search_term_string"}}],"inLanguage":"nb-NO"}]},"product_brand":"Atmosphera","product_price_amount":"899.00","product_price_currency":"SEK","og_availability":"instock","product_availability":"instock","product_retailer_item_id":"211027","product_condition":"new"},"_links":{"self":[{"href":"https:\/\/babylove.se\/no\/wp-json\/wp\/v2\/product\/79699","targetHints":{"allow":["GET"]}}],"collection":[{"href":"https:\/\/babylove.se\/no\/wp-json\/wp\/v2\/product"}],"about":[{"href":"https:\/\/babylove.se\/no\/wp-json\/wp\/v2\/types\/product"}],"replies":[{"embeddable":true,"href":"https:\/\/babylove.se\/no\/wp-json\/wp\/v2\/comments?post=79699"}],"wp:featuredmedia":[{"embeddable":true,"href":"https:\/\/babylove.se\/no\/wp-json\/wp\/v2\/media\/79707"}],"wp:attachment":[{"href":"https:\/\/babylove.se\/no\/wp-json\/wp\/v2\/media?parent=79699"}],"wp:term":[{"taxonomy":"product_brand","embeddable":true,"href":"https:\/\/babylove.se\/no\/wp-json\/wp\/v2\/product_brand?post=79699"},{"taxonomy":"product_cat","embeddable":true,"href":"https:\/\/babylove.se\/no\/wp-json\/wp\/v2\/product_cat?post=79699"},{"taxonomy":"product_tag","embeddable":true,"href":"https:\/\/babylove.se\/no\/wp-json\/wp\/v2\/product_tag?post=79699"}],"curies":[{"name":"wp","href":"https:\/\/api.w.org\/{rel}","templated":true}]}}