{"id":79716,"date":"2025-11-12T14:33:30","date_gmt":"2025-11-12T13:33:30","guid":{"rendered":"https:\/\/babylove.se\/?post_type=product&#038;p=79716"},"modified":"2026-04-08T14:36:04","modified_gmt":"2026-04-08T13:36:04","slug":"oppbevaringshylle-med-4-hylleplaner-bako","status":"publish","type":"product","link":"https:\/\/babylove.se\/no\/produkt\/oppbevaringshylle-med-4-hylleplaner-bako\/","title":{"rendered":"Oppbevaringshylle med 4 hylleplaner- bako"},"content":{"rendered":"<p data-start=\"80\" data-end=\"131\">Praktisk og lekende oppbevaring for barnerommet<\/p>\n<p data-start=\"133\" data-end=\"263\">Oppbevaringshylle med 4 hylleplaner- bako er en smart og plassbesparende oppbevaringsm\u00f8bel som hjelper barnet med \u00e5 holde orden p\u00e5 tingene sine.<\/p>\n<p data-start=\"265\" data-end=\"632\">M\u00f8belet er utformet i barnevennlig h\u00f8yde og har en ramme i furu med en vertikal design formet som et lite hus. Den har fire oppbevaringsniv\u00e5er med uttrekkbare skuffer som holdes sikkert p\u00e5 plass takket v\u00e6re et innebygd sikkerhetssystem som forhindrer at de faller ut n\u00e5r de er tungt lastet. \u00d8verst er det en hylle som passer perfekt for sm\u00e5 dekorasjoner eller favorittgjenstander.<\/p>\n<p data-start=\"634\" data-end=\"858\">De romslige skuffene rommer leker, b\u00f8ker og spill og frigj\u00f8r verdifullt lekeareal. Bako kombinerer funksjon, sikkerhet og lekende design.<\/p>\n<p data-start=\"860\" data-end=\"875\"><strong data-start=\"860\" data-end=\"873\">Detaljer:<\/strong><\/p>\n<ul data-start=\"876\" data-end=\"1088\">\n<li data-start=\"876\" data-end=\"897\">\n<p data-start=\"878\" data-end=\"897\">Materiale: Furutre<\/p>\n<\/li>\n<li data-start=\"898\" data-end=\"931\">\n<p data-start=\"900\" data-end=\"931\">4 oppbevaringsskuffer og 1 hylle<\/p>\n<\/li>\n<li data-start=\"932\" data-end=\"951\">\n<p data-start=\"934\" data-end=\"951\">Barnevennlig h\u00f8yde<\/p>\n<\/li>\n<li data-start=\"952\" data-end=\"1011\">\n<p data-start=\"954\" data-end=\"1011\">Sikkerhetsfunksjon som hindrer skuffene i \u00e5 falle ut<\/p>\n<\/li>\n<li data-start=\"1012\" data-end=\"1062\">\n<p data-start=\"1014\" data-end=\"1062\">En skuff rommer ca 8 liter (37,5 \u00d7 29 \u00d7 9,5 cm)<\/p>\n<\/li>\n<li data-start=\"1063\" data-end=\"1088\">\n<p data-start=\"1065\" data-end=\"1088\">Maks belastning: 17 kg<\/p>\n<\/li>\n<li data-start=\"1063\" data-end=\"1088\">M\u00e5l : L.43 x B.30 x H.94,5 cm<\/li>\n<\/ul>\n","protected":false},"excerpt":{"rendered":"<p>Praktisk og lekende oppbevaring for barnerommet Oppbevaringshylle med 4 hylleplaner- bako er en smart og plassbesparende oppbevaringsm\u00f8bel som hjelper barnet med \u00e5 holde orden p\u00e5 tingene sine. M\u00f8belet er utformet i barnevennlig h\u00f8yde og har en ramme i furu med en vertikal design formet som et lite hus. Den har fire oppbevaringsniv\u00e5er med uttrekkbare skuffer [&hellip;]<\/p>\n","protected":false},"featured_media":79717,"comment_status":"closed","ping_status":"closed","template":"","meta":{"_acf_changed":false},"product_brand":[972],"product_cat":[973,147,146,89,87,922,43,838],"product_tag":[],"class_list":{"0":"post-79716","1":"product","2":"type-product","3":"status-publish","4":"has-post-thumbnail","6":"product_brand-atmosphera","7":"product_cat-atmosphera","8":"product_cat-back-to-school","9":"product_cat-bokoppbevaring","10":"product_cat-dukkehus","11":"product_cat-hyller","12":"product_cat-nyheter","13":"product_cat-oppbevaringskurver","14":"product_cat-skap","16":"first","17":"instock","18":"taxable","19":"shipping-taxable","20":"purchasable","21":"product-type-simple"},"acf":[],"yoast_head":"<!-- This site is optimized with the Yoast SEO Premium plugin v25.8 (Yoast SEO v27.2) - https:\/\/yoast.com\/product\/yoast-seo-premium-wordpress\/ -->\n<title>Oppbevaringshylle med 4 hylleplaner- bako - Babylove Norska<\/title>\n<meta name=\"robots\" content=\"noindex, follow, max-snippet:-1, max-image-preview:large, max-video-preview:-1\" \/>\n<meta property=\"og:locale\" content=\"nb_NO\" \/>\n<meta property=\"og:type\" content=\"article\" \/>\n<meta property=\"og:title\" content=\"Oppbevaringshylle med 4 hylleplaner- bako\" \/>\n<meta property=\"og:description\" content=\"Praktisk og lekende oppbevaring for barnerommet Oppbevaringshylle med 4 hylleplaner- bako er en smart og plassbesparende oppbevaringsm\u00f8bel som hjelper barnet med \u00e5 holde orden p\u00e5 tingene sine. M\u00f8belet er utformet i barnevennlig h\u00f8yde og har en ramme i furu med en vertikal design formet som et lite hus. Den har fire oppbevaringsniv\u00e5er med uttrekkbare skuffer [&hellip;]\" \/>\n<meta property=\"og:url\" content=\"https:\/\/babylove.se\/no\/produkt\/oppbevaringshylle-med-4-hylleplaner-bako\/\" \/>\n<meta property=\"og:site_name\" content=\"Babylove Norska\" \/>\n<meta property=\"article:modified_time\" content=\"2026-04-08T13:36:04+00:00\" \/>\n<meta property=\"og:image\" content=\"https:\/\/babylove.se\/no\/wp-content\/uploads\/sites\/3\/2025\/11\/235.png\" \/>\n\t<meta property=\"og:image:width\" content=\"800\" \/>\n\t<meta property=\"og:image:height\" content=\"800\" \/>\n\t<meta property=\"og:image:type\" content=\"image\/png\" \/>\n<meta name=\"twitter:card\" content=\"summary_large_image\" \/>\n<meta name=\"twitter:label1\" content=\"Price\" \/>\n\t<meta name=\"twitter:data1\" content=\"999,00&nbsp;&#107;&#114;\" \/>\n\t<meta name=\"twitter:label2\" content=\"Availability\" \/>\n\t<meta name=\"twitter:data2\" content=\"In stock\" \/>\n<script type=\"application\/ld+json\" class=\"yoast-schema-graph\">{\"@context\":\"https:\/\/schema.org\",\"@graph\":[{\"@type\":\"WebPage\",\"@id\":\"https:\/\/babylove.se\/no\/produkt\/oppbevaringshylle-med-4-hylleplaner-bako\/\",\"url\":\"https:\/\/babylove.se\/no\/produkt\/oppbevaringshylle-med-4-hylleplaner-bako\/\",\"name\":\"Oppbevaringshylle med 4 hylleplaner- bako - Babylove Norska\",\"isPartOf\":{\"@id\":\"https:\/\/babylove.se\/no\/#website\"},\"primaryImageOfPage\":{\"@id\":\"https:\/\/babylove.se\/no\/produkt\/oppbevaringshylle-med-4-hylleplaner-bako\/#primaryimage\"},\"image\":{\"@id\":\"https:\/\/babylove.se\/no\/produkt\/oppbevaringshylle-med-4-hylleplaner-bako\/#primaryimage\"},\"thumbnailUrl\":\"https:\/\/babylove.se\/no\/wp-content\/uploads\/sites\/3\/2025\/11\/235.png\",\"datePublished\":\"2025-11-12T13:33:30+00:00\",\"dateModified\":\"2026-04-08T13:36:04+00:00\",\"breadcrumb\":{\"@id\":\"https:\/\/babylove.se\/no\/produkt\/oppbevaringshylle-med-4-hylleplaner-bako\/#breadcrumb\"},\"inLanguage\":\"nb-NO\",\"potentialAction\":[{\"@type\":\"ReadAction\",\"target\":[\"https:\/\/babylove.se\/no\/produkt\/oppbevaringshylle-med-4-hylleplaner-bako\/\"]}]},{\"@type\":\"ImageObject\",\"inLanguage\":\"nb-NO\",\"@id\":\"https:\/\/babylove.se\/no\/produkt\/oppbevaringshylle-med-4-hylleplaner-bako\/#primaryimage\",\"url\":\"https:\/\/babylove.se\/no\/wp-content\/uploads\/sites\/3\/2025\/11\/235.png\",\"contentUrl\":\"https:\/\/babylove.se\/no\/wp-content\/uploads\/sites\/3\/2025\/11\/235.png\",\"width\":800,\"height\":800},{\"@type\":\"BreadcrumbList\",\"@id\":\"https:\/\/babylove.se\/no\/produkt\/oppbevaringshylle-med-4-hylleplaner-bako\/#breadcrumb\",\"itemListElement\":[{\"@type\":\"ListItem\",\"position\":1,\"name\":\"Hem\",\"item\":\"https:\/\/babylove.se\/no\/\"},{\"@type\":\"ListItem\",\"position\":2,\"name\":\"Butik\",\"item\":\"https:\/\/babylove.se\/no\/butik\/\"},{\"@type\":\"ListItem\",\"position\":3,\"name\":\"Oppbevaringshylle med 4 hylleplaner- bako\"}]},{\"@type\":\"WebSite\",\"@id\":\"https:\/\/babylove.se\/no\/#website\",\"url\":\"https:\/\/babylove.se\/no\/\",\"name\":\"Babylove Norska\",\"description\":\"\",\"potentialAction\":[{\"@type\":\"SearchAction\",\"target\":{\"@type\":\"EntryPoint\",\"urlTemplate\":\"https:\/\/babylove.se\/no\/?s={search_term_string}\"},\"query-input\":{\"@type\":\"PropertyValueSpecification\",\"valueRequired\":true,\"valueName\":\"search_term_string\"}}],\"inLanguage\":\"nb-NO\"}]}<\/script>\n<meta property=\"product:brand\" content=\"Atmosphera\" \/>\n<meta property=\"product:price:amount\" content=\"999.00\" \/>\n<meta property=\"product:price:currency\" content=\"SEK\" \/>\n<meta property=\"og:availability\" content=\"instock\" \/>\n<meta property=\"product:availability\" content=\"instock\" \/>\n<meta property=\"product:retailer_item_id\" content=\"211037\" \/>\n<meta property=\"product:condition\" content=\"new\" \/>\n<!-- \/ Yoast SEO Premium plugin. -->","yoast_head_json":{"title":"Oppbevaringshylle med 4 hylleplaner- bako - Babylove Norska","robots":{"index":"noindex","follow":"follow","max-snippet":"max-snippet:-1","max-image-preview":"max-image-preview:large","max-video-preview":"max-video-preview:-1"},"og_locale":"nb_NO","og_type":"article","og_title":"Oppbevaringshylle med 4 hylleplaner- bako","og_description":"Praktisk og lekende oppbevaring for barnerommet Oppbevaringshylle med 4 hylleplaner- bako er en smart og plassbesparende oppbevaringsm\u00f8bel som hjelper barnet med \u00e5 holde orden p\u00e5 tingene sine. M\u00f8belet er utformet i barnevennlig h\u00f8yde og har en ramme i furu med en vertikal design formet som et lite hus. Den har fire oppbevaringsniv\u00e5er med uttrekkbare skuffer [&hellip;]","og_url":"https:\/\/babylove.se\/no\/produkt\/oppbevaringshylle-med-4-hylleplaner-bako\/","og_site_name":"Babylove Norska","article_modified_time":"2026-04-08T13:36:04+00:00","og_image":[{"width":800,"height":800,"url":"https:\/\/babylove.se\/no\/wp-content\/uploads\/sites\/3\/2025\/11\/235.png","type":"image\/png"}],"twitter_card":"summary_large_image","twitter_misc":{"Price":"999,00&nbsp;&#107;&#114;","Availability":"In stock"},"schema":{"@context":"https:\/\/schema.org","@graph":[{"@type":"WebPage","@id":"https:\/\/babylove.se\/no\/produkt\/oppbevaringshylle-med-4-hylleplaner-bako\/","url":"https:\/\/babylove.se\/no\/produkt\/oppbevaringshylle-med-4-hylleplaner-bako\/","name":"Oppbevaringshylle med 4 hylleplaner- bako - Babylove Norska","isPartOf":{"@id":"https:\/\/babylove.se\/no\/#website"},"primaryImageOfPage":{"@id":"https:\/\/babylove.se\/no\/produkt\/oppbevaringshylle-med-4-hylleplaner-bako\/#primaryimage"},"image":{"@id":"https:\/\/babylove.se\/no\/produkt\/oppbevaringshylle-med-4-hylleplaner-bako\/#primaryimage"},"thumbnailUrl":"https:\/\/babylove.se\/no\/wp-content\/uploads\/sites\/3\/2025\/11\/235.png","datePublished":"2025-11-12T13:33:30+00:00","dateModified":"2026-04-08T13:36:04+00:00","breadcrumb":{"@id":"https:\/\/babylove.se\/no\/produkt\/oppbevaringshylle-med-4-hylleplaner-bako\/#breadcrumb"},"inLanguage":"nb-NO","potentialAction":[{"@type":"ReadAction","target":["https:\/\/babylove.se\/no\/produkt\/oppbevaringshylle-med-4-hylleplaner-bako\/"]}]},{"@type":"ImageObject","inLanguage":"nb-NO","@id":"https:\/\/babylove.se\/no\/produkt\/oppbevaringshylle-med-4-hylleplaner-bako\/#primaryimage","url":"https:\/\/babylove.se\/no\/wp-content\/uploads\/sites\/3\/2025\/11\/235.png","contentUrl":"https:\/\/babylove.se\/no\/wp-content\/uploads\/sites\/3\/2025\/11\/235.png","width":800,"height":800},{"@type":"BreadcrumbList","@id":"https:\/\/babylove.se\/no\/produkt\/oppbevaringshylle-med-4-hylleplaner-bako\/#breadcrumb","itemListElement":[{"@type":"ListItem","position":1,"name":"Hem","item":"https:\/\/babylove.se\/no\/"},{"@type":"ListItem","position":2,"name":"Butik","item":"https:\/\/babylove.se\/no\/butik\/"},{"@type":"ListItem","position":3,"name":"Oppbevaringshylle med 4 hylleplaner- bako"}]},{"@type":"WebSite","@id":"https:\/\/babylove.se\/no\/#website","url":"https:\/\/babylove.se\/no\/","name":"Babylove Norska","description":"","potentialAction":[{"@type":"SearchAction","target":{"@type":"EntryPoint","urlTemplate":"https:\/\/babylove.se\/no\/?s={search_term_string}"},"query-input":{"@type":"PropertyValueSpecification","valueRequired":true,"valueName":"search_term_string"}}],"inLanguage":"nb-NO"}]},"product_brand":"Atmosphera","product_price_amount":"999.00","product_price_currency":"SEK","og_availability":"instock","product_availability":"instock","product_retailer_item_id":"211037","product_condition":"new"},"_links":{"self":[{"href":"https:\/\/babylove.se\/no\/wp-json\/wp\/v2\/product\/79716","targetHints":{"allow":["GET"]}}],"collection":[{"href":"https:\/\/babylove.se\/no\/wp-json\/wp\/v2\/product"}],"about":[{"href":"https:\/\/babylove.se\/no\/wp-json\/wp\/v2\/types\/product"}],"replies":[{"embeddable":true,"href":"https:\/\/babylove.se\/no\/wp-json\/wp\/v2\/comments?post=79716"}],"wp:featuredmedia":[{"embeddable":true,"href":"https:\/\/babylove.se\/no\/wp-json\/wp\/v2\/media\/79717"}],"wp:attachment":[{"href":"https:\/\/babylove.se\/no\/wp-json\/wp\/v2\/media?parent=79716"}],"wp:term":[{"taxonomy":"product_brand","embeddable":true,"href":"https:\/\/babylove.se\/no\/wp-json\/wp\/v2\/product_brand?post=79716"},{"taxonomy":"product_cat","embeddable":true,"href":"https:\/\/babylove.se\/no\/wp-json\/wp\/v2\/product_cat?post=79716"},{"taxonomy":"product_tag","embeddable":true,"href":"https:\/\/babylove.se\/no\/wp-json\/wp\/v2\/product_tag?post=79716"}],"curies":[{"name":"wp","href":"https:\/\/api.w.org\/{rel}","templated":true}]}}