{"id":79724,"date":"2025-11-12T14:48:00","date_gmt":"2025-11-12T13:48:00","guid":{"rendered":"https:\/\/babylove.se\/?post_type=product&#038;p=79724"},"modified":"2026-04-08T14:36:07","modified_gmt":"2026-04-08T13:36:07","slug":"oppbevaringshylle-med-3-hylleplaner-bako","status":"publish","type":"product","link":"https:\/\/babylove.se\/no\/produkt\/oppbevaringshylle-med-3-hylleplaner-bako\/","title":{"rendered":"Oppbevaringshylle med 3 hylleplaner- bako"},"content":{"rendered":"<p data-start=\"71\" data-end=\"122\"><strong data-start=\"71\" data-end=\"120\">Lekent og praktisk oppbevaring for barnerommet<\/strong><\/p>\n<p data-start=\"124\" data-end=\"260\">Oppbevaringshylle med 3 hylleplaner- bako er den perfekte l\u00f8sningen for \u00e5 skape et b\u00e5de morsomt og funksjonelt oppbevaringsrom i barnets rom.<\/p>\n<p data-start=\"262\" data-end=\"657\">M\u00f8belet er formet som et lite hus og laget i furetre, som gir et varmt og autentisk uttrykk. Det er designet i barnevennlig h\u00f8yde og har tre hylleplaner hvor barnet enkelt kan oppbevare b\u00f8ker, spill og sm\u00e5ting. I tillegg f\u00f8lger det med tre uttrekkbare skuffer som gj\u00f8r det lett \u00e5 organisere alle sm\u00e5tingene. Et innebygd sikkerhetssystem hindrer skuffene fra \u00e5 falle ut hvis de blir for tungt lastet.<\/p>\n<p data-start=\"811\" data-end=\"826\"><strong data-start=\"811\" data-end=\"824\">Detaljer:<\/strong><\/p>\n<ul data-start=\"827\" data-end=\"1042\">\n<li data-start=\"827\" data-end=\"848\">\n<p data-start=\"829\" data-end=\"848\">Materiale: Furetre<\/p>\n<\/li>\n<li data-start=\"849\" data-end=\"885\">\n<p data-start=\"851\" data-end=\"885\">3 oppbevaringsskuffer og 3 hylleplaner<\/p>\n<\/li>\n<li data-start=\"886\" data-end=\"905\">\n<p data-start=\"888\" data-end=\"905\">Barnevennlig h\u00f8yde<\/p>\n<\/li>\n<li data-start=\"906\" data-end=\"965\">\n<p data-start=\"908\" data-end=\"965\">Sikkerhetsfunksjon som hindrer skuffene fra \u00e5 falle ut<\/p>\n<\/li>\n<li data-start=\"966\" data-end=\"1016\">\n<p data-start=\"968\" data-end=\"1016\">En skuff rommer ca 8 liter (37,5 \u00d7 29 \u00d7 9,5 cm)<\/p>\n<\/li>\n<li data-start=\"1017\" data-end=\"1042\">\n<p data-start=\"1019\" data-end=\"1042\">Maks belastning: 24 kg<\/p>\n<\/li>\n<li data-start=\"1017\" data-end=\"1042\">L.68 x b.30 x H.82 cm<\/li>\n<\/ul>\n","protected":false},"excerpt":{"rendered":"<p>Lekent og praktisk oppbevaring for barnerommet Oppbevaringshylle med 3 hylleplaner- bako er den perfekte l\u00f8sningen for \u00e5 skape et b\u00e5de morsomt og funksjonelt oppbevaringsrom i barnets rom. M\u00f8belet er formet som et lite hus og laget i furetre, som gir et varmt og autentisk uttrykk. Det er designet i barnevennlig h\u00f8yde og har tre hylleplaner [&hellip;]<\/p>\n","protected":false},"featured_media":79730,"comment_status":"closed","ping_status":"closed","template":"","meta":{"_acf_changed":false},"product_brand":[972],"product_cat":[973,147,146,89,87,922,43,838],"product_tag":[],"class_list":{"0":"post-79724","1":"product","2":"type-product","3":"status-publish","4":"has-post-thumbnail","6":"product_brand-atmosphera","7":"product_cat-atmosphera","8":"product_cat-back-to-school","9":"product_cat-bokoppbevaring","10":"product_cat-dukkehus","11":"product_cat-hyller","12":"product_cat-nyheter","13":"product_cat-oppbevaringskurver","14":"product_cat-skap","16":"first","17":"instock","18":"taxable","19":"shipping-taxable","20":"purchasable","21":"product-type-simple"},"acf":[],"yoast_head":"<!-- This site is optimized with the Yoast SEO Premium plugin v25.8 (Yoast SEO v27.2) - https:\/\/yoast.com\/product\/yoast-seo-premium-wordpress\/ -->\n<title>Oppbevaringshylle med 3 hylleplaner- bako - Babylove Norska<\/title>\n<meta name=\"robots\" content=\"noindex, follow, max-snippet:-1, max-image-preview:large, max-video-preview:-1\" \/>\n<meta property=\"og:locale\" content=\"nb_NO\" \/>\n<meta property=\"og:type\" content=\"article\" \/>\n<meta property=\"og:title\" content=\"Oppbevaringshylle med 3 hylleplaner- bako\" \/>\n<meta property=\"og:description\" content=\"Lekent og praktisk oppbevaring for barnerommet Oppbevaringshylle med 3 hylleplaner- bako er den perfekte l\u00f8sningen for \u00e5 skape et b\u00e5de morsomt og funksjonelt oppbevaringsrom i barnets rom. M\u00f8belet er formet som et lite hus og laget i furetre, som gir et varmt og autentisk uttrykk. Det er designet i barnevennlig h\u00f8yde og har tre hylleplaner [&hellip;]\" \/>\n<meta property=\"og:url\" content=\"https:\/\/babylove.se\/no\/produkt\/oppbevaringshylle-med-3-hylleplaner-bako\/\" \/>\n<meta property=\"og:site_name\" content=\"Babylove Norska\" \/>\n<meta property=\"article:modified_time\" content=\"2026-04-08T13:36:07+00:00\" \/>\n<meta property=\"og:image\" content=\"https:\/\/babylove.se\/no\/wp-content\/uploads\/sites\/3\/2025\/11\/240.png\" \/>\n\t<meta property=\"og:image:width\" content=\"800\" \/>\n\t<meta property=\"og:image:height\" content=\"800\" \/>\n\t<meta property=\"og:image:type\" content=\"image\/png\" \/>\n<meta name=\"twitter:card\" content=\"summary_large_image\" \/>\n<meta name=\"twitter:label1\" content=\"Price\" \/>\n\t<meta name=\"twitter:data1\" content=\"1 299,00&nbsp;&#107;&#114;\" \/>\n\t<meta name=\"twitter:label2\" content=\"Availability\" \/>\n\t<meta name=\"twitter:data2\" content=\"In stock\" \/>\n<script type=\"application\/ld+json\" class=\"yoast-schema-graph\">{\"@context\":\"https:\/\/schema.org\",\"@graph\":[{\"@type\":\"WebPage\",\"@id\":\"https:\/\/babylove.se\/no\/produkt\/oppbevaringshylle-med-3-hylleplaner-bako\/\",\"url\":\"https:\/\/babylove.se\/no\/produkt\/oppbevaringshylle-med-3-hylleplaner-bako\/\",\"name\":\"Oppbevaringshylle med 3 hylleplaner- bako - Babylove Norska\",\"isPartOf\":{\"@id\":\"https:\/\/babylove.se\/no\/#website\"},\"primaryImageOfPage\":{\"@id\":\"https:\/\/babylove.se\/no\/produkt\/oppbevaringshylle-med-3-hylleplaner-bako\/#primaryimage\"},\"image\":{\"@id\":\"https:\/\/babylove.se\/no\/produkt\/oppbevaringshylle-med-3-hylleplaner-bako\/#primaryimage\"},\"thumbnailUrl\":\"https:\/\/babylove.se\/no\/wp-content\/uploads\/sites\/3\/2025\/11\/240.png\",\"datePublished\":\"2025-11-12T13:48:00+00:00\",\"dateModified\":\"2026-04-08T13:36:07+00:00\",\"breadcrumb\":{\"@id\":\"https:\/\/babylove.se\/no\/produkt\/oppbevaringshylle-med-3-hylleplaner-bako\/#breadcrumb\"},\"inLanguage\":\"nb-NO\",\"potentialAction\":[{\"@type\":\"ReadAction\",\"target\":[\"https:\/\/babylove.se\/no\/produkt\/oppbevaringshylle-med-3-hylleplaner-bako\/\"]}]},{\"@type\":\"ImageObject\",\"inLanguage\":\"nb-NO\",\"@id\":\"https:\/\/babylove.se\/no\/produkt\/oppbevaringshylle-med-3-hylleplaner-bako\/#primaryimage\",\"url\":\"https:\/\/babylove.se\/no\/wp-content\/uploads\/sites\/3\/2025\/11\/240.png\",\"contentUrl\":\"https:\/\/babylove.se\/no\/wp-content\/uploads\/sites\/3\/2025\/11\/240.png\",\"width\":800,\"height\":800},{\"@type\":\"BreadcrumbList\",\"@id\":\"https:\/\/babylove.se\/no\/produkt\/oppbevaringshylle-med-3-hylleplaner-bako\/#breadcrumb\",\"itemListElement\":[{\"@type\":\"ListItem\",\"position\":1,\"name\":\"Hem\",\"item\":\"https:\/\/babylove.se\/no\/\"},{\"@type\":\"ListItem\",\"position\":2,\"name\":\"Butik\",\"item\":\"https:\/\/babylove.se\/no\/butik\/\"},{\"@type\":\"ListItem\",\"position\":3,\"name\":\"Oppbevaringshylle med 3 hylleplaner- bako\"}]},{\"@type\":\"WebSite\",\"@id\":\"https:\/\/babylove.se\/no\/#website\",\"url\":\"https:\/\/babylove.se\/no\/\",\"name\":\"Babylove Norska\",\"description\":\"\",\"potentialAction\":[{\"@type\":\"SearchAction\",\"target\":{\"@type\":\"EntryPoint\",\"urlTemplate\":\"https:\/\/babylove.se\/no\/?s={search_term_string}\"},\"query-input\":{\"@type\":\"PropertyValueSpecification\",\"valueRequired\":true,\"valueName\":\"search_term_string\"}}],\"inLanguage\":\"nb-NO\"}]}<\/script>\n<meta property=\"product:brand\" content=\"Atmosphera\" \/>\n<meta property=\"product:price:amount\" content=\"1299.00\" \/>\n<meta property=\"product:price:currency\" content=\"SEK\" \/>\n<meta property=\"og:availability\" content=\"instock\" \/>\n<meta property=\"product:availability\" content=\"instock\" \/>\n<meta property=\"product:retailer_item_id\" content=\"211033\" \/>\n<meta property=\"product:condition\" content=\"new\" \/>\n<!-- \/ Yoast SEO Premium plugin. -->","yoast_head_json":{"title":"Oppbevaringshylle med 3 hylleplaner- bako - Babylove Norska","robots":{"index":"noindex","follow":"follow","max-snippet":"max-snippet:-1","max-image-preview":"max-image-preview:large","max-video-preview":"max-video-preview:-1"},"og_locale":"nb_NO","og_type":"article","og_title":"Oppbevaringshylle med 3 hylleplaner- bako","og_description":"Lekent og praktisk oppbevaring for barnerommet Oppbevaringshylle med 3 hylleplaner- bako er den perfekte l\u00f8sningen for \u00e5 skape et b\u00e5de morsomt og funksjonelt oppbevaringsrom i barnets rom. M\u00f8belet er formet som et lite hus og laget i furetre, som gir et varmt og autentisk uttrykk. Det er designet i barnevennlig h\u00f8yde og har tre hylleplaner [&hellip;]","og_url":"https:\/\/babylove.se\/no\/produkt\/oppbevaringshylle-med-3-hylleplaner-bako\/","og_site_name":"Babylove Norska","article_modified_time":"2026-04-08T13:36:07+00:00","og_image":[{"width":800,"height":800,"url":"https:\/\/babylove.se\/no\/wp-content\/uploads\/sites\/3\/2025\/11\/240.png","type":"image\/png"}],"twitter_card":"summary_large_image","twitter_misc":{"Price":"1 299,00&nbsp;&#107;&#114;","Availability":"In stock"},"schema":{"@context":"https:\/\/schema.org","@graph":[{"@type":"WebPage","@id":"https:\/\/babylove.se\/no\/produkt\/oppbevaringshylle-med-3-hylleplaner-bako\/","url":"https:\/\/babylove.se\/no\/produkt\/oppbevaringshylle-med-3-hylleplaner-bako\/","name":"Oppbevaringshylle med 3 hylleplaner- bako - Babylove Norska","isPartOf":{"@id":"https:\/\/babylove.se\/no\/#website"},"primaryImageOfPage":{"@id":"https:\/\/babylove.se\/no\/produkt\/oppbevaringshylle-med-3-hylleplaner-bako\/#primaryimage"},"image":{"@id":"https:\/\/babylove.se\/no\/produkt\/oppbevaringshylle-med-3-hylleplaner-bako\/#primaryimage"},"thumbnailUrl":"https:\/\/babylove.se\/no\/wp-content\/uploads\/sites\/3\/2025\/11\/240.png","datePublished":"2025-11-12T13:48:00+00:00","dateModified":"2026-04-08T13:36:07+00:00","breadcrumb":{"@id":"https:\/\/babylove.se\/no\/produkt\/oppbevaringshylle-med-3-hylleplaner-bako\/#breadcrumb"},"inLanguage":"nb-NO","potentialAction":[{"@type":"ReadAction","target":["https:\/\/babylove.se\/no\/produkt\/oppbevaringshylle-med-3-hylleplaner-bako\/"]}]},{"@type":"ImageObject","inLanguage":"nb-NO","@id":"https:\/\/babylove.se\/no\/produkt\/oppbevaringshylle-med-3-hylleplaner-bako\/#primaryimage","url":"https:\/\/babylove.se\/no\/wp-content\/uploads\/sites\/3\/2025\/11\/240.png","contentUrl":"https:\/\/babylove.se\/no\/wp-content\/uploads\/sites\/3\/2025\/11\/240.png","width":800,"height":800},{"@type":"BreadcrumbList","@id":"https:\/\/babylove.se\/no\/produkt\/oppbevaringshylle-med-3-hylleplaner-bako\/#breadcrumb","itemListElement":[{"@type":"ListItem","position":1,"name":"Hem","item":"https:\/\/babylove.se\/no\/"},{"@type":"ListItem","position":2,"name":"Butik","item":"https:\/\/babylove.se\/no\/butik\/"},{"@type":"ListItem","position":3,"name":"Oppbevaringshylle med 3 hylleplaner- bako"}]},{"@type":"WebSite","@id":"https:\/\/babylove.se\/no\/#website","url":"https:\/\/babylove.se\/no\/","name":"Babylove Norska","description":"","potentialAction":[{"@type":"SearchAction","target":{"@type":"EntryPoint","urlTemplate":"https:\/\/babylove.se\/no\/?s={search_term_string}"},"query-input":{"@type":"PropertyValueSpecification","valueRequired":true,"valueName":"search_term_string"}}],"inLanguage":"nb-NO"}]},"product_brand":"Atmosphera","product_price_amount":"1299.00","product_price_currency":"SEK","og_availability":"instock","product_availability":"instock","product_retailer_item_id":"211033","product_condition":"new"},"_links":{"self":[{"href":"https:\/\/babylove.se\/no\/wp-json\/wp\/v2\/product\/79724","targetHints":{"allow":["GET"]}}],"collection":[{"href":"https:\/\/babylove.se\/no\/wp-json\/wp\/v2\/product"}],"about":[{"href":"https:\/\/babylove.se\/no\/wp-json\/wp\/v2\/types\/product"}],"replies":[{"embeddable":true,"href":"https:\/\/babylove.se\/no\/wp-json\/wp\/v2\/comments?post=79724"}],"wp:featuredmedia":[{"embeddable":true,"href":"https:\/\/babylove.se\/no\/wp-json\/wp\/v2\/media\/79730"}],"wp:attachment":[{"href":"https:\/\/babylove.se\/no\/wp-json\/wp\/v2\/media?parent=79724"}],"wp:term":[{"taxonomy":"product_brand","embeddable":true,"href":"https:\/\/babylove.se\/no\/wp-json\/wp\/v2\/product_brand?post=79724"},{"taxonomy":"product_cat","embeddable":true,"href":"https:\/\/babylove.se\/no\/wp-json\/wp\/v2\/product_cat?post=79724"},{"taxonomy":"product_tag","embeddable":true,"href":"https:\/\/babylove.se\/no\/wp-json\/wp\/v2\/product_tag?post=79724"}],"curies":[{"name":"wp","href":"https:\/\/api.w.org\/{rel}","templated":true}]}}