{"id":800,"date":"2025-07-18T19:57:40","date_gmt":"2025-07-18T18:57:40","guid":{"rendered":"https:\/\/babylove.se\/produkt\/tyll-pompoms-set-tyllbollar-rosa-vit\/"},"modified":"2026-04-08T07:36:50","modified_gmt":"2026-04-08T06:36:50","slug":"tyll-pompoms-sett-tyllkuler-rosa-hvit","status":"publish","type":"product","link":"https:\/\/babylove.se\/no\/produkt\/tyll-pompoms-sett-tyllkuler-rosa-hvit\/","title":{"rendered":"Tyll Pompoms sett (Tyllballer)- rosa\/hvit"},"content":{"rendered":"<p><strong>5 dekorasjonspompomsav tyll.<\/strong>&nbsp;<strong>Pompomballer&nbsp;<\/strong>av tyll er de aller fineste og mye mer holdbare enn pom poms av papir. Lette \u00e5 holde rene da de kan skylles med vann. De kan gjenbrukes \u00e5r etter \u00e5r.<\/p>\n<p>Vakkert og kreativt \u00e5 henge i taket eller bare \u00e5 legge p\u00e5 bordet f.eks som bryllupsdekoration.<strong>Dekorasjonspompom&nbsp;<\/strong>av tyll. Fine \u00e5 henge opp som <strong>dekorasjon<\/strong>.&nbsp;<\/p>\n<p><strong>I settet finnes<\/strong>: 1 stk stor &nbsp;(20 cm), 2 sm\u00e5 (10 cm), 2 &nbsp;mellomstore (15 cm) pompoms.&nbsp;<\/p>\n<p>Materiale: 100 % Tyll<\/p>\n<p><span style=\"font-size: 11px;\">Designer: Babylove<\/span><\/p>\n","protected":false},"excerpt":{"rendered":"<p>5 dekorasjonspompomsav tyll.&nbsp;Pompomballer&nbsp;av tyll er de aller fineste og mye mer holdbare enn pom poms av papir. Lette \u00e5 holde rene da de kan skylles med vann. De kan gjenbrukes \u00e5r etter \u00e5r. Vakkert og kreativt \u00e5 henge i taket eller bare \u00e5 legge p\u00e5 bordet f.eks som bryllupsdekoration.Dekorasjonspompom&nbsp;av tyll. Fine \u00e5 henge opp som [&hellip;]<\/p>\n","protected":false},"featured_media":802,"comment_status":"closed","ping_status":"open","template":"","meta":{"_acf_changed":false},"product_brand":[38],"product_cat":[],"product_tag":[1689],"class_list":{"0":"post-800","1":"product","2":"type-product","3":"status-publish","4":"has-post-thumbnail","6":"product_brand-post-nord","7":"product_tag-bestillingsvaror","9":"first","10":"instock","11":"taxable","12":"shipping-taxable","13":"purchasable","14":"product-type-simple"},"acf":[],"yoast_head":"<!-- This site is optimized with the Yoast SEO Premium plugin v25.8 (Yoast SEO v27.2) - https:\/\/yoast.com\/product\/yoast-seo-premium-wordpress\/ -->\n<title>Tyll Pompoms sett (Tyllballer)- rosa\/hvit - Babylove Norska<\/title>\n<meta name=\"robots\" content=\"noindex, follow, max-snippet:-1, max-image-preview:large, max-video-preview:-1\" \/>\n<meta property=\"og:locale\" content=\"nb_NO\" \/>\n<meta property=\"og:type\" content=\"article\" \/>\n<meta property=\"og:title\" content=\"Tyll Pompoms sett (Tyllballer)- rosa\/hvit\" \/>\n<meta property=\"og:description\" content=\"5 dekorasjonspompomsav tyll.&nbsp;Pompomballer&nbsp;av tyll er de aller fineste og mye mer holdbare enn pom poms av papir. Lette \u00e5 holde rene da de kan skylles med vann. De kan gjenbrukes \u00e5r etter \u00e5r. Vakkert og kreativt \u00e5 henge i taket eller bare \u00e5 legge p\u00e5 bordet f.eks som bryllupsdekoration.Dekorasjonspompom&nbsp;av tyll. Fine \u00e5 henge opp som [&hellip;]\" \/>\n<meta property=\"og:url\" content=\"https:\/\/babylove.se\/no\/produkt\/tyll-pompoms-sett-tyllkuler-rosa-hvit\/\" \/>\n<meta property=\"og:site_name\" content=\"Babylove Norska\" \/>\n<meta property=\"article:modified_time\" content=\"2026-04-08T06:36:50+00:00\" \/>\n<meta property=\"og:image\" content=\"https:\/\/babylove.se\/no\/wp-content\/uploads\/sites\/3\/2025\/07\/57174c46c5a6c.jpeg\" \/>\n\t<meta property=\"og:image:width\" content=\"562\" \/>\n\t<meta property=\"og:image:height\" content=\"750\" \/>\n\t<meta property=\"og:image:type\" content=\"image\/jpeg\" \/>\n<meta name=\"twitter:card\" content=\"summary_large_image\" \/>\n<meta name=\"twitter:label1\" content=\"Price\" \/>\n\t<meta name=\"twitter:data1\" content=\"349,00&nbsp;&#107;&#114;\" \/>\n\t<meta name=\"twitter:label2\" content=\"Availability\" \/>\n\t<meta name=\"twitter:data2\" content=\"In stock\" \/>\n<script type=\"application\/ld+json\" class=\"yoast-schema-graph\">{\"@context\":\"https:\/\/schema.org\",\"@graph\":[{\"@type\":\"WebPage\",\"@id\":\"https:\/\/babylove.se\/no\/produkt\/tyll-pompoms-sett-tyllkuler-rosa-hvit\/\",\"url\":\"https:\/\/babylove.se\/no\/produkt\/tyll-pompoms-sett-tyllkuler-rosa-hvit\/\",\"name\":\"Tyll Pompoms sett (Tyllballer)- rosa\/hvit - Babylove Norska\",\"isPartOf\":{\"@id\":\"https:\/\/babylove.se\/no\/#website\"},\"primaryImageOfPage\":{\"@id\":\"https:\/\/babylove.se\/no\/produkt\/tyll-pompoms-sett-tyllkuler-rosa-hvit\/#primaryimage\"},\"image\":{\"@id\":\"https:\/\/babylove.se\/no\/produkt\/tyll-pompoms-sett-tyllkuler-rosa-hvit\/#primaryimage\"},\"thumbnailUrl\":\"https:\/\/babylove.se\/no\/wp-content\/uploads\/sites\/3\/2025\/07\/57174c46c5a6c.jpeg\",\"datePublished\":\"2025-07-18T18:57:40+00:00\",\"dateModified\":\"2026-04-08T06:36:50+00:00\",\"breadcrumb\":{\"@id\":\"https:\/\/babylove.se\/no\/produkt\/tyll-pompoms-sett-tyllkuler-rosa-hvit\/#breadcrumb\"},\"inLanguage\":\"nb-NO\",\"potentialAction\":[{\"@type\":\"ReadAction\",\"target\":[\"https:\/\/babylove.se\/no\/produkt\/tyll-pompoms-sett-tyllkuler-rosa-hvit\/\"]}]},{\"@type\":\"ImageObject\",\"inLanguage\":\"nb-NO\",\"@id\":\"https:\/\/babylove.se\/no\/produkt\/tyll-pompoms-sett-tyllkuler-rosa-hvit\/#primaryimage\",\"url\":\"https:\/\/babylove.se\/no\/wp-content\/uploads\/sites\/3\/2025\/07\/57174c46c5a6c.jpeg\",\"contentUrl\":\"https:\/\/babylove.se\/no\/wp-content\/uploads\/sites\/3\/2025\/07\/57174c46c5a6c.jpeg\",\"width\":562,\"height\":750},{\"@type\":\"BreadcrumbList\",\"@id\":\"https:\/\/babylove.se\/no\/produkt\/tyll-pompoms-sett-tyllkuler-rosa-hvit\/#breadcrumb\",\"itemListElement\":[{\"@type\":\"ListItem\",\"position\":1,\"name\":\"Hem\",\"item\":\"https:\/\/babylove.se\/no\/\"},{\"@type\":\"ListItem\",\"position\":2,\"name\":\"Butik\",\"item\":\"https:\/\/babylove.se\/no\/butik\/\"},{\"@type\":\"ListItem\",\"position\":3,\"name\":\"Tyll Pompoms sett (Tyllballer)- rosa\/hvit\"}]},{\"@type\":\"WebSite\",\"@id\":\"https:\/\/babylove.se\/no\/#website\",\"url\":\"https:\/\/babylove.se\/no\/\",\"name\":\"Babylove Norska\",\"description\":\"\",\"potentialAction\":[{\"@type\":\"SearchAction\",\"target\":{\"@type\":\"EntryPoint\",\"urlTemplate\":\"https:\/\/babylove.se\/no\/?s={search_term_string}\"},\"query-input\":{\"@type\":\"PropertyValueSpecification\",\"valueRequired\":true,\"valueName\":\"search_term_string\"}}],\"inLanguage\":\"nb-NO\"}]}<\/script>\n<meta property=\"product:brand\" content=\"Post Nord\" \/>\n<meta property=\"product:price:amount\" content=\"349.00\" \/>\n<meta property=\"product:price:currency\" content=\"SEK\" \/>\n<meta property=\"og:availability\" content=\"instock\" \/>\n<meta property=\"product:availability\" content=\"instock\" \/>\n<meta property=\"product:retailer_item_id\" content=\"BL0006\" \/>\n<meta property=\"product:condition\" content=\"new\" \/>\n<!-- \/ Yoast SEO Premium plugin. -->","yoast_head_json":{"title":"Tyll Pompoms sett (Tyllballer)- rosa\/hvit - Babylove Norska","robots":{"index":"noindex","follow":"follow","max-snippet":"max-snippet:-1","max-image-preview":"max-image-preview:large","max-video-preview":"max-video-preview:-1"},"og_locale":"nb_NO","og_type":"article","og_title":"Tyll Pompoms sett (Tyllballer)- rosa\/hvit","og_description":"5 dekorasjonspompomsav tyll.&nbsp;Pompomballer&nbsp;av tyll er de aller fineste og mye mer holdbare enn pom poms av papir. Lette \u00e5 holde rene da de kan skylles med vann. De kan gjenbrukes \u00e5r etter \u00e5r. Vakkert og kreativt \u00e5 henge i taket eller bare \u00e5 legge p\u00e5 bordet f.eks som bryllupsdekoration.Dekorasjonspompom&nbsp;av tyll. Fine \u00e5 henge opp som [&hellip;]","og_url":"https:\/\/babylove.se\/no\/produkt\/tyll-pompoms-sett-tyllkuler-rosa-hvit\/","og_site_name":"Babylove Norska","article_modified_time":"2026-04-08T06:36:50+00:00","og_image":[{"width":562,"height":750,"url":"https:\/\/babylove.se\/no\/wp-content\/uploads\/sites\/3\/2025\/07\/57174c46c5a6c.jpeg","type":"image\/jpeg"}],"twitter_card":"summary_large_image","twitter_misc":{"Price":"349,00&nbsp;&#107;&#114;","Availability":"In stock"},"schema":{"@context":"https:\/\/schema.org","@graph":[{"@type":"WebPage","@id":"https:\/\/babylove.se\/no\/produkt\/tyll-pompoms-sett-tyllkuler-rosa-hvit\/","url":"https:\/\/babylove.se\/no\/produkt\/tyll-pompoms-sett-tyllkuler-rosa-hvit\/","name":"Tyll Pompoms sett (Tyllballer)- rosa\/hvit - Babylove Norska","isPartOf":{"@id":"https:\/\/babylove.se\/no\/#website"},"primaryImageOfPage":{"@id":"https:\/\/babylove.se\/no\/produkt\/tyll-pompoms-sett-tyllkuler-rosa-hvit\/#primaryimage"},"image":{"@id":"https:\/\/babylove.se\/no\/produkt\/tyll-pompoms-sett-tyllkuler-rosa-hvit\/#primaryimage"},"thumbnailUrl":"https:\/\/babylove.se\/no\/wp-content\/uploads\/sites\/3\/2025\/07\/57174c46c5a6c.jpeg","datePublished":"2025-07-18T18:57:40+00:00","dateModified":"2026-04-08T06:36:50+00:00","breadcrumb":{"@id":"https:\/\/babylove.se\/no\/produkt\/tyll-pompoms-sett-tyllkuler-rosa-hvit\/#breadcrumb"},"inLanguage":"nb-NO","potentialAction":[{"@type":"ReadAction","target":["https:\/\/babylove.se\/no\/produkt\/tyll-pompoms-sett-tyllkuler-rosa-hvit\/"]}]},{"@type":"ImageObject","inLanguage":"nb-NO","@id":"https:\/\/babylove.se\/no\/produkt\/tyll-pompoms-sett-tyllkuler-rosa-hvit\/#primaryimage","url":"https:\/\/babylove.se\/no\/wp-content\/uploads\/sites\/3\/2025\/07\/57174c46c5a6c.jpeg","contentUrl":"https:\/\/babylove.se\/no\/wp-content\/uploads\/sites\/3\/2025\/07\/57174c46c5a6c.jpeg","width":562,"height":750},{"@type":"BreadcrumbList","@id":"https:\/\/babylove.se\/no\/produkt\/tyll-pompoms-sett-tyllkuler-rosa-hvit\/#breadcrumb","itemListElement":[{"@type":"ListItem","position":1,"name":"Hem","item":"https:\/\/babylove.se\/no\/"},{"@type":"ListItem","position":2,"name":"Butik","item":"https:\/\/babylove.se\/no\/butik\/"},{"@type":"ListItem","position":3,"name":"Tyll Pompoms sett (Tyllballer)- rosa\/hvit"}]},{"@type":"WebSite","@id":"https:\/\/babylove.se\/no\/#website","url":"https:\/\/babylove.se\/no\/","name":"Babylove Norska","description":"","potentialAction":[{"@type":"SearchAction","target":{"@type":"EntryPoint","urlTemplate":"https:\/\/babylove.se\/no\/?s={search_term_string}"},"query-input":{"@type":"PropertyValueSpecification","valueRequired":true,"valueName":"search_term_string"}}],"inLanguage":"nb-NO"}]},"product_brand":"Post Nord","product_price_amount":"349.00","product_price_currency":"SEK","og_availability":"instock","product_availability":"instock","product_retailer_item_id":"BL0006","product_condition":"new"},"_links":{"self":[{"href":"https:\/\/babylove.se\/no\/wp-json\/wp\/v2\/product\/800","targetHints":{"allow":["GET"]}}],"collection":[{"href":"https:\/\/babylove.se\/no\/wp-json\/wp\/v2\/product"}],"about":[{"href":"https:\/\/babylove.se\/no\/wp-json\/wp\/v2\/types\/product"}],"replies":[{"embeddable":true,"href":"https:\/\/babylove.se\/no\/wp-json\/wp\/v2\/comments?post=800"}],"wp:featuredmedia":[{"embeddable":true,"href":"https:\/\/babylove.se\/no\/wp-json\/wp\/v2\/media\/802"}],"wp:attachment":[{"href":"https:\/\/babylove.se\/no\/wp-json\/wp\/v2\/media?parent=800"}],"wp:term":[{"taxonomy":"product_brand","embeddable":true,"href":"https:\/\/babylove.se\/no\/wp-json\/wp\/v2\/product_brand?post=800"},{"taxonomy":"product_cat","embeddable":true,"href":"https:\/\/babylove.se\/no\/wp-json\/wp\/v2\/product_cat?post=800"},{"taxonomy":"product_tag","embeddable":true,"href":"https:\/\/babylove.se\/no\/wp-json\/wp\/v2\/product_tag?post=800"}],"curies":[{"name":"wp","href":"https:\/\/api.w.org\/{rel}","templated":true}]}}