{"id":80144,"date":"2025-11-13T12:51:36","date_gmt":"2025-11-13T11:51:36","guid":{"rendered":"https:\/\/babylove.se\/?post_type=product&#038;p=80144"},"modified":"2026-04-08T14:36:16","modified_gmt":"2026-04-08T13:36:16","slug":"nattbord-rosa-gentleness","status":"publish","type":"product","link":"https:\/\/babylove.se\/no\/produkt\/nattbord-rosa-gentleness\/","title":{"rendered":"Nattbord, rosa Gentleness"},"content":{"rendered":"<p data-end=\"129\" data-start=\"56\"><strong data-end=\"129\" data-start=\"56\">Nattbord en sjarmerende og praktisk detalj p\u00e5 barnerommet<\/strong><\/p>\n<p data-end=\"454\" data-start=\"131\">Med myke former som sjarmerer b\u00e5de store og sm\u00e5! Den hvite finishen passer enkelt sammen med alle stiler og farger. Her finner du et morsomt oppbevaringsfag hvor barnet ditt kan ha b\u00f8ker, sm\u00e5 leker eller kosedyr i n\u00e6rheten om natten. P\u00e5 bordplaten kan du plassere en senglampe eller nattlampe for ekstra koselige og funksjonell.<\/p>\n<p data-end=\"454\" data-start=\"131\"><strong>Materiale: <\/strong>Ben i furu, bordplate i MDF<\/p>\n<p data-end=\"454\" data-start=\"131\"><strong>M\u00e5l: <\/strong>L.35,5 x l.33 x H.40 cm<\/p>\n","protected":false},"excerpt":{"rendered":"<p>Nattbord en sjarmerende og praktisk detalj p\u00e5 barnerommet Med myke former som sjarmerer b\u00e5de store og sm\u00e5! Den hvite finishen passer enkelt sammen med alle stiler og farger. Her finner du et morsomt oppbevaringsfag hvor barnet ditt kan ha b\u00f8ker, sm\u00e5 leker eller kosedyr i n\u00e6rheten om natten. P\u00e5 bordplaten kan du plassere en senglampe [&hellip;]<\/p>\n","protected":false},"featured_media":80145,"comment_status":"closed","ping_status":"closed","template":"","meta":{"_acf_changed":false},"product_brand":[972],"product_cat":[973,85,922,104,48],"product_tag":[],"class_list":{"0":"post-80144","1":"product","2":"type-product","3":"status-publish","4":"has-post-thumbnail","6":"product_brand-atmosphera","7":"product_cat-atmosphera","8":"product_cat-bord","9":"product_cat-nyheter","10":"product_cat-sangbord","11":"product_cat-startside","13":"first","14":"outofstock","15":"taxable","16":"shipping-taxable","17":"purchasable","18":"product-type-simple"},"acf":[],"yoast_head":"<!-- This site is optimized with the Yoast SEO Premium plugin v25.8 (Yoast SEO v27.2) - https:\/\/yoast.com\/product\/yoast-seo-premium-wordpress\/ -->\n<title>Nattbord, rosa Gentleness - Babylove Norska<\/title>\n<meta name=\"robots\" content=\"noindex, follow, max-snippet:-1, max-image-preview:large, max-video-preview:-1\" \/>\n<meta property=\"og:locale\" content=\"nb_NO\" \/>\n<meta property=\"og:type\" content=\"article\" \/>\n<meta property=\"og:title\" content=\"Nattbord, rosa Gentleness\" \/>\n<meta property=\"og:description\" content=\"Nattbord en sjarmerende og praktisk detalj p\u00e5 barnerommet Med myke former som sjarmerer b\u00e5de store og sm\u00e5! Den hvite finishen passer enkelt sammen med alle stiler og farger. Her finner du et morsomt oppbevaringsfag hvor barnet ditt kan ha b\u00f8ker, sm\u00e5 leker eller kosedyr i n\u00e6rheten om natten. P\u00e5 bordplaten kan du plassere en senglampe [&hellip;]\" \/>\n<meta property=\"og:url\" content=\"https:\/\/babylove.se\/no\/produkt\/nattbord-rosa-gentleness\/\" \/>\n<meta property=\"og:site_name\" content=\"Babylove Norska\" \/>\n<meta property=\"article:modified_time\" content=\"2026-04-08T13:36:16+00:00\" \/>\n<meta property=\"og:image\" content=\"https:\/\/babylove.se\/no\/wp-content\/uploads\/sites\/3\/2025\/11\/254.jpg\" \/>\n\t<meta property=\"og:image:width\" content=\"800\" \/>\n\t<meta property=\"og:image:height\" content=\"800\" \/>\n\t<meta property=\"og:image:type\" content=\"image\/jpeg\" \/>\n<meta name=\"twitter:card\" content=\"summary_large_image\" \/>\n<meta name=\"twitter:label1\" content=\"Price\" \/>\n\t<meta name=\"twitter:data1\" content=\"599,00&nbsp;&#107;&#114;\" \/>\n\t<meta name=\"twitter:label2\" content=\"Availability\" \/>\n\t<meta name=\"twitter:data2\" content=\"Out of stock\" \/>\n<script type=\"application\/ld+json\" class=\"yoast-schema-graph\">{\"@context\":\"https:\/\/schema.org\",\"@graph\":[{\"@type\":\"WebPage\",\"@id\":\"https:\/\/babylove.se\/no\/produkt\/nattbord-rosa-gentleness\/\",\"url\":\"https:\/\/babylove.se\/no\/produkt\/nattbord-rosa-gentleness\/\",\"name\":\"Nattbord, rosa Gentleness - Babylove Norska\",\"isPartOf\":{\"@id\":\"https:\/\/babylove.se\/no\/#website\"},\"primaryImageOfPage\":{\"@id\":\"https:\/\/babylove.se\/no\/produkt\/nattbord-rosa-gentleness\/#primaryimage\"},\"image\":{\"@id\":\"https:\/\/babylove.se\/no\/produkt\/nattbord-rosa-gentleness\/#primaryimage\"},\"thumbnailUrl\":\"https:\/\/babylove.se\/no\/wp-content\/uploads\/sites\/3\/2025\/11\/254.jpg\",\"datePublished\":\"2025-11-13T11:51:36+00:00\",\"dateModified\":\"2026-04-08T13:36:16+00:00\",\"breadcrumb\":{\"@id\":\"https:\/\/babylove.se\/no\/produkt\/nattbord-rosa-gentleness\/#breadcrumb\"},\"inLanguage\":\"nb-NO\",\"potentialAction\":[{\"@type\":\"ReadAction\",\"target\":[\"https:\/\/babylove.se\/no\/produkt\/nattbord-rosa-gentleness\/\"]}]},{\"@type\":\"ImageObject\",\"inLanguage\":\"nb-NO\",\"@id\":\"https:\/\/babylove.se\/no\/produkt\/nattbord-rosa-gentleness\/#primaryimage\",\"url\":\"https:\/\/babylove.se\/no\/wp-content\/uploads\/sites\/3\/2025\/11\/254.jpg\",\"contentUrl\":\"https:\/\/babylove.se\/no\/wp-content\/uploads\/sites\/3\/2025\/11\/254.jpg\",\"width\":800,\"height\":800},{\"@type\":\"BreadcrumbList\",\"@id\":\"https:\/\/babylove.se\/no\/produkt\/nattbord-rosa-gentleness\/#breadcrumb\",\"itemListElement\":[{\"@type\":\"ListItem\",\"position\":1,\"name\":\"Hem\",\"item\":\"https:\/\/babylove.se\/no\/\"},{\"@type\":\"ListItem\",\"position\":2,\"name\":\"Butik\",\"item\":\"https:\/\/babylove.se\/no\/butik\/\"},{\"@type\":\"ListItem\",\"position\":3,\"name\":\"Nattbord, rosa Gentleness\"}]},{\"@type\":\"WebSite\",\"@id\":\"https:\/\/babylove.se\/no\/#website\",\"url\":\"https:\/\/babylove.se\/no\/\",\"name\":\"Babylove Norska\",\"description\":\"\",\"potentialAction\":[{\"@type\":\"SearchAction\",\"target\":{\"@type\":\"EntryPoint\",\"urlTemplate\":\"https:\/\/babylove.se\/no\/?s={search_term_string}\"},\"query-input\":{\"@type\":\"PropertyValueSpecification\",\"valueRequired\":true,\"valueName\":\"search_term_string\"}}],\"inLanguage\":\"nb-NO\"}]}<\/script>\n<meta property=\"product:brand\" content=\"Atmosphera\" \/>\n<meta property=\"product:price:amount\" content=\"599.00\" \/>\n<meta property=\"product:price:currency\" content=\"SEK\" \/>\n<meta property=\"og:availability\" content=\"out of stock\" \/>\n<meta property=\"product:availability\" content=\"out of stock\" \/>\n<meta property=\"product:retailer_item_id\" content=\"205877C\" \/>\n<meta property=\"product:condition\" content=\"new\" \/>\n<!-- \/ Yoast SEO Premium plugin. -->","yoast_head_json":{"title":"Nattbord, rosa Gentleness - Babylove Norska","robots":{"index":"noindex","follow":"follow","max-snippet":"max-snippet:-1","max-image-preview":"max-image-preview:large","max-video-preview":"max-video-preview:-1"},"og_locale":"nb_NO","og_type":"article","og_title":"Nattbord, rosa Gentleness","og_description":"Nattbord en sjarmerende og praktisk detalj p\u00e5 barnerommet Med myke former som sjarmerer b\u00e5de store og sm\u00e5! Den hvite finishen passer enkelt sammen med alle stiler og farger. Her finner du et morsomt oppbevaringsfag hvor barnet ditt kan ha b\u00f8ker, sm\u00e5 leker eller kosedyr i n\u00e6rheten om natten. P\u00e5 bordplaten kan du plassere en senglampe [&hellip;]","og_url":"https:\/\/babylove.se\/no\/produkt\/nattbord-rosa-gentleness\/","og_site_name":"Babylove Norska","article_modified_time":"2026-04-08T13:36:16+00:00","og_image":[{"width":800,"height":800,"url":"https:\/\/babylove.se\/no\/wp-content\/uploads\/sites\/3\/2025\/11\/254.jpg","type":"image\/jpeg"}],"twitter_card":"summary_large_image","twitter_misc":{"Price":"599,00&nbsp;&#107;&#114;","Availability":"Out of stock"},"schema":{"@context":"https:\/\/schema.org","@graph":[{"@type":"WebPage","@id":"https:\/\/babylove.se\/no\/produkt\/nattbord-rosa-gentleness\/","url":"https:\/\/babylove.se\/no\/produkt\/nattbord-rosa-gentleness\/","name":"Nattbord, rosa Gentleness - Babylove Norska","isPartOf":{"@id":"https:\/\/babylove.se\/no\/#website"},"primaryImageOfPage":{"@id":"https:\/\/babylove.se\/no\/produkt\/nattbord-rosa-gentleness\/#primaryimage"},"image":{"@id":"https:\/\/babylove.se\/no\/produkt\/nattbord-rosa-gentleness\/#primaryimage"},"thumbnailUrl":"https:\/\/babylove.se\/no\/wp-content\/uploads\/sites\/3\/2025\/11\/254.jpg","datePublished":"2025-11-13T11:51:36+00:00","dateModified":"2026-04-08T13:36:16+00:00","breadcrumb":{"@id":"https:\/\/babylove.se\/no\/produkt\/nattbord-rosa-gentleness\/#breadcrumb"},"inLanguage":"nb-NO","potentialAction":[{"@type":"ReadAction","target":["https:\/\/babylove.se\/no\/produkt\/nattbord-rosa-gentleness\/"]}]},{"@type":"ImageObject","inLanguage":"nb-NO","@id":"https:\/\/babylove.se\/no\/produkt\/nattbord-rosa-gentleness\/#primaryimage","url":"https:\/\/babylove.se\/no\/wp-content\/uploads\/sites\/3\/2025\/11\/254.jpg","contentUrl":"https:\/\/babylove.se\/no\/wp-content\/uploads\/sites\/3\/2025\/11\/254.jpg","width":800,"height":800},{"@type":"BreadcrumbList","@id":"https:\/\/babylove.se\/no\/produkt\/nattbord-rosa-gentleness\/#breadcrumb","itemListElement":[{"@type":"ListItem","position":1,"name":"Hem","item":"https:\/\/babylove.se\/no\/"},{"@type":"ListItem","position":2,"name":"Butik","item":"https:\/\/babylove.se\/no\/butik\/"},{"@type":"ListItem","position":3,"name":"Nattbord, rosa Gentleness"}]},{"@type":"WebSite","@id":"https:\/\/babylove.se\/no\/#website","url":"https:\/\/babylove.se\/no\/","name":"Babylove Norska","description":"","potentialAction":[{"@type":"SearchAction","target":{"@type":"EntryPoint","urlTemplate":"https:\/\/babylove.se\/no\/?s={search_term_string}"},"query-input":{"@type":"PropertyValueSpecification","valueRequired":true,"valueName":"search_term_string"}}],"inLanguage":"nb-NO"}]},"product_brand":"Atmosphera","product_price_amount":"599.00","product_price_currency":"SEK","og_availability":"out of stock","product_availability":"out of stock","product_retailer_item_id":"205877C","product_condition":"new"},"_links":{"self":[{"href":"https:\/\/babylove.se\/no\/wp-json\/wp\/v2\/product\/80144","targetHints":{"allow":["GET"]}}],"collection":[{"href":"https:\/\/babylove.se\/no\/wp-json\/wp\/v2\/product"}],"about":[{"href":"https:\/\/babylove.se\/no\/wp-json\/wp\/v2\/types\/product"}],"replies":[{"embeddable":true,"href":"https:\/\/babylove.se\/no\/wp-json\/wp\/v2\/comments?post=80144"}],"wp:featuredmedia":[{"embeddable":true,"href":"https:\/\/babylove.se\/no\/wp-json\/wp\/v2\/media\/80145"}],"wp:attachment":[{"href":"https:\/\/babylove.se\/no\/wp-json\/wp\/v2\/media?parent=80144"}],"wp:term":[{"taxonomy":"product_brand","embeddable":true,"href":"https:\/\/babylove.se\/no\/wp-json\/wp\/v2\/product_brand?post=80144"},{"taxonomy":"product_cat","embeddable":true,"href":"https:\/\/babylove.se\/no\/wp-json\/wp\/v2\/product_cat?post=80144"},{"taxonomy":"product_tag","embeddable":true,"href":"https:\/\/babylove.se\/no\/wp-json\/wp\/v2\/product_tag?post=80144"}],"curies":[{"name":"wp","href":"https:\/\/api.w.org\/{rel}","templated":true}]}}