{"id":80265,"date":"2025-11-13T14:52:53","date_gmt":"2025-11-13T13:52:53","guid":{"rendered":"https:\/\/babylove.se\/?post_type=product&#038;p=80265"},"modified":"2026-04-08T14:36:59","modified_gmt":"2026-04-08T13:36:59","slug":"jabadabado-lysestake-enhjorning","status":"publish","type":"product","link":"https:\/\/babylove.se\/no\/produkt\/jabadabado-lysestake-enhjorning\/","title":{"rendered":"JaBaDaBaDo, Lysestake enhj\u00f8rning"},"content":{"rendered":"<p data-start=\"65\" data-end=\"302\"><strong data-start=\"65\" data-end=\"85\">Hipp hipp hurra!<\/strong><br data-start=\"85\" data-end=\"88\" \/>Skap en koselig f\u00f8dselsdagstradisjon med Jabadabados sjarmerende lysestake formet som en enhj\u00f8rning. Den er perfekt \u00e5 sette p\u00e5 bordet eller p\u00e5 frokostbrettet for \u00e5 gj\u00f8re f\u00f8dselsdagsmorgenen ekstra festlig \u2013 \u00e5r etter \u00e5r.<\/p>\n<p data-start=\"304\" data-end=\"546\">Lysestaken leveres i en eksklusiv gaveinnpakning, noe som gj\u00f8r den til en fin og verdsatt gave. Lys selges separat.<\/p>\n<p data-start=\"548\" data-end=\"572\"><strong data-start=\"548\" data-end=\"570\">Produktinformasjon<\/strong><\/p>\n<ul data-start=\"573\" data-end=\"799\">\n<li data-start=\"573\" data-end=\"610\">\n<p data-start=\"575\" data-end=\"610\">M\u00e5l lysestake: 16 \u00d7 16 \u00d7 14,2 cm<\/p>\n<\/li>\n<li data-start=\"611\" data-end=\"642\">\n<p data-start=\"613\" data-end=\"642\">Innpakning: 15 \u00d7 15 \u00d7 3 cm<\/p>\n<\/li>\n<li data-start=\"643\" data-end=\"668\">\n<p data-start=\"645\" data-end=\"668\">Materiale: MDF, metall<\/p>\n<\/li>\n<li data-start=\"669\" data-end=\"690\">\n<p data-start=\"671\" data-end=\"690\">Diameter: \u00d8 14 cm<\/p>\n<\/li>\n<li data-start=\"691\" data-end=\"742\">\n<p data-start=\"693\" data-end=\"742\">Laget av FSC\u2122-sertifisert tre (FSC\u2122C194598)<\/p>\n<\/li>\n<li data-start=\"743\" data-end=\"799\">\n<p data-start=\"745\" data-end=\"799\">Sikkerhet: Testet og godkjent i henhold til europeisk standard<\/p>\n<\/li>\n<\/ul>\n","protected":false},"excerpt":{"rendered":"<p>Hipp hipp hurra!Skap en koselig f\u00f8dselsdagstradisjon med Jabadabados sjarmerende lysestake formet som en enhj\u00f8rning. Den er perfekt \u00e5 sette p\u00e5 bordet eller p\u00e5 frokostbrettet for \u00e5 gj\u00f8re f\u00f8dselsdagsmorgenen ekstra festlig \u2013 \u00e5r etter \u00e5r. Lysestaken leveres i en eksklusiv gaveinnpakning, noe som gj\u00f8r den til en fin og verdsatt gave. Lys selges separat. Produktinformasjon M\u00e5l [&hellip;]<\/p>\n","protected":false},"featured_media":80267,"comment_status":"closed","ping_status":"closed","template":"","meta":{"_acf_changed":false},"product_brand":[273],"product_cat":[70,73,90,357,274,72,68,922],"product_tag":[],"class_list":{"0":"post-80265","1":"product","2":"type-product","3":"status-publish","4":"has-post-thumbnail","6":"product_brand-jabadabado","7":"product_cat-gaver","8":"product_cat-dop","9":"product_cat-dyr","10":"product_cat-gavesett","11":"product_cat-jabadabado","12":"product_cat-julegaver","13":"product_cat-leker","14":"product_cat-nyheter","16":"first","17":"instock","18":"taxable","19":"shipping-taxable","20":"purchasable","21":"product-type-simple"},"acf":[],"yoast_head":"<!-- This site is optimized with the Yoast SEO Premium plugin v25.8 (Yoast SEO v27.2) - https:\/\/yoast.com\/product\/yoast-seo-premium-wordpress\/ -->\n<title>JaBaDaBaDo, Lysestake enhj\u00f8rning - Babylove Norska<\/title>\n<meta name=\"robots\" content=\"noindex, follow, max-snippet:-1, max-image-preview:large, max-video-preview:-1\" \/>\n<meta property=\"og:locale\" content=\"nb_NO\" \/>\n<meta property=\"og:type\" content=\"article\" \/>\n<meta property=\"og:title\" content=\"JaBaDaBaDo, Lysestake enhj\u00f8rning\" \/>\n<meta property=\"og:description\" content=\"Hipp hipp hurra!Skap en koselig f\u00f8dselsdagstradisjon med Jabadabados sjarmerende lysestake formet som en enhj\u00f8rning. Den er perfekt \u00e5 sette p\u00e5 bordet eller p\u00e5 frokostbrettet for \u00e5 gj\u00f8re f\u00f8dselsdagsmorgenen ekstra festlig \u2013 \u00e5r etter \u00e5r. Lysestaken leveres i en eksklusiv gaveinnpakning, noe som gj\u00f8r den til en fin og verdsatt gave. Lys selges separat. Produktinformasjon M\u00e5l [&hellip;]\" \/>\n<meta property=\"og:url\" content=\"https:\/\/babylove.se\/no\/produkt\/jabadabado-lysestake-enhjorning\/\" \/>\n<meta property=\"og:site_name\" content=\"Babylove Norska\" \/>\n<meta property=\"article:modified_time\" content=\"2026-04-08T13:36:59+00:00\" \/>\n<meta property=\"og:image\" content=\"https:\/\/babylove.se\/no\/wp-content\/uploads\/sites\/3\/2025\/11\/Produkter-3.jpg\" \/>\n\t<meta property=\"og:image:width\" content=\"800\" \/>\n\t<meta property=\"og:image:height\" content=\"800\" \/>\n\t<meta property=\"og:image:type\" content=\"image\/jpeg\" \/>\n<meta name=\"twitter:card\" content=\"summary_large_image\" \/>\n<meta name=\"twitter:label1\" content=\"Price\" \/>\n\t<meta name=\"twitter:data1\" content=\"199,00&nbsp;&#107;&#114;\" \/>\n\t<meta name=\"twitter:label2\" content=\"Availability\" \/>\n\t<meta name=\"twitter:data2\" content=\"In stock\" \/>\n<script type=\"application\/ld+json\" class=\"yoast-schema-graph\">{\"@context\":\"https:\/\/schema.org\",\"@graph\":[{\"@type\":\"WebPage\",\"@id\":\"https:\/\/babylove.se\/no\/produkt\/jabadabado-lysestake-enhjorning\/\",\"url\":\"https:\/\/babylove.se\/no\/produkt\/jabadabado-lysestake-enhjorning\/\",\"name\":\"JaBaDaBaDo, Lysestake enhj\u00f8rning - Babylove Norska\",\"isPartOf\":{\"@id\":\"https:\/\/babylove.se\/no\/#website\"},\"primaryImageOfPage\":{\"@id\":\"https:\/\/babylove.se\/no\/produkt\/jabadabado-lysestake-enhjorning\/#primaryimage\"},\"image\":{\"@id\":\"https:\/\/babylove.se\/no\/produkt\/jabadabado-lysestake-enhjorning\/#primaryimage\"},\"thumbnailUrl\":\"https:\/\/babylove.se\/no\/wp-content\/uploads\/sites\/3\/2025\/11\/Produkter-3.jpg\",\"datePublished\":\"2025-11-13T13:52:53+00:00\",\"dateModified\":\"2026-04-08T13:36:59+00:00\",\"breadcrumb\":{\"@id\":\"https:\/\/babylove.se\/no\/produkt\/jabadabado-lysestake-enhjorning\/#breadcrumb\"},\"inLanguage\":\"nb-NO\",\"potentialAction\":[{\"@type\":\"ReadAction\",\"target\":[\"https:\/\/babylove.se\/no\/produkt\/jabadabado-lysestake-enhjorning\/\"]}]},{\"@type\":\"ImageObject\",\"inLanguage\":\"nb-NO\",\"@id\":\"https:\/\/babylove.se\/no\/produkt\/jabadabado-lysestake-enhjorning\/#primaryimage\",\"url\":\"https:\/\/babylove.se\/no\/wp-content\/uploads\/sites\/3\/2025\/11\/Produkter-3.jpg\",\"contentUrl\":\"https:\/\/babylove.se\/no\/wp-content\/uploads\/sites\/3\/2025\/11\/Produkter-3.jpg\",\"width\":800,\"height\":800},{\"@type\":\"BreadcrumbList\",\"@id\":\"https:\/\/babylove.se\/no\/produkt\/jabadabado-lysestake-enhjorning\/#breadcrumb\",\"itemListElement\":[{\"@type\":\"ListItem\",\"position\":1,\"name\":\"Hem\",\"item\":\"https:\/\/babylove.se\/no\/\"},{\"@type\":\"ListItem\",\"position\":2,\"name\":\"Butik\",\"item\":\"https:\/\/babylove.se\/no\/butik\/\"},{\"@type\":\"ListItem\",\"position\":3,\"name\":\"JaBaDaBaDo, Lysestake enhj\u00f8rning\"}]},{\"@type\":\"WebSite\",\"@id\":\"https:\/\/babylove.se\/no\/#website\",\"url\":\"https:\/\/babylove.se\/no\/\",\"name\":\"Babylove Norska\",\"description\":\"\",\"potentialAction\":[{\"@type\":\"SearchAction\",\"target\":{\"@type\":\"EntryPoint\",\"urlTemplate\":\"https:\/\/babylove.se\/no\/?s={search_term_string}\"},\"query-input\":{\"@type\":\"PropertyValueSpecification\",\"valueRequired\":true,\"valueName\":\"search_term_string\"}}],\"inLanguage\":\"nb-NO\"}]}<\/script>\n<meta property=\"product:brand\" content=\"JaBaDaBaDo\" \/>\n<meta property=\"product:price:amount\" content=\"199.00\" \/>\n<meta property=\"product:price:currency\" content=\"SEK\" \/>\n<meta property=\"og:availability\" content=\"instock\" \/>\n<meta property=\"product:availability\" content=\"instock\" \/>\n<meta property=\"product:retailer_item_id\" content=\"T327\" \/>\n<meta property=\"product:condition\" content=\"new\" \/>\n<!-- \/ Yoast SEO Premium plugin. -->","yoast_head_json":{"title":"JaBaDaBaDo, Lysestake enhj\u00f8rning - Babylove Norska","robots":{"index":"noindex","follow":"follow","max-snippet":"max-snippet:-1","max-image-preview":"max-image-preview:large","max-video-preview":"max-video-preview:-1"},"og_locale":"nb_NO","og_type":"article","og_title":"JaBaDaBaDo, Lysestake enhj\u00f8rning","og_description":"Hipp hipp hurra!Skap en koselig f\u00f8dselsdagstradisjon med Jabadabados sjarmerende lysestake formet som en enhj\u00f8rning. Den er perfekt \u00e5 sette p\u00e5 bordet eller p\u00e5 frokostbrettet for \u00e5 gj\u00f8re f\u00f8dselsdagsmorgenen ekstra festlig \u2013 \u00e5r etter \u00e5r. Lysestaken leveres i en eksklusiv gaveinnpakning, noe som gj\u00f8r den til en fin og verdsatt gave. Lys selges separat. Produktinformasjon M\u00e5l [&hellip;]","og_url":"https:\/\/babylove.se\/no\/produkt\/jabadabado-lysestake-enhjorning\/","og_site_name":"Babylove Norska","article_modified_time":"2026-04-08T13:36:59+00:00","og_image":[{"width":800,"height":800,"url":"https:\/\/babylove.se\/no\/wp-content\/uploads\/sites\/3\/2025\/11\/Produkter-3.jpg","type":"image\/jpeg"}],"twitter_card":"summary_large_image","twitter_misc":{"Price":"199,00&nbsp;&#107;&#114;","Availability":"In stock"},"schema":{"@context":"https:\/\/schema.org","@graph":[{"@type":"WebPage","@id":"https:\/\/babylove.se\/no\/produkt\/jabadabado-lysestake-enhjorning\/","url":"https:\/\/babylove.se\/no\/produkt\/jabadabado-lysestake-enhjorning\/","name":"JaBaDaBaDo, Lysestake enhj\u00f8rning - Babylove Norska","isPartOf":{"@id":"https:\/\/babylove.se\/no\/#website"},"primaryImageOfPage":{"@id":"https:\/\/babylove.se\/no\/produkt\/jabadabado-lysestake-enhjorning\/#primaryimage"},"image":{"@id":"https:\/\/babylove.se\/no\/produkt\/jabadabado-lysestake-enhjorning\/#primaryimage"},"thumbnailUrl":"https:\/\/babylove.se\/no\/wp-content\/uploads\/sites\/3\/2025\/11\/Produkter-3.jpg","datePublished":"2025-11-13T13:52:53+00:00","dateModified":"2026-04-08T13:36:59+00:00","breadcrumb":{"@id":"https:\/\/babylove.se\/no\/produkt\/jabadabado-lysestake-enhjorning\/#breadcrumb"},"inLanguage":"nb-NO","potentialAction":[{"@type":"ReadAction","target":["https:\/\/babylove.se\/no\/produkt\/jabadabado-lysestake-enhjorning\/"]}]},{"@type":"ImageObject","inLanguage":"nb-NO","@id":"https:\/\/babylove.se\/no\/produkt\/jabadabado-lysestake-enhjorning\/#primaryimage","url":"https:\/\/babylove.se\/no\/wp-content\/uploads\/sites\/3\/2025\/11\/Produkter-3.jpg","contentUrl":"https:\/\/babylove.se\/no\/wp-content\/uploads\/sites\/3\/2025\/11\/Produkter-3.jpg","width":800,"height":800},{"@type":"BreadcrumbList","@id":"https:\/\/babylove.se\/no\/produkt\/jabadabado-lysestake-enhjorning\/#breadcrumb","itemListElement":[{"@type":"ListItem","position":1,"name":"Hem","item":"https:\/\/babylove.se\/no\/"},{"@type":"ListItem","position":2,"name":"Butik","item":"https:\/\/babylove.se\/no\/butik\/"},{"@type":"ListItem","position":3,"name":"JaBaDaBaDo, Lysestake enhj\u00f8rning"}]},{"@type":"WebSite","@id":"https:\/\/babylove.se\/no\/#website","url":"https:\/\/babylove.se\/no\/","name":"Babylove Norska","description":"","potentialAction":[{"@type":"SearchAction","target":{"@type":"EntryPoint","urlTemplate":"https:\/\/babylove.se\/no\/?s={search_term_string}"},"query-input":{"@type":"PropertyValueSpecification","valueRequired":true,"valueName":"search_term_string"}}],"inLanguage":"nb-NO"}]},"product_brand":"JaBaDaBaDo","product_price_amount":"199.00","product_price_currency":"SEK","og_availability":"instock","product_availability":"instock","product_retailer_item_id":"T327","product_condition":"new"},"_links":{"self":[{"href":"https:\/\/babylove.se\/no\/wp-json\/wp\/v2\/product\/80265","targetHints":{"allow":["GET"]}}],"collection":[{"href":"https:\/\/babylove.se\/no\/wp-json\/wp\/v2\/product"}],"about":[{"href":"https:\/\/babylove.se\/no\/wp-json\/wp\/v2\/types\/product"}],"replies":[{"embeddable":true,"href":"https:\/\/babylove.se\/no\/wp-json\/wp\/v2\/comments?post=80265"}],"wp:featuredmedia":[{"embeddable":true,"href":"https:\/\/babylove.se\/no\/wp-json\/wp\/v2\/media\/80267"}],"wp:attachment":[{"href":"https:\/\/babylove.se\/no\/wp-json\/wp\/v2\/media?parent=80265"}],"wp:term":[{"taxonomy":"product_brand","embeddable":true,"href":"https:\/\/babylove.se\/no\/wp-json\/wp\/v2\/product_brand?post=80265"},{"taxonomy":"product_cat","embeddable":true,"href":"https:\/\/babylove.se\/no\/wp-json\/wp\/v2\/product_cat?post=80265"},{"taxonomy":"product_tag","embeddable":true,"href":"https:\/\/babylove.se\/no\/wp-json\/wp\/v2\/product_tag?post=80265"}],"curies":[{"name":"wp","href":"https:\/\/api.w.org\/{rel}","templated":true}]}}