{"id":8027,"date":"2025-07-18T20:47:41","date_gmt":"2025-07-18T19:47:41","guid":{"rendered":"https:\/\/babylove.se\/produkt\/gra-hussang-till-barnrummet\/"},"modified":"2026-04-08T08:42:18","modified_gmt":"2026-04-08T07:42:18","slug":"gra-huskelullgarn-til-barnerommet","status":"publish","type":"product","link":"https:\/\/babylove.se\/no\/produkt\/gra-huskelullgarn-til-barnerommet\/","title":{"rendered":"Husseng til barnerommet med sikkerhetsskjene"},"content":{"rendered":"<p>Fantastisk seng i form av et hus. Med denne hussengen l\u00f8fter du barneroms-innredningen din til nye niv\u00e5er, og barnet ditt kommer til \u00e5 glede seg til leggetid.<\/p>\n<p>Komplett med en fin pute, vimpel eller hvorfor ikke med fine lysslynger som du enkelt henger opp p\u00e5 sengen.<\/p>\n<ul>\n<li>Finnes i fire farger: gr\u00e5, hvit, svart og natur.<\/li>\n<li>T\u00e5ler opptil 100 kg<\/li>\n<li>Ribbebunn medf\u00f8lger til sengen<\/li>\n<li>Til hussengen medf\u00f8lger tre sikkerhetsskinner\/sider. En kortside er helt \u00e5pen (Se bilde i produktbeskrivelsen). Disse skinnene kan monteres ned n\u00e5r barnet vokser, og skruehullene kan fylles med akryl eller lignende.<\/li>\n<\/ul>\n<p><strong>M\u00e5l<\/strong>: Finnes i to varianter, 90&#215;190 cm og 90&#215;200 cm<\/p>\n<ul type=\"disc\">\n<li><u>Variant 90&#215;190: <\/u>H\u00f8yde: 128 cm , Bredde: 98 cm , Lengde: 197 cm (passer til madrass 90&#215;190 cm som du finner hos oss) <\/li>\n<li><u>Variant 90&#215;200<\/u>: H\u00f8yde: 132 cm , Bredde: 98 cm , Lengde: 207 cm (passer til madrass 90&#215;200 cm som du finner hos oss eller for eksempel p\u00e5 Ikea ) <\/li>\n<li>\n<p>Madrass er ikke inkludert, men ta gjerne en titt p\u00e5 v\u00e5rt store madrassutvalg. Vi anbefaler en skummadrass med tykkelse p\u00e5 ca 10-12 cm.<\/p>\n<\/li>\n<\/ul>\n<p><strong>Materiale<\/strong> : Furu <\/p>\n<p><em>Obs! Spesialtilvirket bestillingsvare. Angrerett gjelder ikke.<\/em><\/p>\n<p><em><em><em><em>Sengen leveres umontert i to pakker og b\u00f8r settes sammen i rommet den skal brukes i.<\/em><\/em><\/em><\/em><\/p>\n","protected":false},"excerpt":{"rendered":"<p>Fantastisk seng i form av et hus. Med denne hussengen l\u00f8fter du barneroms-innredningen din til nye niv\u00e5er, og barnet ditt kommer til \u00e5 glede seg til leggetid. Komplett med en fin pute, vimpel eller hvorfor ikke med fine lysslynger som du enkelt henger opp p\u00e5 sengen. Finnes i fire farger: gr\u00e5, hvit, svart og natur. [&hellip;]<\/p>\n","protected":false},"featured_media":8029,"comment_status":"closed","ping_status":"open","template":"","meta":{"_acf_changed":false},"product_brand":[261],"product_cat":[224,217,269,263,40,48],"product_tag":[1689],"class_list":{"0":"post-8027","1":"product","2":"type-product","3":"status-publish","4":"has-post-thumbnail","6":"product_brand-ohh-mami","7":"product_cat-ferdigbyggd-barneseng","8":"product_cat-sengesanger","9":"product_cat-juniorsenger","10":"product_cat-ohhmami","11":"product_cat-soverom-barn","12":"product_cat-startside","13":"product_tag-bestillingsvaror","14":"pa_storlek-90x190","15":"pa_storlek-90x200","17":"first","18":"instock","19":"taxable","20":"shipping-taxable","21":"purchasable","22":"product-type-variable"},"acf":[],"yoast_head":"<!-- This site is optimized with the Yoast SEO Premium plugin v25.8 (Yoast SEO v27.2) - https:\/\/yoast.com\/product\/yoast-seo-premium-wordpress\/ -->\n<title>Husseng til barnerommet med sikkerhetsskjene - Babylove Norska<\/title>\n<meta name=\"robots\" content=\"noindex, follow, max-snippet:-1, max-image-preview:large, max-video-preview:-1\" \/>\n<meta property=\"og:locale\" content=\"nb_NO\" \/>\n<meta property=\"og:type\" content=\"article\" \/>\n<meta property=\"og:title\" content=\"Husseng til barnerommet med sikkerhetsskjene\" \/>\n<meta property=\"og:description\" content=\"Fantastisk seng i form av et hus. Med denne hussengen l\u00f8fter du barneroms-innredningen din til nye niv\u00e5er, og barnet ditt kommer til \u00e5 glede seg til leggetid. Komplett med en fin pute, vimpel eller hvorfor ikke med fine lysslynger som du enkelt henger opp p\u00e5 sengen. Finnes i fire farger: gr\u00e5, hvit, svart og natur. [&hellip;]\" \/>\n<meta property=\"og:url\" content=\"https:\/\/babylove.se\/no\/produkt\/gra-huskelullgarn-til-barnerommet\/\" \/>\n<meta property=\"og:site_name\" content=\"Babylove Norska\" \/>\n<meta property=\"article:modified_time\" content=\"2026-04-08T07:42:18+00:00\" \/>\n<meta property=\"og:image\" content=\"https:\/\/babylove.se\/no\/wp-content\/uploads\/sites\/3\/2025\/07\/641205afc4460.png\" \/>\n\t<meta property=\"og:image:width\" content=\"800\" \/>\n\t<meta property=\"og:image:height\" content=\"800\" \/>\n\t<meta property=\"og:image:type\" content=\"image\/png\" \/>\n<meta name=\"twitter:card\" content=\"summary_large_image\" \/>\n<meta name=\"twitter:label1\" content=\"Availability\" \/>\n\t<meta name=\"twitter:data1\" content=\"In stock\" \/>\n<script type=\"application\/ld+json\" class=\"yoast-schema-graph\">{\"@context\":\"https:\/\/schema.org\",\"@graph\":[{\"@type\":\"WebPage\",\"@id\":\"https:\/\/babylove.se\/no\/produkt\/gra-huskelullgarn-til-barnerommet\/\",\"url\":\"https:\/\/babylove.se\/no\/produkt\/gra-huskelullgarn-til-barnerommet\/\",\"name\":\"Husseng til barnerommet med sikkerhetsskjene - Babylove Norska\",\"isPartOf\":{\"@id\":\"https:\/\/babylove.se\/no\/#website\"},\"primaryImageOfPage\":{\"@id\":\"https:\/\/babylove.se\/no\/produkt\/gra-huskelullgarn-til-barnerommet\/#primaryimage\"},\"image\":{\"@id\":\"https:\/\/babylove.se\/no\/produkt\/gra-huskelullgarn-til-barnerommet\/#primaryimage\"},\"thumbnailUrl\":\"https:\/\/babylove.se\/no\/wp-content\/uploads\/sites\/3\/2025\/07\/641205afc4460.png\",\"datePublished\":\"2025-07-18T19:47:41+00:00\",\"dateModified\":\"2026-04-08T07:42:18+00:00\",\"breadcrumb\":{\"@id\":\"https:\/\/babylove.se\/no\/produkt\/gra-huskelullgarn-til-barnerommet\/#breadcrumb\"},\"inLanguage\":\"nb-NO\",\"potentialAction\":[{\"@type\":\"ReadAction\",\"target\":[\"https:\/\/babylove.se\/no\/produkt\/gra-huskelullgarn-til-barnerommet\/\"]}]},{\"@type\":\"ImageObject\",\"inLanguage\":\"nb-NO\",\"@id\":\"https:\/\/babylove.se\/no\/produkt\/gra-huskelullgarn-til-barnerommet\/#primaryimage\",\"url\":\"https:\/\/babylove.se\/no\/wp-content\/uploads\/sites\/3\/2025\/07\/641205afc4460.png\",\"contentUrl\":\"https:\/\/babylove.se\/no\/wp-content\/uploads\/sites\/3\/2025\/07\/641205afc4460.png\",\"width\":800,\"height\":800},{\"@type\":\"BreadcrumbList\",\"@id\":\"https:\/\/babylove.se\/no\/produkt\/gra-huskelullgarn-til-barnerommet\/#breadcrumb\",\"itemListElement\":[{\"@type\":\"ListItem\",\"position\":1,\"name\":\"Hem\",\"item\":\"https:\/\/babylove.se\/no\/\"},{\"@type\":\"ListItem\",\"position\":2,\"name\":\"Butik\",\"item\":\"https:\/\/babylove.se\/no\/butik\/\"},{\"@type\":\"ListItem\",\"position\":3,\"name\":\"Husseng til barnerommet med sikkerhetsskjene\"}]},{\"@type\":\"WebSite\",\"@id\":\"https:\/\/babylove.se\/no\/#website\",\"url\":\"https:\/\/babylove.se\/no\/\",\"name\":\"Babylove Norska\",\"description\":\"\",\"potentialAction\":[{\"@type\":\"SearchAction\",\"target\":{\"@type\":\"EntryPoint\",\"urlTemplate\":\"https:\/\/babylove.se\/no\/?s={search_term_string}\"},\"query-input\":{\"@type\":\"PropertyValueSpecification\",\"valueRequired\":true,\"valueName\":\"search_term_string\"}}],\"inLanguage\":\"nb-NO\"}]}<\/script>\n<meta property=\"product:brand\" content=\"Ohh Mami\" \/>\n<meta property=\"og:availability\" content=\"instock\" \/>\n<meta property=\"product:availability\" content=\"instock\" \/>\n<meta property=\"product:retailer_item_id\" content=\"Huss\u00e4ng90x190\" \/>\n<meta property=\"product:condition\" content=\"new\" \/>\n<!-- \/ Yoast SEO Premium plugin. -->","yoast_head_json":{"title":"Husseng til barnerommet med sikkerhetsskjene - Babylove Norska","robots":{"index":"noindex","follow":"follow","max-snippet":"max-snippet:-1","max-image-preview":"max-image-preview:large","max-video-preview":"max-video-preview:-1"},"og_locale":"nb_NO","og_type":"article","og_title":"Husseng til barnerommet med sikkerhetsskjene","og_description":"Fantastisk seng i form av et hus. Med denne hussengen l\u00f8fter du barneroms-innredningen din til nye niv\u00e5er, og barnet ditt kommer til \u00e5 glede seg til leggetid. Komplett med en fin pute, vimpel eller hvorfor ikke med fine lysslynger som du enkelt henger opp p\u00e5 sengen. Finnes i fire farger: gr\u00e5, hvit, svart og natur. [&hellip;]","og_url":"https:\/\/babylove.se\/no\/produkt\/gra-huskelullgarn-til-barnerommet\/","og_site_name":"Babylove Norska","article_modified_time":"2026-04-08T07:42:18+00:00","og_image":[{"width":800,"height":800,"url":"https:\/\/babylove.se\/no\/wp-content\/uploads\/sites\/3\/2025\/07\/641205afc4460.png","type":"image\/png"}],"twitter_card":"summary_large_image","twitter_misc":{"Availability":"In stock"},"schema":{"@context":"https:\/\/schema.org","@graph":[{"@type":"WebPage","@id":"https:\/\/babylove.se\/no\/produkt\/gra-huskelullgarn-til-barnerommet\/","url":"https:\/\/babylove.se\/no\/produkt\/gra-huskelullgarn-til-barnerommet\/","name":"Husseng til barnerommet med sikkerhetsskjene - Babylove Norska","isPartOf":{"@id":"https:\/\/babylove.se\/no\/#website"},"primaryImageOfPage":{"@id":"https:\/\/babylove.se\/no\/produkt\/gra-huskelullgarn-til-barnerommet\/#primaryimage"},"image":{"@id":"https:\/\/babylove.se\/no\/produkt\/gra-huskelullgarn-til-barnerommet\/#primaryimage"},"thumbnailUrl":"https:\/\/babylove.se\/no\/wp-content\/uploads\/sites\/3\/2025\/07\/641205afc4460.png","datePublished":"2025-07-18T19:47:41+00:00","dateModified":"2026-04-08T07:42:18+00:00","breadcrumb":{"@id":"https:\/\/babylove.se\/no\/produkt\/gra-huskelullgarn-til-barnerommet\/#breadcrumb"},"inLanguage":"nb-NO","potentialAction":[{"@type":"ReadAction","target":["https:\/\/babylove.se\/no\/produkt\/gra-huskelullgarn-til-barnerommet\/"]}]},{"@type":"ImageObject","inLanguage":"nb-NO","@id":"https:\/\/babylove.se\/no\/produkt\/gra-huskelullgarn-til-barnerommet\/#primaryimage","url":"https:\/\/babylove.se\/no\/wp-content\/uploads\/sites\/3\/2025\/07\/641205afc4460.png","contentUrl":"https:\/\/babylove.se\/no\/wp-content\/uploads\/sites\/3\/2025\/07\/641205afc4460.png","width":800,"height":800},{"@type":"BreadcrumbList","@id":"https:\/\/babylove.se\/no\/produkt\/gra-huskelullgarn-til-barnerommet\/#breadcrumb","itemListElement":[{"@type":"ListItem","position":1,"name":"Hem","item":"https:\/\/babylove.se\/no\/"},{"@type":"ListItem","position":2,"name":"Butik","item":"https:\/\/babylove.se\/no\/butik\/"},{"@type":"ListItem","position":3,"name":"Husseng til barnerommet med sikkerhetsskjene"}]},{"@type":"WebSite","@id":"https:\/\/babylove.se\/no\/#website","url":"https:\/\/babylove.se\/no\/","name":"Babylove Norska","description":"","potentialAction":[{"@type":"SearchAction","target":{"@type":"EntryPoint","urlTemplate":"https:\/\/babylove.se\/no\/?s={search_term_string}"},"query-input":{"@type":"PropertyValueSpecification","valueRequired":true,"valueName":"search_term_string"}}],"inLanguage":"nb-NO"}]},"product_brand":"Ohh Mami","og_availability":"instock","product_availability":"instock","product_retailer_item_id":"Huss\u00e4ng90x190","product_condition":"new"},"_links":{"self":[{"href":"https:\/\/babylove.se\/no\/wp-json\/wp\/v2\/product\/8027","targetHints":{"allow":["GET"]}}],"collection":[{"href":"https:\/\/babylove.se\/no\/wp-json\/wp\/v2\/product"}],"about":[{"href":"https:\/\/babylove.se\/no\/wp-json\/wp\/v2\/types\/product"}],"replies":[{"embeddable":true,"href":"https:\/\/babylove.se\/no\/wp-json\/wp\/v2\/comments?post=8027"}],"wp:featuredmedia":[{"embeddable":true,"href":"https:\/\/babylove.se\/no\/wp-json\/wp\/v2\/media\/8029"}],"wp:attachment":[{"href":"https:\/\/babylove.se\/no\/wp-json\/wp\/v2\/media?parent=8027"}],"wp:term":[{"taxonomy":"product_brand","embeddable":true,"href":"https:\/\/babylove.se\/no\/wp-json\/wp\/v2\/product_brand?post=8027"},{"taxonomy":"product_cat","embeddable":true,"href":"https:\/\/babylove.se\/no\/wp-json\/wp\/v2\/product_cat?post=8027"},{"taxonomy":"product_tag","embeddable":true,"href":"https:\/\/babylove.se\/no\/wp-json\/wp\/v2\/product_tag?post=8027"}],"curies":[{"name":"wp","href":"https:\/\/api.w.org\/{rel}","templated":true}]}}