{"id":80278,"date":"2025-11-13T15:07:54","date_gmt":"2025-11-13T14:07:54","guid":{"rendered":"https:\/\/babylove.se\/?post_type=product&#038;p=80278"},"modified":"2026-04-08T14:37:08","modified_gmt":"2026-04-08T13:37:08","slug":"jabadabado-bursdagstog-dino","status":"publish","type":"product","link":"https:\/\/babylove.se\/no\/produkt\/jabadabado-bursdagstog-dino\/","title":{"rendered":"JaBaDaBaDo, Bursdagstog dino"},"content":{"rendered":"<p data-start=\"63\" data-end=\"296\">Feir stort med dinosaurer! Dette trendy bursdagstoget gir selskapet en ekstra magisk touch med sine sjarmerende dinosaurer i myke pastellfarger. T-rex, stegosaurus og deres venner skaper en leken stemning rundt bursdagsbordet.<\/p>\n<p> \\n<\/p>\n<p data-start=\"298\" data-end=\"492\">Toget har plass til b\u00e5de lys og siffer, noe som gj\u00f8r det til en personlig og vakker dekorasjon som l\u00f8fter feiringen. Laget i tre og utformet for \u00e5 bli en elsket tradisjon \u00e5r etter \u00e5r.<\/p>\n<p> \\n<\/p>\n<p data-start=\"494\" data-end=\"587\" data-is-last-node=\"\" data-is-only-node=\"\">Et perfekt valg for sm\u00e5 dinofantaster og for \u00e5 skape virkelig minnerike bursdagsselskap!<\/p>\n","protected":false},"excerpt":{"rendered":"<p>Feir stort med dinosaurer! Dette trendy bursdagstoget gir selskapet en ekstra magisk touch med sine sjarmerende dinosaurer i myke pastellfarger. T-rex, stegosaurus og deres venner skaper en leken stemning rundt bursdagsbordet. \\n Toget har plass til b\u00e5de lys og siffer, noe som gj\u00f8r det til en personlig og vakker dekorasjon som l\u00f8fter feiringen. Laget i [&hellip;]<\/p>\n","protected":false},"featured_media":80280,"comment_status":"closed","ping_status":"closed","template":"","meta":{"_acf_changed":false},"product_brand":[273],"product_cat":[70,73,90,357,274,72,68,922],"product_tag":[],"class_list":{"0":"post-80278","1":"product","2":"type-product","3":"status-publish","4":"has-post-thumbnail","6":"product_brand-jabadabado","7":"product_cat-gaver","8":"product_cat-dop","9":"product_cat-dyr","10":"product_cat-gavesett","11":"product_cat-jabadabado","12":"product_cat-julegaver","13":"product_cat-leker","14":"product_cat-nyheter","16":"first","17":"instock","18":"taxable","19":"shipping-taxable","20":"purchasable","21":"product-type-simple"},"acf":[],"yoast_head":"<!-- This site is optimized with the Yoast SEO Premium plugin v25.8 (Yoast SEO v27.2) - https:\/\/yoast.com\/product\/yoast-seo-premium-wordpress\/ -->\n<title>JaBaDaBaDo, Bursdagstog dino - Babylove Norska<\/title>\n<meta name=\"robots\" content=\"noindex, follow, max-snippet:-1, max-image-preview:large, max-video-preview:-1\" \/>\n<meta property=\"og:locale\" content=\"nb_NO\" \/>\n<meta property=\"og:type\" content=\"article\" \/>\n<meta property=\"og:title\" content=\"JaBaDaBaDo, Bursdagstog dino\" \/>\n<meta property=\"og:description\" content=\"Feir stort med dinosaurer! Dette trendy bursdagstoget gir selskapet en ekstra magisk touch med sine sjarmerende dinosaurer i myke pastellfarger. T-rex, stegosaurus og deres venner skaper en leken stemning rundt bursdagsbordet. n Toget har plass til b\u00e5de lys og siffer, noe som gj\u00f8r det til en personlig og vakker dekorasjon som l\u00f8fter feiringen. Laget i [&hellip;]\" \/>\n<meta property=\"og:url\" content=\"https:\/\/babylove.se\/no\/produkt\/jabadabado-bursdagstog-dino\/\" \/>\n<meta property=\"og:site_name\" content=\"Babylove Norska\" \/>\n<meta property=\"article:modified_time\" content=\"2026-04-08T13:37:08+00:00\" \/>\n<meta property=\"og:image\" content=\"https:\/\/babylove.se\/no\/wp-content\/uploads\/sites\/3\/2025\/11\/Produkter-4.jpg\" \/>\n\t<meta property=\"og:image:width\" content=\"800\" \/>\n\t<meta property=\"og:image:height\" content=\"800\" \/>\n\t<meta property=\"og:image:type\" content=\"image\/jpeg\" \/>\n<meta name=\"twitter:card\" content=\"summary_large_image\" \/>\n<meta name=\"twitter:label1\" content=\"Price\" \/>\n\t<meta name=\"twitter:data1\" content=\"399,00&nbsp;&#107;&#114;\" \/>\n\t<meta name=\"twitter:label2\" content=\"Availability\" \/>\n\t<meta name=\"twitter:data2\" content=\"In stock\" \/>\n<script type=\"application\/ld+json\" class=\"yoast-schema-graph\">{\"@context\":\"https:\/\/schema.org\",\"@graph\":[{\"@type\":\"WebPage\",\"@id\":\"https:\/\/babylove.se\/no\/produkt\/jabadabado-bursdagstog-dino\/\",\"url\":\"https:\/\/babylove.se\/no\/produkt\/jabadabado-bursdagstog-dino\/\",\"name\":\"JaBaDaBaDo, Bursdagstog dino - Babylove Norska\",\"isPartOf\":{\"@id\":\"https:\/\/babylove.se\/no\/#website\"},\"primaryImageOfPage\":{\"@id\":\"https:\/\/babylove.se\/no\/produkt\/jabadabado-bursdagstog-dino\/#primaryimage\"},\"image\":{\"@id\":\"https:\/\/babylove.se\/no\/produkt\/jabadabado-bursdagstog-dino\/#primaryimage\"},\"thumbnailUrl\":\"https:\/\/babylove.se\/no\/wp-content\/uploads\/sites\/3\/2025\/11\/Produkter-4.jpg\",\"datePublished\":\"2025-11-13T14:07:54+00:00\",\"dateModified\":\"2026-04-08T13:37:08+00:00\",\"breadcrumb\":{\"@id\":\"https:\/\/babylove.se\/no\/produkt\/jabadabado-bursdagstog-dino\/#breadcrumb\"},\"inLanguage\":\"nb-NO\",\"potentialAction\":[{\"@type\":\"ReadAction\",\"target\":[\"https:\/\/babylove.se\/no\/produkt\/jabadabado-bursdagstog-dino\/\"]}]},{\"@type\":\"ImageObject\",\"inLanguage\":\"nb-NO\",\"@id\":\"https:\/\/babylove.se\/no\/produkt\/jabadabado-bursdagstog-dino\/#primaryimage\",\"url\":\"https:\/\/babylove.se\/no\/wp-content\/uploads\/sites\/3\/2025\/11\/Produkter-4.jpg\",\"contentUrl\":\"https:\/\/babylove.se\/no\/wp-content\/uploads\/sites\/3\/2025\/11\/Produkter-4.jpg\",\"width\":800,\"height\":800},{\"@type\":\"BreadcrumbList\",\"@id\":\"https:\/\/babylove.se\/no\/produkt\/jabadabado-bursdagstog-dino\/#breadcrumb\",\"itemListElement\":[{\"@type\":\"ListItem\",\"position\":1,\"name\":\"Hem\",\"item\":\"https:\/\/babylove.se\/no\/\"},{\"@type\":\"ListItem\",\"position\":2,\"name\":\"Butik\",\"item\":\"https:\/\/babylove.se\/no\/butik\/\"},{\"@type\":\"ListItem\",\"position\":3,\"name\":\"JaBaDaBaDo, Bursdagstog dino\"}]},{\"@type\":\"WebSite\",\"@id\":\"https:\/\/babylove.se\/no\/#website\",\"url\":\"https:\/\/babylove.se\/no\/\",\"name\":\"Babylove Norska\",\"description\":\"\",\"potentialAction\":[{\"@type\":\"SearchAction\",\"target\":{\"@type\":\"EntryPoint\",\"urlTemplate\":\"https:\/\/babylove.se\/no\/?s={search_term_string}\"},\"query-input\":{\"@type\":\"PropertyValueSpecification\",\"valueRequired\":true,\"valueName\":\"search_term_string\"}}],\"inLanguage\":\"nb-NO\"}]}<\/script>\n<meta property=\"product:brand\" content=\"JaBaDaBaDo\" \/>\n<meta property=\"product:price:amount\" content=\"399.00\" \/>\n<meta property=\"product:price:currency\" content=\"SEK\" \/>\n<meta property=\"og:availability\" content=\"instock\" \/>\n<meta property=\"product:availability\" content=\"instock\" \/>\n<meta property=\"product:retailer_item_id\" content=\"T332\" \/>\n<meta property=\"product:condition\" content=\"new\" \/>\n<!-- \/ Yoast SEO Premium plugin. -->","yoast_head_json":{"title":"JaBaDaBaDo, Bursdagstog dino - Babylove Norska","robots":{"index":"noindex","follow":"follow","max-snippet":"max-snippet:-1","max-image-preview":"max-image-preview:large","max-video-preview":"max-video-preview:-1"},"og_locale":"nb_NO","og_type":"article","og_title":"JaBaDaBaDo, Bursdagstog dino","og_description":"Feir stort med dinosaurer! Dette trendy bursdagstoget gir selskapet en ekstra magisk touch med sine sjarmerende dinosaurer i myke pastellfarger. T-rex, stegosaurus og deres venner skaper en leken stemning rundt bursdagsbordet. n Toget har plass til b\u00e5de lys og siffer, noe som gj\u00f8r det til en personlig og vakker dekorasjon som l\u00f8fter feiringen. Laget i [&hellip;]","og_url":"https:\/\/babylove.se\/no\/produkt\/jabadabado-bursdagstog-dino\/","og_site_name":"Babylove Norska","article_modified_time":"2026-04-08T13:37:08+00:00","og_image":[{"width":800,"height":800,"url":"https:\/\/babylove.se\/no\/wp-content\/uploads\/sites\/3\/2025\/11\/Produkter-4.jpg","type":"image\/jpeg"}],"twitter_card":"summary_large_image","twitter_misc":{"Price":"399,00&nbsp;&#107;&#114;","Availability":"In stock"},"schema":{"@context":"https:\/\/schema.org","@graph":[{"@type":"WebPage","@id":"https:\/\/babylove.se\/no\/produkt\/jabadabado-bursdagstog-dino\/","url":"https:\/\/babylove.se\/no\/produkt\/jabadabado-bursdagstog-dino\/","name":"JaBaDaBaDo, Bursdagstog dino - Babylove Norska","isPartOf":{"@id":"https:\/\/babylove.se\/no\/#website"},"primaryImageOfPage":{"@id":"https:\/\/babylove.se\/no\/produkt\/jabadabado-bursdagstog-dino\/#primaryimage"},"image":{"@id":"https:\/\/babylove.se\/no\/produkt\/jabadabado-bursdagstog-dino\/#primaryimage"},"thumbnailUrl":"https:\/\/babylove.se\/no\/wp-content\/uploads\/sites\/3\/2025\/11\/Produkter-4.jpg","datePublished":"2025-11-13T14:07:54+00:00","dateModified":"2026-04-08T13:37:08+00:00","breadcrumb":{"@id":"https:\/\/babylove.se\/no\/produkt\/jabadabado-bursdagstog-dino\/#breadcrumb"},"inLanguage":"nb-NO","potentialAction":[{"@type":"ReadAction","target":["https:\/\/babylove.se\/no\/produkt\/jabadabado-bursdagstog-dino\/"]}]},{"@type":"ImageObject","inLanguage":"nb-NO","@id":"https:\/\/babylove.se\/no\/produkt\/jabadabado-bursdagstog-dino\/#primaryimage","url":"https:\/\/babylove.se\/no\/wp-content\/uploads\/sites\/3\/2025\/11\/Produkter-4.jpg","contentUrl":"https:\/\/babylove.se\/no\/wp-content\/uploads\/sites\/3\/2025\/11\/Produkter-4.jpg","width":800,"height":800},{"@type":"BreadcrumbList","@id":"https:\/\/babylove.se\/no\/produkt\/jabadabado-bursdagstog-dino\/#breadcrumb","itemListElement":[{"@type":"ListItem","position":1,"name":"Hem","item":"https:\/\/babylove.se\/no\/"},{"@type":"ListItem","position":2,"name":"Butik","item":"https:\/\/babylove.se\/no\/butik\/"},{"@type":"ListItem","position":3,"name":"JaBaDaBaDo, Bursdagstog dino"}]},{"@type":"WebSite","@id":"https:\/\/babylove.se\/no\/#website","url":"https:\/\/babylove.se\/no\/","name":"Babylove Norska","description":"","potentialAction":[{"@type":"SearchAction","target":{"@type":"EntryPoint","urlTemplate":"https:\/\/babylove.se\/no\/?s={search_term_string}"},"query-input":{"@type":"PropertyValueSpecification","valueRequired":true,"valueName":"search_term_string"}}],"inLanguage":"nb-NO"}]},"product_brand":"JaBaDaBaDo","product_price_amount":"399.00","product_price_currency":"SEK","og_availability":"instock","product_availability":"instock","product_retailer_item_id":"T332","product_condition":"new"},"_links":{"self":[{"href":"https:\/\/babylove.se\/no\/wp-json\/wp\/v2\/product\/80278","targetHints":{"allow":["GET"]}}],"collection":[{"href":"https:\/\/babylove.se\/no\/wp-json\/wp\/v2\/product"}],"about":[{"href":"https:\/\/babylove.se\/no\/wp-json\/wp\/v2\/types\/product"}],"replies":[{"embeddable":true,"href":"https:\/\/babylove.se\/no\/wp-json\/wp\/v2\/comments?post=80278"}],"wp:featuredmedia":[{"embeddable":true,"href":"https:\/\/babylove.se\/no\/wp-json\/wp\/v2\/media\/80280"}],"wp:attachment":[{"href":"https:\/\/babylove.se\/no\/wp-json\/wp\/v2\/media?parent=80278"}],"wp:term":[{"taxonomy":"product_brand","embeddable":true,"href":"https:\/\/babylove.se\/no\/wp-json\/wp\/v2\/product_brand?post=80278"},{"taxonomy":"product_cat","embeddable":true,"href":"https:\/\/babylove.se\/no\/wp-json\/wp\/v2\/product_cat?post=80278"},{"taxonomy":"product_tag","embeddable":true,"href":"https:\/\/babylove.se\/no\/wp-json\/wp\/v2\/product_tag?post=80278"}],"curies":[{"name":"wp","href":"https:\/\/api.w.org\/{rel}","templated":true}]}}