{"id":80282,"date":"2025-11-13T15:15:09","date_gmt":"2025-11-13T14:15:09","guid":{"rendered":"https:\/\/babylove.se\/?post_type=product&#038;p=80282"},"modified":"2026-04-08T14:37:11","modified_gmt":"2026-04-08T13:37:11","slug":"jabadabado-iskiosk-stripet","status":"publish","type":"product","link":"https:\/\/babylove.se\/no\/produkt\/jabadabado-iskiosk-stripet\/","title":{"rendered":"JaBaDaBaDo, iskiosk stripet"},"content":{"rendered":"<p data-start=\"65\" data-end=\"362\">Her er den perfekte isskiosken for sm\u00e5 entrepren\u00f8rer med store ideer! Denne sjarmerende isvognen, i klassisk bl\u00e5hvitt stripet utf\u00f8relse, inviterer til timer med kreativ og morsom lek. Barna kan servere fantasifulle isskreajoner b\u00e5de i kremmerhus og p\u00e5 pinne \u2013 med masse smaker og tilbeh\u00f8r.<\/p>\n<p data-start=\"364\" data-end=\"654\">Isvognen er utstyrt med en liten frysedel, issk\u00e5ler og flasker med topping \u2013 alt som trengs for \u00e5 skape den perfekte isen til hver kunde. De store hjulene gj\u00f8r den dessuten lett \u00e5 rulle med seg, uansett om salget skjer p\u00e5 stranden, i parken eller hjemme i stuen.<\/p>\n<p data-start=\"656\" data-end=\"760\">En fantastisk leke for alle barn som elsker \u00e5 leke butikk og dr\u00f8mmer om \u00e5 drive sin egen isbar!<\/p>\n<p data-start=\"762\" data-end=\"925\" data-is-last-node=\"\" data-is-only-node=\"\"><strong data-start=\"762\" data-end=\"775\">Innhold:<\/strong><br data-start=\"775\" data-end=\"778\" \/>\u2022 1 menykort<br data-start=\"790\" data-end=\"793\" \/>\u2022 5 pinneiser<br data-start=\"808\" data-end=\"811\" \/>\u2022 3 kremmerhusis med 4 forskjellige smaker<br data-start=\"846\" data-end=\"849\" data-is-only-node=\"\" \/>\u2022 2 begre med is<br data-start=\"869\" data-end=\"872\" \/>\u2022 1 jordb\u00e6rsaus<br data-start=\"888\" data-end=\"891\" \/>\u2022 1 sjokoladesaus<br data-start=\"905\" data-end=\"908\" \/>\u2022 1 boks str\u00f8ssel<\/p>\n","protected":false},"excerpt":{"rendered":"<p>Her er den perfekte isskiosken for sm\u00e5 entrepren\u00f8rer med store ideer! Denne sjarmerende isvognen, i klassisk bl\u00e5hvitt stripet utf\u00f8relse, inviterer til timer med kreativ og morsom lek. Barna kan servere fantasifulle isskreajoner b\u00e5de i kremmerhus og p\u00e5 pinne \u2013 med masse smaker og tilbeh\u00f8r. Isvognen er utstyrt med en liten frysedel, issk\u00e5ler og flasker med [&hellip;]<\/p>\n","protected":false},"featured_media":80284,"comment_status":"closed","ping_status":"closed","template":"","meta":{"_acf_changed":false},"product_brand":[273],"product_cat":[274,72,1774,253,68,922],"product_tag":[],"class_list":{"0":"post-80282","1":"product","2":"type-product","3":"status-publish","4":"has-post-thumbnail","6":"product_brand-jabadabado","7":"product_cat-jabadabado","8":"product_cat-julegaver","9":"product_cat-late-leker","10":"product_cat-lekemat-kjokken","11":"product_cat-leker","12":"product_cat-nyheter","14":"first","15":"outofstock","16":"taxable","17":"shipping-taxable","18":"purchasable","19":"product-type-simple"},"acf":[],"yoast_head":"<!-- This site is optimized with the Yoast SEO Premium plugin v25.8 (Yoast SEO v27.2) - https:\/\/yoast.com\/product\/yoast-seo-premium-wordpress\/ -->\n<title>JaBaDaBaDo, iskiosk stripet - Babylove Norska<\/title>\n<meta name=\"robots\" content=\"noindex, follow, max-snippet:-1, max-image-preview:large, max-video-preview:-1\" \/>\n<meta property=\"og:locale\" content=\"nb_NO\" \/>\n<meta property=\"og:type\" content=\"article\" \/>\n<meta property=\"og:title\" content=\"JaBaDaBaDo, iskiosk stripet\" \/>\n<meta property=\"og:description\" content=\"Her er den perfekte isskiosken for sm\u00e5 entrepren\u00f8rer med store ideer! Denne sjarmerende isvognen, i klassisk bl\u00e5hvitt stripet utf\u00f8relse, inviterer til timer med kreativ og morsom lek. Barna kan servere fantasifulle isskreajoner b\u00e5de i kremmerhus og p\u00e5 pinne \u2013 med masse smaker og tilbeh\u00f8r. Isvognen er utstyrt med en liten frysedel, issk\u00e5ler og flasker med [&hellip;]\" \/>\n<meta property=\"og:url\" content=\"https:\/\/babylove.se\/no\/produkt\/jabadabado-iskiosk-stripet\/\" \/>\n<meta property=\"og:site_name\" content=\"Babylove Norska\" \/>\n<meta property=\"article:modified_time\" content=\"2026-04-08T13:37:11+00:00\" \/>\n<meta property=\"og:image\" content=\"https:\/\/babylove.se\/no\/wp-content\/uploads\/sites\/3\/2025\/11\/308.jpg\" \/>\n\t<meta property=\"og:image:width\" content=\"800\" \/>\n\t<meta property=\"og:image:height\" content=\"800\" \/>\n\t<meta property=\"og:image:type\" content=\"image\/jpeg\" \/>\n<meta name=\"twitter:card\" content=\"summary_large_image\" \/>\n<meta name=\"twitter:label1\" content=\"Price\" \/>\n\t<meta name=\"twitter:data1\" content=\"1 299,00&nbsp;&#107;&#114;\" \/>\n\t<meta name=\"twitter:label2\" content=\"Availability\" \/>\n\t<meta name=\"twitter:data2\" content=\"Out of stock\" \/>\n<script type=\"application\/ld+json\" class=\"yoast-schema-graph\">{\"@context\":\"https:\/\/schema.org\",\"@graph\":[{\"@type\":\"WebPage\",\"@id\":\"https:\/\/babylove.se\/no\/produkt\/jabadabado-iskiosk-stripet\/\",\"url\":\"https:\/\/babylove.se\/no\/produkt\/jabadabado-iskiosk-stripet\/\",\"name\":\"JaBaDaBaDo, iskiosk stripet - Babylove Norska\",\"isPartOf\":{\"@id\":\"https:\/\/babylove.se\/no\/#website\"},\"primaryImageOfPage\":{\"@id\":\"https:\/\/babylove.se\/no\/produkt\/jabadabado-iskiosk-stripet\/#primaryimage\"},\"image\":{\"@id\":\"https:\/\/babylove.se\/no\/produkt\/jabadabado-iskiosk-stripet\/#primaryimage\"},\"thumbnailUrl\":\"https:\/\/babylove.se\/no\/wp-content\/uploads\/sites\/3\/2025\/11\/308.jpg\",\"datePublished\":\"2025-11-13T14:15:09+00:00\",\"dateModified\":\"2026-04-08T13:37:11+00:00\",\"breadcrumb\":{\"@id\":\"https:\/\/babylove.se\/no\/produkt\/jabadabado-iskiosk-stripet\/#breadcrumb\"},\"inLanguage\":\"nb-NO\",\"potentialAction\":[{\"@type\":\"ReadAction\",\"target\":[\"https:\/\/babylove.se\/no\/produkt\/jabadabado-iskiosk-stripet\/\"]}]},{\"@type\":\"ImageObject\",\"inLanguage\":\"nb-NO\",\"@id\":\"https:\/\/babylove.se\/no\/produkt\/jabadabado-iskiosk-stripet\/#primaryimage\",\"url\":\"https:\/\/babylove.se\/no\/wp-content\/uploads\/sites\/3\/2025\/11\/308.jpg\",\"contentUrl\":\"https:\/\/babylove.se\/no\/wp-content\/uploads\/sites\/3\/2025\/11\/308.jpg\",\"width\":800,\"height\":800},{\"@type\":\"BreadcrumbList\",\"@id\":\"https:\/\/babylove.se\/no\/produkt\/jabadabado-iskiosk-stripet\/#breadcrumb\",\"itemListElement\":[{\"@type\":\"ListItem\",\"position\":1,\"name\":\"Hem\",\"item\":\"https:\/\/babylove.se\/no\/\"},{\"@type\":\"ListItem\",\"position\":2,\"name\":\"Butik\",\"item\":\"https:\/\/babylove.se\/no\/butik\/\"},{\"@type\":\"ListItem\",\"position\":3,\"name\":\"JaBaDaBaDo, iskiosk stripet\"}]},{\"@type\":\"WebSite\",\"@id\":\"https:\/\/babylove.se\/no\/#website\",\"url\":\"https:\/\/babylove.se\/no\/\",\"name\":\"Babylove Norska\",\"description\":\"\",\"potentialAction\":[{\"@type\":\"SearchAction\",\"target\":{\"@type\":\"EntryPoint\",\"urlTemplate\":\"https:\/\/babylove.se\/no\/?s={search_term_string}\"},\"query-input\":{\"@type\":\"PropertyValueSpecification\",\"valueRequired\":true,\"valueName\":\"search_term_string\"}}],\"inLanguage\":\"nb-NO\"}]}<\/script>\n<meta property=\"product:brand\" content=\"JaBaDaBaDo\" \/>\n<meta property=\"product:price:amount\" content=\"1299.00\" \/>\n<meta property=\"product:price:currency\" content=\"SEK\" \/>\n<meta property=\"og:availability\" content=\"out of stock\" \/>\n<meta property=\"product:availability\" content=\"out of stock\" \/>\n<meta property=\"product:retailer_item_id\" content=\"W7285\" \/>\n<meta property=\"product:condition\" content=\"new\" \/>\n<!-- \/ Yoast SEO Premium plugin. -->","yoast_head_json":{"title":"JaBaDaBaDo, iskiosk stripet - Babylove Norska","robots":{"index":"noindex","follow":"follow","max-snippet":"max-snippet:-1","max-image-preview":"max-image-preview:large","max-video-preview":"max-video-preview:-1"},"og_locale":"nb_NO","og_type":"article","og_title":"JaBaDaBaDo, iskiosk stripet","og_description":"Her er den perfekte isskiosken for sm\u00e5 entrepren\u00f8rer med store ideer! Denne sjarmerende isvognen, i klassisk bl\u00e5hvitt stripet utf\u00f8relse, inviterer til timer med kreativ og morsom lek. Barna kan servere fantasifulle isskreajoner b\u00e5de i kremmerhus og p\u00e5 pinne \u2013 med masse smaker og tilbeh\u00f8r. Isvognen er utstyrt med en liten frysedel, issk\u00e5ler og flasker med [&hellip;]","og_url":"https:\/\/babylove.se\/no\/produkt\/jabadabado-iskiosk-stripet\/","og_site_name":"Babylove Norska","article_modified_time":"2026-04-08T13:37:11+00:00","og_image":[{"width":800,"height":800,"url":"https:\/\/babylove.se\/no\/wp-content\/uploads\/sites\/3\/2025\/11\/308.jpg","type":"image\/jpeg"}],"twitter_card":"summary_large_image","twitter_misc":{"Price":"1 299,00&nbsp;&#107;&#114;","Availability":"Out of stock"},"schema":{"@context":"https:\/\/schema.org","@graph":[{"@type":"WebPage","@id":"https:\/\/babylove.se\/no\/produkt\/jabadabado-iskiosk-stripet\/","url":"https:\/\/babylove.se\/no\/produkt\/jabadabado-iskiosk-stripet\/","name":"JaBaDaBaDo, iskiosk stripet - Babylove Norska","isPartOf":{"@id":"https:\/\/babylove.se\/no\/#website"},"primaryImageOfPage":{"@id":"https:\/\/babylove.se\/no\/produkt\/jabadabado-iskiosk-stripet\/#primaryimage"},"image":{"@id":"https:\/\/babylove.se\/no\/produkt\/jabadabado-iskiosk-stripet\/#primaryimage"},"thumbnailUrl":"https:\/\/babylove.se\/no\/wp-content\/uploads\/sites\/3\/2025\/11\/308.jpg","datePublished":"2025-11-13T14:15:09+00:00","dateModified":"2026-04-08T13:37:11+00:00","breadcrumb":{"@id":"https:\/\/babylove.se\/no\/produkt\/jabadabado-iskiosk-stripet\/#breadcrumb"},"inLanguage":"nb-NO","potentialAction":[{"@type":"ReadAction","target":["https:\/\/babylove.se\/no\/produkt\/jabadabado-iskiosk-stripet\/"]}]},{"@type":"ImageObject","inLanguage":"nb-NO","@id":"https:\/\/babylove.se\/no\/produkt\/jabadabado-iskiosk-stripet\/#primaryimage","url":"https:\/\/babylove.se\/no\/wp-content\/uploads\/sites\/3\/2025\/11\/308.jpg","contentUrl":"https:\/\/babylove.se\/no\/wp-content\/uploads\/sites\/3\/2025\/11\/308.jpg","width":800,"height":800},{"@type":"BreadcrumbList","@id":"https:\/\/babylove.se\/no\/produkt\/jabadabado-iskiosk-stripet\/#breadcrumb","itemListElement":[{"@type":"ListItem","position":1,"name":"Hem","item":"https:\/\/babylove.se\/no\/"},{"@type":"ListItem","position":2,"name":"Butik","item":"https:\/\/babylove.se\/no\/butik\/"},{"@type":"ListItem","position":3,"name":"JaBaDaBaDo, iskiosk stripet"}]},{"@type":"WebSite","@id":"https:\/\/babylove.se\/no\/#website","url":"https:\/\/babylove.se\/no\/","name":"Babylove Norska","description":"","potentialAction":[{"@type":"SearchAction","target":{"@type":"EntryPoint","urlTemplate":"https:\/\/babylove.se\/no\/?s={search_term_string}"},"query-input":{"@type":"PropertyValueSpecification","valueRequired":true,"valueName":"search_term_string"}}],"inLanguage":"nb-NO"}]},"product_brand":"JaBaDaBaDo","product_price_amount":"1299.00","product_price_currency":"SEK","og_availability":"out of stock","product_availability":"out of stock","product_retailer_item_id":"W7285","product_condition":"new"},"_links":{"self":[{"href":"https:\/\/babylove.se\/no\/wp-json\/wp\/v2\/product\/80282","targetHints":{"allow":["GET"]}}],"collection":[{"href":"https:\/\/babylove.se\/no\/wp-json\/wp\/v2\/product"}],"about":[{"href":"https:\/\/babylove.se\/no\/wp-json\/wp\/v2\/types\/product"}],"replies":[{"embeddable":true,"href":"https:\/\/babylove.se\/no\/wp-json\/wp\/v2\/comments?post=80282"}],"wp:featuredmedia":[{"embeddable":true,"href":"https:\/\/babylove.se\/no\/wp-json\/wp\/v2\/media\/80284"}],"wp:attachment":[{"href":"https:\/\/babylove.se\/no\/wp-json\/wp\/v2\/media?parent=80282"}],"wp:term":[{"taxonomy":"product_brand","embeddable":true,"href":"https:\/\/babylove.se\/no\/wp-json\/wp\/v2\/product_brand?post=80282"},{"taxonomy":"product_cat","embeddable":true,"href":"https:\/\/babylove.se\/no\/wp-json\/wp\/v2\/product_cat?post=80282"},{"taxonomy":"product_tag","embeddable":true,"href":"https:\/\/babylove.se\/no\/wp-json\/wp\/v2\/product_tag?post=80282"}],"curies":[{"name":"wp","href":"https:\/\/api.w.org\/{rel}","templated":true}]}}