{"id":80295,"date":"2025-11-13T15:23:55","date_gmt":"2025-11-13T14:23:55","guid":{"rendered":"https:\/\/babylove.se\/?post_type=product&#038;p=80295"},"modified":"2026-04-08T14:37:16","modified_gmt":"2026-04-08T13:37:16","slug":"jabadabado-aktivitetsvogn-natur","status":"publish","type":"product","link":"https:\/\/babylove.se\/no\/produkt\/jabadabado-aktivitetsvogn-natur\/","title":{"rendered":"JaBaDaBaDo, aktivitetsvogn natur"},"content":{"rendered":"<p data-start=\"63\" data-end=\"262\">Den perfekte f\u00f8lgesvennen n\u00e5r de aller f\u00f8rste skritt skal tas! V\u00e5r nye aktivitetsvogn, i en vakker jordn\u00e6r farge, er utformet for \u00e5 gi stabilt st\u00f8tte n\u00e5r barnet begynner \u00e5 utforske verden p\u00e5 egne ben.<\/p>\n<p data-start=\"264\" data-end=\"454\">Vognen er ogs\u00e5 utstyrt med morsomme aktivitetsdetaljer som holder barnet engasjert lenge. P\u00e5 baksiden finnes praktisk plass til \u00e5 oppbevare favorittlekene og ta dem med p\u00e5 eventyret.<\/p>\n<p data-start=\"456\" data-end=\"505\" data-is-last-node=\"\" data-is-only-node=\"\">Laget av FSC\u2122-sertifisert tre (FSC\u2122C194598).<\/p>\n<p>Passer perfekt som en d\u00e5psgave eller bursdagsgave! <\/p>\n<p>Anbefales for barn som er 18 m\u00e5neder og oppover. <\/p>\n<p><strong>M\u00e5l<\/strong>: 33 x 29 x 47 cm <\/p>\n<p><strong>Materiale<\/strong>: Tre, metall, gummi. <\/p>\n<p>Designer: <a href=\"https:\/\/babylove.se\/varumarken\/jabadabado\"><u>JaBaDaBaDo<\/u><\/a><\/p>\n","protected":false},"excerpt":{"rendered":"<p>Den perfekte f\u00f8lgesvennen n\u00e5r de aller f\u00f8rste skritt skal tas! V\u00e5r nye aktivitetsvogn, i en vakker jordn\u00e6r farge, er utformet for \u00e5 gi stabilt st\u00f8tte n\u00e5r barnet begynner \u00e5 utforske verden p\u00e5 egne ben. Vognen er ogs\u00e5 utstyrt med morsomme aktivitetsdetaljer som holder barnet engasjert lenge. P\u00e5 baksiden finnes praktisk plass til \u00e5 oppbevare favorittlekene [&hellip;]<\/p>\n","protected":false},"featured_media":80296,"comment_status":"closed","ping_status":"closed","template":"","meta":{"_acf_changed":false},"product_brand":[273],"product_cat":[274,72,68,204,922,112],"product_tag":[1709],"class_list":{"0":"post-80295","1":"product","2":"type-product","3":"status-publish","4":"has-post-thumbnail","6":"product_brand-jabadabado","7":"product_cat-jabadabado","8":"product_cat-julegaver","9":"product_cat-leker","10":"product_cat-motoriske-barnmobler","11":"product_cat-nyheter","12":"product_cat-treleker","13":"product_tag-utforsalg","15":"first","16":"instock","17":"taxable","18":"shipping-taxable","19":"purchasable","20":"product-type-simple"},"acf":[],"yoast_head":"<!-- This site is optimized with the Yoast SEO Premium plugin v25.8 (Yoast SEO v27.2) - https:\/\/yoast.com\/product\/yoast-seo-premium-wordpress\/ -->\n<title>JaBaDaBaDo, aktivitetsvogn natur - Babylove Norska<\/title>\n<meta name=\"robots\" content=\"noindex, follow, max-snippet:-1, max-image-preview:large, max-video-preview:-1\" \/>\n<meta property=\"og:locale\" content=\"nb_NO\" \/>\n<meta property=\"og:type\" content=\"article\" \/>\n<meta property=\"og:title\" content=\"JaBaDaBaDo, aktivitetsvogn natur\" \/>\n<meta property=\"og:description\" content=\"Den perfekte f\u00f8lgesvennen n\u00e5r de aller f\u00f8rste skritt skal tas! V\u00e5r nye aktivitetsvogn, i en vakker jordn\u00e6r farge, er utformet for \u00e5 gi stabilt st\u00f8tte n\u00e5r barnet begynner \u00e5 utforske verden p\u00e5 egne ben. Vognen er ogs\u00e5 utstyrt med morsomme aktivitetsdetaljer som holder barnet engasjert lenge. P\u00e5 baksiden finnes praktisk plass til \u00e5 oppbevare favorittlekene [&hellip;]\" \/>\n<meta property=\"og:url\" content=\"https:\/\/babylove.se\/no\/produkt\/jabadabado-aktivitetsvogn-natur\/\" \/>\n<meta property=\"og:site_name\" content=\"Babylove Norska\" \/>\n<meta property=\"article:modified_time\" content=\"2026-04-08T13:37:16+00:00\" \/>\n<meta property=\"og:image\" content=\"https:\/\/babylove.se\/no\/wp-content\/uploads\/sites\/3\/2025\/11\/310.jpg\" \/>\n\t<meta property=\"og:image:width\" content=\"800\" \/>\n\t<meta property=\"og:image:height\" content=\"800\" \/>\n\t<meta property=\"og:image:type\" content=\"image\/jpeg\" \/>\n<meta name=\"twitter:card\" content=\"summary_large_image\" \/>\n<meta name=\"twitter:label1\" content=\"Price\" \/>\n\t<meta name=\"twitter:data1\" content=\"849,00&nbsp;&#107;&#114;\" \/>\n\t<meta name=\"twitter:label2\" content=\"Availability\" \/>\n\t<meta name=\"twitter:data2\" content=\"In stock\" \/>\n<script type=\"application\/ld+json\" class=\"yoast-schema-graph\">{\"@context\":\"https:\/\/schema.org\",\"@graph\":[{\"@type\":\"WebPage\",\"@id\":\"https:\/\/babylove.se\/no\/produkt\/jabadabado-aktivitetsvogn-natur\/\",\"url\":\"https:\/\/babylove.se\/no\/produkt\/jabadabado-aktivitetsvogn-natur\/\",\"name\":\"JaBaDaBaDo, aktivitetsvogn natur - Babylove Norska\",\"isPartOf\":{\"@id\":\"https:\/\/babylove.se\/no\/#website\"},\"primaryImageOfPage\":{\"@id\":\"https:\/\/babylove.se\/no\/produkt\/jabadabado-aktivitetsvogn-natur\/#primaryimage\"},\"image\":{\"@id\":\"https:\/\/babylove.se\/no\/produkt\/jabadabado-aktivitetsvogn-natur\/#primaryimage\"},\"thumbnailUrl\":\"https:\/\/babylove.se\/no\/wp-content\/uploads\/sites\/3\/2025\/11\/310.jpg\",\"datePublished\":\"2025-11-13T14:23:55+00:00\",\"dateModified\":\"2026-04-08T13:37:16+00:00\",\"breadcrumb\":{\"@id\":\"https:\/\/babylove.se\/no\/produkt\/jabadabado-aktivitetsvogn-natur\/#breadcrumb\"},\"inLanguage\":\"nb-NO\",\"potentialAction\":[{\"@type\":\"ReadAction\",\"target\":[\"https:\/\/babylove.se\/no\/produkt\/jabadabado-aktivitetsvogn-natur\/\"]}]},{\"@type\":\"ImageObject\",\"inLanguage\":\"nb-NO\",\"@id\":\"https:\/\/babylove.se\/no\/produkt\/jabadabado-aktivitetsvogn-natur\/#primaryimage\",\"url\":\"https:\/\/babylove.se\/no\/wp-content\/uploads\/sites\/3\/2025\/11\/310.jpg\",\"contentUrl\":\"https:\/\/babylove.se\/no\/wp-content\/uploads\/sites\/3\/2025\/11\/310.jpg\",\"width\":800,\"height\":800},{\"@type\":\"BreadcrumbList\",\"@id\":\"https:\/\/babylove.se\/no\/produkt\/jabadabado-aktivitetsvogn-natur\/#breadcrumb\",\"itemListElement\":[{\"@type\":\"ListItem\",\"position\":1,\"name\":\"Hem\",\"item\":\"https:\/\/babylove.se\/no\/\"},{\"@type\":\"ListItem\",\"position\":2,\"name\":\"Butik\",\"item\":\"https:\/\/babylove.se\/no\/butik\/\"},{\"@type\":\"ListItem\",\"position\":3,\"name\":\"JaBaDaBaDo, aktivitetsvogn natur\"}]},{\"@type\":\"WebSite\",\"@id\":\"https:\/\/babylove.se\/no\/#website\",\"url\":\"https:\/\/babylove.se\/no\/\",\"name\":\"Babylove Norska\",\"description\":\"\",\"potentialAction\":[{\"@type\":\"SearchAction\",\"target\":{\"@type\":\"EntryPoint\",\"urlTemplate\":\"https:\/\/babylove.se\/no\/?s={search_term_string}\"},\"query-input\":{\"@type\":\"PropertyValueSpecification\",\"valueRequired\":true,\"valueName\":\"search_term_string\"}}],\"inLanguage\":\"nb-NO\"}]}<\/script>\n<meta property=\"product:brand\" content=\"JaBaDaBaDo\" \/>\n<meta property=\"product:price:amount\" content=\"849.00\" \/>\n<meta property=\"product:price:currency\" content=\"SEK\" \/>\n<meta property=\"og:availability\" content=\"instock\" \/>\n<meta property=\"product:availability\" content=\"instock\" \/>\n<meta property=\"product:retailer_item_id\" content=\"C2559\" \/>\n<meta property=\"product:condition\" content=\"new\" \/>\n<!-- \/ Yoast SEO Premium plugin. -->","yoast_head_json":{"title":"JaBaDaBaDo, aktivitetsvogn natur - Babylove Norska","robots":{"index":"noindex","follow":"follow","max-snippet":"max-snippet:-1","max-image-preview":"max-image-preview:large","max-video-preview":"max-video-preview:-1"},"og_locale":"nb_NO","og_type":"article","og_title":"JaBaDaBaDo, aktivitetsvogn natur","og_description":"Den perfekte f\u00f8lgesvennen n\u00e5r de aller f\u00f8rste skritt skal tas! V\u00e5r nye aktivitetsvogn, i en vakker jordn\u00e6r farge, er utformet for \u00e5 gi stabilt st\u00f8tte n\u00e5r barnet begynner \u00e5 utforske verden p\u00e5 egne ben. Vognen er ogs\u00e5 utstyrt med morsomme aktivitetsdetaljer som holder barnet engasjert lenge. P\u00e5 baksiden finnes praktisk plass til \u00e5 oppbevare favorittlekene [&hellip;]","og_url":"https:\/\/babylove.se\/no\/produkt\/jabadabado-aktivitetsvogn-natur\/","og_site_name":"Babylove Norska","article_modified_time":"2026-04-08T13:37:16+00:00","og_image":[{"width":800,"height":800,"url":"https:\/\/babylove.se\/no\/wp-content\/uploads\/sites\/3\/2025\/11\/310.jpg","type":"image\/jpeg"}],"twitter_card":"summary_large_image","twitter_misc":{"Price":"849,00&nbsp;&#107;&#114;","Availability":"In stock"},"schema":{"@context":"https:\/\/schema.org","@graph":[{"@type":"WebPage","@id":"https:\/\/babylove.se\/no\/produkt\/jabadabado-aktivitetsvogn-natur\/","url":"https:\/\/babylove.se\/no\/produkt\/jabadabado-aktivitetsvogn-natur\/","name":"JaBaDaBaDo, aktivitetsvogn natur - Babylove Norska","isPartOf":{"@id":"https:\/\/babylove.se\/no\/#website"},"primaryImageOfPage":{"@id":"https:\/\/babylove.se\/no\/produkt\/jabadabado-aktivitetsvogn-natur\/#primaryimage"},"image":{"@id":"https:\/\/babylove.se\/no\/produkt\/jabadabado-aktivitetsvogn-natur\/#primaryimage"},"thumbnailUrl":"https:\/\/babylove.se\/no\/wp-content\/uploads\/sites\/3\/2025\/11\/310.jpg","datePublished":"2025-11-13T14:23:55+00:00","dateModified":"2026-04-08T13:37:16+00:00","breadcrumb":{"@id":"https:\/\/babylove.se\/no\/produkt\/jabadabado-aktivitetsvogn-natur\/#breadcrumb"},"inLanguage":"nb-NO","potentialAction":[{"@type":"ReadAction","target":["https:\/\/babylove.se\/no\/produkt\/jabadabado-aktivitetsvogn-natur\/"]}]},{"@type":"ImageObject","inLanguage":"nb-NO","@id":"https:\/\/babylove.se\/no\/produkt\/jabadabado-aktivitetsvogn-natur\/#primaryimage","url":"https:\/\/babylove.se\/no\/wp-content\/uploads\/sites\/3\/2025\/11\/310.jpg","contentUrl":"https:\/\/babylove.se\/no\/wp-content\/uploads\/sites\/3\/2025\/11\/310.jpg","width":800,"height":800},{"@type":"BreadcrumbList","@id":"https:\/\/babylove.se\/no\/produkt\/jabadabado-aktivitetsvogn-natur\/#breadcrumb","itemListElement":[{"@type":"ListItem","position":1,"name":"Hem","item":"https:\/\/babylove.se\/no\/"},{"@type":"ListItem","position":2,"name":"Butik","item":"https:\/\/babylove.se\/no\/butik\/"},{"@type":"ListItem","position":3,"name":"JaBaDaBaDo, aktivitetsvogn natur"}]},{"@type":"WebSite","@id":"https:\/\/babylove.se\/no\/#website","url":"https:\/\/babylove.se\/no\/","name":"Babylove Norska","description":"","potentialAction":[{"@type":"SearchAction","target":{"@type":"EntryPoint","urlTemplate":"https:\/\/babylove.se\/no\/?s={search_term_string}"},"query-input":{"@type":"PropertyValueSpecification","valueRequired":true,"valueName":"search_term_string"}}],"inLanguage":"nb-NO"}]},"product_brand":"JaBaDaBaDo","product_price_amount":"849.00","product_price_currency":"SEK","og_availability":"instock","product_availability":"instock","product_retailer_item_id":"C2559","product_condition":"new"},"_links":{"self":[{"href":"https:\/\/babylove.se\/no\/wp-json\/wp\/v2\/product\/80295","targetHints":{"allow":["GET"]}}],"collection":[{"href":"https:\/\/babylove.se\/no\/wp-json\/wp\/v2\/product"}],"about":[{"href":"https:\/\/babylove.se\/no\/wp-json\/wp\/v2\/types\/product"}],"replies":[{"embeddable":true,"href":"https:\/\/babylove.se\/no\/wp-json\/wp\/v2\/comments?post=80295"}],"wp:featuredmedia":[{"embeddable":true,"href":"https:\/\/babylove.se\/no\/wp-json\/wp\/v2\/media\/80296"}],"wp:attachment":[{"href":"https:\/\/babylove.se\/no\/wp-json\/wp\/v2\/media?parent=80295"}],"wp:term":[{"taxonomy":"product_brand","embeddable":true,"href":"https:\/\/babylove.se\/no\/wp-json\/wp\/v2\/product_brand?post=80295"},{"taxonomy":"product_cat","embeddable":true,"href":"https:\/\/babylove.se\/no\/wp-json\/wp\/v2\/product_cat?post=80295"},{"taxonomy":"product_tag","embeddable":true,"href":"https:\/\/babylove.se\/no\/wp-json\/wp\/v2\/product_tag?post=80295"}],"curies":[{"name":"wp","href":"https:\/\/api.w.org\/{rel}","templated":true}]}}