{"id":80299,"date":"2025-11-13T15:28:35","date_gmt":"2025-11-13T14:28:35","guid":{"rendered":"https:\/\/babylove.se\/?post_type=product&#038;p=80299"},"modified":"2026-04-08T14:37:19","modified_gmt":"2026-04-08T13:37:19","slug":"jabadabado-plantevogn","status":"publish","type":"product","link":"https:\/\/babylove.se\/no\/produkt\/jabadabado-plantevogn\/","title":{"rendered":"JaBaDaBaDo, Planteringsvogn"},"content":{"rendered":"<p data-start=\"65\" data-end=\"433\">Velkommen til din helt egen lille hage! Med v\u00e5r sjarmerende hagevogn kan sm\u00e5 gartnere oppdage gleden ved \u00e5 plante, stelle og h\u00f8ste sine egne blomster og gr\u00f8nnsaker. Denne herlige hagestasjonen er fylt med alt en liten hagemester kan \u00f8nske seg \u2013 fargerike gr\u00f8nnsaker, fine blomster og verkt\u00f8y, alt laget i tre og klart for masse lek.<\/p>\n<p data-start=\"435\" data-end=\"709\">Hagevognen inspirerer barn til \u00e5 utforske, l\u00e6re og skape, samtidig som de f\u00e5r oppleve naturens magi direkte i hjemmet. Plant fantasifulle gr\u00f8nnsaker, vann blomstene og la din lille hage vokse og blomstre. Perfekt for nysgjerrige barn som elsker \u00e5 dyrke og stelle!<\/p>\n<p data-start=\"711\" data-end=\"926\" data-is-last-node=\"\" data-is-only-node=\"\"><strong data-start=\"711\" data-end=\"724\">Innhold:<\/strong><br data-start=\"724\" data-end=\"727\" \/>\u2022 8 planteringspinner<br data-start=\"748\" data-end=\"751\" \/>\u2022 4 fr\u00f8kort<br data-start=\"762\" data-end=\"765\" \/>\u2022 1 vannkanne<br data-start=\"780\" data-end=\"783\" \/>\u2022 2 sopp<br data-start=\"794\" data-end=\"797\" \/>\u2022 2 gulr\u00f8tter<br data-start=\"809\" data-end=\"812\" \/>\u2022 2 reddiker<br data-start=\"823\" data-end=\"826\" \/>\u2022 2 prestekrager<br data-start=\"841\" data-end=\"844\" \/>\u2022 2 tulipaner<br data-start=\"856\" data-end=\"859\" \/>\u2022 2 solsikker<br data-start=\"871\" data-end=\"874\" \/>\u2022 1 rake<br data-start=\"883\" data-end=\"886\" \/>\u2022 1 spade<br data-start=\"895\" data-end=\"898\" \/>\u2022 2 k\u00e5lblad<br data-start=\"909\" data-end=\"912\" \/>\u2022 2 purrel\u00f8k<\/p>\n","protected":false},"excerpt":{"rendered":"<p>Velkommen til din helt egen lille hage! Med v\u00e5r sjarmerende hagevogn kan sm\u00e5 gartnere oppdage gleden ved \u00e5 plante, stelle og h\u00f8ste sine egne blomster og gr\u00f8nnsaker. Denne herlige hagestasjonen er fylt med alt en liten hagemester kan \u00f8nske seg \u2013 fargerike gr\u00f8nnsaker, fine blomster og verkt\u00f8y, alt laget i tre og klart for masse [&hellip;]<\/p>\n","protected":false},"featured_media":80301,"comment_status":"closed","ping_status":"closed","template":"","meta":{"_acf_changed":false},"product_brand":[273],"product_cat":[274,72,68,204,922,112],"product_tag":[],"class_list":{"0":"post-80299","1":"product","2":"type-product","3":"status-publish","4":"has-post-thumbnail","6":"product_brand-jabadabado","7":"product_cat-jabadabado","8":"product_cat-julegaver","9":"product_cat-leker","10":"product_cat-motoriske-barnmobler","11":"product_cat-nyheter","12":"product_cat-treleker","14":"first","15":"instock","16":"taxable","17":"shipping-taxable","18":"purchasable","19":"product-type-simple"},"acf":[],"yoast_head":"<!-- This site is optimized with the Yoast SEO Premium plugin v25.8 (Yoast SEO v27.2) - https:\/\/yoast.com\/product\/yoast-seo-premium-wordpress\/ -->\n<title>JaBaDaBaDo, Planteringsvogn - Babylove Norska<\/title>\n<meta name=\"robots\" content=\"noindex, follow, max-snippet:-1, max-image-preview:large, max-video-preview:-1\" \/>\n<meta property=\"og:locale\" content=\"nb_NO\" \/>\n<meta property=\"og:type\" content=\"article\" \/>\n<meta property=\"og:title\" content=\"JaBaDaBaDo, Planteringsvogn\" \/>\n<meta property=\"og:description\" content=\"Velkommen til din helt egen lille hage! Med v\u00e5r sjarmerende hagevogn kan sm\u00e5 gartnere oppdage gleden ved \u00e5 plante, stelle og h\u00f8ste sine egne blomster og gr\u00f8nnsaker. Denne herlige hagestasjonen er fylt med alt en liten hagemester kan \u00f8nske seg \u2013 fargerike gr\u00f8nnsaker, fine blomster og verkt\u00f8y, alt laget i tre og klart for masse [&hellip;]\" \/>\n<meta property=\"og:url\" content=\"https:\/\/babylove.se\/no\/produkt\/jabadabado-plantevogn\/\" \/>\n<meta property=\"og:site_name\" content=\"Babylove Norska\" \/>\n<meta property=\"article:modified_time\" content=\"2026-04-08T13:37:19+00:00\" \/>\n<meta property=\"og:image\" content=\"https:\/\/babylove.se\/no\/wp-content\/uploads\/sites\/3\/2025\/11\/313.jpg\" \/>\n\t<meta property=\"og:image:width\" content=\"800\" \/>\n\t<meta property=\"og:image:height\" content=\"800\" \/>\n\t<meta property=\"og:image:type\" content=\"image\/jpeg\" \/>\n<meta name=\"twitter:card\" content=\"summary_large_image\" \/>\n<meta name=\"twitter:label1\" content=\"Price\" \/>\n\t<meta name=\"twitter:data1\" content=\"1 399,00&nbsp;&#107;&#114;\" \/>\n\t<meta name=\"twitter:label2\" content=\"Availability\" \/>\n\t<meta name=\"twitter:data2\" content=\"In stock\" \/>\n<script type=\"application\/ld+json\" class=\"yoast-schema-graph\">{\"@context\":\"https:\/\/schema.org\",\"@graph\":[{\"@type\":\"WebPage\",\"@id\":\"https:\/\/babylove.se\/no\/produkt\/jabadabado-plantevogn\/\",\"url\":\"https:\/\/babylove.se\/no\/produkt\/jabadabado-plantevogn\/\",\"name\":\"JaBaDaBaDo, Planteringsvogn - Babylove Norska\",\"isPartOf\":{\"@id\":\"https:\/\/babylove.se\/no\/#website\"},\"primaryImageOfPage\":{\"@id\":\"https:\/\/babylove.se\/no\/produkt\/jabadabado-plantevogn\/#primaryimage\"},\"image\":{\"@id\":\"https:\/\/babylove.se\/no\/produkt\/jabadabado-plantevogn\/#primaryimage\"},\"thumbnailUrl\":\"https:\/\/babylove.se\/no\/wp-content\/uploads\/sites\/3\/2025\/11\/313.jpg\",\"datePublished\":\"2025-11-13T14:28:35+00:00\",\"dateModified\":\"2026-04-08T13:37:19+00:00\",\"breadcrumb\":{\"@id\":\"https:\/\/babylove.se\/no\/produkt\/jabadabado-plantevogn\/#breadcrumb\"},\"inLanguage\":\"nb-NO\",\"potentialAction\":[{\"@type\":\"ReadAction\",\"target\":[\"https:\/\/babylove.se\/no\/produkt\/jabadabado-plantevogn\/\"]}]},{\"@type\":\"ImageObject\",\"inLanguage\":\"nb-NO\",\"@id\":\"https:\/\/babylove.se\/no\/produkt\/jabadabado-plantevogn\/#primaryimage\",\"url\":\"https:\/\/babylove.se\/no\/wp-content\/uploads\/sites\/3\/2025\/11\/313.jpg\",\"contentUrl\":\"https:\/\/babylove.se\/no\/wp-content\/uploads\/sites\/3\/2025\/11\/313.jpg\",\"width\":800,\"height\":800},{\"@type\":\"BreadcrumbList\",\"@id\":\"https:\/\/babylove.se\/no\/produkt\/jabadabado-plantevogn\/#breadcrumb\",\"itemListElement\":[{\"@type\":\"ListItem\",\"position\":1,\"name\":\"Hem\",\"item\":\"https:\/\/babylove.se\/no\/\"},{\"@type\":\"ListItem\",\"position\":2,\"name\":\"Butik\",\"item\":\"https:\/\/babylove.se\/no\/butik\/\"},{\"@type\":\"ListItem\",\"position\":3,\"name\":\"JaBaDaBaDo, Planteringsvogn\"}]},{\"@type\":\"WebSite\",\"@id\":\"https:\/\/babylove.se\/no\/#website\",\"url\":\"https:\/\/babylove.se\/no\/\",\"name\":\"Babylove Norska\",\"description\":\"\",\"potentialAction\":[{\"@type\":\"SearchAction\",\"target\":{\"@type\":\"EntryPoint\",\"urlTemplate\":\"https:\/\/babylove.se\/no\/?s={search_term_string}\"},\"query-input\":{\"@type\":\"PropertyValueSpecification\",\"valueRequired\":true,\"valueName\":\"search_term_string\"}}],\"inLanguage\":\"nb-NO\"}]}<\/script>\n<meta property=\"product:brand\" content=\"JaBaDaBaDo\" \/>\n<meta property=\"product:price:amount\" content=\"1399.00\" \/>\n<meta property=\"product:price:currency\" content=\"SEK\" \/>\n<meta property=\"og:availability\" content=\"instock\" \/>\n<meta property=\"product:availability\" content=\"instock\" \/>\n<meta property=\"product:retailer_item_id\" content=\"C2563\" \/>\n<meta property=\"product:condition\" content=\"new\" \/>\n<!-- \/ Yoast SEO Premium plugin. -->","yoast_head_json":{"title":"JaBaDaBaDo, Planteringsvogn - Babylove Norska","robots":{"index":"noindex","follow":"follow","max-snippet":"max-snippet:-1","max-image-preview":"max-image-preview:large","max-video-preview":"max-video-preview:-1"},"og_locale":"nb_NO","og_type":"article","og_title":"JaBaDaBaDo, Planteringsvogn","og_description":"Velkommen til din helt egen lille hage! Med v\u00e5r sjarmerende hagevogn kan sm\u00e5 gartnere oppdage gleden ved \u00e5 plante, stelle og h\u00f8ste sine egne blomster og gr\u00f8nnsaker. Denne herlige hagestasjonen er fylt med alt en liten hagemester kan \u00f8nske seg \u2013 fargerike gr\u00f8nnsaker, fine blomster og verkt\u00f8y, alt laget i tre og klart for masse [&hellip;]","og_url":"https:\/\/babylove.se\/no\/produkt\/jabadabado-plantevogn\/","og_site_name":"Babylove Norska","article_modified_time":"2026-04-08T13:37:19+00:00","og_image":[{"width":800,"height":800,"url":"https:\/\/babylove.se\/no\/wp-content\/uploads\/sites\/3\/2025\/11\/313.jpg","type":"image\/jpeg"}],"twitter_card":"summary_large_image","twitter_misc":{"Price":"1 399,00&nbsp;&#107;&#114;","Availability":"In stock"},"schema":{"@context":"https:\/\/schema.org","@graph":[{"@type":"WebPage","@id":"https:\/\/babylove.se\/no\/produkt\/jabadabado-plantevogn\/","url":"https:\/\/babylove.se\/no\/produkt\/jabadabado-plantevogn\/","name":"JaBaDaBaDo, Planteringsvogn - Babylove Norska","isPartOf":{"@id":"https:\/\/babylove.se\/no\/#website"},"primaryImageOfPage":{"@id":"https:\/\/babylove.se\/no\/produkt\/jabadabado-plantevogn\/#primaryimage"},"image":{"@id":"https:\/\/babylove.se\/no\/produkt\/jabadabado-plantevogn\/#primaryimage"},"thumbnailUrl":"https:\/\/babylove.se\/no\/wp-content\/uploads\/sites\/3\/2025\/11\/313.jpg","datePublished":"2025-11-13T14:28:35+00:00","dateModified":"2026-04-08T13:37:19+00:00","breadcrumb":{"@id":"https:\/\/babylove.se\/no\/produkt\/jabadabado-plantevogn\/#breadcrumb"},"inLanguage":"nb-NO","potentialAction":[{"@type":"ReadAction","target":["https:\/\/babylove.se\/no\/produkt\/jabadabado-plantevogn\/"]}]},{"@type":"ImageObject","inLanguage":"nb-NO","@id":"https:\/\/babylove.se\/no\/produkt\/jabadabado-plantevogn\/#primaryimage","url":"https:\/\/babylove.se\/no\/wp-content\/uploads\/sites\/3\/2025\/11\/313.jpg","contentUrl":"https:\/\/babylove.se\/no\/wp-content\/uploads\/sites\/3\/2025\/11\/313.jpg","width":800,"height":800},{"@type":"BreadcrumbList","@id":"https:\/\/babylove.se\/no\/produkt\/jabadabado-plantevogn\/#breadcrumb","itemListElement":[{"@type":"ListItem","position":1,"name":"Hem","item":"https:\/\/babylove.se\/no\/"},{"@type":"ListItem","position":2,"name":"Butik","item":"https:\/\/babylove.se\/no\/butik\/"},{"@type":"ListItem","position":3,"name":"JaBaDaBaDo, Planteringsvogn"}]},{"@type":"WebSite","@id":"https:\/\/babylove.se\/no\/#website","url":"https:\/\/babylove.se\/no\/","name":"Babylove Norska","description":"","potentialAction":[{"@type":"SearchAction","target":{"@type":"EntryPoint","urlTemplate":"https:\/\/babylove.se\/no\/?s={search_term_string}"},"query-input":{"@type":"PropertyValueSpecification","valueRequired":true,"valueName":"search_term_string"}}],"inLanguage":"nb-NO"}]},"product_brand":"JaBaDaBaDo","product_price_amount":"1399.00","product_price_currency":"SEK","og_availability":"instock","product_availability":"instock","product_retailer_item_id":"C2563","product_condition":"new"},"_links":{"self":[{"href":"https:\/\/babylove.se\/no\/wp-json\/wp\/v2\/product\/80299","targetHints":{"allow":["GET"]}}],"collection":[{"href":"https:\/\/babylove.se\/no\/wp-json\/wp\/v2\/product"}],"about":[{"href":"https:\/\/babylove.se\/no\/wp-json\/wp\/v2\/types\/product"}],"replies":[{"embeddable":true,"href":"https:\/\/babylove.se\/no\/wp-json\/wp\/v2\/comments?post=80299"}],"wp:featuredmedia":[{"embeddable":true,"href":"https:\/\/babylove.se\/no\/wp-json\/wp\/v2\/media\/80301"}],"wp:attachment":[{"href":"https:\/\/babylove.se\/no\/wp-json\/wp\/v2\/media?parent=80299"}],"wp:term":[{"taxonomy":"product_brand","embeddable":true,"href":"https:\/\/babylove.se\/no\/wp-json\/wp\/v2\/product_brand?post=80299"},{"taxonomy":"product_cat","embeddable":true,"href":"https:\/\/babylove.se\/no\/wp-json\/wp\/v2\/product_cat?post=80299"},{"taxonomy":"product_tag","embeddable":true,"href":"https:\/\/babylove.se\/no\/wp-json\/wp\/v2\/product_tag?post=80299"}],"curies":[{"name":"wp","href":"https:\/\/api.w.org\/{rel}","templated":true}]}}