{"id":80303,"date":"2025-11-13T15:33:09","date_gmt":"2025-11-13T14:33:09","guid":{"rendered":"https:\/\/babylove.se\/?post_type=product&#038;p=80303"},"modified":"2026-04-08T14:37:22","modified_gmt":"2026-04-08T13:37:22","slug":"jabadabado-dessertpizza","status":"publish","type":"product","link":"https:\/\/babylove.se\/no\/produkt\/jabadabado-dessertpizza\/","title":{"rendered":"JaBaDaBaDo, Dessertpizza"},"content":{"rendered":"<p data-start=\"62\" data-end=\"225\">Her er pizzaen som tar leken p\u00e5 kj\u00f8kkenet til neste niv\u00e5 \u2013 en deilig dessertpizza! Perfekt for sm\u00e5 konditorer som elsker \u00e5 lage sine egne fantasifulle desserter.<\/p>\n<p data-start=\"227\" data-end=\"522\">Dessertpizzaen er laget av tre og best\u00e5r av seks delbare biter som kan toppes med forskjellige gode tilbeh\u00f8r. Velg mellom jordb\u00e6r, bananskiver og sjokoladebiter for \u00e5 lage din helt egen dr\u00f8mmepizza! Med den medf\u00f8lgende pizzaskj\u00e6reren kan hver bit deles opp og serveres til familie og venner.<\/p>\n<p data-start=\"524\" data-end=\"726\">Settet inneholder ogs\u00e5 et oppskriftskort som viser forskjellige m\u00e5ter \u00e5 dekorere pizzaen p\u00e5 \u2013 eller s\u00e5 kan barna finne p\u00e5 sine egne unike kombinasjoner. En morsom, kreativ og smakfull leke for alle sm\u00e5 matelskere!<\/p>\n<p data-start=\"728\" data-end=\"898\" data-is-last-node=\"\" data-is-only-node=\"\"><strong data-start=\"728\" data-end=\"741\">Innhold:<\/strong><br data-start=\"741\" data-end=\"744\" \/>\u2022 1 pizzabunn i seks biter<br data-start=\"771\" data-end=\"774\" \/>\u2022 4 jordb\u00e6r<br data-start=\"788\" data-end=\"791\" \/>\u2022 4 bananbiter<br data-start=\"805\" data-end=\"808\" data-is-only-node=\"\" \/>\u2022 4 sjokoladebiter<br data-start=\"824\" data-end=\"827\" \/>\u2022 1 pizzaskj\u00e6rer med h\u00e5ndtak<br data-start=\"855\" data-end=\"858\" \/>\u2022 1 menykort med forslag til dekorasjoner<\/p>\n","protected":false},"excerpt":{"rendered":"<p>Her er pizzaen som tar leken p\u00e5 kj\u00f8kkenet til neste niv\u00e5 \u2013 en deilig dessertpizza! Perfekt for sm\u00e5 konditorer som elsker \u00e5 lage sine egne fantasifulle desserter. Dessertpizzaen er laget av tre og best\u00e5r av seks delbare biter som kan toppes med forskjellige gode tilbeh\u00f8r. Velg mellom jordb\u00e6r, bananskiver og sjokoladebiter for \u00e5 lage din [&hellip;]<\/p>\n","protected":false},"featured_media":80307,"comment_status":"closed","ping_status":"closed","template":"","meta":{"_acf_changed":false},"product_brand":[273],"product_cat":[274,72,68,922,112],"product_tag":[],"class_list":{"0":"post-80303","1":"product","2":"type-product","3":"status-publish","4":"has-post-thumbnail","6":"product_brand-jabadabado","7":"product_cat-jabadabado","8":"product_cat-julegaver","9":"product_cat-leker","10":"product_cat-nyheter","11":"product_cat-treleker","13":"first","14":"instock","15":"taxable","16":"shipping-taxable","17":"purchasable","18":"product-type-simple"},"acf":[],"yoast_head":"<!-- This site is optimized with the Yoast SEO Premium plugin v25.8 (Yoast SEO v27.2) - https:\/\/yoast.com\/product\/yoast-seo-premium-wordpress\/ -->\n<title>JaBaDaBaDo, Dessertpizza - Babylove Norska<\/title>\n<meta name=\"robots\" content=\"noindex, follow, max-snippet:-1, max-image-preview:large, max-video-preview:-1\" \/>\n<meta property=\"og:locale\" content=\"nb_NO\" \/>\n<meta property=\"og:type\" content=\"article\" \/>\n<meta property=\"og:title\" content=\"JaBaDaBaDo, Dessertpizza\" \/>\n<meta property=\"og:description\" content=\"Her er pizzaen som tar leken p\u00e5 kj\u00f8kkenet til neste niv\u00e5 \u2013 en deilig dessertpizza! Perfekt for sm\u00e5 konditorer som elsker \u00e5 lage sine egne fantasifulle desserter. Dessertpizzaen er laget av tre og best\u00e5r av seks delbare biter som kan toppes med forskjellige gode tilbeh\u00f8r. Velg mellom jordb\u00e6r, bananskiver og sjokoladebiter for \u00e5 lage din [&hellip;]\" \/>\n<meta property=\"og:url\" content=\"https:\/\/babylove.se\/no\/produkt\/jabadabado-dessertpizza\/\" \/>\n<meta property=\"og:site_name\" content=\"Babylove Norska\" \/>\n<meta property=\"article:modified_time\" content=\"2026-04-08T13:37:22+00:00\" \/>\n<meta property=\"og:image\" content=\"https:\/\/babylove.se\/no\/wp-content\/uploads\/sites\/3\/2025\/11\/315.jpg\" \/>\n\t<meta property=\"og:image:width\" content=\"800\" \/>\n\t<meta property=\"og:image:height\" content=\"800\" \/>\n\t<meta property=\"og:image:type\" content=\"image\/jpeg\" \/>\n<meta name=\"twitter:card\" content=\"summary_large_image\" \/>\n<meta name=\"twitter:label1\" content=\"Price\" \/>\n\t<meta name=\"twitter:data1\" content=\"299,00&nbsp;&#107;&#114;\" \/>\n\t<meta name=\"twitter:label2\" content=\"Availability\" \/>\n\t<meta name=\"twitter:data2\" content=\"In stock\" \/>\n<script type=\"application\/ld+json\" class=\"yoast-schema-graph\">{\"@context\":\"https:\/\/schema.org\",\"@graph\":[{\"@type\":\"WebPage\",\"@id\":\"https:\/\/babylove.se\/no\/produkt\/jabadabado-dessertpizza\/\",\"url\":\"https:\/\/babylove.se\/no\/produkt\/jabadabado-dessertpizza\/\",\"name\":\"JaBaDaBaDo, Dessertpizza - Babylove Norska\",\"isPartOf\":{\"@id\":\"https:\/\/babylove.se\/no\/#website\"},\"primaryImageOfPage\":{\"@id\":\"https:\/\/babylove.se\/no\/produkt\/jabadabado-dessertpizza\/#primaryimage\"},\"image\":{\"@id\":\"https:\/\/babylove.se\/no\/produkt\/jabadabado-dessertpizza\/#primaryimage\"},\"thumbnailUrl\":\"https:\/\/babylove.se\/no\/wp-content\/uploads\/sites\/3\/2025\/11\/315.jpg\",\"datePublished\":\"2025-11-13T14:33:09+00:00\",\"dateModified\":\"2026-04-08T13:37:22+00:00\",\"breadcrumb\":{\"@id\":\"https:\/\/babylove.se\/no\/produkt\/jabadabado-dessertpizza\/#breadcrumb\"},\"inLanguage\":\"nb-NO\",\"potentialAction\":[{\"@type\":\"ReadAction\",\"target\":[\"https:\/\/babylove.se\/no\/produkt\/jabadabado-dessertpizza\/\"]}]},{\"@type\":\"ImageObject\",\"inLanguage\":\"nb-NO\",\"@id\":\"https:\/\/babylove.se\/no\/produkt\/jabadabado-dessertpizza\/#primaryimage\",\"url\":\"https:\/\/babylove.se\/no\/wp-content\/uploads\/sites\/3\/2025\/11\/315.jpg\",\"contentUrl\":\"https:\/\/babylove.se\/no\/wp-content\/uploads\/sites\/3\/2025\/11\/315.jpg\",\"width\":800,\"height\":800},{\"@type\":\"BreadcrumbList\",\"@id\":\"https:\/\/babylove.se\/no\/produkt\/jabadabado-dessertpizza\/#breadcrumb\",\"itemListElement\":[{\"@type\":\"ListItem\",\"position\":1,\"name\":\"Hem\",\"item\":\"https:\/\/babylove.se\/no\/\"},{\"@type\":\"ListItem\",\"position\":2,\"name\":\"Butik\",\"item\":\"https:\/\/babylove.se\/no\/butik\/\"},{\"@type\":\"ListItem\",\"position\":3,\"name\":\"JaBaDaBaDo, Dessertpizza\"}]},{\"@type\":\"WebSite\",\"@id\":\"https:\/\/babylove.se\/no\/#website\",\"url\":\"https:\/\/babylove.se\/no\/\",\"name\":\"Babylove Norska\",\"description\":\"\",\"potentialAction\":[{\"@type\":\"SearchAction\",\"target\":{\"@type\":\"EntryPoint\",\"urlTemplate\":\"https:\/\/babylove.se\/no\/?s={search_term_string}\"},\"query-input\":{\"@type\":\"PropertyValueSpecification\",\"valueRequired\":true,\"valueName\":\"search_term_string\"}}],\"inLanguage\":\"nb-NO\"}]}<\/script>\n<meta property=\"product:brand\" content=\"JaBaDaBaDo\" \/>\n<meta property=\"product:price:amount\" content=\"299.00\" \/>\n<meta property=\"product:price:currency\" content=\"SEK\" \/>\n<meta property=\"og:availability\" content=\"instock\" \/>\n<meta property=\"product:availability\" content=\"instock\" \/>\n<meta property=\"product:retailer_item_id\" content=\"T311\" \/>\n<meta property=\"product:condition\" content=\"new\" \/>\n<!-- \/ Yoast SEO Premium plugin. -->","yoast_head_json":{"title":"JaBaDaBaDo, Dessertpizza - Babylove Norska","robots":{"index":"noindex","follow":"follow","max-snippet":"max-snippet:-1","max-image-preview":"max-image-preview:large","max-video-preview":"max-video-preview:-1"},"og_locale":"nb_NO","og_type":"article","og_title":"JaBaDaBaDo, Dessertpizza","og_description":"Her er pizzaen som tar leken p\u00e5 kj\u00f8kkenet til neste niv\u00e5 \u2013 en deilig dessertpizza! Perfekt for sm\u00e5 konditorer som elsker \u00e5 lage sine egne fantasifulle desserter. Dessertpizzaen er laget av tre og best\u00e5r av seks delbare biter som kan toppes med forskjellige gode tilbeh\u00f8r. Velg mellom jordb\u00e6r, bananskiver og sjokoladebiter for \u00e5 lage din [&hellip;]","og_url":"https:\/\/babylove.se\/no\/produkt\/jabadabado-dessertpizza\/","og_site_name":"Babylove Norska","article_modified_time":"2026-04-08T13:37:22+00:00","og_image":[{"width":800,"height":800,"url":"https:\/\/babylove.se\/no\/wp-content\/uploads\/sites\/3\/2025\/11\/315.jpg","type":"image\/jpeg"}],"twitter_card":"summary_large_image","twitter_misc":{"Price":"299,00&nbsp;&#107;&#114;","Availability":"In stock"},"schema":{"@context":"https:\/\/schema.org","@graph":[{"@type":"WebPage","@id":"https:\/\/babylove.se\/no\/produkt\/jabadabado-dessertpizza\/","url":"https:\/\/babylove.se\/no\/produkt\/jabadabado-dessertpizza\/","name":"JaBaDaBaDo, Dessertpizza - Babylove Norska","isPartOf":{"@id":"https:\/\/babylove.se\/no\/#website"},"primaryImageOfPage":{"@id":"https:\/\/babylove.se\/no\/produkt\/jabadabado-dessertpizza\/#primaryimage"},"image":{"@id":"https:\/\/babylove.se\/no\/produkt\/jabadabado-dessertpizza\/#primaryimage"},"thumbnailUrl":"https:\/\/babylove.se\/no\/wp-content\/uploads\/sites\/3\/2025\/11\/315.jpg","datePublished":"2025-11-13T14:33:09+00:00","dateModified":"2026-04-08T13:37:22+00:00","breadcrumb":{"@id":"https:\/\/babylove.se\/no\/produkt\/jabadabado-dessertpizza\/#breadcrumb"},"inLanguage":"nb-NO","potentialAction":[{"@type":"ReadAction","target":["https:\/\/babylove.se\/no\/produkt\/jabadabado-dessertpizza\/"]}]},{"@type":"ImageObject","inLanguage":"nb-NO","@id":"https:\/\/babylove.se\/no\/produkt\/jabadabado-dessertpizza\/#primaryimage","url":"https:\/\/babylove.se\/no\/wp-content\/uploads\/sites\/3\/2025\/11\/315.jpg","contentUrl":"https:\/\/babylove.se\/no\/wp-content\/uploads\/sites\/3\/2025\/11\/315.jpg","width":800,"height":800},{"@type":"BreadcrumbList","@id":"https:\/\/babylove.se\/no\/produkt\/jabadabado-dessertpizza\/#breadcrumb","itemListElement":[{"@type":"ListItem","position":1,"name":"Hem","item":"https:\/\/babylove.se\/no\/"},{"@type":"ListItem","position":2,"name":"Butik","item":"https:\/\/babylove.se\/no\/butik\/"},{"@type":"ListItem","position":3,"name":"JaBaDaBaDo, Dessertpizza"}]},{"@type":"WebSite","@id":"https:\/\/babylove.se\/no\/#website","url":"https:\/\/babylove.se\/no\/","name":"Babylove Norska","description":"","potentialAction":[{"@type":"SearchAction","target":{"@type":"EntryPoint","urlTemplate":"https:\/\/babylove.se\/no\/?s={search_term_string}"},"query-input":{"@type":"PropertyValueSpecification","valueRequired":true,"valueName":"search_term_string"}}],"inLanguage":"nb-NO"}]},"product_brand":"JaBaDaBaDo","product_price_amount":"299.00","product_price_currency":"SEK","og_availability":"instock","product_availability":"instock","product_retailer_item_id":"T311","product_condition":"new"},"_links":{"self":[{"href":"https:\/\/babylove.se\/no\/wp-json\/wp\/v2\/product\/80303","targetHints":{"allow":["GET"]}}],"collection":[{"href":"https:\/\/babylove.se\/no\/wp-json\/wp\/v2\/product"}],"about":[{"href":"https:\/\/babylove.se\/no\/wp-json\/wp\/v2\/types\/product"}],"replies":[{"embeddable":true,"href":"https:\/\/babylove.se\/no\/wp-json\/wp\/v2\/comments?post=80303"}],"wp:featuredmedia":[{"embeddable":true,"href":"https:\/\/babylove.se\/no\/wp-json\/wp\/v2\/media\/80307"}],"wp:attachment":[{"href":"https:\/\/babylove.se\/no\/wp-json\/wp\/v2\/media?parent=80303"}],"wp:term":[{"taxonomy":"product_brand","embeddable":true,"href":"https:\/\/babylove.se\/no\/wp-json\/wp\/v2\/product_brand?post=80303"},{"taxonomy":"product_cat","embeddable":true,"href":"https:\/\/babylove.se\/no\/wp-json\/wp\/v2\/product_cat?post=80303"},{"taxonomy":"product_tag","embeddable":true,"href":"https:\/\/babylove.se\/no\/wp-json\/wp\/v2\/product_tag?post=80303"}],"curies":[{"name":"wp","href":"https:\/\/api.w.org\/{rel}","templated":true}]}}