{"id":8046,"date":"2025-07-18T20:47:41","date_gmt":"2025-07-18T19:47:41","guid":{"rendered":"https:\/\/babylove.se\/produkt\/hussang-till-barnrummet\/"},"modified":"2026-04-08T08:42:24","modified_gmt":"2026-04-08T07:42:24","slug":"husesang-til-barnerommet","status":"publish","type":"product","link":"https:\/\/babylove.se\/no\/produkt\/husesang-til-barnerommet\/","title":{"rendered":"Husseng naturfarget til barnerommet sikkerhetsskjene"},"content":{"rendered":"<p>Fantastisk barneseng i form av et hus. Med denne husseng l\u00f8fter du barnerominnredningen til nye niv\u00e5er, og barnet ditt kommer til \u00e5 glede seg til leggetid.  <\/p>\n<p>Komplett med et fint vimpel, sengehimmel eller hvorfor ikke med fine lysslynger som du enkelt henger opp p\u00e5 sengen.<\/p>\n<ul type=\"disc\">\n<li>M\u00e5l: Finnes i to varianter : 80&#215;160 cm og 90&#215;200 cm<\/li>\n<li><u>Variant 80&#215;160<\/u> : H\u00f8yde: 123 cm , Bredde: 88 cm , Lengde: 167 cm (passer til madrass 80&#215;160 cm som du finner hos oss )<\/li>\n<li><u>Variant 90&#215;200<\/u>: H\u00f8yde: 133 cm , Bredde: 98 cm , Lengde: 207 cm (passer til madrass 90&#215;200 cm som du finner hos oss eller for eksempel p\u00e5 Ikea)<\/li>\n<li>Madrass er ikke inkludert, men ta gjerne en titt p\u00e5 v\u00e5rt store madrassutvalg. Vi anbefaler en skummadrass med tykkelse p\u00e5 ca 10-12 cm.<\/li>\n<li>T\u00e5ler opptil 100 kg<\/li>\n<li>Ribbbunn f\u00f8lger med til sengen<\/li>\n<li>Til husseng f\u00f8lger det med tre sikkerhetsrekkverk\/sider. En kortside er helt \u00e5pen (Se bilde i produktbeskrivelsen). Disse rekkverkene kan monteres ned n\u00e5r barnet vokser, og skruehullene kan fylles med akryl eller lignende.<\/li>\n<\/ul>\n<p><em>Sengen kommer med hjemlevering umontert i to pakker og<\/em><em> b\u00f8r settes sammen i rommet den skal brukes i.<\/em><\/p>\n<p><strong>Materiale<\/strong>: Furu <\/p>\n","protected":false},"excerpt":{"rendered":"<p>Fantastisk barneseng i form av et hus. Med denne husseng l\u00f8fter du barnerominnredningen til nye niv\u00e5er, og barnet ditt kommer til \u00e5 glede seg til leggetid. Komplett med et fint vimpel, sengehimmel eller hvorfor ikke med fine lysslynger som du enkelt henger opp p\u00e5 sengen. M\u00e5l: Finnes i to varianter : 80&#215;160 cm og 90&#215;200 [&hellip;]<\/p>\n","protected":false},"featured_media":8048,"comment_status":"closed","ping_status":"open","template":"","meta":{"_acf_changed":false},"product_brand":[261],"product_cat":[224,217,269,263,40,48],"product_tag":[1689],"class_list":{"0":"post-8046","1":"product","2":"type-product","3":"status-publish","4":"has-post-thumbnail","6":"product_brand-ohh-mami","7":"product_cat-ferdigbyggd-barneseng","8":"product_cat-sengesanger","9":"product_cat-juniorsenger","10":"product_cat-ohhmami","11":"product_cat-soverom-barn","12":"product_cat-startside","13":"product_tag-bestillingsvaror","14":"pa_storlek-80x160","15":"pa_storlek-90x200","17":"first","18":"instock","19":"taxable","20":"shipping-taxable","21":"purchasable","22":"product-type-variable"},"acf":[],"yoast_head":"<!-- This site is optimized with the Yoast SEO Premium plugin v25.8 (Yoast SEO v27.2) - https:\/\/yoast.com\/product\/yoast-seo-premium-wordpress\/ -->\n<title>Husseng naturfarget til barnerommet sikkerhetsskjene - Babylove Norska<\/title>\n<meta name=\"robots\" content=\"noindex, follow, max-snippet:-1, max-image-preview:large, max-video-preview:-1\" \/>\n<meta property=\"og:locale\" content=\"nb_NO\" \/>\n<meta property=\"og:type\" content=\"article\" \/>\n<meta property=\"og:title\" content=\"Husseng naturfarget til barnerommet sikkerhetsskjene\" \/>\n<meta property=\"og:description\" content=\"Fantastisk barneseng i form av et hus. Med denne husseng l\u00f8fter du barnerominnredningen til nye niv\u00e5er, og barnet ditt kommer til \u00e5 glede seg til leggetid. Komplett med et fint vimpel, sengehimmel eller hvorfor ikke med fine lysslynger som du enkelt henger opp p\u00e5 sengen. M\u00e5l: Finnes i to varianter : 80&#215;160 cm og 90&#215;200 [&hellip;]\" \/>\n<meta property=\"og:url\" content=\"https:\/\/babylove.se\/no\/produkt\/husesang-til-barnerommet\/\" \/>\n<meta property=\"og:site_name\" content=\"Babylove Norska\" \/>\n<meta property=\"article:modified_time\" content=\"2026-04-08T07:42:24+00:00\" \/>\n<meta property=\"og:image\" content=\"https:\/\/babylove.se\/no\/wp-content\/uploads\/sites\/3\/2025\/07\/5ce7d67eb22c8.png\" \/>\n\t<meta property=\"og:image:width\" content=\"664\" \/>\n\t<meta property=\"og:image:height\" content=\"654\" \/>\n\t<meta property=\"og:image:type\" content=\"image\/png\" \/>\n<meta name=\"twitter:card\" content=\"summary_large_image\" \/>\n<meta name=\"twitter:label1\" content=\"Availability\" \/>\n\t<meta name=\"twitter:data1\" content=\"In stock\" \/>\n<script type=\"application\/ld+json\" class=\"yoast-schema-graph\">{\"@context\":\"https:\/\/schema.org\",\"@graph\":[{\"@type\":\"WebPage\",\"@id\":\"https:\/\/babylove.se\/no\/produkt\/husesang-til-barnerommet\/\",\"url\":\"https:\/\/babylove.se\/no\/produkt\/husesang-til-barnerommet\/\",\"name\":\"Husseng naturfarget til barnerommet sikkerhetsskjene - Babylove Norska\",\"isPartOf\":{\"@id\":\"https:\/\/babylove.se\/no\/#website\"},\"primaryImageOfPage\":{\"@id\":\"https:\/\/babylove.se\/no\/produkt\/husesang-til-barnerommet\/#primaryimage\"},\"image\":{\"@id\":\"https:\/\/babylove.se\/no\/produkt\/husesang-til-barnerommet\/#primaryimage\"},\"thumbnailUrl\":\"https:\/\/babylove.se\/no\/wp-content\/uploads\/sites\/3\/2025\/07\/5ce7d67eb22c8.png\",\"datePublished\":\"2025-07-18T19:47:41+00:00\",\"dateModified\":\"2026-04-08T07:42:24+00:00\",\"breadcrumb\":{\"@id\":\"https:\/\/babylove.se\/no\/produkt\/husesang-til-barnerommet\/#breadcrumb\"},\"inLanguage\":\"nb-NO\",\"potentialAction\":[{\"@type\":\"ReadAction\",\"target\":[\"https:\/\/babylove.se\/no\/produkt\/husesang-til-barnerommet\/\"]}]},{\"@type\":\"ImageObject\",\"inLanguage\":\"nb-NO\",\"@id\":\"https:\/\/babylove.se\/no\/produkt\/husesang-til-barnerommet\/#primaryimage\",\"url\":\"https:\/\/babylove.se\/no\/wp-content\/uploads\/sites\/3\/2025\/07\/5ce7d67eb22c8.png\",\"contentUrl\":\"https:\/\/babylove.se\/no\/wp-content\/uploads\/sites\/3\/2025\/07\/5ce7d67eb22c8.png\",\"width\":664,\"height\":654},{\"@type\":\"BreadcrumbList\",\"@id\":\"https:\/\/babylove.se\/no\/produkt\/husesang-til-barnerommet\/#breadcrumb\",\"itemListElement\":[{\"@type\":\"ListItem\",\"position\":1,\"name\":\"Hem\",\"item\":\"https:\/\/babylove.se\/no\/\"},{\"@type\":\"ListItem\",\"position\":2,\"name\":\"Butik\",\"item\":\"https:\/\/babylove.se\/no\/butik\/\"},{\"@type\":\"ListItem\",\"position\":3,\"name\":\"Husseng naturfarget til barnerommet sikkerhetsskjene\"}]},{\"@type\":\"WebSite\",\"@id\":\"https:\/\/babylove.se\/no\/#website\",\"url\":\"https:\/\/babylove.se\/no\/\",\"name\":\"Babylove Norska\",\"description\":\"\",\"potentialAction\":[{\"@type\":\"SearchAction\",\"target\":{\"@type\":\"EntryPoint\",\"urlTemplate\":\"https:\/\/babylove.se\/no\/?s={search_term_string}\"},\"query-input\":{\"@type\":\"PropertyValueSpecification\",\"valueRequired\":true,\"valueName\":\"search_term_string\"}}],\"inLanguage\":\"nb-NO\"}]}<\/script>\n<meta property=\"product:brand\" content=\"Ohh Mami\" \/>\n<meta property=\"og:availability\" content=\"instock\" \/>\n<meta property=\"product:availability\" content=\"instock\" \/>\n<meta property=\"product:retailer_item_id\" content=\"Huss\u00e4ngnatur-80x160\" \/>\n<meta property=\"product:condition\" content=\"new\" \/>\n<!-- \/ Yoast SEO Premium plugin. -->","yoast_head_json":{"title":"Husseng naturfarget til barnerommet sikkerhetsskjene - Babylove Norska","robots":{"index":"noindex","follow":"follow","max-snippet":"max-snippet:-1","max-image-preview":"max-image-preview:large","max-video-preview":"max-video-preview:-1"},"og_locale":"nb_NO","og_type":"article","og_title":"Husseng naturfarget til barnerommet sikkerhetsskjene","og_description":"Fantastisk barneseng i form av et hus. Med denne husseng l\u00f8fter du barnerominnredningen til nye niv\u00e5er, og barnet ditt kommer til \u00e5 glede seg til leggetid. Komplett med et fint vimpel, sengehimmel eller hvorfor ikke med fine lysslynger som du enkelt henger opp p\u00e5 sengen. M\u00e5l: Finnes i to varianter : 80&#215;160 cm og 90&#215;200 [&hellip;]","og_url":"https:\/\/babylove.se\/no\/produkt\/husesang-til-barnerommet\/","og_site_name":"Babylove Norska","article_modified_time":"2026-04-08T07:42:24+00:00","og_image":[{"width":664,"height":654,"url":"https:\/\/babylove.se\/no\/wp-content\/uploads\/sites\/3\/2025\/07\/5ce7d67eb22c8.png","type":"image\/png"}],"twitter_card":"summary_large_image","twitter_misc":{"Availability":"In stock"},"schema":{"@context":"https:\/\/schema.org","@graph":[{"@type":"WebPage","@id":"https:\/\/babylove.se\/no\/produkt\/husesang-til-barnerommet\/","url":"https:\/\/babylove.se\/no\/produkt\/husesang-til-barnerommet\/","name":"Husseng naturfarget til barnerommet sikkerhetsskjene - Babylove Norska","isPartOf":{"@id":"https:\/\/babylove.se\/no\/#website"},"primaryImageOfPage":{"@id":"https:\/\/babylove.se\/no\/produkt\/husesang-til-barnerommet\/#primaryimage"},"image":{"@id":"https:\/\/babylove.se\/no\/produkt\/husesang-til-barnerommet\/#primaryimage"},"thumbnailUrl":"https:\/\/babylove.se\/no\/wp-content\/uploads\/sites\/3\/2025\/07\/5ce7d67eb22c8.png","datePublished":"2025-07-18T19:47:41+00:00","dateModified":"2026-04-08T07:42:24+00:00","breadcrumb":{"@id":"https:\/\/babylove.se\/no\/produkt\/husesang-til-barnerommet\/#breadcrumb"},"inLanguage":"nb-NO","potentialAction":[{"@type":"ReadAction","target":["https:\/\/babylove.se\/no\/produkt\/husesang-til-barnerommet\/"]}]},{"@type":"ImageObject","inLanguage":"nb-NO","@id":"https:\/\/babylove.se\/no\/produkt\/husesang-til-barnerommet\/#primaryimage","url":"https:\/\/babylove.se\/no\/wp-content\/uploads\/sites\/3\/2025\/07\/5ce7d67eb22c8.png","contentUrl":"https:\/\/babylove.se\/no\/wp-content\/uploads\/sites\/3\/2025\/07\/5ce7d67eb22c8.png","width":664,"height":654},{"@type":"BreadcrumbList","@id":"https:\/\/babylove.se\/no\/produkt\/husesang-til-barnerommet\/#breadcrumb","itemListElement":[{"@type":"ListItem","position":1,"name":"Hem","item":"https:\/\/babylove.se\/no\/"},{"@type":"ListItem","position":2,"name":"Butik","item":"https:\/\/babylove.se\/no\/butik\/"},{"@type":"ListItem","position":3,"name":"Husseng naturfarget til barnerommet sikkerhetsskjene"}]},{"@type":"WebSite","@id":"https:\/\/babylove.se\/no\/#website","url":"https:\/\/babylove.se\/no\/","name":"Babylove Norska","description":"","potentialAction":[{"@type":"SearchAction","target":{"@type":"EntryPoint","urlTemplate":"https:\/\/babylove.se\/no\/?s={search_term_string}"},"query-input":{"@type":"PropertyValueSpecification","valueRequired":true,"valueName":"search_term_string"}}],"inLanguage":"nb-NO"}]},"product_brand":"Ohh Mami","og_availability":"instock","product_availability":"instock","product_retailer_item_id":"Huss\u00e4ngnatur-80x160","product_condition":"new"},"_links":{"self":[{"href":"https:\/\/babylove.se\/no\/wp-json\/wp\/v2\/product\/8046","targetHints":{"allow":["GET"]}}],"collection":[{"href":"https:\/\/babylove.se\/no\/wp-json\/wp\/v2\/product"}],"about":[{"href":"https:\/\/babylove.se\/no\/wp-json\/wp\/v2\/types\/product"}],"replies":[{"embeddable":true,"href":"https:\/\/babylove.se\/no\/wp-json\/wp\/v2\/comments?post=8046"}],"wp:featuredmedia":[{"embeddable":true,"href":"https:\/\/babylove.se\/no\/wp-json\/wp\/v2\/media\/8048"}],"wp:attachment":[{"href":"https:\/\/babylove.se\/no\/wp-json\/wp\/v2\/media?parent=8046"}],"wp:term":[{"taxonomy":"product_brand","embeddable":true,"href":"https:\/\/babylove.se\/no\/wp-json\/wp\/v2\/product_brand?post=8046"},{"taxonomy":"product_cat","embeddable":true,"href":"https:\/\/babylove.se\/no\/wp-json\/wp\/v2\/product_cat?post=8046"},{"taxonomy":"product_tag","embeddable":true,"href":"https:\/\/babylove.se\/no\/wp-json\/wp\/v2\/product_tag?post=8046"}],"curies":[{"name":"wp","href":"https:\/\/api.w.org\/{rel}","templated":true}]}}