{"id":8092,"date":"2025-07-18T20:48:13","date_gmt":"2025-07-18T19:48:13","guid":{"rendered":"https:\/\/babylove.se\/produkt\/gra-hussang-med-skydd-80x160-till-barnrummet\/"},"modified":"2026-04-08T08:42:46","modified_gmt":"2026-04-08T07:42:46","slug":"gra-barneseng-med-beskyttelse-80x160-til-barnerommet","status":"publish","type":"product","link":"https:\/\/babylove.se\/no\/produkt\/gra-barneseng-med-beskyttelse-80x160-til-barnerommet\/","title":{"rendered":"Gr\u00e5 huskeseng med beskyttelse til barnerommet"},"content":{"rendered":"<p>Denne stabile husseng med beskyttelse er perfekt n\u00e5r det er p\u00e5 tide \u00e5 bytte ut sprinkelseng.<\/p>\n<p>N\u00e5r barnet s\u00e5 er klart til \u00e5 klatre inn og ut av sengen selv, kan beskyttelsen demonteres.<br \/>Dette gj\u00f8r at sengens levetid blir lang, og heldigvis det, s\u00e5 fin som den er!<\/p>\n<p><strong>Info:<\/strong><\/p>\n<ul>\n<li>Ribbebunn inkludert<\/li>\n<li>Madrass ikke inkludert, men ta gjerne en titt i v\u00e5rt store madrassutvalg. Vi anbefaler en skummadrass med tykkelse p\u00e5 ca. 10-12 cm.<\/li>\n<li>Produsert i EU<\/li>\n<li>Materiale: Furu, malt med \u00f8kologisk giftfri maling<\/li>\n<li>Maksvekt 120 kg<\/li>\n<li>Finnes i hvit eller gr\u00e5\n<\/li>\n<\/ul>\n<p><strong>M\u00e5l: Finnes i to st\u00f8rrelser:<\/strong><\/p>\n<p><strong>80&#215;160 cm&nbsp;<\/strong><\/p>\n<ul>\n<li>Sovem\u00e5l: 80&#215;160 cm<\/li>\n<li>Total h\u00f8yde: 125 cm<\/li>\n<li>Totalt dyp: 88cm<\/li>\n<li>Total lengde: 165 cm&nbsp;<\/li>\n<li>H\u00f8yde p\u00e5 sengeram: 20 cm&nbsp;<\/li>\n<li>H\u00f8yde p\u00e5 beskyttelseskant: 17 cm&nbsp;<\/li>\n<\/ul>\n<p><strong>70&#215;140 cm<\/strong><\/p>\n<ul>\n<li>Sovem\u00e5l: 70&#215;140 cm<\/li>\n<li>Total h\u00f8yde: 125 cm<\/li>\n<li>Totalt dyp: 78 cm<\/li>\n<li>Total lengde: 145 cm&nbsp;<\/li>\n<li>H\u00f8yde p\u00e5 sengeram: 20 cm&nbsp;<\/li>\n<li>H\u00f8yde p\u00e5 beskyttelseskant: 17 cm&nbsp;<\/li>\n<\/ul>\n<p>Sengene kommer fra v\u00e5r fabrikk i Europa som har h\u00f8ye kvalitetskrav og kontrollerer hvert trinn fra det at t\u00f8mmeret kommer inn i fabrikken til at et ferdig produkt forlater den. Farge, lakk og lim er vannbasert, milj\u00f8vennlig og produsert innenfor Europa.&nbsp;<\/p>\n<p><em>OBS! Dette er en seng produsert og tilpasset for barn. <em>Sengen leveres umontert og b\u00f8r settes sammen i rommet den skal brukes i.<\/em><\/em><\/p>\n","protected":false},"excerpt":{"rendered":"<p>Denne stabile husseng med beskyttelse er perfekt n\u00e5r det er p\u00e5 tide \u00e5 bytte ut sprinkelseng. N\u00e5r barnet s\u00e5 er klart til \u00e5 klatre inn og ut av sengen selv, kan beskyttelsen demonteres.Dette gj\u00f8r at sengens levetid blir lang, og heldigvis det, s\u00e5 fin som den er! Info: Ribbebunn inkludert Madrass ikke inkludert, men ta [&hellip;]<\/p>\n","protected":false},"featured_media":8094,"comment_status":"closed","ping_status":"closed","template":"","meta":{"_acf_changed":false},"product_brand":[369],"product_cat":[372,224,217,269,1704,370,374,280,40,48],"product_tag":[1689],"class_list":{"0":"post-8092","1":"product","2":"type-product","3":"status-publish","4":"has-post-thumbnail","6":"product_brand-nino","7":"product_cat-barnesenger","8":"product_cat-ferdigbyggd-barneseng","9":"product_cat-sengesanger","10":"product_cat-juniorsenger","11":"product_cat-reasangar","12":"product_cat-nino","13":"product_cat-salg","14":"product_cat-senger-med-rask-levering","15":"product_cat-soverom-barn","16":"product_cat-startside","17":"product_tag-bestillingsvaror","18":"pa_storlek-70x140-cm","19":"pa_storlek-80x160-cm","21":"first","22":"instock","23":"taxable","24":"shipping-taxable","25":"purchasable","26":"product-type-variable"},"acf":[],"yoast_head":"<!-- This site is optimized with the Yoast SEO Premium plugin v25.8 (Yoast SEO v27.2) - https:\/\/yoast.com\/product\/yoast-seo-premium-wordpress\/ -->\n<title>Gr\u00e5 huss\u00e4ng med skydd 80x160 till barnrummet<\/title>\n<meta name=\"description\" content=\"Superfin och prisv\u00e4rd vit huss\u00e4ng till barnrummet. En idealisk koja f\u00f6r ditt barn - K\u00f6p den h\u00e4r - Fri frakt !\" \/>\n<meta name=\"robots\" content=\"noindex, follow, max-snippet:-1, max-image-preview:large, max-video-preview:-1\" \/>\n<meta property=\"og:locale\" content=\"nb_NO\" \/>\n<meta property=\"og:type\" content=\"article\" \/>\n<meta property=\"og:title\" content=\"Gr\u00e5 huskeseng med beskyttelse til barnerommet\" \/>\n<meta property=\"og:description\" content=\"Superfin och prisv\u00e4rd vit huss\u00e4ng till barnrummet. En idealisk koja f\u00f6r ditt barn - K\u00f6p den h\u00e4r - Fri frakt !\" \/>\n<meta property=\"og:url\" content=\"https:\/\/babylove.se\/no\/produkt\/gra-barneseng-med-beskyttelse-80x160-til-barnerommet\/\" \/>\n<meta property=\"og:site_name\" content=\"Babylove Norska\" \/>\n<meta property=\"article:modified_time\" content=\"2026-04-08T07:42:46+00:00\" \/>\n<meta property=\"og:image\" content=\"https:\/\/babylove.se\/no\/wp-content\/uploads\/sites\/3\/2025\/07\/631093803cb41.jpeg\" \/>\n\t<meta property=\"og:image:width\" content=\"800\" \/>\n\t<meta property=\"og:image:height\" content=\"800\" \/>\n\t<meta property=\"og:image:type\" content=\"image\/jpeg\" \/>\n<meta name=\"twitter:card\" content=\"summary_large_image\" \/>\n<meta name=\"twitter:label1\" content=\"Availability\" \/>\n\t<meta name=\"twitter:data1\" content=\"In stock\" \/>\n<script type=\"application\/ld+json\" class=\"yoast-schema-graph\">{\"@context\":\"https:\/\/schema.org\",\"@graph\":[{\"@type\":\"WebPage\",\"@id\":\"https:\/\/babylove.se\/no\/produkt\/gra-barneseng-med-beskyttelse-80x160-til-barnerommet\/\",\"url\":\"https:\/\/babylove.se\/no\/produkt\/gra-barneseng-med-beskyttelse-80x160-til-barnerommet\/\",\"name\":\"Gr\u00e5 huss\u00e4ng med skydd 80x160 till barnrummet\",\"isPartOf\":{\"@id\":\"https:\/\/babylove.se\/no\/#website\"},\"primaryImageOfPage\":{\"@id\":\"https:\/\/babylove.se\/no\/produkt\/gra-barneseng-med-beskyttelse-80x160-til-barnerommet\/#primaryimage\"},\"image\":{\"@id\":\"https:\/\/babylove.se\/no\/produkt\/gra-barneseng-med-beskyttelse-80x160-til-barnerommet\/#primaryimage\"},\"thumbnailUrl\":\"https:\/\/babylove.se\/no\/wp-content\/uploads\/sites\/3\/2025\/07\/631093803cb41.jpeg\",\"datePublished\":\"2025-07-18T19:48:13+00:00\",\"dateModified\":\"2026-04-08T07:42:46+00:00\",\"description\":\"Superfin och prisv\u00e4rd vit huss\u00e4ng till barnrummet. En idealisk koja f\u00f6r ditt barn - K\u00f6p den h\u00e4r - Fri frakt !\",\"breadcrumb\":{\"@id\":\"https:\/\/babylove.se\/no\/produkt\/gra-barneseng-med-beskyttelse-80x160-til-barnerommet\/#breadcrumb\"},\"inLanguage\":\"nb-NO\",\"potentialAction\":[{\"@type\":\"ReadAction\",\"target\":[\"https:\/\/babylove.se\/no\/produkt\/gra-barneseng-med-beskyttelse-80x160-til-barnerommet\/\"]}]},{\"@type\":\"ImageObject\",\"inLanguage\":\"nb-NO\",\"@id\":\"https:\/\/babylove.se\/no\/produkt\/gra-barneseng-med-beskyttelse-80x160-til-barnerommet\/#primaryimage\",\"url\":\"https:\/\/babylove.se\/no\/wp-content\/uploads\/sites\/3\/2025\/07\/631093803cb41.jpeg\",\"contentUrl\":\"https:\/\/babylove.se\/no\/wp-content\/uploads\/sites\/3\/2025\/07\/631093803cb41.jpeg\",\"width\":800,\"height\":800},{\"@type\":\"BreadcrumbList\",\"@id\":\"https:\/\/babylove.se\/no\/produkt\/gra-barneseng-med-beskyttelse-80x160-til-barnerommet\/#breadcrumb\",\"itemListElement\":[{\"@type\":\"ListItem\",\"position\":1,\"name\":\"Hem\",\"item\":\"https:\/\/babylove.se\/no\/\"},{\"@type\":\"ListItem\",\"position\":2,\"name\":\"Butik\",\"item\":\"https:\/\/babylove.se\/no\/butik\/\"},{\"@type\":\"ListItem\",\"position\":3,\"name\":\"Gr\u00e5 huskeseng med beskyttelse til barnerommet\"}]},{\"@type\":\"WebSite\",\"@id\":\"https:\/\/babylove.se\/no\/#website\",\"url\":\"https:\/\/babylove.se\/no\/\",\"name\":\"Babylove Norska\",\"description\":\"\",\"potentialAction\":[{\"@type\":\"SearchAction\",\"target\":{\"@type\":\"EntryPoint\",\"urlTemplate\":\"https:\/\/babylove.se\/no\/?s={search_term_string}\"},\"query-input\":{\"@type\":\"PropertyValueSpecification\",\"valueRequired\":true,\"valueName\":\"search_term_string\"}}],\"inLanguage\":\"nb-NO\"}]}<\/script>\n<meta property=\"product:brand\" content=\"Nino\" \/>\n<meta property=\"og:availability\" content=\"instock\" \/>\n<meta property=\"product:availability\" content=\"instock\" \/>\n<meta property=\"product:retailer_item_id\" content=\"5904183481135\" \/>\n<meta property=\"product:condition\" content=\"new\" \/>\n<!-- \/ Yoast SEO Premium plugin. -->","yoast_head_json":{"title":"Gr\u00e5 huss\u00e4ng med skydd 80x160 till barnrummet","description":"Superfin och prisv\u00e4rd vit huss\u00e4ng till barnrummet. En idealisk koja f\u00f6r ditt barn - K\u00f6p den h\u00e4r - Fri frakt !","robots":{"index":"noindex","follow":"follow","max-snippet":"max-snippet:-1","max-image-preview":"max-image-preview:large","max-video-preview":"max-video-preview:-1"},"og_locale":"nb_NO","og_type":"article","og_title":"Gr\u00e5 huskeseng med beskyttelse til barnerommet","og_description":"Superfin och prisv\u00e4rd vit huss\u00e4ng till barnrummet. En idealisk koja f\u00f6r ditt barn - K\u00f6p den h\u00e4r - Fri frakt !","og_url":"https:\/\/babylove.se\/no\/produkt\/gra-barneseng-med-beskyttelse-80x160-til-barnerommet\/","og_site_name":"Babylove Norska","article_modified_time":"2026-04-08T07:42:46+00:00","og_image":[{"width":800,"height":800,"url":"https:\/\/babylove.se\/no\/wp-content\/uploads\/sites\/3\/2025\/07\/631093803cb41.jpeg","type":"image\/jpeg"}],"twitter_card":"summary_large_image","twitter_misc":{"Availability":"In stock"},"schema":{"@context":"https:\/\/schema.org","@graph":[{"@type":"WebPage","@id":"https:\/\/babylove.se\/no\/produkt\/gra-barneseng-med-beskyttelse-80x160-til-barnerommet\/","url":"https:\/\/babylove.se\/no\/produkt\/gra-barneseng-med-beskyttelse-80x160-til-barnerommet\/","name":"Gr\u00e5 huss\u00e4ng med skydd 80x160 till barnrummet","isPartOf":{"@id":"https:\/\/babylove.se\/no\/#website"},"primaryImageOfPage":{"@id":"https:\/\/babylove.se\/no\/produkt\/gra-barneseng-med-beskyttelse-80x160-til-barnerommet\/#primaryimage"},"image":{"@id":"https:\/\/babylove.se\/no\/produkt\/gra-barneseng-med-beskyttelse-80x160-til-barnerommet\/#primaryimage"},"thumbnailUrl":"https:\/\/babylove.se\/no\/wp-content\/uploads\/sites\/3\/2025\/07\/631093803cb41.jpeg","datePublished":"2025-07-18T19:48:13+00:00","dateModified":"2026-04-08T07:42:46+00:00","description":"Superfin och prisv\u00e4rd vit huss\u00e4ng till barnrummet. En idealisk koja f\u00f6r ditt barn - K\u00f6p den h\u00e4r - Fri frakt !","breadcrumb":{"@id":"https:\/\/babylove.se\/no\/produkt\/gra-barneseng-med-beskyttelse-80x160-til-barnerommet\/#breadcrumb"},"inLanguage":"nb-NO","potentialAction":[{"@type":"ReadAction","target":["https:\/\/babylove.se\/no\/produkt\/gra-barneseng-med-beskyttelse-80x160-til-barnerommet\/"]}]},{"@type":"ImageObject","inLanguage":"nb-NO","@id":"https:\/\/babylove.se\/no\/produkt\/gra-barneseng-med-beskyttelse-80x160-til-barnerommet\/#primaryimage","url":"https:\/\/babylove.se\/no\/wp-content\/uploads\/sites\/3\/2025\/07\/631093803cb41.jpeg","contentUrl":"https:\/\/babylove.se\/no\/wp-content\/uploads\/sites\/3\/2025\/07\/631093803cb41.jpeg","width":800,"height":800},{"@type":"BreadcrumbList","@id":"https:\/\/babylove.se\/no\/produkt\/gra-barneseng-med-beskyttelse-80x160-til-barnerommet\/#breadcrumb","itemListElement":[{"@type":"ListItem","position":1,"name":"Hem","item":"https:\/\/babylove.se\/no\/"},{"@type":"ListItem","position":2,"name":"Butik","item":"https:\/\/babylove.se\/no\/butik\/"},{"@type":"ListItem","position":3,"name":"Gr\u00e5 huskeseng med beskyttelse til barnerommet"}]},{"@type":"WebSite","@id":"https:\/\/babylove.se\/no\/#website","url":"https:\/\/babylove.se\/no\/","name":"Babylove Norska","description":"","potentialAction":[{"@type":"SearchAction","target":{"@type":"EntryPoint","urlTemplate":"https:\/\/babylove.se\/no\/?s={search_term_string}"},"query-input":{"@type":"PropertyValueSpecification","valueRequired":true,"valueName":"search_term_string"}}],"inLanguage":"nb-NO"}]},"product_brand":"Nino","og_availability":"instock","product_availability":"instock","product_retailer_item_id":"5904183481135","product_condition":"new"},"_links":{"self":[{"href":"https:\/\/babylove.se\/no\/wp-json\/wp\/v2\/product\/8092","targetHints":{"allow":["GET"]}}],"collection":[{"href":"https:\/\/babylove.se\/no\/wp-json\/wp\/v2\/product"}],"about":[{"href":"https:\/\/babylove.se\/no\/wp-json\/wp\/v2\/types\/product"}],"replies":[{"embeddable":true,"href":"https:\/\/babylove.se\/no\/wp-json\/wp\/v2\/comments?post=8092"}],"wp:featuredmedia":[{"embeddable":true,"href":"https:\/\/babylove.se\/no\/wp-json\/wp\/v2\/media\/8094"}],"wp:attachment":[{"href":"https:\/\/babylove.se\/no\/wp-json\/wp\/v2\/media?parent=8092"}],"wp:term":[{"taxonomy":"product_brand","embeddable":true,"href":"https:\/\/babylove.se\/no\/wp-json\/wp\/v2\/product_brand?post=8092"},{"taxonomy":"product_cat","embeddable":true,"href":"https:\/\/babylove.se\/no\/wp-json\/wp\/v2\/product_cat?post=8092"},{"taxonomy":"product_tag","embeddable":true,"href":"https:\/\/babylove.se\/no\/wp-json\/wp\/v2\/product_tag?post=8092"}],"curies":[{"name":"wp","href":"https:\/\/api.w.org\/{rel}","templated":true}]}}