{"id":8113,"date":"2025-07-18T20:48:13","date_gmt":"2025-07-18T19:48:13","guid":{"rendered":"https:\/\/babylove.se\/produkt\/stor-dockhus-handbyggt-i-tra\/"},"modified":"2026-04-08T08:42:52","modified_gmt":"2026-04-08T07:42:52","slug":"stort-dukkehus-handbygget-i-tre","status":"publish","type":"product","link":"https:\/\/babylove.se\/no\/produkt\/stort-dukkehus-handbygget-i-tre\/","title":{"rendered":"Stort dukkehus h\u00e5ndbygget i tre"},"content":{"rendered":"<p>Et stort og vakkert dukkehus med balkong og en vakker skorstein som skaper ekstra sjarm. <\/p>\n<p>Dukkehuset er bygget i skandinavisk stil og \u00e5nder enkelhet og minimalisme. <\/p>\n<p>Ditt barn vil f\u00e5 plass til massevis av lekene og favorittingene sine. Komplett gjerne med passende leker eller dyr fra Maileg eller Ikea. <\/p>\n<p>Dukkehuset for barnerom er bygget helt av 100 % furutre og alle fargene som er brukt har sikkerhetssertifikat. P\u00e5 et av produktbildene kan du se alle valgbare farger. <\/p>\n<p>M\u00e5l: <\/p>\n<ul>\n<li>H\u00f8yde: ca 100 cm<\/li>\n<li>Bredde: ca 50 cm (uten tak), ca 62-65 cm (med tak)<\/li>\n<li>Dybde: ca 20 cm<\/li>\n<li>Terrasse: ca 50 cm x 30 cm<\/li>\n<li>Rommets h\u00f8yde: 33,5 cm, 25 cm og 33,5 cm (+\/- 1 cm)<\/li>\n<\/ul>\n<p><strong>P\u00e5 grunn av ekstremt stor ettersp\u00f8rsel, kan vi ikke garantere levering f\u00f8r \u00e5rsskiftet p\u00e5 bestillinger gjort etter 1\/12. Ordrer lagt f\u00f8r denne datoen er garantert \u00e5 bli levert f\u00f8r jul.<\/strong><\/p>\n","protected":false},"excerpt":{"rendered":"<p>Et stort og vakkert dukkehus med balkong og en vakker skorstein som skaper ekstra sjarm. Dukkehuset er bygget i skandinavisk stil og \u00e5nder enkelhet og minimalisme. Ditt barn vil f\u00e5 plass til massevis av lekene og favorittingene sine. Komplett gjerne med passende leker eller dyr fra Maileg eller Ikea. Dukkehuset for barnerom er bygget helt [&hellip;]<\/p>\n","protected":false},"featured_media":8115,"comment_status":"closed","ping_status":"closed","template":"","meta":{"_acf_changed":false},"product_brand":[78],"product_cat":[81,69,89,25,68,48],"product_tag":[1689],"class_list":{"0":"post-8113","1":"product","2":"type-product","3":"status-publish","4":"has-post-thumbnail","6":"product_brand-bambooko","7":"product_cat-bambooko","8":"product_cat-dukker-tilbehoer","9":"product_cat-dukkehus","10":"product_cat-ikke-bare-jenter","11":"product_cat-leker","12":"product_cat-startside","13":"product_tag-bestillingsvaror","15":"first","16":"instock","17":"taxable","18":"shipping-taxable","19":"purchasable","20":"product-type-simple"},"acf":[],"yoast_head":"<!-- This site is optimized with the Yoast SEO Premium plugin v25.8 (Yoast SEO v27.2) - https:\/\/yoast.com\/product\/yoast-seo-premium-wordpress\/ -->\n<title>Stort dukkehus h\u00e5ndbygget i tre - Babylove Norska<\/title>\n<meta name=\"robots\" content=\"noindex, follow, max-snippet:-1, max-image-preview:large, max-video-preview:-1\" \/>\n<meta property=\"og:locale\" content=\"nb_NO\" \/>\n<meta property=\"og:type\" content=\"article\" \/>\n<meta property=\"og:title\" content=\"Stort dukkehus h\u00e5ndbygget i tre\" \/>\n<meta property=\"og:description\" content=\"Et stort og vakkert dukkehus med balkong og en vakker skorstein som skaper ekstra sjarm. Dukkehuset er bygget i skandinavisk stil og \u00e5nder enkelhet og minimalisme. Ditt barn vil f\u00e5 plass til massevis av lekene og favorittingene sine. Komplett gjerne med passende leker eller dyr fra Maileg eller Ikea. Dukkehuset for barnerom er bygget helt [&hellip;]\" \/>\n<meta property=\"og:url\" content=\"https:\/\/babylove.se\/no\/produkt\/stort-dukkehus-handbygget-i-tre\/\" \/>\n<meta property=\"og:site_name\" content=\"Babylove Norska\" \/>\n<meta property=\"article:modified_time\" content=\"2026-04-08T07:42:52+00:00\" \/>\n<meta property=\"og:image\" content=\"https:\/\/babylove.se\/no\/wp-content\/uploads\/sites\/3\/2025\/07\/5d70e813d850e.jpeg\" \/>\n\t<meta property=\"og:image:width\" content=\"750\" \/>\n\t<meta property=\"og:image:height\" content=\"750\" \/>\n\t<meta property=\"og:image:type\" content=\"image\/jpeg\" \/>\n<meta name=\"twitter:card\" content=\"summary_large_image\" \/>\n<meta name=\"twitter:label1\" content=\"Price\" \/>\n\t<meta name=\"twitter:data1\" content=\"4 599,00&nbsp;&#107;&#114;\" \/>\n\t<meta name=\"twitter:label2\" content=\"Availability\" \/>\n\t<meta name=\"twitter:data2\" content=\"In stock\" \/>\n<script type=\"application\/ld+json\" class=\"yoast-schema-graph\">{\"@context\":\"https:\/\/schema.org\",\"@graph\":[{\"@type\":\"WebPage\",\"@id\":\"https:\/\/babylove.se\/no\/produkt\/stort-dukkehus-handbygget-i-tre\/\",\"url\":\"https:\/\/babylove.se\/no\/produkt\/stort-dukkehus-handbygget-i-tre\/\",\"name\":\"Stort dukkehus h\u00e5ndbygget i tre - Babylove Norska\",\"isPartOf\":{\"@id\":\"https:\/\/babylove.se\/no\/#website\"},\"primaryImageOfPage\":{\"@id\":\"https:\/\/babylove.se\/no\/produkt\/stort-dukkehus-handbygget-i-tre\/#primaryimage\"},\"image\":{\"@id\":\"https:\/\/babylove.se\/no\/produkt\/stort-dukkehus-handbygget-i-tre\/#primaryimage\"},\"thumbnailUrl\":\"https:\/\/babylove.se\/no\/wp-content\/uploads\/sites\/3\/2025\/07\/5d70e813d850e.jpeg\",\"datePublished\":\"2025-07-18T19:48:13+00:00\",\"dateModified\":\"2026-04-08T07:42:52+00:00\",\"breadcrumb\":{\"@id\":\"https:\/\/babylove.se\/no\/produkt\/stort-dukkehus-handbygget-i-tre\/#breadcrumb\"},\"inLanguage\":\"nb-NO\",\"potentialAction\":[{\"@type\":\"ReadAction\",\"target\":[\"https:\/\/babylove.se\/no\/produkt\/stort-dukkehus-handbygget-i-tre\/\"]}]},{\"@type\":\"ImageObject\",\"inLanguage\":\"nb-NO\",\"@id\":\"https:\/\/babylove.se\/no\/produkt\/stort-dukkehus-handbygget-i-tre\/#primaryimage\",\"url\":\"https:\/\/babylove.se\/no\/wp-content\/uploads\/sites\/3\/2025\/07\/5d70e813d850e.jpeg\",\"contentUrl\":\"https:\/\/babylove.se\/no\/wp-content\/uploads\/sites\/3\/2025\/07\/5d70e813d850e.jpeg\",\"width\":750,\"height\":750},{\"@type\":\"BreadcrumbList\",\"@id\":\"https:\/\/babylove.se\/no\/produkt\/stort-dukkehus-handbygget-i-tre\/#breadcrumb\",\"itemListElement\":[{\"@type\":\"ListItem\",\"position\":1,\"name\":\"Hem\",\"item\":\"https:\/\/babylove.se\/no\/\"},{\"@type\":\"ListItem\",\"position\":2,\"name\":\"Butik\",\"item\":\"https:\/\/babylove.se\/no\/butik\/\"},{\"@type\":\"ListItem\",\"position\":3,\"name\":\"Stort dukkehus h\u00e5ndbygget i tre\"}]},{\"@type\":\"WebSite\",\"@id\":\"https:\/\/babylove.se\/no\/#website\",\"url\":\"https:\/\/babylove.se\/no\/\",\"name\":\"Babylove Norska\",\"description\":\"\",\"potentialAction\":[{\"@type\":\"SearchAction\",\"target\":{\"@type\":\"EntryPoint\",\"urlTemplate\":\"https:\/\/babylove.se\/no\/?s={search_term_string}\"},\"query-input\":{\"@type\":\"PropertyValueSpecification\",\"valueRequired\":true,\"valueName\":\"search_term_string\"}}],\"inLanguage\":\"nb-NO\"}]}<\/script>\n<meta property=\"product:brand\" content=\"Bambooko\" \/>\n<meta property=\"product:price:amount\" content=\"4599.00\" \/>\n<meta property=\"product:price:currency\" content=\"SEK\" \/>\n<meta property=\"og:availability\" content=\"instock\" \/>\n<meta property=\"product:availability\" content=\"instock\" \/>\n<meta property=\"product:retailer_item_id\" content=\"2277\" \/>\n<meta property=\"product:condition\" content=\"new\" \/>\n<!-- \/ Yoast SEO Premium plugin. -->","yoast_head_json":{"title":"Stort dukkehus h\u00e5ndbygget i tre - Babylove Norska","robots":{"index":"noindex","follow":"follow","max-snippet":"max-snippet:-1","max-image-preview":"max-image-preview:large","max-video-preview":"max-video-preview:-1"},"og_locale":"nb_NO","og_type":"article","og_title":"Stort dukkehus h\u00e5ndbygget i tre","og_description":"Et stort og vakkert dukkehus med balkong og en vakker skorstein som skaper ekstra sjarm. Dukkehuset er bygget i skandinavisk stil og \u00e5nder enkelhet og minimalisme. Ditt barn vil f\u00e5 plass til massevis av lekene og favorittingene sine. Komplett gjerne med passende leker eller dyr fra Maileg eller Ikea. Dukkehuset for barnerom er bygget helt [&hellip;]","og_url":"https:\/\/babylove.se\/no\/produkt\/stort-dukkehus-handbygget-i-tre\/","og_site_name":"Babylove Norska","article_modified_time":"2026-04-08T07:42:52+00:00","og_image":[{"width":750,"height":750,"url":"https:\/\/babylove.se\/no\/wp-content\/uploads\/sites\/3\/2025\/07\/5d70e813d850e.jpeg","type":"image\/jpeg"}],"twitter_card":"summary_large_image","twitter_misc":{"Price":"4 599,00&nbsp;&#107;&#114;","Availability":"In stock"},"schema":{"@context":"https:\/\/schema.org","@graph":[{"@type":"WebPage","@id":"https:\/\/babylove.se\/no\/produkt\/stort-dukkehus-handbygget-i-tre\/","url":"https:\/\/babylove.se\/no\/produkt\/stort-dukkehus-handbygget-i-tre\/","name":"Stort dukkehus h\u00e5ndbygget i tre - Babylove Norska","isPartOf":{"@id":"https:\/\/babylove.se\/no\/#website"},"primaryImageOfPage":{"@id":"https:\/\/babylove.se\/no\/produkt\/stort-dukkehus-handbygget-i-tre\/#primaryimage"},"image":{"@id":"https:\/\/babylove.se\/no\/produkt\/stort-dukkehus-handbygget-i-tre\/#primaryimage"},"thumbnailUrl":"https:\/\/babylove.se\/no\/wp-content\/uploads\/sites\/3\/2025\/07\/5d70e813d850e.jpeg","datePublished":"2025-07-18T19:48:13+00:00","dateModified":"2026-04-08T07:42:52+00:00","breadcrumb":{"@id":"https:\/\/babylove.se\/no\/produkt\/stort-dukkehus-handbygget-i-tre\/#breadcrumb"},"inLanguage":"nb-NO","potentialAction":[{"@type":"ReadAction","target":["https:\/\/babylove.se\/no\/produkt\/stort-dukkehus-handbygget-i-tre\/"]}]},{"@type":"ImageObject","inLanguage":"nb-NO","@id":"https:\/\/babylove.se\/no\/produkt\/stort-dukkehus-handbygget-i-tre\/#primaryimage","url":"https:\/\/babylove.se\/no\/wp-content\/uploads\/sites\/3\/2025\/07\/5d70e813d850e.jpeg","contentUrl":"https:\/\/babylove.se\/no\/wp-content\/uploads\/sites\/3\/2025\/07\/5d70e813d850e.jpeg","width":750,"height":750},{"@type":"BreadcrumbList","@id":"https:\/\/babylove.se\/no\/produkt\/stort-dukkehus-handbygget-i-tre\/#breadcrumb","itemListElement":[{"@type":"ListItem","position":1,"name":"Hem","item":"https:\/\/babylove.se\/no\/"},{"@type":"ListItem","position":2,"name":"Butik","item":"https:\/\/babylove.se\/no\/butik\/"},{"@type":"ListItem","position":3,"name":"Stort dukkehus h\u00e5ndbygget i tre"}]},{"@type":"WebSite","@id":"https:\/\/babylove.se\/no\/#website","url":"https:\/\/babylove.se\/no\/","name":"Babylove Norska","description":"","potentialAction":[{"@type":"SearchAction","target":{"@type":"EntryPoint","urlTemplate":"https:\/\/babylove.se\/no\/?s={search_term_string}"},"query-input":{"@type":"PropertyValueSpecification","valueRequired":true,"valueName":"search_term_string"}}],"inLanguage":"nb-NO"}]},"product_brand":"Bambooko","product_price_amount":"4599.00","product_price_currency":"SEK","og_availability":"instock","product_availability":"instock","product_retailer_item_id":"2277","product_condition":"new"},"_links":{"self":[{"href":"https:\/\/babylove.se\/no\/wp-json\/wp\/v2\/product\/8113","targetHints":{"allow":["GET"]}}],"collection":[{"href":"https:\/\/babylove.se\/no\/wp-json\/wp\/v2\/product"}],"about":[{"href":"https:\/\/babylove.se\/no\/wp-json\/wp\/v2\/types\/product"}],"replies":[{"embeddable":true,"href":"https:\/\/babylove.se\/no\/wp-json\/wp\/v2\/comments?post=8113"}],"wp:featuredmedia":[{"embeddable":true,"href":"https:\/\/babylove.se\/no\/wp-json\/wp\/v2\/media\/8115"}],"wp:attachment":[{"href":"https:\/\/babylove.se\/no\/wp-json\/wp\/v2\/media?parent=8113"}],"wp:term":[{"taxonomy":"product_brand","embeddable":true,"href":"https:\/\/babylove.se\/no\/wp-json\/wp\/v2\/product_brand?post=8113"},{"taxonomy":"product_cat","embeddable":true,"href":"https:\/\/babylove.se\/no\/wp-json\/wp\/v2\/product_cat?post=8113"},{"taxonomy":"product_tag","embeddable":true,"href":"https:\/\/babylove.se\/no\/wp-json\/wp\/v2\/product_tag?post=8113"}],"curies":[{"name":"wp","href":"https:\/\/api.w.org\/{rel}","templated":true}]}}