{"id":8126,"date":"2025-07-18T20:48:42","date_gmt":"2025-07-18T19:48:42","guid":{"rendered":"https:\/\/babylove.se\/produkt\/kaninstol-stol-till-barnrummet\/"},"modified":"2026-04-08T08:42:55","modified_gmt":"2026-04-08T07:42:55","slug":"kaninstol-stol-til-barnerommet","status":"publish","type":"product","link":"https:\/\/babylove.se\/no\/produkt\/kaninstol-stol-til-barnerommet\/","title":{"rendered":"Kaninstol, stol til barnerommet"},"content":{"rendered":"<p>En eksepsjonell stol til barnerommet med formen av en kanin som gir en fantastisk sjarm til barnerommet. <\/p>\n<p>Stolen kan selvsagt ogs\u00e5 brukes til barnebordet, men er samtidig en fin interi\u00f8rdetalj. En stabil og sterk konstruksjon som samtidig er behagelig for barnet. <\/p>\n<p>Stolen finnes i forskjellige farger. Alle tilgjengelige farger finnes p\u00e5 det andre bildet. Man velger selv om man vil ha naturfargede ben eller ikke. Du velger selv din favorittkombinasjon av farger p\u00e5 stolen og bena. <\/p>\n<p><strong>M\u00e5l<\/strong>: <\/p>\n<ul>\n<li><u>Alder 1-4<\/u> : H\u00f8yde 55 cm (Inkludert \u00f8rene) , setets bredde 30 cm og h\u00f8yde 25 cm.<\/li>\n<li><u>Alder 3-6<\/u>: H\u00f8yde 60 cm (Inkludert \u00f8rene) , setets bredde 30 cm og h\u00f8yde 30 cm.<\/li>\n<\/ul>\n<p>Stolen er tilpasset de litt st\u00f8rre barna, mellom 3 -6 \u00e5rs alder samt de noe mindre barna, fra 1 &#8211; 4 \u00e5rs alder. Forskjellen er lengden p\u00e5 bena. <\/p>\n<p><strong>Materiale<\/strong>: Stolen er helt laget av furutre og oppfyller alle krav til gode barnem\u00f8bler i ekte tre. <\/p>\n<p>Stolen er helt laget for h\u00e5nd og vi vil derfor understreke at utseendet p\u00e5 stolen er mer robust enn fabrikkproduserte. Kvister og struktur kan synes gjennom fargen. Dette gir stolen en unik karakter. Bena er limt og ikke skrudd. <\/p>\n<p>M\u00f8blene kommer fra v\u00e5r fabrikk i Europa som har h\u00f8ye kvalitetskrav og kontrollerer hvert skritt fra t\u00f8mmeret kommer inn i fabrikken til et ferdig produkt forlater den. Farge, lakk og lim er vannbasert, milj\u00f8vennlig og produsert innenfor Europa. <\/p>\n<p>Obs! Angrerett gjelder ikke.<\/p>\n","protected":false},"excerpt":{"rendered":"<p>En eksepsjonell stol til barnerommet med formen av en kanin som gir en fantastisk sjarm til barnerommet. Stolen kan selvsagt ogs\u00e5 brukes til barnebordet, men er samtidig en fin interi\u00f8rdetalj. En stabil og sterk konstruksjon som samtidig er behagelig for barnet. Stolen finnes i forskjellige farger. Alle tilgjengelige farger finnes p\u00e5 det andre bildet. Man [&hellip;]<\/p>\n","protected":false},"featured_media":8128,"comment_status":"closed","ping_status":"closed","template":"","meta":{"_acf_changed":false},"product_brand":[78],"product_cat":[81,25,86,48,80],"product_tag":[1689],"class_list":{"0":"post-8126","1":"product","2":"type-product","3":"status-publish","4":"has-post-thumbnail","6":"product_brand-bambooko","7":"product_cat-bambooko","8":"product_cat-ikke-bare-jenter","9":"product_cat-produktliste","10":"product_cat-startside","11":"product_cat-stoler","12":"product_tag-bestillingsvaror","13":"pa_storlek-1-4-ar-25-cm-sitthojd","14":"pa_storlek-3-6-ar-30-cm-sitthojd","16":"first","17":"instock","18":"taxable","19":"shipping-taxable","20":"purchasable","21":"product-type-variable"},"acf":[],"yoast_head":"<!-- This site is optimized with the Yoast SEO Premium plugin v25.8 (Yoast SEO v27.2) - https:\/\/yoast.com\/product\/yoast-seo-premium-wordpress\/ -->\n<title>Kaninstol - barnstol f\u00f6r st\u00f6rre barn<\/title>\n<meta name=\"robots\" content=\"noindex, follow, max-snippet:-1, max-image-preview:large, max-video-preview:-1\" \/>\n<meta property=\"og:locale\" content=\"nb_NO\" \/>\n<meta property=\"og:type\" content=\"article\" \/>\n<meta property=\"og:title\" content=\"Kaninstol, stol til barnerommet\" \/>\n<meta property=\"og:description\" content=\"En eksepsjonell stol til barnerommet med formen av en kanin som gir en fantastisk sjarm til barnerommet. Stolen kan selvsagt ogs\u00e5 brukes til barnebordet, men er samtidig en fin interi\u00f8rdetalj. En stabil og sterk konstruksjon som samtidig er behagelig for barnet. Stolen finnes i forskjellige farger. Alle tilgjengelige farger finnes p\u00e5 det andre bildet. Man [&hellip;]\" \/>\n<meta property=\"og:url\" content=\"https:\/\/babylove.se\/no\/produkt\/kaninstol-stol-til-barnerommet\/\" \/>\n<meta property=\"og:site_name\" content=\"Babylove Norska\" \/>\n<meta property=\"article:modified_time\" content=\"2026-04-08T07:42:55+00:00\" \/>\n<meta property=\"og:image\" content=\"https:\/\/babylove.se\/no\/wp-content\/uploads\/sites\/3\/2025\/07\/5d5aebb22019a.jpeg\" \/>\n\t<meta property=\"og:image:width\" content=\"750\" \/>\n\t<meta property=\"og:image:height\" content=\"750\" \/>\n\t<meta property=\"og:image:type\" content=\"image\/jpeg\" \/>\n<meta name=\"twitter:card\" content=\"summary_large_image\" \/>\n<meta name=\"twitter:label1\" content=\"Availability\" \/>\n\t<meta name=\"twitter:data1\" content=\"In stock\" \/>\n<script type=\"application\/ld+json\" class=\"yoast-schema-graph\">{\"@context\":\"https:\/\/schema.org\",\"@graph\":[{\"@type\":\"WebPage\",\"@id\":\"https:\/\/babylove.se\/no\/produkt\/kaninstol-stol-til-barnerommet\/\",\"url\":\"https:\/\/babylove.se\/no\/produkt\/kaninstol-stol-til-barnerommet\/\",\"name\":\"Kaninstol - barnstol f\u00f6r st\u00f6rre barn\",\"isPartOf\":{\"@id\":\"https:\/\/babylove.se\/no\/#website\"},\"primaryImageOfPage\":{\"@id\":\"https:\/\/babylove.se\/no\/produkt\/kaninstol-stol-til-barnerommet\/#primaryimage\"},\"image\":{\"@id\":\"https:\/\/babylove.se\/no\/produkt\/kaninstol-stol-til-barnerommet\/#primaryimage\"},\"thumbnailUrl\":\"https:\/\/babylove.se\/no\/wp-content\/uploads\/sites\/3\/2025\/07\/5d5aebb22019a.jpeg\",\"datePublished\":\"2025-07-18T19:48:42+00:00\",\"dateModified\":\"2026-04-08T07:42:55+00:00\",\"breadcrumb\":{\"@id\":\"https:\/\/babylove.se\/no\/produkt\/kaninstol-stol-til-barnerommet\/#breadcrumb\"},\"inLanguage\":\"nb-NO\",\"potentialAction\":[{\"@type\":\"ReadAction\",\"target\":[\"https:\/\/babylove.se\/no\/produkt\/kaninstol-stol-til-barnerommet\/\"]}]},{\"@type\":\"ImageObject\",\"inLanguage\":\"nb-NO\",\"@id\":\"https:\/\/babylove.se\/no\/produkt\/kaninstol-stol-til-barnerommet\/#primaryimage\",\"url\":\"https:\/\/babylove.se\/no\/wp-content\/uploads\/sites\/3\/2025\/07\/5d5aebb22019a.jpeg\",\"contentUrl\":\"https:\/\/babylove.se\/no\/wp-content\/uploads\/sites\/3\/2025\/07\/5d5aebb22019a.jpeg\",\"width\":750,\"height\":750},{\"@type\":\"BreadcrumbList\",\"@id\":\"https:\/\/babylove.se\/no\/produkt\/kaninstol-stol-til-barnerommet\/#breadcrumb\",\"itemListElement\":[{\"@type\":\"ListItem\",\"position\":1,\"name\":\"Hem\",\"item\":\"https:\/\/babylove.se\/no\/\"},{\"@type\":\"ListItem\",\"position\":2,\"name\":\"Butik\",\"item\":\"https:\/\/babylove.se\/no\/butik\/\"},{\"@type\":\"ListItem\",\"position\":3,\"name\":\"Kaninstol, stol til barnerommet\"}]},{\"@type\":\"WebSite\",\"@id\":\"https:\/\/babylove.se\/no\/#website\",\"url\":\"https:\/\/babylove.se\/no\/\",\"name\":\"Babylove Norska\",\"description\":\"\",\"potentialAction\":[{\"@type\":\"SearchAction\",\"target\":{\"@type\":\"EntryPoint\",\"urlTemplate\":\"https:\/\/babylove.se\/no\/?s={search_term_string}\"},\"query-input\":{\"@type\":\"PropertyValueSpecification\",\"valueRequired\":true,\"valueName\":\"search_term_string\"}}],\"inLanguage\":\"nb-NO\"}]}<\/script>\n<meta property=\"product:brand\" content=\"Bambooko\" \/>\n<meta property=\"og:availability\" content=\"instock\" \/>\n<meta property=\"product:availability\" content=\"instock\" \/>\n<meta property=\"product:retailer_item_id\" content=\"Kaninstol1-4\u00e5r\" \/>\n<meta property=\"product:condition\" content=\"new\" \/>\n<!-- \/ Yoast SEO Premium plugin. -->","yoast_head_json":{"title":"Kaninstol - barnstol f\u00f6r st\u00f6rre barn","robots":{"index":"noindex","follow":"follow","max-snippet":"max-snippet:-1","max-image-preview":"max-image-preview:large","max-video-preview":"max-video-preview:-1"},"og_locale":"nb_NO","og_type":"article","og_title":"Kaninstol, stol til barnerommet","og_description":"En eksepsjonell stol til barnerommet med formen av en kanin som gir en fantastisk sjarm til barnerommet. Stolen kan selvsagt ogs\u00e5 brukes til barnebordet, men er samtidig en fin interi\u00f8rdetalj. En stabil og sterk konstruksjon som samtidig er behagelig for barnet. Stolen finnes i forskjellige farger. Alle tilgjengelige farger finnes p\u00e5 det andre bildet. Man [&hellip;]","og_url":"https:\/\/babylove.se\/no\/produkt\/kaninstol-stol-til-barnerommet\/","og_site_name":"Babylove Norska","article_modified_time":"2026-04-08T07:42:55+00:00","og_image":[{"width":750,"height":750,"url":"https:\/\/babylove.se\/no\/wp-content\/uploads\/sites\/3\/2025\/07\/5d5aebb22019a.jpeg","type":"image\/jpeg"}],"twitter_card":"summary_large_image","twitter_misc":{"Availability":"In stock"},"schema":{"@context":"https:\/\/schema.org","@graph":[{"@type":"WebPage","@id":"https:\/\/babylove.se\/no\/produkt\/kaninstol-stol-til-barnerommet\/","url":"https:\/\/babylove.se\/no\/produkt\/kaninstol-stol-til-barnerommet\/","name":"Kaninstol - barnstol f\u00f6r st\u00f6rre barn","isPartOf":{"@id":"https:\/\/babylove.se\/no\/#website"},"primaryImageOfPage":{"@id":"https:\/\/babylove.se\/no\/produkt\/kaninstol-stol-til-barnerommet\/#primaryimage"},"image":{"@id":"https:\/\/babylove.se\/no\/produkt\/kaninstol-stol-til-barnerommet\/#primaryimage"},"thumbnailUrl":"https:\/\/babylove.se\/no\/wp-content\/uploads\/sites\/3\/2025\/07\/5d5aebb22019a.jpeg","datePublished":"2025-07-18T19:48:42+00:00","dateModified":"2026-04-08T07:42:55+00:00","breadcrumb":{"@id":"https:\/\/babylove.se\/no\/produkt\/kaninstol-stol-til-barnerommet\/#breadcrumb"},"inLanguage":"nb-NO","potentialAction":[{"@type":"ReadAction","target":["https:\/\/babylove.se\/no\/produkt\/kaninstol-stol-til-barnerommet\/"]}]},{"@type":"ImageObject","inLanguage":"nb-NO","@id":"https:\/\/babylove.se\/no\/produkt\/kaninstol-stol-til-barnerommet\/#primaryimage","url":"https:\/\/babylove.se\/no\/wp-content\/uploads\/sites\/3\/2025\/07\/5d5aebb22019a.jpeg","contentUrl":"https:\/\/babylove.se\/no\/wp-content\/uploads\/sites\/3\/2025\/07\/5d5aebb22019a.jpeg","width":750,"height":750},{"@type":"BreadcrumbList","@id":"https:\/\/babylove.se\/no\/produkt\/kaninstol-stol-til-barnerommet\/#breadcrumb","itemListElement":[{"@type":"ListItem","position":1,"name":"Hem","item":"https:\/\/babylove.se\/no\/"},{"@type":"ListItem","position":2,"name":"Butik","item":"https:\/\/babylove.se\/no\/butik\/"},{"@type":"ListItem","position":3,"name":"Kaninstol, stol til barnerommet"}]},{"@type":"WebSite","@id":"https:\/\/babylove.se\/no\/#website","url":"https:\/\/babylove.se\/no\/","name":"Babylove Norska","description":"","potentialAction":[{"@type":"SearchAction","target":{"@type":"EntryPoint","urlTemplate":"https:\/\/babylove.se\/no\/?s={search_term_string}"},"query-input":{"@type":"PropertyValueSpecification","valueRequired":true,"valueName":"search_term_string"}}],"inLanguage":"nb-NO"}]},"product_brand":"Bambooko","og_availability":"instock","product_availability":"instock","product_retailer_item_id":"Kaninstol1-4\u00e5r","product_condition":"new"},"_links":{"self":[{"href":"https:\/\/babylove.se\/no\/wp-json\/wp\/v2\/product\/8126","targetHints":{"allow":["GET"]}}],"collection":[{"href":"https:\/\/babylove.se\/no\/wp-json\/wp\/v2\/product"}],"about":[{"href":"https:\/\/babylove.se\/no\/wp-json\/wp\/v2\/types\/product"}],"replies":[{"embeddable":true,"href":"https:\/\/babylove.se\/no\/wp-json\/wp\/v2\/comments?post=8126"}],"wp:featuredmedia":[{"embeddable":true,"href":"https:\/\/babylove.se\/no\/wp-json\/wp\/v2\/media\/8128"}],"wp:attachment":[{"href":"https:\/\/babylove.se\/no\/wp-json\/wp\/v2\/media?parent=8126"}],"wp:term":[{"taxonomy":"product_brand","embeddable":true,"href":"https:\/\/babylove.se\/no\/wp-json\/wp\/v2\/product_brand?post=8126"},{"taxonomy":"product_cat","embeddable":true,"href":"https:\/\/babylove.se\/no\/wp-json\/wp\/v2\/product_cat?post=8126"},{"taxonomy":"product_tag","embeddable":true,"href":"https:\/\/babylove.se\/no\/wp-json\/wp\/v2\/product_tag?post=8126"}],"curies":[{"name":"wp","href":"https:\/\/api.w.org\/{rel}","templated":true}]}}