{"id":81291,"date":"2025-11-18T09:22:30","date_gmt":"2025-11-18T08:22:30","guid":{"rendered":"https:\/\/babylove.se\/?post_type=product&#038;p=81291"},"modified":"2026-04-08T14:37:47","modified_gmt":"2026-04-08T13:37:47","slug":"kids-concept-dukkehus-aiden","status":"publish","type":"product","link":"https:\/\/babylove.se\/no\/produkt\/kids-concept-dukkehus-aiden\/","title":{"rendered":"Kid`s Concept, dukkehus Aiden"},"content":{"rendered":"<p data-start=\"81\" data-end=\"348\">Velkommen hjem til en familie som elsker innredning! Dette dukkehuset i tre etasjer viser frem harmoniske stiler, farger og m\u00f8bler som er samlet p\u00e5 reiser verden over. P\u00e5 taket sitter solpaneler, og \u00f8verst oppe finnes et lekerom med en hengek\u00f8ye \u2013 perfekt for avslapning.<\/p>\n<p data-start=\"350\" data-end=\"726\">Hagen er plantet med tr\u00e6r og blomster som lokker bier og skaper et rolig milj\u00f8. Huset har tre etasjer, en inngangsd\u00f8r, store vinduer og et \u00e5pningsbart tak som gj\u00f8r det enkelt \u00e5 komme til n\u00e5r man leker. P\u00e5 baksiden finnes trykt &#8220;tapet&#8221; og dekorative detaljer, men panelet kan snus til hvite vegger om man vil dekorere selv. Balkongen prydes av en liten potteplante.<\/p>\n<p data-start=\"728\" data-end=\"1021\">Dukkehuset leveres fullt m\u00f8blert med sofa, sofabord, spisebord, to spisestoler, kj\u00f8kkenenhet, dobbeltseng, barneseng, hengek\u00f8ye og tre sm\u00e5 stoler som ogs\u00e5 kan fungere som sidebord. Det er designet i skala 1:12 \u2013 en standardst\u00f8rrelse som gj\u00f8r det enkelt \u00e5 komplettere med andre m\u00f8bler og tilbeh\u00f8r.<\/p>\n<p data-start=\"728\" data-end=\"1021\"><span class=\"measurement-tab__list-item-name\">Produktm\u00e5l cm (LxBxH): <\/span><span class=\"measurement-tab__list-item-value\">46 x 26 x 61<\/span><\/p>\n<p data-start=\"728\" data-end=\"1021\"><span class=\"measurement-tab__list-item-name\">\u00d8vrige m\u00e5l: <\/span><span class=\"measurement-tab__list-item-value\">Dukkehus: 45x26x61 cm. Kj\u00f8kken: 13&#215;5,5&#215;6,5 cm. Stol: 6x6x8 cm<\/span><\/p>\n<p data-start=\"1023\" data-end=\"1067\" data-is-last-node=\"\" data-is-only-node=\"\"><strong data-start=\"1023\" data-end=\"1067\" data-is-last-node=\"\">ADVARSEL! Ikke egnet for barn under 3 \u00e5r.<\/strong><\/p>\n<p>Designer: <a href=\"https:\/\/babylove.se\/varumarken\/kids-concept\">Kid&#8217;s Concept <\/a><\/p>\n","protected":false},"excerpt":{"rendered":"<p>Velkommen hjem til en familie som elsker innredning! Dette dukkehuset i tre etasjer viser frem harmoniske stiler, farger og m\u00f8bler som er samlet p\u00e5 reiser verden over. P\u00e5 taket sitter solpaneler, og \u00f8verst oppe finnes et lekerom med en hengek\u00f8ye \u2013 perfekt for avslapning. Hagen er plantet med tr\u00e6r og blomster som lokker bier og [&hellip;]<\/p>\n","protected":false},"featured_media":81292,"comment_status":"closed","ping_status":"closed","template":"","meta":{"_acf_changed":false},"product_brand":[320],"product_cat":[89,182,72,321,25,68,922,112,88],"product_tag":[],"class_list":{"0":"post-81291","1":"product","2":"type-product","3":"status-publish","4":"has-post-thumbnail","6":"product_brand-kids-concept","7":"product_cat-dukkehus","8":"product_cat-dockhusmobler","9":"product_cat-julegaver","10":"product_cat-kids-concept","11":"product_cat-ikke-bare-jenter","12":"product_cat-leker","13":"product_cat-nyheter","14":"product_cat-treleker","15":"product_cat-veggmylle-barnerom","17":"first","18":"instock","19":"taxable","20":"shipping-taxable","21":"purchasable","22":"product-type-simple"},"acf":[],"yoast_head":"<!-- This site is optimized with the Yoast SEO Premium plugin v25.8 (Yoast SEO v27.2) - https:\/\/yoast.com\/product\/yoast-seo-premium-wordpress\/ -->\n<title>Kid`s Concept, dukkehus Aiden - Babylove Norska<\/title>\n<meta name=\"robots\" content=\"noindex, follow, max-snippet:-1, max-image-preview:large, max-video-preview:-1\" \/>\n<meta property=\"og:locale\" content=\"nb_NO\" \/>\n<meta property=\"og:type\" content=\"article\" \/>\n<meta property=\"og:title\" content=\"Kid`s Concept, dukkehus Aiden\" \/>\n<meta property=\"og:description\" content=\"Velkommen hjem til en familie som elsker innredning! Dette dukkehuset i tre etasjer viser frem harmoniske stiler, farger og m\u00f8bler som er samlet p\u00e5 reiser verden over. P\u00e5 taket sitter solpaneler, og \u00f8verst oppe finnes et lekerom med en hengek\u00f8ye \u2013 perfekt for avslapning. Hagen er plantet med tr\u00e6r og blomster som lokker bier og [&hellip;]\" \/>\n<meta property=\"og:url\" content=\"https:\/\/babylove.se\/no\/produkt\/kids-concept-dukkehus-aiden\/\" \/>\n<meta property=\"og:site_name\" content=\"Babylove Norska\" \/>\n<meta property=\"article:modified_time\" content=\"2026-04-08T13:37:47+00:00\" \/>\n<meta property=\"og:image\" content=\"https:\/\/babylove.se\/no\/wp-content\/uploads\/sites\/3\/2025\/11\/327.png\" \/>\n\t<meta property=\"og:image:width\" content=\"800\" \/>\n\t<meta property=\"og:image:height\" content=\"800\" \/>\n\t<meta property=\"og:image:type\" content=\"image\/png\" \/>\n<meta name=\"twitter:card\" content=\"summary_large_image\" \/>\n<meta name=\"twitter:label1\" content=\"Price\" \/>\n\t<meta name=\"twitter:data1\" content=\"1 999,00&nbsp;&#107;&#114;\" \/>\n\t<meta name=\"twitter:label2\" content=\"Availability\" \/>\n\t<meta name=\"twitter:data2\" content=\"In stock\" \/>\n<script type=\"application\/ld+json\" class=\"yoast-schema-graph\">{\"@context\":\"https:\/\/schema.org\",\"@graph\":[{\"@type\":\"WebPage\",\"@id\":\"https:\/\/babylove.se\/no\/produkt\/kids-concept-dukkehus-aiden\/\",\"url\":\"https:\/\/babylove.se\/no\/produkt\/kids-concept-dukkehus-aiden\/\",\"name\":\"Kid`s Concept, dukkehus Aiden - Babylove Norska\",\"isPartOf\":{\"@id\":\"https:\/\/babylove.se\/no\/#website\"},\"primaryImageOfPage\":{\"@id\":\"https:\/\/babylove.se\/no\/produkt\/kids-concept-dukkehus-aiden\/#primaryimage\"},\"image\":{\"@id\":\"https:\/\/babylove.se\/no\/produkt\/kids-concept-dukkehus-aiden\/#primaryimage\"},\"thumbnailUrl\":\"https:\/\/babylove.se\/no\/wp-content\/uploads\/sites\/3\/2025\/11\/327.png\",\"datePublished\":\"2025-11-18T08:22:30+00:00\",\"dateModified\":\"2026-04-08T13:37:47+00:00\",\"breadcrumb\":{\"@id\":\"https:\/\/babylove.se\/no\/produkt\/kids-concept-dukkehus-aiden\/#breadcrumb\"},\"inLanguage\":\"nb-NO\",\"potentialAction\":[{\"@type\":\"ReadAction\",\"target\":[\"https:\/\/babylove.se\/no\/produkt\/kids-concept-dukkehus-aiden\/\"]}]},{\"@type\":\"ImageObject\",\"inLanguage\":\"nb-NO\",\"@id\":\"https:\/\/babylove.se\/no\/produkt\/kids-concept-dukkehus-aiden\/#primaryimage\",\"url\":\"https:\/\/babylove.se\/no\/wp-content\/uploads\/sites\/3\/2025\/11\/327.png\",\"contentUrl\":\"https:\/\/babylove.se\/no\/wp-content\/uploads\/sites\/3\/2025\/11\/327.png\",\"width\":800,\"height\":800},{\"@type\":\"BreadcrumbList\",\"@id\":\"https:\/\/babylove.se\/no\/produkt\/kids-concept-dukkehus-aiden\/#breadcrumb\",\"itemListElement\":[{\"@type\":\"ListItem\",\"position\":1,\"name\":\"Hem\",\"item\":\"https:\/\/babylove.se\/no\/\"},{\"@type\":\"ListItem\",\"position\":2,\"name\":\"Butik\",\"item\":\"https:\/\/babylove.se\/no\/butik\/\"},{\"@type\":\"ListItem\",\"position\":3,\"name\":\"Kid`s Concept, dukkehus Aiden\"}]},{\"@type\":\"WebSite\",\"@id\":\"https:\/\/babylove.se\/no\/#website\",\"url\":\"https:\/\/babylove.se\/no\/\",\"name\":\"Babylove Norska\",\"description\":\"\",\"potentialAction\":[{\"@type\":\"SearchAction\",\"target\":{\"@type\":\"EntryPoint\",\"urlTemplate\":\"https:\/\/babylove.se\/no\/?s={search_term_string}\"},\"query-input\":{\"@type\":\"PropertyValueSpecification\",\"valueRequired\":true,\"valueName\":\"search_term_string\"}}],\"inLanguage\":\"nb-NO\"}]}<\/script>\n<meta property=\"product:brand\" content=\"Kids Concept\" \/>\n<meta property=\"product:price:amount\" content=\"1999.00\" \/>\n<meta property=\"product:price:currency\" content=\"SEK\" \/>\n<meta property=\"og:availability\" content=\"instock\" \/>\n<meta property=\"product:availability\" content=\"instock\" \/>\n<meta property=\"product:retailer_item_id\" content=\"1000999\" \/>\n<meta property=\"product:condition\" content=\"new\" \/>\n<!-- \/ Yoast SEO Premium plugin. -->","yoast_head_json":{"title":"Kid`s Concept, dukkehus Aiden - Babylove Norska","robots":{"index":"noindex","follow":"follow","max-snippet":"max-snippet:-1","max-image-preview":"max-image-preview:large","max-video-preview":"max-video-preview:-1"},"og_locale":"nb_NO","og_type":"article","og_title":"Kid`s Concept, dukkehus Aiden","og_description":"Velkommen hjem til en familie som elsker innredning! Dette dukkehuset i tre etasjer viser frem harmoniske stiler, farger og m\u00f8bler som er samlet p\u00e5 reiser verden over. P\u00e5 taket sitter solpaneler, og \u00f8verst oppe finnes et lekerom med en hengek\u00f8ye \u2013 perfekt for avslapning. Hagen er plantet med tr\u00e6r og blomster som lokker bier og [&hellip;]","og_url":"https:\/\/babylove.se\/no\/produkt\/kids-concept-dukkehus-aiden\/","og_site_name":"Babylove Norska","article_modified_time":"2026-04-08T13:37:47+00:00","og_image":[{"width":800,"height":800,"url":"https:\/\/babylove.se\/no\/wp-content\/uploads\/sites\/3\/2025\/11\/327.png","type":"image\/png"}],"twitter_card":"summary_large_image","twitter_misc":{"Price":"1 999,00&nbsp;&#107;&#114;","Availability":"In stock"},"schema":{"@context":"https:\/\/schema.org","@graph":[{"@type":"WebPage","@id":"https:\/\/babylove.se\/no\/produkt\/kids-concept-dukkehus-aiden\/","url":"https:\/\/babylove.se\/no\/produkt\/kids-concept-dukkehus-aiden\/","name":"Kid`s Concept, dukkehus Aiden - Babylove Norska","isPartOf":{"@id":"https:\/\/babylove.se\/no\/#website"},"primaryImageOfPage":{"@id":"https:\/\/babylove.se\/no\/produkt\/kids-concept-dukkehus-aiden\/#primaryimage"},"image":{"@id":"https:\/\/babylove.se\/no\/produkt\/kids-concept-dukkehus-aiden\/#primaryimage"},"thumbnailUrl":"https:\/\/babylove.se\/no\/wp-content\/uploads\/sites\/3\/2025\/11\/327.png","datePublished":"2025-11-18T08:22:30+00:00","dateModified":"2026-04-08T13:37:47+00:00","breadcrumb":{"@id":"https:\/\/babylove.se\/no\/produkt\/kids-concept-dukkehus-aiden\/#breadcrumb"},"inLanguage":"nb-NO","potentialAction":[{"@type":"ReadAction","target":["https:\/\/babylove.se\/no\/produkt\/kids-concept-dukkehus-aiden\/"]}]},{"@type":"ImageObject","inLanguage":"nb-NO","@id":"https:\/\/babylove.se\/no\/produkt\/kids-concept-dukkehus-aiden\/#primaryimage","url":"https:\/\/babylove.se\/no\/wp-content\/uploads\/sites\/3\/2025\/11\/327.png","contentUrl":"https:\/\/babylove.se\/no\/wp-content\/uploads\/sites\/3\/2025\/11\/327.png","width":800,"height":800},{"@type":"BreadcrumbList","@id":"https:\/\/babylove.se\/no\/produkt\/kids-concept-dukkehus-aiden\/#breadcrumb","itemListElement":[{"@type":"ListItem","position":1,"name":"Hem","item":"https:\/\/babylove.se\/no\/"},{"@type":"ListItem","position":2,"name":"Butik","item":"https:\/\/babylove.se\/no\/butik\/"},{"@type":"ListItem","position":3,"name":"Kid`s Concept, dukkehus Aiden"}]},{"@type":"WebSite","@id":"https:\/\/babylove.se\/no\/#website","url":"https:\/\/babylove.se\/no\/","name":"Babylove Norska","description":"","potentialAction":[{"@type":"SearchAction","target":{"@type":"EntryPoint","urlTemplate":"https:\/\/babylove.se\/no\/?s={search_term_string}"},"query-input":{"@type":"PropertyValueSpecification","valueRequired":true,"valueName":"search_term_string"}}],"inLanguage":"nb-NO"}]},"product_brand":"Kids Concept","product_price_amount":"1999.00","product_price_currency":"SEK","og_availability":"instock","product_availability":"instock","product_retailer_item_id":"1000999","product_condition":"new"},"_links":{"self":[{"href":"https:\/\/babylove.se\/no\/wp-json\/wp\/v2\/product\/81291","targetHints":{"allow":["GET"]}}],"collection":[{"href":"https:\/\/babylove.se\/no\/wp-json\/wp\/v2\/product"}],"about":[{"href":"https:\/\/babylove.se\/no\/wp-json\/wp\/v2\/types\/product"}],"replies":[{"embeddable":true,"href":"https:\/\/babylove.se\/no\/wp-json\/wp\/v2\/comments?post=81291"}],"wp:featuredmedia":[{"embeddable":true,"href":"https:\/\/babylove.se\/no\/wp-json\/wp\/v2\/media\/81292"}],"wp:attachment":[{"href":"https:\/\/babylove.se\/no\/wp-json\/wp\/v2\/media?parent=81291"}],"wp:term":[{"taxonomy":"product_brand","embeddable":true,"href":"https:\/\/babylove.se\/no\/wp-json\/wp\/v2\/product_brand?post=81291"},{"taxonomy":"product_cat","embeddable":true,"href":"https:\/\/babylove.se\/no\/wp-json\/wp\/v2\/product_cat?post=81291"},{"taxonomy":"product_tag","embeddable":true,"href":"https:\/\/babylove.se\/no\/wp-json\/wp\/v2\/product_tag?post=81291"}],"curies":[{"name":"wp","href":"https:\/\/api.w.org\/{rel}","templated":true}]}}