{"id":81295,"date":"2025-11-18T09:51:59","date_gmt":"2025-11-18T08:51:59","guid":{"rendered":"https:\/\/babylove.se\/?post_type=product&#038;p=81295"},"modified":"2026-04-08T14:37:50","modified_gmt":"2026-04-08T13:37:50","slug":"kids-concept-lenestol-sammenleggbar-prikk","status":"publish","type":"product","link":"https:\/\/babylove.se\/no\/produkt\/kids-concept-lenestol-sammenleggbar-prikk\/","title":{"rendered":"Kid`s Concept- Lenestol sammenleggbar prikk"},"content":{"rendered":"<p data-start=\"45\" data-end=\"459\">Barn f\u00e5r koselige stunder i denne lette og smidige lenestolen. Den er enkel \u00e5 flytte rundt i hjemmet \u2013 perfekt for lesing, filmstunder eller for bare \u00e5 slappe av etter en lang dag. Lenestolen er komfortabel nok til \u00e5 slappe i og kan dessuten brettes ut til en liten madrass for en rask powernap. Det myke bomullsstoffet gir b\u00e5de komfort og et stilrent utseende. Trekket er avtakbart og kan vaskes i maskin.<\/p>\n<p data-start=\"461\" data-end=\"681\" data-is-last-node=\"\" data-is-only-node=\"\">N\u00f8kkelfunksjoner:<br data-start=\"482\" data-end=\"485\" \/>\u2022 2-i-1 design: Enkel \u00e5 forvandle fra lenestol til madrass.<br data-start=\"550\" data-end=\"553\" \/>\u2022 Praktisk bunn: M\u00f8rkt stoff som effektivt skjuler skitt.<br data-start=\"613\" data-end=\"616\" \/>\u2022 Lett \u00e5 rengj\u00f8re: Avtakbart trekk som kan maskinvaskes.<\/p>\n<div class=\"measurement-tab__list-item\"><span class=\"measurement-tab__list-item-name\">Maksbelastning (kg): <\/span><span class=\"measurement-tab__list-item-value\">40<\/span><\/div>\n<div class=\"measurement-tab__list-item\"><span class=\"measurement-tab__list-item-name\">Produktm\u00e5l cm (LxBxH): <\/span><span class=\"measurement-tab__list-item-value\">44 x 42 x 38<\/span><\/div>\n<div><span class=\"measurement-tab__list-item-name\">\u00d8vrige m\u00e5l: <\/span><span class=\"measurement-tab__list-item-value\">Lengde utbrettet: 100cm.<\/span><\/div>\n<div><\/div>\n<div>Tekstil: 100% Bomull. F\u00f4r: 10% Bomull, 90% polyester. Fylling: PU-skum.<\/div>\n<div><\/div>\n<div>Designer: <a href=\"https:\/\/babylove.se\/varumarken\/kids-concept\">Kid&#8217;s Concept <\/a><\/div>\n","protected":false},"excerpt":{"rendered":"<p>Barn f\u00e5r koselige stunder i denne lette og smidige lenestolen. Den er enkel \u00e5 flytte rundt i hjemmet \u2013 perfekt for lesing, filmstunder eller for bare \u00e5 slappe av etter en lang dag. Lenestolen er komfortabel nok til \u00e5 slappe i og kan dessuten brettes ut til en liten madrass for en rask powernap. Det [&hellip;]<\/p>\n","protected":false},"featured_media":81297,"comment_status":"closed","ping_status":"closed","template":"","meta":{"_acf_changed":false},"product_brand":[],"product_cat":[321,922,44,80],"product_tag":[],"class_list":{"0":"post-81295","1":"product","2":"type-product","3":"status-publish","4":"has-post-thumbnail","6":"product_cat-kids-concept","7":"product_cat-nyheter","8":"product_cat-sitteputfer-saccosekker","9":"product_cat-stoler","11":"first","12":"instock","13":"taxable","14":"shipping-taxable","15":"purchasable","16":"product-type-simple"},"acf":[],"yoast_head":"<!-- This site is optimized with the Yoast SEO Premium plugin v25.8 (Yoast SEO v27.2) - https:\/\/yoast.com\/product\/yoast-seo-premium-wordpress\/ -->\n<title>Kid`s Concept- Lenestol sammenleggbar prikk - Babylove Norska<\/title>\n<meta name=\"robots\" content=\"noindex, follow, max-snippet:-1, max-image-preview:large, max-video-preview:-1\" \/>\n<meta property=\"og:locale\" content=\"nb_NO\" \/>\n<meta property=\"og:type\" content=\"article\" \/>\n<meta property=\"og:title\" content=\"Kid`s Concept- Lenestol sammenleggbar prikk\" \/>\n<meta property=\"og:description\" content=\"Barn f\u00e5r koselige stunder i denne lette og smidige lenestolen. Den er enkel \u00e5 flytte rundt i hjemmet \u2013 perfekt for lesing, filmstunder eller for bare \u00e5 slappe av etter en lang dag. Lenestolen er komfortabel nok til \u00e5 slappe i og kan dessuten brettes ut til en liten madrass for en rask powernap. Det [&hellip;]\" \/>\n<meta property=\"og:url\" content=\"https:\/\/babylove.se\/no\/produkt\/kids-concept-lenestol-sammenleggbar-prikk\/\" \/>\n<meta property=\"og:site_name\" content=\"Babylove Norska\" \/>\n<meta property=\"article:modified_time\" content=\"2026-04-08T13:37:50+00:00\" \/>\n<meta property=\"og:image\" content=\"https:\/\/babylove.se\/no\/wp-content\/uploads\/sites\/3\/2025\/11\/330.png\" \/>\n\t<meta property=\"og:image:width\" content=\"800\" \/>\n\t<meta property=\"og:image:height\" content=\"800\" \/>\n\t<meta property=\"og:image:type\" content=\"image\/png\" \/>\n<meta name=\"twitter:card\" content=\"summary_large_image\" \/>\n<meta name=\"twitter:label1\" content=\"Price\" \/>\n\t<meta name=\"twitter:data1\" content=\"899,00&nbsp;&#107;&#114;\" \/>\n\t<meta name=\"twitter:label2\" content=\"Availability\" \/>\n\t<meta name=\"twitter:data2\" content=\"In stock\" \/>\n<script type=\"application\/ld+json\" class=\"yoast-schema-graph\">{\"@context\":\"https:\/\/schema.org\",\"@graph\":[{\"@type\":\"WebPage\",\"@id\":\"https:\/\/babylove.se\/no\/produkt\/kids-concept-lenestol-sammenleggbar-prikk\/\",\"url\":\"https:\/\/babylove.se\/no\/produkt\/kids-concept-lenestol-sammenleggbar-prikk\/\",\"name\":\"Kid`s Concept- Lenestol sammenleggbar prikk - Babylove Norska\",\"isPartOf\":{\"@id\":\"https:\/\/babylove.se\/no\/#website\"},\"primaryImageOfPage\":{\"@id\":\"https:\/\/babylove.se\/no\/produkt\/kids-concept-lenestol-sammenleggbar-prikk\/#primaryimage\"},\"image\":{\"@id\":\"https:\/\/babylove.se\/no\/produkt\/kids-concept-lenestol-sammenleggbar-prikk\/#primaryimage\"},\"thumbnailUrl\":\"https:\/\/babylove.se\/no\/wp-content\/uploads\/sites\/3\/2025\/11\/330.png\",\"datePublished\":\"2025-11-18T08:51:59+00:00\",\"dateModified\":\"2026-04-08T13:37:50+00:00\",\"breadcrumb\":{\"@id\":\"https:\/\/babylove.se\/no\/produkt\/kids-concept-lenestol-sammenleggbar-prikk\/#breadcrumb\"},\"inLanguage\":\"nb-NO\",\"potentialAction\":[{\"@type\":\"ReadAction\",\"target\":[\"https:\/\/babylove.se\/no\/produkt\/kids-concept-lenestol-sammenleggbar-prikk\/\"]}]},{\"@type\":\"ImageObject\",\"inLanguage\":\"nb-NO\",\"@id\":\"https:\/\/babylove.se\/no\/produkt\/kids-concept-lenestol-sammenleggbar-prikk\/#primaryimage\",\"url\":\"https:\/\/babylove.se\/no\/wp-content\/uploads\/sites\/3\/2025\/11\/330.png\",\"contentUrl\":\"https:\/\/babylove.se\/no\/wp-content\/uploads\/sites\/3\/2025\/11\/330.png\",\"width\":800,\"height\":800},{\"@type\":\"BreadcrumbList\",\"@id\":\"https:\/\/babylove.se\/no\/produkt\/kids-concept-lenestol-sammenleggbar-prikk\/#breadcrumb\",\"itemListElement\":[{\"@type\":\"ListItem\",\"position\":1,\"name\":\"Hem\",\"item\":\"https:\/\/babylove.se\/no\/\"},{\"@type\":\"ListItem\",\"position\":2,\"name\":\"Butik\",\"item\":\"https:\/\/babylove.se\/no\/butik\/\"},{\"@type\":\"ListItem\",\"position\":3,\"name\":\"Kid`s Concept- Lenestol sammenleggbar prikk\"}]},{\"@type\":\"WebSite\",\"@id\":\"https:\/\/babylove.se\/no\/#website\",\"url\":\"https:\/\/babylove.se\/no\/\",\"name\":\"Babylove Norska\",\"description\":\"\",\"potentialAction\":[{\"@type\":\"SearchAction\",\"target\":{\"@type\":\"EntryPoint\",\"urlTemplate\":\"https:\/\/babylove.se\/no\/?s={search_term_string}\"},\"query-input\":{\"@type\":\"PropertyValueSpecification\",\"valueRequired\":true,\"valueName\":\"search_term_string\"}}],\"inLanguage\":\"nb-NO\"}]}<\/script>\n<meta property=\"product:price:amount\" content=\"899.00\" \/>\n<meta property=\"product:price:currency\" content=\"SEK\" \/>\n<meta property=\"og:availability\" content=\"instock\" \/>\n<meta property=\"product:availability\" content=\"instock\" \/>\n<meta property=\"product:retailer_item_id\" content=\"1001009\" \/>\n<meta property=\"product:condition\" content=\"new\" \/>\n<!-- \/ Yoast SEO Premium plugin. -->","yoast_head_json":{"title":"Kid`s Concept- Lenestol sammenleggbar prikk - Babylove Norska","robots":{"index":"noindex","follow":"follow","max-snippet":"max-snippet:-1","max-image-preview":"max-image-preview:large","max-video-preview":"max-video-preview:-1"},"og_locale":"nb_NO","og_type":"article","og_title":"Kid`s Concept- Lenestol sammenleggbar prikk","og_description":"Barn f\u00e5r koselige stunder i denne lette og smidige lenestolen. Den er enkel \u00e5 flytte rundt i hjemmet \u2013 perfekt for lesing, filmstunder eller for bare \u00e5 slappe av etter en lang dag. Lenestolen er komfortabel nok til \u00e5 slappe i og kan dessuten brettes ut til en liten madrass for en rask powernap. Det [&hellip;]","og_url":"https:\/\/babylove.se\/no\/produkt\/kids-concept-lenestol-sammenleggbar-prikk\/","og_site_name":"Babylove Norska","article_modified_time":"2026-04-08T13:37:50+00:00","og_image":[{"width":800,"height":800,"url":"https:\/\/babylove.se\/no\/wp-content\/uploads\/sites\/3\/2025\/11\/330.png","type":"image\/png"}],"twitter_card":"summary_large_image","twitter_misc":{"Price":"899,00&nbsp;&#107;&#114;","Availability":"In stock"},"schema":{"@context":"https:\/\/schema.org","@graph":[{"@type":"WebPage","@id":"https:\/\/babylove.se\/no\/produkt\/kids-concept-lenestol-sammenleggbar-prikk\/","url":"https:\/\/babylove.se\/no\/produkt\/kids-concept-lenestol-sammenleggbar-prikk\/","name":"Kid`s Concept- Lenestol sammenleggbar prikk - Babylove Norska","isPartOf":{"@id":"https:\/\/babylove.se\/no\/#website"},"primaryImageOfPage":{"@id":"https:\/\/babylove.se\/no\/produkt\/kids-concept-lenestol-sammenleggbar-prikk\/#primaryimage"},"image":{"@id":"https:\/\/babylove.se\/no\/produkt\/kids-concept-lenestol-sammenleggbar-prikk\/#primaryimage"},"thumbnailUrl":"https:\/\/babylove.se\/no\/wp-content\/uploads\/sites\/3\/2025\/11\/330.png","datePublished":"2025-11-18T08:51:59+00:00","dateModified":"2026-04-08T13:37:50+00:00","breadcrumb":{"@id":"https:\/\/babylove.se\/no\/produkt\/kids-concept-lenestol-sammenleggbar-prikk\/#breadcrumb"},"inLanguage":"nb-NO","potentialAction":[{"@type":"ReadAction","target":["https:\/\/babylove.se\/no\/produkt\/kids-concept-lenestol-sammenleggbar-prikk\/"]}]},{"@type":"ImageObject","inLanguage":"nb-NO","@id":"https:\/\/babylove.se\/no\/produkt\/kids-concept-lenestol-sammenleggbar-prikk\/#primaryimage","url":"https:\/\/babylove.se\/no\/wp-content\/uploads\/sites\/3\/2025\/11\/330.png","contentUrl":"https:\/\/babylove.se\/no\/wp-content\/uploads\/sites\/3\/2025\/11\/330.png","width":800,"height":800},{"@type":"BreadcrumbList","@id":"https:\/\/babylove.se\/no\/produkt\/kids-concept-lenestol-sammenleggbar-prikk\/#breadcrumb","itemListElement":[{"@type":"ListItem","position":1,"name":"Hem","item":"https:\/\/babylove.se\/no\/"},{"@type":"ListItem","position":2,"name":"Butik","item":"https:\/\/babylove.se\/no\/butik\/"},{"@type":"ListItem","position":3,"name":"Kid`s Concept- Lenestol sammenleggbar prikk"}]},{"@type":"WebSite","@id":"https:\/\/babylove.se\/no\/#website","url":"https:\/\/babylove.se\/no\/","name":"Babylove Norska","description":"","potentialAction":[{"@type":"SearchAction","target":{"@type":"EntryPoint","urlTemplate":"https:\/\/babylove.se\/no\/?s={search_term_string}"},"query-input":{"@type":"PropertyValueSpecification","valueRequired":true,"valueName":"search_term_string"}}],"inLanguage":"nb-NO"}]},"product_price_amount":"899.00","product_price_currency":"SEK","og_availability":"instock","product_availability":"instock","product_retailer_item_id":"1001009","product_condition":"new"},"_links":{"self":[{"href":"https:\/\/babylove.se\/no\/wp-json\/wp\/v2\/product\/81295","targetHints":{"allow":["GET"]}}],"collection":[{"href":"https:\/\/babylove.se\/no\/wp-json\/wp\/v2\/product"}],"about":[{"href":"https:\/\/babylove.se\/no\/wp-json\/wp\/v2\/types\/product"}],"replies":[{"embeddable":true,"href":"https:\/\/babylove.se\/no\/wp-json\/wp\/v2\/comments?post=81295"}],"wp:featuredmedia":[{"embeddable":true,"href":"https:\/\/babylove.se\/no\/wp-json\/wp\/v2\/media\/81297"}],"wp:attachment":[{"href":"https:\/\/babylove.se\/no\/wp-json\/wp\/v2\/media?parent=81295"}],"wp:term":[{"taxonomy":"product_brand","embeddable":true,"href":"https:\/\/babylove.se\/no\/wp-json\/wp\/v2\/product_brand?post=81295"},{"taxonomy":"product_cat","embeddable":true,"href":"https:\/\/babylove.se\/no\/wp-json\/wp\/v2\/product_cat?post=81295"},{"taxonomy":"product_tag","embeddable":true,"href":"https:\/\/babylove.se\/no\/wp-json\/wp\/v2\/product_tag?post=81295"}],"curies":[{"name":"wp","href":"https:\/\/api.w.org\/{rel}","templated":true}]}}