{"id":81299,"date":"2025-11-18T10:08:28","date_gmt":"2025-11-18T09:08:28","guid":{"rendered":"https:\/\/babylove.se\/?post_type=product&#038;p=81299"},"modified":"2026-04-08T14:37:53","modified_gmt":"2026-04-08T13:37:53","slug":"kids-concept-hylle-sirkel-sennep","status":"publish","type":"product","link":"https:\/\/babylove.se\/no\/produkt\/kids-concept-hylle-sirkel-sennep\/","title":{"rendered":"Kid`s Concept, hylle sirkel sennep"},"content":{"rendered":"<p data-start=\"78\" data-end=\"315\">En liten, dekorativ og praktisk hylle som kan dreies 180 grader og brukes b\u00e5de med eller uten krok. Kombiner gjerne flere hyller i forskjellige farger, enten side ved side eller i kreative m\u00f8nstre, for \u00e5 skape et unikt interi\u00f8rdetalj.<\/p>\n<p data-start=\"317\" data-end=\"721\">Hyllen er perfekt for \u00e5 stille frem pyntegjenstander eller din favoritteddybj\u00f8rn. Den kan ogs\u00e5 brukes som henger hvis du monterer den medf\u00f8lgende kroken. P\u00e5 baksiden finnes en forberedt plass hvor du enkelt kan bore for \u00e5 feste kroken. Hyllen har skjulte fester\/n\u00f8kkelhullsoppheng som gir et stilrent og rent uttrykk. Legg merke til at skruer ikke f\u00f8lger med, da riktige fester m\u00e5 tilpasses etter din veggtype.<\/p>\n<p data-start=\"723\" data-end=\"1148\"><strong data-start=\"723\" data-end=\"733\">Ekstra:<\/strong><br data-start=\"733\" data-end=\"736\" \/>Det f\u00f8lger med dekorative &#8220;solstr\u00e5le&#8221;-klistremerker laget i et selvklebende materiale med satinfinish. Disse plasseres rundt hyllen for \u00e5 skape en pen og leken effekt. Klistremerkene gir et tydelig grafisk fokuspunkt i rommet og er enkle \u00e5 sette p\u00e5 og ta av. Test alltid p\u00e5 en skjult flate f\u00f8rst. De g\u00e5r vanligvis \u00e5 ta av fra tapet og malte vegger, men resultatet kan variere avhengig av underlaget.<\/p>\n<p data-start=\"723\" data-end=\"1148\"><span class=\"measurement-tab__list-item-name\">Produktm\u00e5l cm (LxBxH): <\/span><span class=\"measurement-tab__list-item-value\">30 x 12 x 16<\/span><\/p>\n<p data-start=\"723\" data-end=\"1148\"><span class=\"measurement-tab__list-item-name\">\u00d8vrige m\u00e5l: <\/span><span class=\"measurement-tab__list-item-value\">Dybde hylleplan: 10,5cm.<\/span><\/p>\n","protected":false},"excerpt":{"rendered":"<p>En liten, dekorativ og praktisk hylle som kan dreies 180 grader og brukes b\u00e5de med eller uten krok. Kombiner gjerne flere hyller i forskjellige farger, enten side ved side eller i kreative m\u00f8nstre, for \u00e5 skape et unikt interi\u00f8rdetalj. Hyllen er perfekt for \u00e5 stille frem pyntegjenstander eller din favoritteddybj\u00f8rn. Den kan ogs\u00e5 brukes som [&hellip;]<\/p>\n","protected":false},"featured_media":81300,"comment_status":"closed","ping_status":"closed","template":"","meta":{"_acf_changed":false},"product_brand":[],"product_cat":[87,321,922,43],"product_tag":[],"class_list":{"0":"post-81299","1":"product","2":"type-product","3":"status-publish","4":"has-post-thumbnail","6":"product_cat-hyller","7":"product_cat-kids-concept","8":"product_cat-nyheter","9":"product_cat-oppbevaringskurver","11":"first","12":"instock","13":"taxable","14":"shipping-taxable","15":"purchasable","16":"product-type-simple"},"acf":[],"yoast_head":"<!-- This site is optimized with the Yoast SEO Premium plugin v25.8 (Yoast SEO v27.2) - https:\/\/yoast.com\/product\/yoast-seo-premium-wordpress\/ -->\n<title>Kid`s Concept, hylle sirkel sennep - Babylove Norska<\/title>\n<meta name=\"robots\" content=\"noindex, follow, max-snippet:-1, max-image-preview:large, max-video-preview:-1\" \/>\n<meta property=\"og:locale\" content=\"nb_NO\" \/>\n<meta property=\"og:type\" content=\"article\" \/>\n<meta property=\"og:title\" content=\"Kid`s Concept, hylle sirkel sennep\" \/>\n<meta property=\"og:description\" content=\"En liten, dekorativ og praktisk hylle som kan dreies 180 grader og brukes b\u00e5de med eller uten krok. Kombiner gjerne flere hyller i forskjellige farger, enten side ved side eller i kreative m\u00f8nstre, for \u00e5 skape et unikt interi\u00f8rdetalj. Hyllen er perfekt for \u00e5 stille frem pyntegjenstander eller din favoritteddybj\u00f8rn. Den kan ogs\u00e5 brukes som [&hellip;]\" \/>\n<meta property=\"og:url\" content=\"https:\/\/babylove.se\/no\/produkt\/kids-concept-hylle-sirkel-sennep\/\" \/>\n<meta property=\"og:site_name\" content=\"Babylove Norska\" \/>\n<meta property=\"article:modified_time\" content=\"2026-04-08T13:37:53+00:00\" \/>\n<meta property=\"og:image\" content=\"https:\/\/babylove.se\/no\/wp-content\/uploads\/sites\/3\/2025\/11\/331.png\" \/>\n\t<meta property=\"og:image:width\" content=\"800\" \/>\n\t<meta property=\"og:image:height\" content=\"800\" \/>\n\t<meta property=\"og:image:type\" content=\"image\/png\" \/>\n<meta name=\"twitter:card\" content=\"summary_large_image\" \/>\n<meta name=\"twitter:label1\" content=\"Price\" \/>\n\t<meta name=\"twitter:data1\" content=\"299,00&nbsp;&#107;&#114;\" \/>\n\t<meta name=\"twitter:label2\" content=\"Availability\" \/>\n\t<meta name=\"twitter:data2\" content=\"In stock\" \/>\n<script type=\"application\/ld+json\" class=\"yoast-schema-graph\">{\"@context\":\"https:\/\/schema.org\",\"@graph\":[{\"@type\":\"WebPage\",\"@id\":\"https:\/\/babylove.se\/no\/produkt\/kids-concept-hylle-sirkel-sennep\/\",\"url\":\"https:\/\/babylove.se\/no\/produkt\/kids-concept-hylle-sirkel-sennep\/\",\"name\":\"Kid`s Concept, hylle sirkel sennep - Babylove Norska\",\"isPartOf\":{\"@id\":\"https:\/\/babylove.se\/no\/#website\"},\"primaryImageOfPage\":{\"@id\":\"https:\/\/babylove.se\/no\/produkt\/kids-concept-hylle-sirkel-sennep\/#primaryimage\"},\"image\":{\"@id\":\"https:\/\/babylove.se\/no\/produkt\/kids-concept-hylle-sirkel-sennep\/#primaryimage\"},\"thumbnailUrl\":\"https:\/\/babylove.se\/no\/wp-content\/uploads\/sites\/3\/2025\/11\/331.png\",\"datePublished\":\"2025-11-18T09:08:28+00:00\",\"dateModified\":\"2026-04-08T13:37:53+00:00\",\"breadcrumb\":{\"@id\":\"https:\/\/babylove.se\/no\/produkt\/kids-concept-hylle-sirkel-sennep\/#breadcrumb\"},\"inLanguage\":\"nb-NO\",\"potentialAction\":[{\"@type\":\"ReadAction\",\"target\":[\"https:\/\/babylove.se\/no\/produkt\/kids-concept-hylle-sirkel-sennep\/\"]}]},{\"@type\":\"ImageObject\",\"inLanguage\":\"nb-NO\",\"@id\":\"https:\/\/babylove.se\/no\/produkt\/kids-concept-hylle-sirkel-sennep\/#primaryimage\",\"url\":\"https:\/\/babylove.se\/no\/wp-content\/uploads\/sites\/3\/2025\/11\/331.png\",\"contentUrl\":\"https:\/\/babylove.se\/no\/wp-content\/uploads\/sites\/3\/2025\/11\/331.png\",\"width\":800,\"height\":800},{\"@type\":\"BreadcrumbList\",\"@id\":\"https:\/\/babylove.se\/no\/produkt\/kids-concept-hylle-sirkel-sennep\/#breadcrumb\",\"itemListElement\":[{\"@type\":\"ListItem\",\"position\":1,\"name\":\"Hem\",\"item\":\"https:\/\/babylove.se\/no\/\"},{\"@type\":\"ListItem\",\"position\":2,\"name\":\"Butik\",\"item\":\"https:\/\/babylove.se\/no\/butik\/\"},{\"@type\":\"ListItem\",\"position\":3,\"name\":\"Kid`s Concept, hylle sirkel sennep\"}]},{\"@type\":\"WebSite\",\"@id\":\"https:\/\/babylove.se\/no\/#website\",\"url\":\"https:\/\/babylove.se\/no\/\",\"name\":\"Babylove Norska\",\"description\":\"\",\"potentialAction\":[{\"@type\":\"SearchAction\",\"target\":{\"@type\":\"EntryPoint\",\"urlTemplate\":\"https:\/\/babylove.se\/no\/?s={search_term_string}\"},\"query-input\":{\"@type\":\"PropertyValueSpecification\",\"valueRequired\":true,\"valueName\":\"search_term_string\"}}],\"inLanguage\":\"nb-NO\"}]}<\/script>\n<meta property=\"product:price:amount\" content=\"299.00\" \/>\n<meta property=\"product:price:currency\" content=\"SEK\" \/>\n<meta property=\"og:availability\" content=\"instock\" \/>\n<meta property=\"product:availability\" content=\"instock\" \/>\n<meta property=\"product:retailer_item_id\" content=\"1000974\" \/>\n<meta property=\"product:condition\" content=\"new\" \/>\n<!-- \/ Yoast SEO Premium plugin. -->","yoast_head_json":{"title":"Kid`s Concept, hylle sirkel sennep - Babylove Norska","robots":{"index":"noindex","follow":"follow","max-snippet":"max-snippet:-1","max-image-preview":"max-image-preview:large","max-video-preview":"max-video-preview:-1"},"og_locale":"nb_NO","og_type":"article","og_title":"Kid`s Concept, hylle sirkel sennep","og_description":"En liten, dekorativ og praktisk hylle som kan dreies 180 grader og brukes b\u00e5de med eller uten krok. Kombiner gjerne flere hyller i forskjellige farger, enten side ved side eller i kreative m\u00f8nstre, for \u00e5 skape et unikt interi\u00f8rdetalj. Hyllen er perfekt for \u00e5 stille frem pyntegjenstander eller din favoritteddybj\u00f8rn. Den kan ogs\u00e5 brukes som [&hellip;]","og_url":"https:\/\/babylove.se\/no\/produkt\/kids-concept-hylle-sirkel-sennep\/","og_site_name":"Babylove Norska","article_modified_time":"2026-04-08T13:37:53+00:00","og_image":[{"width":800,"height":800,"url":"https:\/\/babylove.se\/no\/wp-content\/uploads\/sites\/3\/2025\/11\/331.png","type":"image\/png"}],"twitter_card":"summary_large_image","twitter_misc":{"Price":"299,00&nbsp;&#107;&#114;","Availability":"In stock"},"schema":{"@context":"https:\/\/schema.org","@graph":[{"@type":"WebPage","@id":"https:\/\/babylove.se\/no\/produkt\/kids-concept-hylle-sirkel-sennep\/","url":"https:\/\/babylove.se\/no\/produkt\/kids-concept-hylle-sirkel-sennep\/","name":"Kid`s Concept, hylle sirkel sennep - Babylove Norska","isPartOf":{"@id":"https:\/\/babylove.se\/no\/#website"},"primaryImageOfPage":{"@id":"https:\/\/babylove.se\/no\/produkt\/kids-concept-hylle-sirkel-sennep\/#primaryimage"},"image":{"@id":"https:\/\/babylove.se\/no\/produkt\/kids-concept-hylle-sirkel-sennep\/#primaryimage"},"thumbnailUrl":"https:\/\/babylove.se\/no\/wp-content\/uploads\/sites\/3\/2025\/11\/331.png","datePublished":"2025-11-18T09:08:28+00:00","dateModified":"2026-04-08T13:37:53+00:00","breadcrumb":{"@id":"https:\/\/babylove.se\/no\/produkt\/kids-concept-hylle-sirkel-sennep\/#breadcrumb"},"inLanguage":"nb-NO","potentialAction":[{"@type":"ReadAction","target":["https:\/\/babylove.se\/no\/produkt\/kids-concept-hylle-sirkel-sennep\/"]}]},{"@type":"ImageObject","inLanguage":"nb-NO","@id":"https:\/\/babylove.se\/no\/produkt\/kids-concept-hylle-sirkel-sennep\/#primaryimage","url":"https:\/\/babylove.se\/no\/wp-content\/uploads\/sites\/3\/2025\/11\/331.png","contentUrl":"https:\/\/babylove.se\/no\/wp-content\/uploads\/sites\/3\/2025\/11\/331.png","width":800,"height":800},{"@type":"BreadcrumbList","@id":"https:\/\/babylove.se\/no\/produkt\/kids-concept-hylle-sirkel-sennep\/#breadcrumb","itemListElement":[{"@type":"ListItem","position":1,"name":"Hem","item":"https:\/\/babylove.se\/no\/"},{"@type":"ListItem","position":2,"name":"Butik","item":"https:\/\/babylove.se\/no\/butik\/"},{"@type":"ListItem","position":3,"name":"Kid`s Concept, hylle sirkel sennep"}]},{"@type":"WebSite","@id":"https:\/\/babylove.se\/no\/#website","url":"https:\/\/babylove.se\/no\/","name":"Babylove Norska","description":"","potentialAction":[{"@type":"SearchAction","target":{"@type":"EntryPoint","urlTemplate":"https:\/\/babylove.se\/no\/?s={search_term_string}"},"query-input":{"@type":"PropertyValueSpecification","valueRequired":true,"valueName":"search_term_string"}}],"inLanguage":"nb-NO"}]},"product_price_amount":"299.00","product_price_currency":"SEK","og_availability":"instock","product_availability":"instock","product_retailer_item_id":"1000974","product_condition":"new"},"_links":{"self":[{"href":"https:\/\/babylove.se\/no\/wp-json\/wp\/v2\/product\/81299","targetHints":{"allow":["GET"]}}],"collection":[{"href":"https:\/\/babylove.se\/no\/wp-json\/wp\/v2\/product"}],"about":[{"href":"https:\/\/babylove.se\/no\/wp-json\/wp\/v2\/types\/product"}],"replies":[{"embeddable":true,"href":"https:\/\/babylove.se\/no\/wp-json\/wp\/v2\/comments?post=81299"}],"wp:featuredmedia":[{"embeddable":true,"href":"https:\/\/babylove.se\/no\/wp-json\/wp\/v2\/media\/81300"}],"wp:attachment":[{"href":"https:\/\/babylove.se\/no\/wp-json\/wp\/v2\/media?parent=81299"}],"wp:term":[{"taxonomy":"product_brand","embeddable":true,"href":"https:\/\/babylove.se\/no\/wp-json\/wp\/v2\/product_brand?post=81299"},{"taxonomy":"product_cat","embeddable":true,"href":"https:\/\/babylove.se\/no\/wp-json\/wp\/v2\/product_cat?post=81299"},{"taxonomy":"product_tag","embeddable":true,"href":"https:\/\/babylove.se\/no\/wp-json\/wp\/v2\/product_tag?post=81299"}],"curies":[{"name":"wp","href":"https:\/\/api.w.org\/{rel}","templated":true}]}}