{"id":81315,"date":"2025-11-18T10:34:34","date_gmt":"2025-11-18T09:34:34","guid":{"rendered":"https:\/\/babylove.se\/?post_type=product&#038;p=81315"},"modified":"2026-04-08T14:38:02","modified_gmt":"2026-04-08T13:38:02","slug":"kids-concept-hylle-blomst-rosa","status":"publish","type":"product","link":"https:\/\/babylove.se\/no\/produkt\/kids-concept-hylle-blomst-rosa\/","title":{"rendered":"Kid`s Concept, Hylle blomst rosa"},"content":{"rendered":"<p data-start=\"52\" data-end=\"401\">Flower Shelf er en s\u00f8t og fargerik hylle som livner opp barnerommet med sin prestekrageformede design. Den er perfekt for \u00e5 vise frem sm\u00e5 ting som leker eller dekorasjoner. Du kan ogs\u00e5 kombinere flere hyller og lage forskjellige m\u00f8nstre p\u00e5 veggen for et lekent og moderne uttrykk. Kombiner gjerne med blomsterkroker for \u00e5 gj\u00f8re rommet enda mer levende.<\/p>\n<p data-start=\"403\" data-end=\"538\">Med sine rosa kronblad og den klargule midten blir denne hyllen et sjarmerende blikkfang som sprer glede i hvilket rom den enn havner i.<\/p>\n<p data-start=\"540\" data-end=\"708\"><strong data-start=\"540\" data-end=\"561\">N\u00f8kkelfunksjoner:<\/strong><br data-start=\"561\" data-end=\"564\" \/>\u2022 Tegnet prestekragedesign som gir rommet en glad og leken f\u00f8lelse.<br data-start=\"633\" data-end=\"636\" \/>\u2022 Stilren og funksjonell p\u00e5 samme tid.<br data-start=\"676\" data-end=\"679\" \/>\u2022 Perfekt for sm\u00e5 rom.<\/p>\n<p data-start=\"710\" data-end=\"861\" data-is-last-node=\"\" data-is-only-node=\"\">Hyllen har skjulte fester\/n\u00f8kkelhullsoppheng som gir et rent og pent inntrykk n\u00e5r den sitter p\u00e5 veggen.<\/p>\n<p data-start=\"710\" data-end=\"861\" data-is-last-node=\"\" data-is-only-node=\"\"><br data-start=\"817\" data-end=\"820\" \/><span class=\"measurement-tab__list-item-name\">Produktm\u00e5l cm (LxBxH): <\/span><span class=\"measurement-tab__list-item-value\">30 x 27 x 12<\/span><\/p>\n<p data-start=\"710\" data-end=\"861\" data-is-last-node=\"\" data-is-only-node=\"\"><span class=\"measurement-tab__list-item-name\">Andre m\u00e5l: <\/span><span class=\"measurement-tab__list-item-value\">Dybde hylleplan: 10,5cm.<\/span><\/p>\n","protected":false},"excerpt":{"rendered":"<p>Flower Shelf er en s\u00f8t og fargerik hylle som livner opp barnerommet med sin prestekrageformede design. Den er perfekt for \u00e5 vise frem sm\u00e5 ting som leker eller dekorasjoner. Du kan ogs\u00e5 kombinere flere hyller og lage forskjellige m\u00f8nstre p\u00e5 veggen for et lekent og moderne uttrykk. Kombiner gjerne med blomsterkroker for \u00e5 gj\u00f8re rommet [&hellip;]<\/p>\n","protected":false},"featured_media":81316,"comment_status":"closed","ping_status":"closed","template":"","meta":{"_acf_changed":false},"product_brand":[],"product_cat":[199,87,321,922,43],"product_tag":[],"class_list":{"0":"post-81315","1":"product","2":"type-product","3":"status-publish","4":"has-post-thumbnail","6":"product_cat-blomstrete","7":"product_cat-hyller","8":"product_cat-kids-concept","9":"product_cat-nyheter","10":"product_cat-oppbevaringskurver","12":"first","13":"instock","14":"taxable","15":"shipping-taxable","16":"purchasable","17":"product-type-simple"},"acf":[],"yoast_head":"<!-- This site is optimized with the Yoast SEO Premium plugin v25.8 (Yoast SEO v27.2) - https:\/\/yoast.com\/product\/yoast-seo-premium-wordpress\/ -->\n<title>Kid`s Concept, Hylle blomst rosa - Babylove Norska<\/title>\n<meta name=\"robots\" content=\"noindex, follow, max-snippet:-1, max-image-preview:large, max-video-preview:-1\" \/>\n<meta property=\"og:locale\" content=\"nb_NO\" \/>\n<meta property=\"og:type\" content=\"article\" \/>\n<meta property=\"og:title\" content=\"Kid`s Concept, Hylle blomst rosa\" \/>\n<meta property=\"og:description\" content=\"Flower Shelf er en s\u00f8t og fargerik hylle som livner opp barnerommet med sin prestekrageformede design. Den er perfekt for \u00e5 vise frem sm\u00e5 ting som leker eller dekorasjoner. Du kan ogs\u00e5 kombinere flere hyller og lage forskjellige m\u00f8nstre p\u00e5 veggen for et lekent og moderne uttrykk. Kombiner gjerne med blomsterkroker for \u00e5 gj\u00f8re rommet [&hellip;]\" \/>\n<meta property=\"og:url\" content=\"https:\/\/babylove.se\/no\/produkt\/kids-concept-hylle-blomst-rosa\/\" \/>\n<meta property=\"og:site_name\" content=\"Babylove Norska\" \/>\n<meta property=\"article:modified_time\" content=\"2026-04-08T13:38:02+00:00\" \/>\n<meta property=\"og:image\" content=\"https:\/\/babylove.se\/no\/wp-content\/uploads\/sites\/3\/2025\/11\/344.png\" \/>\n\t<meta property=\"og:image:width\" content=\"800\" \/>\n\t<meta property=\"og:image:height\" content=\"800\" \/>\n\t<meta property=\"og:image:type\" content=\"image\/png\" \/>\n<meta name=\"twitter:card\" content=\"summary_large_image\" \/>\n<meta name=\"twitter:label1\" content=\"Price\" \/>\n\t<meta name=\"twitter:data1\" content=\"299,00&nbsp;&#107;&#114;\" \/>\n\t<meta name=\"twitter:label2\" content=\"Availability\" \/>\n\t<meta name=\"twitter:data2\" content=\"In stock\" \/>\n<script type=\"application\/ld+json\" class=\"yoast-schema-graph\">{\"@context\":\"https:\/\/schema.org\",\"@graph\":[{\"@type\":\"WebPage\",\"@id\":\"https:\/\/babylove.se\/no\/produkt\/kids-concept-hylle-blomst-rosa\/\",\"url\":\"https:\/\/babylove.se\/no\/produkt\/kids-concept-hylle-blomst-rosa\/\",\"name\":\"Kid`s Concept, Hylle blomst rosa - Babylove Norska\",\"isPartOf\":{\"@id\":\"https:\/\/babylove.se\/no\/#website\"},\"primaryImageOfPage\":{\"@id\":\"https:\/\/babylove.se\/no\/produkt\/kids-concept-hylle-blomst-rosa\/#primaryimage\"},\"image\":{\"@id\":\"https:\/\/babylove.se\/no\/produkt\/kids-concept-hylle-blomst-rosa\/#primaryimage\"},\"thumbnailUrl\":\"https:\/\/babylove.se\/no\/wp-content\/uploads\/sites\/3\/2025\/11\/344.png\",\"datePublished\":\"2025-11-18T09:34:34+00:00\",\"dateModified\":\"2026-04-08T13:38:02+00:00\",\"breadcrumb\":{\"@id\":\"https:\/\/babylove.se\/no\/produkt\/kids-concept-hylle-blomst-rosa\/#breadcrumb\"},\"inLanguage\":\"nb-NO\",\"potentialAction\":[{\"@type\":\"ReadAction\",\"target\":[\"https:\/\/babylove.se\/no\/produkt\/kids-concept-hylle-blomst-rosa\/\"]}]},{\"@type\":\"ImageObject\",\"inLanguage\":\"nb-NO\",\"@id\":\"https:\/\/babylove.se\/no\/produkt\/kids-concept-hylle-blomst-rosa\/#primaryimage\",\"url\":\"https:\/\/babylove.se\/no\/wp-content\/uploads\/sites\/3\/2025\/11\/344.png\",\"contentUrl\":\"https:\/\/babylove.se\/no\/wp-content\/uploads\/sites\/3\/2025\/11\/344.png\",\"width\":800,\"height\":800},{\"@type\":\"BreadcrumbList\",\"@id\":\"https:\/\/babylove.se\/no\/produkt\/kids-concept-hylle-blomst-rosa\/#breadcrumb\",\"itemListElement\":[{\"@type\":\"ListItem\",\"position\":1,\"name\":\"Hem\",\"item\":\"https:\/\/babylove.se\/no\/\"},{\"@type\":\"ListItem\",\"position\":2,\"name\":\"Butik\",\"item\":\"https:\/\/babylove.se\/no\/butik\/\"},{\"@type\":\"ListItem\",\"position\":3,\"name\":\"Kid`s Concept, Hylle blomst rosa\"}]},{\"@type\":\"WebSite\",\"@id\":\"https:\/\/babylove.se\/no\/#website\",\"url\":\"https:\/\/babylove.se\/no\/\",\"name\":\"Babylove Norska\",\"description\":\"\",\"potentialAction\":[{\"@type\":\"SearchAction\",\"target\":{\"@type\":\"EntryPoint\",\"urlTemplate\":\"https:\/\/babylove.se\/no\/?s={search_term_string}\"},\"query-input\":{\"@type\":\"PropertyValueSpecification\",\"valueRequired\":true,\"valueName\":\"search_term_string\"}}],\"inLanguage\":\"nb-NO\"}]}<\/script>\n<meta property=\"product:price:amount\" content=\"299.00\" \/>\n<meta property=\"product:price:currency\" content=\"SEK\" \/>\n<meta property=\"og:availability\" content=\"instock\" \/>\n<meta property=\"product:availability\" content=\"instock\" \/>\n<meta property=\"product:retailer_item_id\" content=\"1000972\" \/>\n<meta property=\"product:condition\" content=\"new\" \/>\n<!-- \/ Yoast SEO Premium plugin. -->","yoast_head_json":{"title":"Kid`s Concept, Hylle blomst rosa - Babylove Norska","robots":{"index":"noindex","follow":"follow","max-snippet":"max-snippet:-1","max-image-preview":"max-image-preview:large","max-video-preview":"max-video-preview:-1"},"og_locale":"nb_NO","og_type":"article","og_title":"Kid`s Concept, Hylle blomst rosa","og_description":"Flower Shelf er en s\u00f8t og fargerik hylle som livner opp barnerommet med sin prestekrageformede design. Den er perfekt for \u00e5 vise frem sm\u00e5 ting som leker eller dekorasjoner. Du kan ogs\u00e5 kombinere flere hyller og lage forskjellige m\u00f8nstre p\u00e5 veggen for et lekent og moderne uttrykk. Kombiner gjerne med blomsterkroker for \u00e5 gj\u00f8re rommet [&hellip;]","og_url":"https:\/\/babylove.se\/no\/produkt\/kids-concept-hylle-blomst-rosa\/","og_site_name":"Babylove Norska","article_modified_time":"2026-04-08T13:38:02+00:00","og_image":[{"width":800,"height":800,"url":"https:\/\/babylove.se\/no\/wp-content\/uploads\/sites\/3\/2025\/11\/344.png","type":"image\/png"}],"twitter_card":"summary_large_image","twitter_misc":{"Price":"299,00&nbsp;&#107;&#114;","Availability":"In stock"},"schema":{"@context":"https:\/\/schema.org","@graph":[{"@type":"WebPage","@id":"https:\/\/babylove.se\/no\/produkt\/kids-concept-hylle-blomst-rosa\/","url":"https:\/\/babylove.se\/no\/produkt\/kids-concept-hylle-blomst-rosa\/","name":"Kid`s Concept, Hylle blomst rosa - Babylove Norska","isPartOf":{"@id":"https:\/\/babylove.se\/no\/#website"},"primaryImageOfPage":{"@id":"https:\/\/babylove.se\/no\/produkt\/kids-concept-hylle-blomst-rosa\/#primaryimage"},"image":{"@id":"https:\/\/babylove.se\/no\/produkt\/kids-concept-hylle-blomst-rosa\/#primaryimage"},"thumbnailUrl":"https:\/\/babylove.se\/no\/wp-content\/uploads\/sites\/3\/2025\/11\/344.png","datePublished":"2025-11-18T09:34:34+00:00","dateModified":"2026-04-08T13:38:02+00:00","breadcrumb":{"@id":"https:\/\/babylove.se\/no\/produkt\/kids-concept-hylle-blomst-rosa\/#breadcrumb"},"inLanguage":"nb-NO","potentialAction":[{"@type":"ReadAction","target":["https:\/\/babylove.se\/no\/produkt\/kids-concept-hylle-blomst-rosa\/"]}]},{"@type":"ImageObject","inLanguage":"nb-NO","@id":"https:\/\/babylove.se\/no\/produkt\/kids-concept-hylle-blomst-rosa\/#primaryimage","url":"https:\/\/babylove.se\/no\/wp-content\/uploads\/sites\/3\/2025\/11\/344.png","contentUrl":"https:\/\/babylove.se\/no\/wp-content\/uploads\/sites\/3\/2025\/11\/344.png","width":800,"height":800},{"@type":"BreadcrumbList","@id":"https:\/\/babylove.se\/no\/produkt\/kids-concept-hylle-blomst-rosa\/#breadcrumb","itemListElement":[{"@type":"ListItem","position":1,"name":"Hem","item":"https:\/\/babylove.se\/no\/"},{"@type":"ListItem","position":2,"name":"Butik","item":"https:\/\/babylove.se\/no\/butik\/"},{"@type":"ListItem","position":3,"name":"Kid`s Concept, Hylle blomst rosa"}]},{"@type":"WebSite","@id":"https:\/\/babylove.se\/no\/#website","url":"https:\/\/babylove.se\/no\/","name":"Babylove Norska","description":"","potentialAction":[{"@type":"SearchAction","target":{"@type":"EntryPoint","urlTemplate":"https:\/\/babylove.se\/no\/?s={search_term_string}"},"query-input":{"@type":"PropertyValueSpecification","valueRequired":true,"valueName":"search_term_string"}}],"inLanguage":"nb-NO"}]},"product_price_amount":"299.00","product_price_currency":"SEK","og_availability":"instock","product_availability":"instock","product_retailer_item_id":"1000972","product_condition":"new"},"_links":{"self":[{"href":"https:\/\/babylove.se\/no\/wp-json\/wp\/v2\/product\/81315","targetHints":{"allow":["GET"]}}],"collection":[{"href":"https:\/\/babylove.se\/no\/wp-json\/wp\/v2\/product"}],"about":[{"href":"https:\/\/babylove.se\/no\/wp-json\/wp\/v2\/types\/product"}],"replies":[{"embeddable":true,"href":"https:\/\/babylove.se\/no\/wp-json\/wp\/v2\/comments?post=81315"}],"wp:featuredmedia":[{"embeddable":true,"href":"https:\/\/babylove.se\/no\/wp-json\/wp\/v2\/media\/81316"}],"wp:attachment":[{"href":"https:\/\/babylove.se\/no\/wp-json\/wp\/v2\/media?parent=81315"}],"wp:term":[{"taxonomy":"product_brand","embeddable":true,"href":"https:\/\/babylove.se\/no\/wp-json\/wp\/v2\/product_brand?post=81315"},{"taxonomy":"product_cat","embeddable":true,"href":"https:\/\/babylove.se\/no\/wp-json\/wp\/v2\/product_cat?post=81315"},{"taxonomy":"product_tag","embeddable":true,"href":"https:\/\/babylove.se\/no\/wp-json\/wp\/v2\/product_tag?post=81315"}],"curies":[{"name":"wp","href":"https:\/\/api.w.org\/{rel}","templated":true}]}}