{"id":81331,"date":"2025-11-18T11:00:22","date_gmt":"2025-11-18T10:00:22","guid":{"rendered":"https:\/\/babylove.se\/?post_type=product&#038;p=81331"},"modified":"2026-04-08T14:38:11","modified_gmt":"2026-04-08T13:38:11","slug":"kids-concept-hylle-sirkel-bla","status":"publish","type":"product","link":"https:\/\/babylove.se\/no\/produkt\/kids-concept-hylle-sirkel-bla\/","title":{"rendered":"Kid`s Concept, hylle sirkel bl\u00e5"},"content":{"rendered":"<p data-start=\"52\" data-end=\"276\">n liten, dekorativ og funksjonell hylle som kan dreies 180 grader og brukes b\u00e5de med eller uten krok. Kombiner flere hyller i forskjellige farger \u2013 enten side ved side eller i kreative m\u00f8nstre \u2013 for \u00e5 gi rommet et l\u00f8ft.<\/p>\n<p data-start=\"278\" data-end=\"705\">Hyllen er perfekt for \u00e5 vise frem pyntegjenstander eller din favorittbamse. Den kan ogs\u00e5 brukes som henger ved hjelp av den medf\u00f8lgende kroken. P\u00e5 baksiden finnes en forberedt plass som gj\u00f8r det enkelt \u00e5 bore hull og montere kroken. Hyllen har skjulte fester\/n\u00f8kkelhullsoppheng som gir et stilrent og ryddig utseende p\u00e5 veggen. Merk at skruer ikke f\u00f8lger med, da riktig veggfeste m\u00e5 tilpasses etter din veggtype.<\/p>\n<p data-start=\"707\" data-end=\"1131\" data-is-last-node=\"\" data-is-only-node=\"\"><strong data-start=\"707\" data-end=\"717\">Ekstra:<\/strong><br data-start=\"717\" data-end=\"720\" \/>Med hyllen f\u00f8lger &#8220;solstr\u00e5le&#8221;-klistremerker i et selvklebende materiale med satinfinish, som du plasserer rundt hyllen for \u00e5 skape en dekorativ og i\u00f8ynefallende effekt. Klistremerkene gir et grafisk midtpunkt i rommet og er enkle \u00e5 sette opp og ta av. Test alltid p\u00e5 en skjult flate f\u00f8r full p\u00e5f\u00f8ring. De g\u00e5r som regel \u00e5 fjerne fra tapeter og malte vegger, men resultatet kan variere avhengig av underlaget.<\/p>\n<p data-start=\"707\" data-end=\"1131\" data-is-last-node=\"\" data-is-only-node=\"\"><span class=\"measurement-tab__list-item-name\">Produktm\u00e5l cm (LxBxH): <\/span><span class=\"measurement-tab__list-item-value\">30 x 12 x 16<\/span><\/p>\n<p data-start=\"707\" data-end=\"1131\" data-is-last-node=\"\" data-is-only-node=\"\">Dybde hylleplan: 10,5cm.<\/p>\n<p data-start=\"707\" data-end=\"1131\" data-is-last-node=\"\" data-is-only-node=\"\">Hylle: FSC-sertifisert MDF. Krok: FSC-sertifisert schima.<\/p>\n","protected":false},"excerpt":{"rendered":"<p>n liten, dekorativ og funksjonell hylle som kan dreies 180 grader og brukes b\u00e5de med eller uten krok. Kombiner flere hyller i forskjellige farger \u2013 enten side ved side eller i kreative m\u00f8nstre \u2013 for \u00e5 gi rommet et l\u00f8ft. Hyllen er perfekt for \u00e5 vise frem pyntegjenstander eller din favorittbamse. Den kan ogs\u00e5 brukes [&hellip;]<\/p>\n","protected":false},"featured_media":81332,"comment_status":"closed","ping_status":"closed","template":"","meta":{"_acf_changed":false},"product_brand":[],"product_cat":[87,321,922,43],"product_tag":[],"class_list":{"0":"post-81331","1":"product","2":"type-product","3":"status-publish","4":"has-post-thumbnail","6":"product_cat-hyller","7":"product_cat-kids-concept","8":"product_cat-nyheter","9":"product_cat-oppbevaringskurver","11":"first","12":"instock","13":"taxable","14":"shipping-taxable","15":"purchasable","16":"product-type-simple"},"acf":[],"yoast_head":"<!-- This site is optimized with the Yoast SEO Premium plugin v25.8 (Yoast SEO v27.2) - https:\/\/yoast.com\/product\/yoast-seo-premium-wordpress\/ -->\n<title>Kid`s Concept, hylle sirkel bl\u00e5 - Babylove Norska<\/title>\n<meta name=\"robots\" content=\"noindex, follow, max-snippet:-1, max-image-preview:large, max-video-preview:-1\" \/>\n<meta property=\"og:locale\" content=\"nb_NO\" \/>\n<meta property=\"og:type\" content=\"article\" \/>\n<meta property=\"og:title\" content=\"Kid`s Concept, hylle sirkel bl\u00e5\" \/>\n<meta property=\"og:description\" content=\"n liten, dekorativ og funksjonell hylle som kan dreies 180 grader og brukes b\u00e5de med eller uten krok. Kombiner flere hyller i forskjellige farger \u2013 enten side ved side eller i kreative m\u00f8nstre \u2013 for \u00e5 gi rommet et l\u00f8ft. Hyllen er perfekt for \u00e5 vise frem pyntegjenstander eller din favorittbamse. Den kan ogs\u00e5 brukes [&hellip;]\" \/>\n<meta property=\"og:url\" content=\"https:\/\/babylove.se\/no\/produkt\/kids-concept-hylle-sirkel-bla\/\" \/>\n<meta property=\"og:site_name\" content=\"Babylove Norska\" \/>\n<meta property=\"article:modified_time\" content=\"2026-04-08T13:38:11+00:00\" \/>\n<meta property=\"og:image\" content=\"https:\/\/babylove.se\/no\/wp-content\/uploads\/sites\/3\/2025\/11\/357.png\" \/>\n\t<meta property=\"og:image:width\" content=\"800\" \/>\n\t<meta property=\"og:image:height\" content=\"800\" \/>\n\t<meta property=\"og:image:type\" content=\"image\/png\" \/>\n<meta name=\"twitter:card\" content=\"summary_large_image\" \/>\n<meta name=\"twitter:label1\" content=\"Price\" \/>\n\t<meta name=\"twitter:data1\" content=\"299,00&nbsp;&#107;&#114;\" \/>\n\t<meta name=\"twitter:label2\" content=\"Availability\" \/>\n\t<meta name=\"twitter:data2\" content=\"In stock\" \/>\n<script type=\"application\/ld+json\" class=\"yoast-schema-graph\">{\"@context\":\"https:\/\/schema.org\",\"@graph\":[{\"@type\":\"WebPage\",\"@id\":\"https:\/\/babylove.se\/no\/produkt\/kids-concept-hylle-sirkel-bla\/\",\"url\":\"https:\/\/babylove.se\/no\/produkt\/kids-concept-hylle-sirkel-bla\/\",\"name\":\"Kid`s Concept, hylle sirkel bl\u00e5 - Babylove Norska\",\"isPartOf\":{\"@id\":\"https:\/\/babylove.se\/no\/#website\"},\"primaryImageOfPage\":{\"@id\":\"https:\/\/babylove.se\/no\/produkt\/kids-concept-hylle-sirkel-bla\/#primaryimage\"},\"image\":{\"@id\":\"https:\/\/babylove.se\/no\/produkt\/kids-concept-hylle-sirkel-bla\/#primaryimage\"},\"thumbnailUrl\":\"https:\/\/babylove.se\/no\/wp-content\/uploads\/sites\/3\/2025\/11\/357.png\",\"datePublished\":\"2025-11-18T10:00:22+00:00\",\"dateModified\":\"2026-04-08T13:38:11+00:00\",\"breadcrumb\":{\"@id\":\"https:\/\/babylove.se\/no\/produkt\/kids-concept-hylle-sirkel-bla\/#breadcrumb\"},\"inLanguage\":\"nb-NO\",\"potentialAction\":[{\"@type\":\"ReadAction\",\"target\":[\"https:\/\/babylove.se\/no\/produkt\/kids-concept-hylle-sirkel-bla\/\"]}]},{\"@type\":\"ImageObject\",\"inLanguage\":\"nb-NO\",\"@id\":\"https:\/\/babylove.se\/no\/produkt\/kids-concept-hylle-sirkel-bla\/#primaryimage\",\"url\":\"https:\/\/babylove.se\/no\/wp-content\/uploads\/sites\/3\/2025\/11\/357.png\",\"contentUrl\":\"https:\/\/babylove.se\/no\/wp-content\/uploads\/sites\/3\/2025\/11\/357.png\",\"width\":800,\"height\":800},{\"@type\":\"BreadcrumbList\",\"@id\":\"https:\/\/babylove.se\/no\/produkt\/kids-concept-hylle-sirkel-bla\/#breadcrumb\",\"itemListElement\":[{\"@type\":\"ListItem\",\"position\":1,\"name\":\"Hem\",\"item\":\"https:\/\/babylove.se\/no\/\"},{\"@type\":\"ListItem\",\"position\":2,\"name\":\"Butik\",\"item\":\"https:\/\/babylove.se\/no\/butik\/\"},{\"@type\":\"ListItem\",\"position\":3,\"name\":\"Kid`s Concept, hylle sirkel bl\u00e5\"}]},{\"@type\":\"WebSite\",\"@id\":\"https:\/\/babylove.se\/no\/#website\",\"url\":\"https:\/\/babylove.se\/no\/\",\"name\":\"Babylove Norska\",\"description\":\"\",\"potentialAction\":[{\"@type\":\"SearchAction\",\"target\":{\"@type\":\"EntryPoint\",\"urlTemplate\":\"https:\/\/babylove.se\/no\/?s={search_term_string}\"},\"query-input\":{\"@type\":\"PropertyValueSpecification\",\"valueRequired\":true,\"valueName\":\"search_term_string\"}}],\"inLanguage\":\"nb-NO\"}]}<\/script>\n<meta property=\"product:price:amount\" content=\"299.00\" \/>\n<meta property=\"product:price:currency\" content=\"SEK\" \/>\n<meta property=\"og:availability\" content=\"instock\" \/>\n<meta property=\"product:availability\" content=\"instock\" \/>\n<meta property=\"product:retailer_item_id\" content=\"1000975\" \/>\n<meta property=\"product:condition\" content=\"new\" \/>\n<!-- \/ Yoast SEO Premium plugin. -->","yoast_head_json":{"title":"Kid`s Concept, hylle sirkel bl\u00e5 - Babylove Norska","robots":{"index":"noindex","follow":"follow","max-snippet":"max-snippet:-1","max-image-preview":"max-image-preview:large","max-video-preview":"max-video-preview:-1"},"og_locale":"nb_NO","og_type":"article","og_title":"Kid`s Concept, hylle sirkel bl\u00e5","og_description":"n liten, dekorativ og funksjonell hylle som kan dreies 180 grader og brukes b\u00e5de med eller uten krok. Kombiner flere hyller i forskjellige farger \u2013 enten side ved side eller i kreative m\u00f8nstre \u2013 for \u00e5 gi rommet et l\u00f8ft. Hyllen er perfekt for \u00e5 vise frem pyntegjenstander eller din favorittbamse. Den kan ogs\u00e5 brukes [&hellip;]","og_url":"https:\/\/babylove.se\/no\/produkt\/kids-concept-hylle-sirkel-bla\/","og_site_name":"Babylove Norska","article_modified_time":"2026-04-08T13:38:11+00:00","og_image":[{"width":800,"height":800,"url":"https:\/\/babylove.se\/no\/wp-content\/uploads\/sites\/3\/2025\/11\/357.png","type":"image\/png"}],"twitter_card":"summary_large_image","twitter_misc":{"Price":"299,00&nbsp;&#107;&#114;","Availability":"In stock"},"schema":{"@context":"https:\/\/schema.org","@graph":[{"@type":"WebPage","@id":"https:\/\/babylove.se\/no\/produkt\/kids-concept-hylle-sirkel-bla\/","url":"https:\/\/babylove.se\/no\/produkt\/kids-concept-hylle-sirkel-bla\/","name":"Kid`s Concept, hylle sirkel bl\u00e5 - Babylove Norska","isPartOf":{"@id":"https:\/\/babylove.se\/no\/#website"},"primaryImageOfPage":{"@id":"https:\/\/babylove.se\/no\/produkt\/kids-concept-hylle-sirkel-bla\/#primaryimage"},"image":{"@id":"https:\/\/babylove.se\/no\/produkt\/kids-concept-hylle-sirkel-bla\/#primaryimage"},"thumbnailUrl":"https:\/\/babylove.se\/no\/wp-content\/uploads\/sites\/3\/2025\/11\/357.png","datePublished":"2025-11-18T10:00:22+00:00","dateModified":"2026-04-08T13:38:11+00:00","breadcrumb":{"@id":"https:\/\/babylove.se\/no\/produkt\/kids-concept-hylle-sirkel-bla\/#breadcrumb"},"inLanguage":"nb-NO","potentialAction":[{"@type":"ReadAction","target":["https:\/\/babylove.se\/no\/produkt\/kids-concept-hylle-sirkel-bla\/"]}]},{"@type":"ImageObject","inLanguage":"nb-NO","@id":"https:\/\/babylove.se\/no\/produkt\/kids-concept-hylle-sirkel-bla\/#primaryimage","url":"https:\/\/babylove.se\/no\/wp-content\/uploads\/sites\/3\/2025\/11\/357.png","contentUrl":"https:\/\/babylove.se\/no\/wp-content\/uploads\/sites\/3\/2025\/11\/357.png","width":800,"height":800},{"@type":"BreadcrumbList","@id":"https:\/\/babylove.se\/no\/produkt\/kids-concept-hylle-sirkel-bla\/#breadcrumb","itemListElement":[{"@type":"ListItem","position":1,"name":"Hem","item":"https:\/\/babylove.se\/no\/"},{"@type":"ListItem","position":2,"name":"Butik","item":"https:\/\/babylove.se\/no\/butik\/"},{"@type":"ListItem","position":3,"name":"Kid`s Concept, hylle sirkel bl\u00e5"}]},{"@type":"WebSite","@id":"https:\/\/babylove.se\/no\/#website","url":"https:\/\/babylove.se\/no\/","name":"Babylove Norska","description":"","potentialAction":[{"@type":"SearchAction","target":{"@type":"EntryPoint","urlTemplate":"https:\/\/babylove.se\/no\/?s={search_term_string}"},"query-input":{"@type":"PropertyValueSpecification","valueRequired":true,"valueName":"search_term_string"}}],"inLanguage":"nb-NO"}]},"product_price_amount":"299.00","product_price_currency":"SEK","og_availability":"instock","product_availability":"instock","product_retailer_item_id":"1000975","product_condition":"new"},"_links":{"self":[{"href":"https:\/\/babylove.se\/no\/wp-json\/wp\/v2\/product\/81331","targetHints":{"allow":["GET"]}}],"collection":[{"href":"https:\/\/babylove.se\/no\/wp-json\/wp\/v2\/product"}],"about":[{"href":"https:\/\/babylove.se\/no\/wp-json\/wp\/v2\/types\/product"}],"replies":[{"embeddable":true,"href":"https:\/\/babylove.se\/no\/wp-json\/wp\/v2\/comments?post=81331"}],"wp:featuredmedia":[{"embeddable":true,"href":"https:\/\/babylove.se\/no\/wp-json\/wp\/v2\/media\/81332"}],"wp:attachment":[{"href":"https:\/\/babylove.se\/no\/wp-json\/wp\/v2\/media?parent=81331"}],"wp:term":[{"taxonomy":"product_brand","embeddable":true,"href":"https:\/\/babylove.se\/no\/wp-json\/wp\/v2\/product_brand?post=81331"},{"taxonomy":"product_cat","embeddable":true,"href":"https:\/\/babylove.se\/no\/wp-json\/wp\/v2\/product_cat?post=81331"},{"taxonomy":"product_tag","embeddable":true,"href":"https:\/\/babylove.se\/no\/wp-json\/wp\/v2\/product_tag?post=81331"}],"curies":[{"name":"wp","href":"https:\/\/api.w.org\/{rel}","templated":true}]}}