{"id":81341,"date":"2025-11-18T11:08:49","date_gmt":"2025-11-18T10:08:49","guid":{"rendered":"https:\/\/babylove.se\/?post_type=product&#038;p=81341"},"modified":"2026-04-08T14:38:17","modified_gmt":"2026-04-08T13:38:17","slug":"kids-concept-sirkel-bla-inkl-sticker","status":"publish","type":"product","link":"https:\/\/babylove.se\/no\/produkt\/kids-concept-sirkel-bla-inkl-sticker\/","title":{"rendered":"Kid`s Concept, sirkel bl\u00e5 inkl sticker"},"content":{"rendered":"<p data-start=\"58\" data-end=\"342\">Denne lille, dekorative og allsidige hyllen tilbyr flere smarte designmuligheter. Du kan rotere den 180 grader og bruke den b\u00e5de med eller uten krok, avhengig av hvilket behov du har. Kombiner gjerne flere hyller i forskjellige farger for \u00e5 skape en ny og personlig f\u00f8lelse i rommet.<\/p>\n<p data-start=\"344\" data-end=\"529\"><strong data-start=\"344\" data-end=\"365\">N\u00f8kkelfunksjoner:<\/strong><br data-start=\"365\" data-end=\"368\" \/>\u2022 Kompakt men romslig \u2013 perfekt ogs\u00e5 for sm\u00e5 rom.<br data-start=\"421\" data-end=\"424\" \/>\u2022 Fleksibel bruk \u2013 roter hyllen og legg til kroken ved behov.<br data-start=\"493\" data-end=\"496\" \/>\u2022 Inkluderer dekorative klistremerker.<\/p>\n<p data-start=\"531\" data-end=\"926\">Hyllen passer utmerket for \u00e5 vise frem sm\u00e5 dekorasjoner eller leker. Hvis du vil kan du montere den medf\u00f8lgende kroken for ekstra funksjon. P\u00e5 baksiden finnes en markering for plassering av kroken \u2013 bruk et 4 mm trebor og lag et gjennomg\u00e5ende hull bakfra for \u00e5 kunne feste den. Hyllen er utstyrt med skjulte fester og n\u00f8kkelhullsoppheng som gir et pent og stilrent uttrykk p\u00e5 veggen.<\/p>\n<p data-start=\"928\" data-end=\"1267\">I tillegg f\u00f8lger det med &#8220;solstr\u00e5le&#8221;-klistremerker i et selvklebende materiale med satinfinish. Plasser dem rundt hyllen for \u00e5 skape en leken og grafisk effekt. Klistremerkene er enkle \u00e5 sette p\u00e5 og ta av. Test alltid p\u00e5 en skjult overflate f\u00f8r full applicering. De kan vanligvis fjernes fra tapet og malte vegger, men det avhenger av underlaget.<\/p>\n<p data-start=\"1269\" data-end=\"1344\" data-is-last-node=\"\" data-is-only-node=\"\"><strong data-start=\"1269\" data-end=\"1283\">Merk:<\/strong> Skruer er ikke inkludert \u2013 velg veggfester som passer din veggtype.<\/p>\n<p data-start=\"1269\" data-end=\"1344\" data-is-last-node=\"\" data-is-only-node=\"\"><span class=\"measurement-tab__list-item-name\">Produktm\u00e5l cm (LxBxH): <\/span><span class=\"measurement-tab__list-item-value\">30 x 12 x 16<\/span><\/p>\n<p data-start=\"1269\" data-end=\"1344\" data-is-last-node=\"\" data-is-only-node=\"\"><span class=\"measurement-tab__list-item-name\">Andre m\u00e5l: <\/span><span class=\"measurement-tab__list-item-value\">Dybde hylleplan: 10,5cm<\/span><\/p>\n<p data-start=\"1269\" data-end=\"1344\" data-is-last-node=\"\" data-is-only-node=\"\">Hylle: FSC-sertifisert MDF. Krok: FSC-sertifisert schima.<\/p>\n","protected":false},"excerpt":{"rendered":"<p>Denne lille, dekorative og allsidige hyllen tilbyr flere smarte designmuligheter. Du kan rotere den 180 grader og bruke den b\u00e5de med eller uten krok, avhengig av hvilket behov du har. Kombiner gjerne flere hyller i forskjellige farger for \u00e5 skape en ny og personlig f\u00f8lelse i rommet. N\u00f8kkelfunksjoner:\u2022 Kompakt men romslig \u2013 perfekt ogs\u00e5 for [&hellip;]<\/p>\n","protected":false},"featured_media":81342,"comment_status":"closed","ping_status":"closed","template":"","meta":{"_acf_changed":false},"product_brand":[],"product_cat":[87,321,922,43],"product_tag":[],"class_list":{"0":"post-81341","1":"product","2":"type-product","3":"status-publish","4":"has-post-thumbnail","6":"product_cat-hyller","7":"product_cat-kids-concept","8":"product_cat-nyheter","9":"product_cat-oppbevaringskurver","11":"first","12":"instock","13":"taxable","14":"shipping-taxable","15":"purchasable","16":"product-type-simple"},"acf":[],"yoast_head":"<!-- This site is optimized with the Yoast SEO Premium plugin v25.8 (Yoast SEO v27.2) - https:\/\/yoast.com\/product\/yoast-seo-premium-wordpress\/ -->\n<title>Kid`s Concept, sirkel bl\u00e5 inkl sticker - Babylove Norska<\/title>\n<meta name=\"robots\" content=\"noindex, follow, max-snippet:-1, max-image-preview:large, max-video-preview:-1\" \/>\n<meta property=\"og:locale\" content=\"nb_NO\" \/>\n<meta property=\"og:type\" content=\"article\" \/>\n<meta property=\"og:title\" content=\"Kid`s Concept, sirkel bl\u00e5 inkl sticker\" \/>\n<meta property=\"og:description\" content=\"Denne lille, dekorative og allsidige hyllen tilbyr flere smarte designmuligheter. Du kan rotere den 180 grader og bruke den b\u00e5de med eller uten krok, avhengig av hvilket behov du har. Kombiner gjerne flere hyller i forskjellige farger for \u00e5 skape en ny og personlig f\u00f8lelse i rommet. N\u00f8kkelfunksjoner:\u2022 Kompakt men romslig \u2013 perfekt ogs\u00e5 for [&hellip;]\" \/>\n<meta property=\"og:url\" content=\"https:\/\/babylove.se\/no\/produkt\/kids-concept-sirkel-bla-inkl-sticker\/\" \/>\n<meta property=\"og:site_name\" content=\"Babylove Norska\" \/>\n<meta property=\"article:modified_time\" content=\"2026-04-08T13:38:17+00:00\" \/>\n<meta property=\"og:image\" content=\"https:\/\/babylove.se\/no\/wp-content\/uploads\/sites\/3\/2025\/11\/365.png\" \/>\n\t<meta property=\"og:image:width\" content=\"800\" \/>\n\t<meta property=\"og:image:height\" content=\"800\" \/>\n\t<meta property=\"og:image:type\" content=\"image\/png\" \/>\n<meta name=\"twitter:card\" content=\"summary_large_image\" \/>\n<meta name=\"twitter:label1\" content=\"Price\" \/>\n\t<meta name=\"twitter:data1\" content=\"349,00&nbsp;&#107;&#114;\" \/>\n\t<meta name=\"twitter:label2\" content=\"Availability\" \/>\n\t<meta name=\"twitter:data2\" content=\"In stock\" \/>\n<script type=\"application\/ld+json\" class=\"yoast-schema-graph\">{\"@context\":\"https:\/\/schema.org\",\"@graph\":[{\"@type\":\"WebPage\",\"@id\":\"https:\/\/babylove.se\/no\/produkt\/kids-concept-sirkel-bla-inkl-sticker\/\",\"url\":\"https:\/\/babylove.se\/no\/produkt\/kids-concept-sirkel-bla-inkl-sticker\/\",\"name\":\"Kid`s Concept, sirkel bl\u00e5 inkl sticker - Babylove Norska\",\"isPartOf\":{\"@id\":\"https:\/\/babylove.se\/no\/#website\"},\"primaryImageOfPage\":{\"@id\":\"https:\/\/babylove.se\/no\/produkt\/kids-concept-sirkel-bla-inkl-sticker\/#primaryimage\"},\"image\":{\"@id\":\"https:\/\/babylove.se\/no\/produkt\/kids-concept-sirkel-bla-inkl-sticker\/#primaryimage\"},\"thumbnailUrl\":\"https:\/\/babylove.se\/no\/wp-content\/uploads\/sites\/3\/2025\/11\/365.png\",\"datePublished\":\"2025-11-18T10:08:49+00:00\",\"dateModified\":\"2026-04-08T13:38:17+00:00\",\"breadcrumb\":{\"@id\":\"https:\/\/babylove.se\/no\/produkt\/kids-concept-sirkel-bla-inkl-sticker\/#breadcrumb\"},\"inLanguage\":\"nb-NO\",\"potentialAction\":[{\"@type\":\"ReadAction\",\"target\":[\"https:\/\/babylove.se\/no\/produkt\/kids-concept-sirkel-bla-inkl-sticker\/\"]}]},{\"@type\":\"ImageObject\",\"inLanguage\":\"nb-NO\",\"@id\":\"https:\/\/babylove.se\/no\/produkt\/kids-concept-sirkel-bla-inkl-sticker\/#primaryimage\",\"url\":\"https:\/\/babylove.se\/no\/wp-content\/uploads\/sites\/3\/2025\/11\/365.png\",\"contentUrl\":\"https:\/\/babylove.se\/no\/wp-content\/uploads\/sites\/3\/2025\/11\/365.png\",\"width\":800,\"height\":800},{\"@type\":\"BreadcrumbList\",\"@id\":\"https:\/\/babylove.se\/no\/produkt\/kids-concept-sirkel-bla-inkl-sticker\/#breadcrumb\",\"itemListElement\":[{\"@type\":\"ListItem\",\"position\":1,\"name\":\"Hem\",\"item\":\"https:\/\/babylove.se\/no\/\"},{\"@type\":\"ListItem\",\"position\":2,\"name\":\"Butik\",\"item\":\"https:\/\/babylove.se\/no\/butik\/\"},{\"@type\":\"ListItem\",\"position\":3,\"name\":\"Kid`s Concept, sirkel bl\u00e5 inkl sticker\"}]},{\"@type\":\"WebSite\",\"@id\":\"https:\/\/babylove.se\/no\/#website\",\"url\":\"https:\/\/babylove.se\/no\/\",\"name\":\"Babylove Norska\",\"description\":\"\",\"potentialAction\":[{\"@type\":\"SearchAction\",\"target\":{\"@type\":\"EntryPoint\",\"urlTemplate\":\"https:\/\/babylove.se\/no\/?s={search_term_string}\"},\"query-input\":{\"@type\":\"PropertyValueSpecification\",\"valueRequired\":true,\"valueName\":\"search_term_string\"}}],\"inLanguage\":\"nb-NO\"}]}<\/script>\n<meta property=\"product:price:amount\" content=\"349.00\" \/>\n<meta property=\"product:price:currency\" content=\"SEK\" \/>\n<meta property=\"og:availability\" content=\"instock\" \/>\n<meta property=\"product:availability\" content=\"instock\" \/>\n<meta property=\"product:retailer_item_id\" content=\"1000979\" \/>\n<meta property=\"product:condition\" content=\"new\" \/>\n<!-- \/ Yoast SEO Premium plugin. -->","yoast_head_json":{"title":"Kid`s Concept, sirkel bl\u00e5 inkl sticker - Babylove Norska","robots":{"index":"noindex","follow":"follow","max-snippet":"max-snippet:-1","max-image-preview":"max-image-preview:large","max-video-preview":"max-video-preview:-1"},"og_locale":"nb_NO","og_type":"article","og_title":"Kid`s Concept, sirkel bl\u00e5 inkl sticker","og_description":"Denne lille, dekorative og allsidige hyllen tilbyr flere smarte designmuligheter. Du kan rotere den 180 grader og bruke den b\u00e5de med eller uten krok, avhengig av hvilket behov du har. Kombiner gjerne flere hyller i forskjellige farger for \u00e5 skape en ny og personlig f\u00f8lelse i rommet. N\u00f8kkelfunksjoner:\u2022 Kompakt men romslig \u2013 perfekt ogs\u00e5 for [&hellip;]","og_url":"https:\/\/babylove.se\/no\/produkt\/kids-concept-sirkel-bla-inkl-sticker\/","og_site_name":"Babylove Norska","article_modified_time":"2026-04-08T13:38:17+00:00","og_image":[{"width":800,"height":800,"url":"https:\/\/babylove.se\/no\/wp-content\/uploads\/sites\/3\/2025\/11\/365.png","type":"image\/png"}],"twitter_card":"summary_large_image","twitter_misc":{"Price":"349,00&nbsp;&#107;&#114;","Availability":"In stock"},"schema":{"@context":"https:\/\/schema.org","@graph":[{"@type":"WebPage","@id":"https:\/\/babylove.se\/no\/produkt\/kids-concept-sirkel-bla-inkl-sticker\/","url":"https:\/\/babylove.se\/no\/produkt\/kids-concept-sirkel-bla-inkl-sticker\/","name":"Kid`s Concept, sirkel bl\u00e5 inkl sticker - Babylove Norska","isPartOf":{"@id":"https:\/\/babylove.se\/no\/#website"},"primaryImageOfPage":{"@id":"https:\/\/babylove.se\/no\/produkt\/kids-concept-sirkel-bla-inkl-sticker\/#primaryimage"},"image":{"@id":"https:\/\/babylove.se\/no\/produkt\/kids-concept-sirkel-bla-inkl-sticker\/#primaryimage"},"thumbnailUrl":"https:\/\/babylove.se\/no\/wp-content\/uploads\/sites\/3\/2025\/11\/365.png","datePublished":"2025-11-18T10:08:49+00:00","dateModified":"2026-04-08T13:38:17+00:00","breadcrumb":{"@id":"https:\/\/babylove.se\/no\/produkt\/kids-concept-sirkel-bla-inkl-sticker\/#breadcrumb"},"inLanguage":"nb-NO","potentialAction":[{"@type":"ReadAction","target":["https:\/\/babylove.se\/no\/produkt\/kids-concept-sirkel-bla-inkl-sticker\/"]}]},{"@type":"ImageObject","inLanguage":"nb-NO","@id":"https:\/\/babylove.se\/no\/produkt\/kids-concept-sirkel-bla-inkl-sticker\/#primaryimage","url":"https:\/\/babylove.se\/no\/wp-content\/uploads\/sites\/3\/2025\/11\/365.png","contentUrl":"https:\/\/babylove.se\/no\/wp-content\/uploads\/sites\/3\/2025\/11\/365.png","width":800,"height":800},{"@type":"BreadcrumbList","@id":"https:\/\/babylove.se\/no\/produkt\/kids-concept-sirkel-bla-inkl-sticker\/#breadcrumb","itemListElement":[{"@type":"ListItem","position":1,"name":"Hem","item":"https:\/\/babylove.se\/no\/"},{"@type":"ListItem","position":2,"name":"Butik","item":"https:\/\/babylove.se\/no\/butik\/"},{"@type":"ListItem","position":3,"name":"Kid`s Concept, sirkel bl\u00e5 inkl sticker"}]},{"@type":"WebSite","@id":"https:\/\/babylove.se\/no\/#website","url":"https:\/\/babylove.se\/no\/","name":"Babylove Norska","description":"","potentialAction":[{"@type":"SearchAction","target":{"@type":"EntryPoint","urlTemplate":"https:\/\/babylove.se\/no\/?s={search_term_string}"},"query-input":{"@type":"PropertyValueSpecification","valueRequired":true,"valueName":"search_term_string"}}],"inLanguage":"nb-NO"}]},"product_price_amount":"349.00","product_price_currency":"SEK","og_availability":"instock","product_availability":"instock","product_retailer_item_id":"1000979","product_condition":"new"},"_links":{"self":[{"href":"https:\/\/babylove.se\/no\/wp-json\/wp\/v2\/product\/81341","targetHints":{"allow":["GET"]}}],"collection":[{"href":"https:\/\/babylove.se\/no\/wp-json\/wp\/v2\/product"}],"about":[{"href":"https:\/\/babylove.se\/no\/wp-json\/wp\/v2\/types\/product"}],"replies":[{"embeddable":true,"href":"https:\/\/babylove.se\/no\/wp-json\/wp\/v2\/comments?post=81341"}],"wp:featuredmedia":[{"embeddable":true,"href":"https:\/\/babylove.se\/no\/wp-json\/wp\/v2\/media\/81342"}],"wp:attachment":[{"href":"https:\/\/babylove.se\/no\/wp-json\/wp\/v2\/media?parent=81341"}],"wp:term":[{"taxonomy":"product_brand","embeddable":true,"href":"https:\/\/babylove.se\/no\/wp-json\/wp\/v2\/product_brand?post=81341"},{"taxonomy":"product_cat","embeddable":true,"href":"https:\/\/babylove.se\/no\/wp-json\/wp\/v2\/product_cat?post=81341"},{"taxonomy":"product_tag","embeddable":true,"href":"https:\/\/babylove.se\/no\/wp-json\/wp\/v2\/product_tag?post=81341"}],"curies":[{"name":"wp","href":"https:\/\/api.w.org\/{rel}","templated":true}]}}