{"id":81345,"date":"2025-11-18T11:24:47","date_gmt":"2025-11-18T10:24:47","guid":{"rendered":"https:\/\/babylove.se\/?post_type=product&#038;p=81345"},"modified":"2026-04-08T14:38:19","modified_gmt":"2026-04-08T13:38:19","slug":"kids-concept-bokhylle-gra-sennep","status":"publish","type":"product","link":"https:\/\/babylove.se\/no\/produkt\/kids-concept-bokhylle-gra-sennep\/","title":{"rendered":"Kid`s Concept, Bokhylle gr\u00e5 sennep"},"content":{"rendered":"<p data-start=\"56\" data-end=\"291\">V\u00e5r vegghylle er perfekt for \u00e5 vise frem b\u00e5de b\u00f8ker og kosedyr. Det fremre rekkverket holder b\u00f8kene p\u00e5 plass og gj\u00f8r det enkelt \u00e5 se hvilke titler som finnes \u00e5 velge mellom. Ogs\u00e5 oppbevaringen av kosedyr blir smidig og oversiktlig.<\/p>\n<p data-start=\"293\" data-end=\"663\" data-is-last-node=\"\" data-is-only-node=\"\">Hyllen er enkel \u00e5 montere og kan til og med plasseres bak en d\u00f8r for \u00e5 skape ekstra oppbevaring i mindre rom. Innsidene har en kontrastfarge som l\u00f8fter den rolige gr\u00e5 utsiden og gir hyllen et stilrent uttrykk. En praktisk og dekorativ l\u00f8sning som hjelper til med \u00e5 organisere og fremheve barnets favorittting \u2013 og som passer like godt i hvilket rom som helst.<\/p>\n<p data-start=\"293\" data-end=\"663\" data-is-last-node=\"\" data-is-only-node=\"\"><span class=\"measurement-tab__list-item-name\">Produktm\u00e5l cm (LxBxH): <\/span><span class=\"measurement-tab__list-item-value\">12 x 60 x 100<\/span><\/p>\n<p data-start=\"293\" data-end=\"663\" data-is-last-node=\"\" data-is-only-node=\"\"><span class=\"measurement-tab__list-item-name\">\u00d8vrige m\u00e5l: <\/span><span class=\"measurement-tab__list-item-value\">Dybde hylleplan: 11,5cm<\/span><\/p>\n<p data-start=\"293\" data-end=\"663\" data-is-last-node=\"\" data-is-only-node=\"\">Hylle: FSC-sertifisert MDF. Ribbe: FSC-sertifisert poppel.<\/p>\n","protected":false},"excerpt":{"rendered":"<p>V\u00e5r vegghylle er perfekt for \u00e5 vise frem b\u00e5de b\u00f8ker og kosedyr. Det fremre rekkverket holder b\u00f8kene p\u00e5 plass og gj\u00f8r det enkelt \u00e5 se hvilke titler som finnes \u00e5 velge mellom. Ogs\u00e5 oppbevaringen av kosedyr blir smidig og oversiktlig. Hyllen er enkel \u00e5 montere og kan til og med plasseres bak en d\u00f8r for [&hellip;]<\/p>\n","protected":false},"featured_media":81347,"comment_status":"closed","ping_status":"closed","template":"","meta":{"_acf_changed":false},"product_brand":[],"product_cat":[87,321,922,43],"product_tag":[],"class_list":{"0":"post-81345","1":"product","2":"type-product","3":"status-publish","4":"has-post-thumbnail","6":"product_cat-hyller","7":"product_cat-kids-concept","8":"product_cat-nyheter","9":"product_cat-oppbevaringskurver","11":"first","12":"instock","13":"taxable","14":"shipping-taxable","15":"purchasable","16":"product-type-simple"},"acf":[],"yoast_head":"<!-- This site is optimized with the Yoast SEO Premium plugin v25.8 (Yoast SEO v27.2) - https:\/\/yoast.com\/product\/yoast-seo-premium-wordpress\/ -->\n<title>Kid`s Concept, Bokhylle gr\u00e5 sennep - Babylove Norska<\/title>\n<meta name=\"robots\" content=\"noindex, follow, max-snippet:-1, max-image-preview:large, max-video-preview:-1\" \/>\n<meta property=\"og:locale\" content=\"nb_NO\" \/>\n<meta property=\"og:type\" content=\"article\" \/>\n<meta property=\"og:title\" content=\"Kid`s Concept, Bokhylle gr\u00e5 sennep\" \/>\n<meta property=\"og:description\" content=\"V\u00e5r vegghylle er perfekt for \u00e5 vise frem b\u00e5de b\u00f8ker og kosedyr. Det fremre rekkverket holder b\u00f8kene p\u00e5 plass og gj\u00f8r det enkelt \u00e5 se hvilke titler som finnes \u00e5 velge mellom. Ogs\u00e5 oppbevaringen av kosedyr blir smidig og oversiktlig. Hyllen er enkel \u00e5 montere og kan til og med plasseres bak en d\u00f8r for [&hellip;]\" \/>\n<meta property=\"og:url\" content=\"https:\/\/babylove.se\/no\/produkt\/kids-concept-bokhylle-gra-sennep\/\" \/>\n<meta property=\"og:site_name\" content=\"Babylove Norska\" \/>\n<meta property=\"article:modified_time\" content=\"2026-04-08T13:38:19+00:00\" \/>\n<meta property=\"og:image\" content=\"https:\/\/babylove.se\/no\/wp-content\/uploads\/sites\/3\/2025\/11\/367.png\" \/>\n\t<meta property=\"og:image:width\" content=\"800\" \/>\n\t<meta property=\"og:image:height\" content=\"800\" \/>\n\t<meta property=\"og:image:type\" content=\"image\/png\" \/>\n<meta name=\"twitter:card\" content=\"summary_large_image\" \/>\n<meta name=\"twitter:label1\" content=\"Price\" \/>\n\t<meta name=\"twitter:data1\" content=\"699,00&nbsp;&#107;&#114;\" \/>\n\t<meta name=\"twitter:label2\" content=\"Availability\" \/>\n\t<meta name=\"twitter:data2\" content=\"In stock\" \/>\n<script type=\"application\/ld+json\" class=\"yoast-schema-graph\">{\"@context\":\"https:\/\/schema.org\",\"@graph\":[{\"@type\":\"WebPage\",\"@id\":\"https:\/\/babylove.se\/no\/produkt\/kids-concept-bokhylle-gra-sennep\/\",\"url\":\"https:\/\/babylove.se\/no\/produkt\/kids-concept-bokhylle-gra-sennep\/\",\"name\":\"Kid`s Concept, Bokhylle gr\u00e5 sennep - Babylove Norska\",\"isPartOf\":{\"@id\":\"https:\/\/babylove.se\/no\/#website\"},\"primaryImageOfPage\":{\"@id\":\"https:\/\/babylove.se\/no\/produkt\/kids-concept-bokhylle-gra-sennep\/#primaryimage\"},\"image\":{\"@id\":\"https:\/\/babylove.se\/no\/produkt\/kids-concept-bokhylle-gra-sennep\/#primaryimage\"},\"thumbnailUrl\":\"https:\/\/babylove.se\/no\/wp-content\/uploads\/sites\/3\/2025\/11\/367.png\",\"datePublished\":\"2025-11-18T10:24:47+00:00\",\"dateModified\":\"2026-04-08T13:38:19+00:00\",\"breadcrumb\":{\"@id\":\"https:\/\/babylove.se\/no\/produkt\/kids-concept-bokhylle-gra-sennep\/#breadcrumb\"},\"inLanguage\":\"nb-NO\",\"potentialAction\":[{\"@type\":\"ReadAction\",\"target\":[\"https:\/\/babylove.se\/no\/produkt\/kids-concept-bokhylle-gra-sennep\/\"]}]},{\"@type\":\"ImageObject\",\"inLanguage\":\"nb-NO\",\"@id\":\"https:\/\/babylove.se\/no\/produkt\/kids-concept-bokhylle-gra-sennep\/#primaryimage\",\"url\":\"https:\/\/babylove.se\/no\/wp-content\/uploads\/sites\/3\/2025\/11\/367.png\",\"contentUrl\":\"https:\/\/babylove.se\/no\/wp-content\/uploads\/sites\/3\/2025\/11\/367.png\",\"width\":800,\"height\":800},{\"@type\":\"BreadcrumbList\",\"@id\":\"https:\/\/babylove.se\/no\/produkt\/kids-concept-bokhylle-gra-sennep\/#breadcrumb\",\"itemListElement\":[{\"@type\":\"ListItem\",\"position\":1,\"name\":\"Hem\",\"item\":\"https:\/\/babylove.se\/no\/\"},{\"@type\":\"ListItem\",\"position\":2,\"name\":\"Butik\",\"item\":\"https:\/\/babylove.se\/no\/butik\/\"},{\"@type\":\"ListItem\",\"position\":3,\"name\":\"Kid`s Concept, Bokhylle gr\u00e5 sennep\"}]},{\"@type\":\"WebSite\",\"@id\":\"https:\/\/babylove.se\/no\/#website\",\"url\":\"https:\/\/babylove.se\/no\/\",\"name\":\"Babylove Norska\",\"description\":\"\",\"potentialAction\":[{\"@type\":\"SearchAction\",\"target\":{\"@type\":\"EntryPoint\",\"urlTemplate\":\"https:\/\/babylove.se\/no\/?s={search_term_string}\"},\"query-input\":{\"@type\":\"PropertyValueSpecification\",\"valueRequired\":true,\"valueName\":\"search_term_string\"}}],\"inLanguage\":\"nb-NO\"}]}<\/script>\n<meta property=\"product:price:amount\" content=\"699.00\" \/>\n<meta property=\"product:price:currency\" content=\"SEK\" \/>\n<meta property=\"og:availability\" content=\"instock\" \/>\n<meta property=\"product:availability\" content=\"instock\" \/>\n<meta property=\"product:retailer_item_id\" content=\"1000969\" \/>\n<meta property=\"product:condition\" content=\"new\" \/>\n<!-- \/ Yoast SEO Premium plugin. -->","yoast_head_json":{"title":"Kid`s Concept, Bokhylle gr\u00e5 sennep - Babylove Norska","robots":{"index":"noindex","follow":"follow","max-snippet":"max-snippet:-1","max-image-preview":"max-image-preview:large","max-video-preview":"max-video-preview:-1"},"og_locale":"nb_NO","og_type":"article","og_title":"Kid`s Concept, Bokhylle gr\u00e5 sennep","og_description":"V\u00e5r vegghylle er perfekt for \u00e5 vise frem b\u00e5de b\u00f8ker og kosedyr. Det fremre rekkverket holder b\u00f8kene p\u00e5 plass og gj\u00f8r det enkelt \u00e5 se hvilke titler som finnes \u00e5 velge mellom. Ogs\u00e5 oppbevaringen av kosedyr blir smidig og oversiktlig. Hyllen er enkel \u00e5 montere og kan til og med plasseres bak en d\u00f8r for [&hellip;]","og_url":"https:\/\/babylove.se\/no\/produkt\/kids-concept-bokhylle-gra-sennep\/","og_site_name":"Babylove Norska","article_modified_time":"2026-04-08T13:38:19+00:00","og_image":[{"width":800,"height":800,"url":"https:\/\/babylove.se\/no\/wp-content\/uploads\/sites\/3\/2025\/11\/367.png","type":"image\/png"}],"twitter_card":"summary_large_image","twitter_misc":{"Price":"699,00&nbsp;&#107;&#114;","Availability":"In stock"},"schema":{"@context":"https:\/\/schema.org","@graph":[{"@type":"WebPage","@id":"https:\/\/babylove.se\/no\/produkt\/kids-concept-bokhylle-gra-sennep\/","url":"https:\/\/babylove.se\/no\/produkt\/kids-concept-bokhylle-gra-sennep\/","name":"Kid`s Concept, Bokhylle gr\u00e5 sennep - Babylove Norska","isPartOf":{"@id":"https:\/\/babylove.se\/no\/#website"},"primaryImageOfPage":{"@id":"https:\/\/babylove.se\/no\/produkt\/kids-concept-bokhylle-gra-sennep\/#primaryimage"},"image":{"@id":"https:\/\/babylove.se\/no\/produkt\/kids-concept-bokhylle-gra-sennep\/#primaryimage"},"thumbnailUrl":"https:\/\/babylove.se\/no\/wp-content\/uploads\/sites\/3\/2025\/11\/367.png","datePublished":"2025-11-18T10:24:47+00:00","dateModified":"2026-04-08T13:38:19+00:00","breadcrumb":{"@id":"https:\/\/babylove.se\/no\/produkt\/kids-concept-bokhylle-gra-sennep\/#breadcrumb"},"inLanguage":"nb-NO","potentialAction":[{"@type":"ReadAction","target":["https:\/\/babylove.se\/no\/produkt\/kids-concept-bokhylle-gra-sennep\/"]}]},{"@type":"ImageObject","inLanguage":"nb-NO","@id":"https:\/\/babylove.se\/no\/produkt\/kids-concept-bokhylle-gra-sennep\/#primaryimage","url":"https:\/\/babylove.se\/no\/wp-content\/uploads\/sites\/3\/2025\/11\/367.png","contentUrl":"https:\/\/babylove.se\/no\/wp-content\/uploads\/sites\/3\/2025\/11\/367.png","width":800,"height":800},{"@type":"BreadcrumbList","@id":"https:\/\/babylove.se\/no\/produkt\/kids-concept-bokhylle-gra-sennep\/#breadcrumb","itemListElement":[{"@type":"ListItem","position":1,"name":"Hem","item":"https:\/\/babylove.se\/no\/"},{"@type":"ListItem","position":2,"name":"Butik","item":"https:\/\/babylove.se\/no\/butik\/"},{"@type":"ListItem","position":3,"name":"Kid`s Concept, Bokhylle gr\u00e5 sennep"}]},{"@type":"WebSite","@id":"https:\/\/babylove.se\/no\/#website","url":"https:\/\/babylove.se\/no\/","name":"Babylove Norska","description":"","potentialAction":[{"@type":"SearchAction","target":{"@type":"EntryPoint","urlTemplate":"https:\/\/babylove.se\/no\/?s={search_term_string}"},"query-input":{"@type":"PropertyValueSpecification","valueRequired":true,"valueName":"search_term_string"}}],"inLanguage":"nb-NO"}]},"product_price_amount":"699.00","product_price_currency":"SEK","og_availability":"instock","product_availability":"instock","product_retailer_item_id":"1000969","product_condition":"new"},"_links":{"self":[{"href":"https:\/\/babylove.se\/no\/wp-json\/wp\/v2\/product\/81345","targetHints":{"allow":["GET"]}}],"collection":[{"href":"https:\/\/babylove.se\/no\/wp-json\/wp\/v2\/product"}],"about":[{"href":"https:\/\/babylove.se\/no\/wp-json\/wp\/v2\/types\/product"}],"replies":[{"embeddable":true,"href":"https:\/\/babylove.se\/no\/wp-json\/wp\/v2\/comments?post=81345"}],"wp:featuredmedia":[{"embeddable":true,"href":"https:\/\/babylove.se\/no\/wp-json\/wp\/v2\/media\/81347"}],"wp:attachment":[{"href":"https:\/\/babylove.se\/no\/wp-json\/wp\/v2\/media?parent=81345"}],"wp:term":[{"taxonomy":"product_brand","embeddable":true,"href":"https:\/\/babylove.se\/no\/wp-json\/wp\/v2\/product_brand?post=81345"},{"taxonomy":"product_cat","embeddable":true,"href":"https:\/\/babylove.se\/no\/wp-json\/wp\/v2\/product_cat?post=81345"},{"taxonomy":"product_tag","embeddable":true,"href":"https:\/\/babylove.se\/no\/wp-json\/wp\/v2\/product_tag?post=81345"}],"curies":[{"name":"wp","href":"https:\/\/api.w.org\/{rel}","templated":true}]}}