{"id":81355,"date":"2025-11-18T11:38:20","date_gmt":"2025-11-18T10:38:20","guid":{"rendered":"https:\/\/babylove.se\/?post_type=product&#038;p=81355"},"modified":"2026-04-08T14:38:22","modified_gmt":"2026-04-08T13:38:22","slug":"barn-konsept-bat-med-fiskesett","status":"publish","type":"product","link":"https:\/\/babylove.se\/no\/produkt\/barn-konsept-bat-med-fiskesett\/","title":{"rendered":"Kid`s Concept, B\u00e5t med fiskesett"},"content":{"rendered":"<p data-start=\"52\" data-end=\"315\">Ro b\u00e5ten mot nye eventyr \u2013 eller start motoren for \u00e5 komme frem litt raskere. Forestill deg hvordan vannet gynger under deg mens du legger ut p\u00e5 en fantasifull tur. Ta en leketurutflukt eller pr\u00f8v fiskelykken. Kanskje det biter p\u00e5 med den lille fiskestangen av tre!<\/p>\n<p data-start=\"317\" data-end=\"548\"><strong data-start=\"317\" data-end=\"338\">N\u00f8kkelfunksjoner:<\/strong><br data-start=\"338\" data-end=\"341\" \/>\u2022 Avtakbart stoffovertrekk som kan vaskes i maskin.<br data-start=\"390\" data-end=\"393\" \/>\u2022 Farget bunn b\u00e5de inn- og utvendig, som gj\u00f8r b\u00e5ten mindre f\u00f8lsom for smuss.<br data-start=\"475\" data-end=\"478\" \/>\u2022 Inkluderer to trefisker, en tre-sj\u00f8stjerne og en liten tekstilmark.<\/p>\n<p data-start=\"550\" data-end=\"834\" data-is-last-node=\"\" data-is-only-node=\"\">Denne lekeb\u00e5ten blir raskt en favoritt. Barn kan kaste ut fiskesn\u00f8ret, legge ut p\u00e5 imagin\u00e6re seilaser eller bruke b\u00e5ten som et koselig sted \u00e5 slappe av p\u00e5. Den er dessuten enkel \u00e5 folde sammen og pakke ned i den medf\u00f8lgende posen \u2013 perfekt \u00e5 ta frem igjen ved neste lekestund.<\/p>\n<p data-start=\"550\" data-end=\"834\" data-is-last-node=\"\" data-is-only-node=\"\"><span class=\"measurement-tab__list-item-name\">Produktm\u00e5l cm (LxBxH): <\/span><span class=\"measurement-tab__list-item-value\">117 x 60 x 27<\/span><\/p>\n<p data-start=\"550\" data-end=\"834\" data-is-last-node=\"\" data-is-only-node=\"\"><span class=\"measurement-tab__list-item-name\">\u00d8vrige m\u00e5l: <\/span><span class=\"measurement-tab__list-item-value\">Motor: 20x12x27cm. Hummeren Bibi: 12x8x1cm. Sj\u00f8stjernen Me-Me: 10x10x1cm. Mark: 10x1x1cm. <\/span><\/p>\n","protected":false},"excerpt":{"rendered":"<p>Ro b\u00e5ten mot nye eventyr \u2013 eller start motoren for \u00e5 komme frem litt raskere. Forestill deg hvordan vannet gynger under deg mens du legger ut p\u00e5 en fantasifull tur. Ta en leketurutflukt eller pr\u00f8v fiskelykken. Kanskje det biter p\u00e5 med den lille fiskestangen av tre! N\u00f8kkelfunksjoner:\u2022 Avtakbart stoffovertrekk som kan vaskes i maskin.\u2022 Farget [&hellip;]<\/p>\n","protected":false},"featured_media":81356,"comment_status":"closed","ping_status":"closed","template":"","meta":{"_acf_changed":false},"product_brand":[],"product_cat":[136,72,321,1774,68,922,322],"product_tag":[],"class_list":{"0":"post-81355","1":"product","2":"type-product","3":"status-publish","4":"has-post-thumbnail","6":"product_cat-havet","7":"product_cat-julegaver","8":"product_cat-kids-concept","9":"product_cat-late-leker","10":"product_cat-leker","11":"product_cat-nyheter","12":"product_cat-rollespill","14":"first","15":"instock","16":"taxable","17":"shipping-taxable","18":"purchasable","19":"product-type-simple"},"acf":[],"yoast_head":"<!-- This site is optimized with the Yoast SEO Premium plugin v25.8 (Yoast SEO v27.2) - https:\/\/yoast.com\/product\/yoast-seo-premium-wordpress\/ -->\n<title>Kid`s Concept, B\u00e5t med fiskesett - Babylove Norska<\/title>\n<meta name=\"robots\" content=\"noindex, follow, max-snippet:-1, max-image-preview:large, max-video-preview:-1\" \/>\n<meta property=\"og:locale\" content=\"nb_NO\" \/>\n<meta property=\"og:type\" content=\"article\" \/>\n<meta property=\"og:title\" content=\"Kid`s Concept, B\u00e5t med fiskesett\" \/>\n<meta property=\"og:description\" content=\"Ro b\u00e5ten mot nye eventyr \u2013 eller start motoren for \u00e5 komme frem litt raskere. Forestill deg hvordan vannet gynger under deg mens du legger ut p\u00e5 en fantasifull tur. Ta en leketurutflukt eller pr\u00f8v fiskelykken. Kanskje det biter p\u00e5 med den lille fiskestangen av tre! N\u00f8kkelfunksjoner:\u2022 Avtakbart stoffovertrekk som kan vaskes i maskin.\u2022 Farget [&hellip;]\" \/>\n<meta property=\"og:url\" content=\"https:\/\/babylove.se\/no\/produkt\/barn-konsept-bat-med-fiskesett\/\" \/>\n<meta property=\"og:site_name\" content=\"Babylove Norska\" \/>\n<meta property=\"article:modified_time\" content=\"2026-04-08T13:38:22+00:00\" \/>\n<meta property=\"og:image\" content=\"https:\/\/babylove.se\/no\/wp-content\/uploads\/sites\/3\/2025\/11\/374.png\" \/>\n\t<meta property=\"og:image:width\" content=\"800\" \/>\n\t<meta property=\"og:image:height\" content=\"800\" \/>\n\t<meta property=\"og:image:type\" content=\"image\/png\" \/>\n<meta name=\"twitter:card\" content=\"summary_large_image\" \/>\n<meta name=\"twitter:label1\" content=\"Price\" \/>\n\t<meta name=\"twitter:data1\" content=\"999,00&nbsp;&#107;&#114;\" \/>\n\t<meta name=\"twitter:label2\" content=\"Availability\" \/>\n\t<meta name=\"twitter:data2\" content=\"In stock\" \/>\n<script type=\"application\/ld+json\" class=\"yoast-schema-graph\">{\"@context\":\"https:\/\/schema.org\",\"@graph\":[{\"@type\":\"WebPage\",\"@id\":\"https:\/\/babylove.se\/no\/produkt\/barn-konsept-bat-med-fiskesett\/\",\"url\":\"https:\/\/babylove.se\/no\/produkt\/barn-konsept-bat-med-fiskesett\/\",\"name\":\"Kid`s Concept, B\u00e5t med fiskesett - Babylove Norska\",\"isPartOf\":{\"@id\":\"https:\/\/babylove.se\/no\/#website\"},\"primaryImageOfPage\":{\"@id\":\"https:\/\/babylove.se\/no\/produkt\/barn-konsept-bat-med-fiskesett\/#primaryimage\"},\"image\":{\"@id\":\"https:\/\/babylove.se\/no\/produkt\/barn-konsept-bat-med-fiskesett\/#primaryimage\"},\"thumbnailUrl\":\"https:\/\/babylove.se\/no\/wp-content\/uploads\/sites\/3\/2025\/11\/374.png\",\"datePublished\":\"2025-11-18T10:38:20+00:00\",\"dateModified\":\"2026-04-08T13:38:22+00:00\",\"breadcrumb\":{\"@id\":\"https:\/\/babylove.se\/no\/produkt\/barn-konsept-bat-med-fiskesett\/#breadcrumb\"},\"inLanguage\":\"nb-NO\",\"potentialAction\":[{\"@type\":\"ReadAction\",\"target\":[\"https:\/\/babylove.se\/no\/produkt\/barn-konsept-bat-med-fiskesett\/\"]}]},{\"@type\":\"ImageObject\",\"inLanguage\":\"nb-NO\",\"@id\":\"https:\/\/babylove.se\/no\/produkt\/barn-konsept-bat-med-fiskesett\/#primaryimage\",\"url\":\"https:\/\/babylove.se\/no\/wp-content\/uploads\/sites\/3\/2025\/11\/374.png\",\"contentUrl\":\"https:\/\/babylove.se\/no\/wp-content\/uploads\/sites\/3\/2025\/11\/374.png\",\"width\":800,\"height\":800},{\"@type\":\"BreadcrumbList\",\"@id\":\"https:\/\/babylove.se\/no\/produkt\/barn-konsept-bat-med-fiskesett\/#breadcrumb\",\"itemListElement\":[{\"@type\":\"ListItem\",\"position\":1,\"name\":\"Hem\",\"item\":\"https:\/\/babylove.se\/no\/\"},{\"@type\":\"ListItem\",\"position\":2,\"name\":\"Butik\",\"item\":\"https:\/\/babylove.se\/no\/butik\/\"},{\"@type\":\"ListItem\",\"position\":3,\"name\":\"Kid`s Concept, B\u00e5t med fiskesett\"}]},{\"@type\":\"WebSite\",\"@id\":\"https:\/\/babylove.se\/no\/#website\",\"url\":\"https:\/\/babylove.se\/no\/\",\"name\":\"Babylove Norska\",\"description\":\"\",\"potentialAction\":[{\"@type\":\"SearchAction\",\"target\":{\"@type\":\"EntryPoint\",\"urlTemplate\":\"https:\/\/babylove.se\/no\/?s={search_term_string}\"},\"query-input\":{\"@type\":\"PropertyValueSpecification\",\"valueRequired\":true,\"valueName\":\"search_term_string\"}}],\"inLanguage\":\"nb-NO\"}]}<\/script>\n<meta property=\"product:price:amount\" content=\"999.00\" \/>\n<meta property=\"product:price:currency\" content=\"SEK\" \/>\n<meta property=\"og:availability\" content=\"instock\" \/>\n<meta property=\"product:availability\" content=\"instock\" \/>\n<meta property=\"product:retailer_item_id\" content=\"1000948\" \/>\n<meta property=\"product:condition\" content=\"new\" \/>\n<!-- \/ Yoast SEO Premium plugin. -->","yoast_head_json":{"title":"Kid`s Concept, B\u00e5t med fiskesett - Babylove Norska","robots":{"index":"noindex","follow":"follow","max-snippet":"max-snippet:-1","max-image-preview":"max-image-preview:large","max-video-preview":"max-video-preview:-1"},"og_locale":"nb_NO","og_type":"article","og_title":"Kid`s Concept, B\u00e5t med fiskesett","og_description":"Ro b\u00e5ten mot nye eventyr \u2013 eller start motoren for \u00e5 komme frem litt raskere. Forestill deg hvordan vannet gynger under deg mens du legger ut p\u00e5 en fantasifull tur. Ta en leketurutflukt eller pr\u00f8v fiskelykken. Kanskje det biter p\u00e5 med den lille fiskestangen av tre! N\u00f8kkelfunksjoner:\u2022 Avtakbart stoffovertrekk som kan vaskes i maskin.\u2022 Farget [&hellip;]","og_url":"https:\/\/babylove.se\/no\/produkt\/barn-konsept-bat-med-fiskesett\/","og_site_name":"Babylove Norska","article_modified_time":"2026-04-08T13:38:22+00:00","og_image":[{"width":800,"height":800,"url":"https:\/\/babylove.se\/no\/wp-content\/uploads\/sites\/3\/2025\/11\/374.png","type":"image\/png"}],"twitter_card":"summary_large_image","twitter_misc":{"Price":"999,00&nbsp;&#107;&#114;","Availability":"In stock"},"schema":{"@context":"https:\/\/schema.org","@graph":[{"@type":"WebPage","@id":"https:\/\/babylove.se\/no\/produkt\/barn-konsept-bat-med-fiskesett\/","url":"https:\/\/babylove.se\/no\/produkt\/barn-konsept-bat-med-fiskesett\/","name":"Kid`s Concept, B\u00e5t med fiskesett - Babylove Norska","isPartOf":{"@id":"https:\/\/babylove.se\/no\/#website"},"primaryImageOfPage":{"@id":"https:\/\/babylove.se\/no\/produkt\/barn-konsept-bat-med-fiskesett\/#primaryimage"},"image":{"@id":"https:\/\/babylove.se\/no\/produkt\/barn-konsept-bat-med-fiskesett\/#primaryimage"},"thumbnailUrl":"https:\/\/babylove.se\/no\/wp-content\/uploads\/sites\/3\/2025\/11\/374.png","datePublished":"2025-11-18T10:38:20+00:00","dateModified":"2026-04-08T13:38:22+00:00","breadcrumb":{"@id":"https:\/\/babylove.se\/no\/produkt\/barn-konsept-bat-med-fiskesett\/#breadcrumb"},"inLanguage":"nb-NO","potentialAction":[{"@type":"ReadAction","target":["https:\/\/babylove.se\/no\/produkt\/barn-konsept-bat-med-fiskesett\/"]}]},{"@type":"ImageObject","inLanguage":"nb-NO","@id":"https:\/\/babylove.se\/no\/produkt\/barn-konsept-bat-med-fiskesett\/#primaryimage","url":"https:\/\/babylove.se\/no\/wp-content\/uploads\/sites\/3\/2025\/11\/374.png","contentUrl":"https:\/\/babylove.se\/no\/wp-content\/uploads\/sites\/3\/2025\/11\/374.png","width":800,"height":800},{"@type":"BreadcrumbList","@id":"https:\/\/babylove.se\/no\/produkt\/barn-konsept-bat-med-fiskesett\/#breadcrumb","itemListElement":[{"@type":"ListItem","position":1,"name":"Hem","item":"https:\/\/babylove.se\/no\/"},{"@type":"ListItem","position":2,"name":"Butik","item":"https:\/\/babylove.se\/no\/butik\/"},{"@type":"ListItem","position":3,"name":"Kid`s Concept, B\u00e5t med fiskesett"}]},{"@type":"WebSite","@id":"https:\/\/babylove.se\/no\/#website","url":"https:\/\/babylove.se\/no\/","name":"Babylove Norska","description":"","potentialAction":[{"@type":"SearchAction","target":{"@type":"EntryPoint","urlTemplate":"https:\/\/babylove.se\/no\/?s={search_term_string}"},"query-input":{"@type":"PropertyValueSpecification","valueRequired":true,"valueName":"search_term_string"}}],"inLanguage":"nb-NO"}]},"product_price_amount":"999.00","product_price_currency":"SEK","og_availability":"instock","product_availability":"instock","product_retailer_item_id":"1000948","product_condition":"new"},"_links":{"self":[{"href":"https:\/\/babylove.se\/no\/wp-json\/wp\/v2\/product\/81355","targetHints":{"allow":["GET"]}}],"collection":[{"href":"https:\/\/babylove.se\/no\/wp-json\/wp\/v2\/product"}],"about":[{"href":"https:\/\/babylove.se\/no\/wp-json\/wp\/v2\/types\/product"}],"replies":[{"embeddable":true,"href":"https:\/\/babylove.se\/no\/wp-json\/wp\/v2\/comments?post=81355"}],"wp:featuredmedia":[{"embeddable":true,"href":"https:\/\/babylove.se\/no\/wp-json\/wp\/v2\/media\/81356"}],"wp:attachment":[{"href":"https:\/\/babylove.se\/no\/wp-json\/wp\/v2\/media?parent=81355"}],"wp:term":[{"taxonomy":"product_brand","embeddable":true,"href":"https:\/\/babylove.se\/no\/wp-json\/wp\/v2\/product_brand?post=81355"},{"taxonomy":"product_cat","embeddable":true,"href":"https:\/\/babylove.se\/no\/wp-json\/wp\/v2\/product_cat?post=81355"},{"taxonomy":"product_tag","embeddable":true,"href":"https:\/\/babylove.se\/no\/wp-json\/wp\/v2\/product_tag?post=81355"}],"curies":[{"name":"wp","href":"https:\/\/api.w.org\/{rel}","templated":true}]}}