{"id":8150,"date":"2025-07-18T20:48:42","date_gmt":"2025-07-18T19:48:42","guid":{"rendered":"https:\/\/babylove.se\/produkt\/vit-spjalsang-for-tvillingar-med-madrasser\/"},"modified":"2026-05-11T12:58:31","modified_gmt":"2026-05-11T11:58:31","slug":"hvit-sprinkelseng-for-tvillinger-med-madrasser","status":"publish","type":"product","link":"https:\/\/babylove.se\/no\/produkt\/hvit-sprinkelseng-for-tvillinger-med-madrasser\/","title":{"rendered":"Hvit sprinkelseng for tvillinger med to madrasser"},"content":{"rendered":"<p>\u00c5 f\u00e5 tvillinger inneb\u00e6rer dobbel glede, men betyr ogs\u00e5 at man m\u00e5 forberede seg litt annerledes. Utallige studier viser at man sover best sammen med noen n\u00e6r seg, s\u00f8vnen blir mer regelmessig og samtidig dypere. Det er ogs\u00e5 en anbefaling fra mange jordm\u00f8dre \u00e5 la barna sove sammen til de er minst 3-6 m\u00e5neder.<\/p>\n<p>Derfor kan vi med stolthet tilby denne unike dobbel-barneseng, en barneseng for to barn helt enkelt. Perfekt for tvillingene som f\u00e5r hver sin plass i sengen. Barnesengen kan justeres i tre forskjellige niv\u00e5er, s\u00e5 n\u00e5r barna blir st\u00f8rre senker man helt enkelt sengen og gj\u00f8r kanten h\u00f8yere.<\/p>\n<p>Medf\u00f8lger til sengen gj\u00f8r to skummadrasser (60 cm x 120 cm x 6 cm)<\/p>\n<p>M\u00e5l: 125&#215;127 cm<\/p>\n","protected":false},"excerpt":{"rendered":"<p>\u00c5 f\u00e5 tvillinger inneb\u00e6rer dobbel glede, men betyr ogs\u00e5 at man m\u00e5 forberede seg litt annerledes. Utallige studier viser at man sover best sammen med noen n\u00e6r seg, s\u00f8vnen blir mer regelmessig og samtidig dypere. Det er ogs\u00e5 en anbefaling fra mange jordm\u00f8dre \u00e5 la barna sove sammen til de er minst 3-6 m\u00e5neder. Derfor [&hellip;]<\/p>\n","protected":false},"featured_media":8152,"comment_status":"closed","ping_status":"open","template":"","meta":{"_acf_changed":false},"product_brand":[22],"product_cat":[84,279,40,48],"product_tag":[],"class_list":{"0":"post-8150","1":"product","2":"type-product","3":"status-publish","4":"has-post-thumbnail","6":"product_brand-babylove","7":"product_cat-babylove","8":"product_cat-spjlsngar","9":"product_cat-soverom-barn","10":"product_cat-startside","12":"first","13":"outofstock","14":"taxable","15":"shipping-taxable","16":"purchasable","17":"product-type-simple"},"acf":[],"yoast_head":"<!-- This site is optimized with the Yoast SEO Premium plugin v25.8 (Yoast SEO v27.2) - https:\/\/yoast.com\/product\/yoast-seo-premium-wordpress\/ -->\n<title>Stor Spj\u00e4ls\u00e4ng f\u00f6r Tvillingar | Extra bred Spj\u00e4ls\u00e4ng<\/title>\n<meta name=\"robots\" content=\"noindex, follow, max-snippet:-1, max-image-preview:large, max-video-preview:-1\" \/>\n<meta property=\"og:locale\" content=\"nb_NO\" \/>\n<meta property=\"og:type\" content=\"article\" \/>\n<meta property=\"og:title\" content=\"Hvit sprinkelseng for tvillinger med to madrasser\" \/>\n<meta property=\"og:description\" content=\"\u00c5 f\u00e5 tvillinger inneb\u00e6rer dobbel glede, men betyr ogs\u00e5 at man m\u00e5 forberede seg litt annerledes. Utallige studier viser at man sover best sammen med noen n\u00e6r seg, s\u00f8vnen blir mer regelmessig og samtidig dypere. Det er ogs\u00e5 en anbefaling fra mange jordm\u00f8dre \u00e5 la barna sove sammen til de er minst 3-6 m\u00e5neder. Derfor [&hellip;]\" \/>\n<meta property=\"og:url\" content=\"https:\/\/babylove.se\/no\/produkt\/hvit-sprinkelseng-for-tvillinger-med-madrasser\/\" \/>\n<meta property=\"og:site_name\" content=\"Babylove Norska\" \/>\n<meta property=\"article:modified_time\" content=\"2026-05-11T11:58:31+00:00\" \/>\n<meta property=\"og:image\" content=\"https:\/\/babylove.se\/no\/wp-content\/uploads\/sites\/3\/2025\/07\/5c8106b7115b3.jpeg\" \/>\n\t<meta property=\"og:image:width\" content=\"750\" \/>\n\t<meta property=\"og:image:height\" content=\"641\" \/>\n\t<meta property=\"og:image:type\" content=\"image\/jpeg\" \/>\n<meta name=\"twitter:card\" content=\"summary_large_image\" \/>\n<meta name=\"twitter:label1\" content=\"Price\" \/>\n\t<meta name=\"twitter:data1\" content=\"4 199,00&nbsp;&#107;&#114;\" \/>\n\t<meta name=\"twitter:label2\" content=\"Availability\" \/>\n\t<meta name=\"twitter:data2\" content=\"Out of stock\" \/>\n<script type=\"application\/ld+json\" class=\"yoast-schema-graph\">{\"@context\":\"https:\/\/schema.org\",\"@graph\":[{\"@type\":\"WebPage\",\"@id\":\"https:\/\/babylove.se\/no\/produkt\/hvit-sprinkelseng-for-tvillinger-med-madrasser\/\",\"url\":\"https:\/\/babylove.se\/no\/produkt\/hvit-sprinkelseng-for-tvillinger-med-madrasser\/\",\"name\":\"Stor Spj\u00e4ls\u00e4ng f\u00f6r Tvillingar | Extra bred Spj\u00e4ls\u00e4ng\",\"isPartOf\":{\"@id\":\"https:\/\/babylove.se\/no\/#website\"},\"primaryImageOfPage\":{\"@id\":\"https:\/\/babylove.se\/no\/produkt\/hvit-sprinkelseng-for-tvillinger-med-madrasser\/#primaryimage\"},\"image\":{\"@id\":\"https:\/\/babylove.se\/no\/produkt\/hvit-sprinkelseng-for-tvillinger-med-madrasser\/#primaryimage\"},\"thumbnailUrl\":\"https:\/\/babylove.se\/no\/wp-content\/uploads\/sites\/3\/2025\/07\/5c8106b7115b3.jpeg\",\"datePublished\":\"2025-07-18T19:48:42+00:00\",\"dateModified\":\"2026-05-11T11:58:31+00:00\",\"breadcrumb\":{\"@id\":\"https:\/\/babylove.se\/no\/produkt\/hvit-sprinkelseng-for-tvillinger-med-madrasser\/#breadcrumb\"},\"inLanguage\":\"nb-NO\",\"potentialAction\":[{\"@type\":\"ReadAction\",\"target\":[\"https:\/\/babylove.se\/no\/produkt\/hvit-sprinkelseng-for-tvillinger-med-madrasser\/\"]}]},{\"@type\":\"ImageObject\",\"inLanguage\":\"nb-NO\",\"@id\":\"https:\/\/babylove.se\/no\/produkt\/hvit-sprinkelseng-for-tvillinger-med-madrasser\/#primaryimage\",\"url\":\"https:\/\/babylove.se\/no\/wp-content\/uploads\/sites\/3\/2025\/07\/5c8106b7115b3.jpeg\",\"contentUrl\":\"https:\/\/babylove.se\/no\/wp-content\/uploads\/sites\/3\/2025\/07\/5c8106b7115b3.jpeg\",\"width\":750,\"height\":641},{\"@type\":\"BreadcrumbList\",\"@id\":\"https:\/\/babylove.se\/no\/produkt\/hvit-sprinkelseng-for-tvillinger-med-madrasser\/#breadcrumb\",\"itemListElement\":[{\"@type\":\"ListItem\",\"position\":1,\"name\":\"Hem\",\"item\":\"https:\/\/babylove.se\/no\/\"},{\"@type\":\"ListItem\",\"position\":2,\"name\":\"Butik\",\"item\":\"https:\/\/babylove.se\/no\/butik\/\"},{\"@type\":\"ListItem\",\"position\":3,\"name\":\"Hvit sprinkelseng for tvillinger med to madrasser\"}]},{\"@type\":\"WebSite\",\"@id\":\"https:\/\/babylove.se\/no\/#website\",\"url\":\"https:\/\/babylove.se\/no\/\",\"name\":\"Babylove Norska\",\"description\":\"\",\"potentialAction\":[{\"@type\":\"SearchAction\",\"target\":{\"@type\":\"EntryPoint\",\"urlTemplate\":\"https:\/\/babylove.se\/no\/?s={search_term_string}\"},\"query-input\":{\"@type\":\"PropertyValueSpecification\",\"valueRequired\":true,\"valueName\":\"search_term_string\"}}],\"inLanguage\":\"nb-NO\"}]}<\/script>\n<meta property=\"product:brand\" content=\"Babylove\" \/>\n<meta property=\"product:price:amount\" content=\"4199.00\" \/>\n<meta property=\"product:price:currency\" content=\"NOK\" \/>\n<meta property=\"og:availability\" content=\"out of stock\" \/>\n<meta property=\"product:availability\" content=\"out of stock\" \/>\n<meta property=\"product:retailer_item_id\" content=\"2281\" \/>\n<meta property=\"product:condition\" content=\"new\" \/>\n<!-- \/ Yoast SEO Premium plugin. -->","yoast_head_json":{"title":"Stor Spj\u00e4ls\u00e4ng f\u00f6r Tvillingar | Extra bred Spj\u00e4ls\u00e4ng","robots":{"index":"noindex","follow":"follow","max-snippet":"max-snippet:-1","max-image-preview":"max-image-preview:large","max-video-preview":"max-video-preview:-1"},"og_locale":"nb_NO","og_type":"article","og_title":"Hvit sprinkelseng for tvillinger med to madrasser","og_description":"\u00c5 f\u00e5 tvillinger inneb\u00e6rer dobbel glede, men betyr ogs\u00e5 at man m\u00e5 forberede seg litt annerledes. Utallige studier viser at man sover best sammen med noen n\u00e6r seg, s\u00f8vnen blir mer regelmessig og samtidig dypere. Det er ogs\u00e5 en anbefaling fra mange jordm\u00f8dre \u00e5 la barna sove sammen til de er minst 3-6 m\u00e5neder. Derfor [&hellip;]","og_url":"https:\/\/babylove.se\/no\/produkt\/hvit-sprinkelseng-for-tvillinger-med-madrasser\/","og_site_name":"Babylove Norska","article_modified_time":"2026-05-11T11:58:31+00:00","og_image":[{"width":750,"height":641,"url":"https:\/\/babylove.se\/no\/wp-content\/uploads\/sites\/3\/2025\/07\/5c8106b7115b3.jpeg","type":"image\/jpeg"}],"twitter_card":"summary_large_image","twitter_misc":{"Price":"4 199,00&nbsp;&#107;&#114;","Availability":"Out of stock"},"schema":{"@context":"https:\/\/schema.org","@graph":[{"@type":"WebPage","@id":"https:\/\/babylove.se\/no\/produkt\/hvit-sprinkelseng-for-tvillinger-med-madrasser\/","url":"https:\/\/babylove.se\/no\/produkt\/hvit-sprinkelseng-for-tvillinger-med-madrasser\/","name":"Stor Spj\u00e4ls\u00e4ng f\u00f6r Tvillingar | Extra bred Spj\u00e4ls\u00e4ng","isPartOf":{"@id":"https:\/\/babylove.se\/no\/#website"},"primaryImageOfPage":{"@id":"https:\/\/babylove.se\/no\/produkt\/hvit-sprinkelseng-for-tvillinger-med-madrasser\/#primaryimage"},"image":{"@id":"https:\/\/babylove.se\/no\/produkt\/hvit-sprinkelseng-for-tvillinger-med-madrasser\/#primaryimage"},"thumbnailUrl":"https:\/\/babylove.se\/no\/wp-content\/uploads\/sites\/3\/2025\/07\/5c8106b7115b3.jpeg","datePublished":"2025-07-18T19:48:42+00:00","dateModified":"2026-05-11T11:58:31+00:00","breadcrumb":{"@id":"https:\/\/babylove.se\/no\/produkt\/hvit-sprinkelseng-for-tvillinger-med-madrasser\/#breadcrumb"},"inLanguage":"nb-NO","potentialAction":[{"@type":"ReadAction","target":["https:\/\/babylove.se\/no\/produkt\/hvit-sprinkelseng-for-tvillinger-med-madrasser\/"]}]},{"@type":"ImageObject","inLanguage":"nb-NO","@id":"https:\/\/babylove.se\/no\/produkt\/hvit-sprinkelseng-for-tvillinger-med-madrasser\/#primaryimage","url":"https:\/\/babylove.se\/no\/wp-content\/uploads\/sites\/3\/2025\/07\/5c8106b7115b3.jpeg","contentUrl":"https:\/\/babylove.se\/no\/wp-content\/uploads\/sites\/3\/2025\/07\/5c8106b7115b3.jpeg","width":750,"height":641},{"@type":"BreadcrumbList","@id":"https:\/\/babylove.se\/no\/produkt\/hvit-sprinkelseng-for-tvillinger-med-madrasser\/#breadcrumb","itemListElement":[{"@type":"ListItem","position":1,"name":"Hem","item":"https:\/\/babylove.se\/no\/"},{"@type":"ListItem","position":2,"name":"Butik","item":"https:\/\/babylove.se\/no\/butik\/"},{"@type":"ListItem","position":3,"name":"Hvit sprinkelseng for tvillinger med to madrasser"}]},{"@type":"WebSite","@id":"https:\/\/babylove.se\/no\/#website","url":"https:\/\/babylove.se\/no\/","name":"Babylove Norska","description":"","potentialAction":[{"@type":"SearchAction","target":{"@type":"EntryPoint","urlTemplate":"https:\/\/babylove.se\/no\/?s={search_term_string}"},"query-input":{"@type":"PropertyValueSpecification","valueRequired":true,"valueName":"search_term_string"}}],"inLanguage":"nb-NO"}]},"product_brand":"Babylove","product_price_amount":"4199.00","product_price_currency":"NOK","og_availability":"out of stock","product_availability":"out of stock","product_retailer_item_id":"2281","product_condition":"new"},"_links":{"self":[{"href":"https:\/\/babylove.se\/no\/wp-json\/wp\/v2\/product\/8150","targetHints":{"allow":["GET"]}}],"collection":[{"href":"https:\/\/babylove.se\/no\/wp-json\/wp\/v2\/product"}],"about":[{"href":"https:\/\/babylove.se\/no\/wp-json\/wp\/v2\/types\/product"}],"replies":[{"embeddable":true,"href":"https:\/\/babylove.se\/no\/wp-json\/wp\/v2\/comments?post=8150"}],"wp:featuredmedia":[{"embeddable":true,"href":"https:\/\/babylove.se\/no\/wp-json\/wp\/v2\/media\/8152"}],"wp:attachment":[{"href":"https:\/\/babylove.se\/no\/wp-json\/wp\/v2\/media?parent=8150"}],"wp:term":[{"taxonomy":"product_brand","embeddable":true,"href":"https:\/\/babylove.se\/no\/wp-json\/wp\/v2\/product_brand?post=8150"},{"taxonomy":"product_cat","embeddable":true,"href":"https:\/\/babylove.se\/no\/wp-json\/wp\/v2\/product_cat?post=8150"},{"taxonomy":"product_tag","embeddable":true,"href":"https:\/\/babylove.se\/no\/wp-json\/wp\/v2\/product_tag?post=8150"}],"curies":[{"name":"wp","href":"https:\/\/api.w.org\/{rel}","templated":true}]}}