{"id":8176,"date":"2025-07-18T20:48:42","date_gmt":"2025-07-18T19:48:42","guid":{"rendered":"https:\/\/babylove.se\/produkt\/madrass-80x160\/"},"modified":"2026-04-08T08:43:10","modified_gmt":"2026-04-08T07:43:10","slug":"madrass-80x160","status":"publish","type":"product","link":"https:\/\/babylove.se\/no\/produkt\/madrass-80x160\/","title":{"rendered":"Madrass til barneseng 80&#215;160, 8 cm tykk"},"content":{"rendered":"<p>En sv\u00e6rt behagelig og deilig skummadrass som passer perfekt til din husseng, juniorseng eller barneseng.<\/p>\n<p>Det &nbsp;spiller ingen rolle hvilken side du har oppover, madrassen er like bra &nbsp;uansett. Til den f\u00f8lger et behagelig og avtakbart overtrekk som gj\u00f8r at du &nbsp;alltid kan vaske (i maks 40 grader uten t\u00f8rketromling) og holde den ren og frisk. Overtrekket er &nbsp;laget av en behagelig blanding av bomull og polyester.<\/p>\n<p>Denne barnemadrassen passer perfekt til v\u00e5re fine hussenger (med m\u00e5lene 80 x 160 cm).<\/p>\n<p>Madrassen er semi-myk, selvf\u00f8lgelig laget for \u00e5 passe barn og la dem sove mykt hele natten. De produseres i Europa av 100% OEKO-TEX sertifisert stoff og fyllingen er antiallergisk og giftfri. Laget av polyuretanskum T1830.<\/p>\n<p><strong>M\u00e5l:<\/strong><\/p>\n<ul>\n<li>tykkelse 8 cm<\/li>\n<li>bredde 80 cm<\/li>\n<li>lengde 160 cm<\/li>\n<\/ul>\n<p><em>Obs! Det kan forekomme fargevariasjoner p\u00e5 skuminnlegget noe som skyldes at naturbaserte ingredienser kan variere i farge.<\/em><\/p>\n","protected":false},"excerpt":{"rendered":"<p>En sv\u00e6rt behagelig og deilig skummadrass som passer perfekt til din husseng, juniorseng eller barneseng. Det &nbsp;spiller ingen rolle hvilken side du har oppover, madrassen er like bra &nbsp;uansett. Til den f\u00f8lger et behagelig og avtakbart overtrekk som gj\u00f8r at du &nbsp;alltid kan vaske (i maks 40 grader uten t\u00f8rketromling) og holde den ren og [&hellip;]<\/p>\n","protected":false},"featured_media":8178,"comment_status":"closed","ping_status":"open","template":"","meta":{"_acf_changed":false},"product_brand":[375],"product_cat":[377,376,48],"product_tag":[1689],"class_list":{"0":"post-8176","1":"product","2":"type-product","3":"status-publish","4":"has-post-thumbnail","6":"product_brand-pqp-ttm","7":"product_cat-barnmadrasser","8":"product_cat-pp","9":"product_cat-startside","10":"product_tag-bestillingsvaror","12":"first","13":"instock","14":"taxable","15":"shipping-taxable","16":"purchasable","17":"product-type-simple"},"acf":[],"yoast_head":"<!-- This site is optimized with the Yoast SEO Premium plugin v25.8 (Yoast SEO v27.2) - https:\/\/yoast.com\/product\/yoast-seo-premium-wordpress\/ -->\n<title>Eco madrass till barns\u00e4ng 80x160x8 cm | Babylove.se<\/title>\n<meta name=\"description\" content=\"Bekv\u00e4m skummadrass 80x160 medium mjuk. Hos oss hittar du m\u00e5nga madrasser till juniors\u00e4ngar och barns\u00e4ngar - K\u00f6p den h\u00e4r - V\u00e4lkommen till Babylove.se\" \/>\n<meta name=\"robots\" content=\"noindex, follow, max-snippet:-1, max-image-preview:large, max-video-preview:-1\" \/>\n<meta property=\"og:locale\" content=\"nb_NO\" \/>\n<meta property=\"og:type\" content=\"article\" \/>\n<meta property=\"og:title\" content=\"Madrass til barneseng 80x160, 8 cm tykk\" \/>\n<meta property=\"og:description\" content=\"Bekv\u00e4m skummadrass 80x160 medium mjuk. Hos oss hittar du m\u00e5nga madrasser till juniors\u00e4ngar och barns\u00e4ngar - K\u00f6p den h\u00e4r - V\u00e4lkommen till Babylove.se\" \/>\n<meta property=\"og:url\" content=\"https:\/\/babylove.se\/no\/produkt\/madrass-80x160\/\" \/>\n<meta property=\"og:site_name\" content=\"Babylove Norska\" \/>\n<meta property=\"article:modified_time\" content=\"2026-04-08T07:43:10+00:00\" \/>\n<meta property=\"og:image\" content=\"https:\/\/babylove.se\/no\/wp-content\/uploads\/sites\/3\/2025\/07\/5c3caef356df1.jpeg\" \/>\n\t<meta property=\"og:image:width\" content=\"750\" \/>\n\t<meta property=\"og:image:height\" content=\"600\" \/>\n\t<meta property=\"og:image:type\" content=\"image\/jpeg\" \/>\n<meta name=\"twitter:card\" content=\"summary_large_image\" \/>\n<meta name=\"twitter:label1\" content=\"Price\" \/>\n\t<meta name=\"twitter:data1\" content=\"1 299,00&nbsp;&#107;&#114;\" \/>\n\t<meta name=\"twitter:label2\" content=\"Availability\" \/>\n\t<meta name=\"twitter:data2\" content=\"In stock\" \/>\n<script type=\"application\/ld+json\" class=\"yoast-schema-graph\">{\"@context\":\"https:\/\/schema.org\",\"@graph\":[{\"@type\":\"WebPage\",\"@id\":\"https:\/\/babylove.se\/no\/produkt\/madrass-80x160\/\",\"url\":\"https:\/\/babylove.se\/no\/produkt\/madrass-80x160\/\",\"name\":\"Eco madrass till barns\u00e4ng 80x160x8 cm | Babylove.se\",\"isPartOf\":{\"@id\":\"https:\/\/babylove.se\/no\/#website\"},\"primaryImageOfPage\":{\"@id\":\"https:\/\/babylove.se\/no\/produkt\/madrass-80x160\/#primaryimage\"},\"image\":{\"@id\":\"https:\/\/babylove.se\/no\/produkt\/madrass-80x160\/#primaryimage\"},\"thumbnailUrl\":\"https:\/\/babylove.se\/no\/wp-content\/uploads\/sites\/3\/2025\/07\/5c3caef356df1.jpeg\",\"datePublished\":\"2025-07-18T19:48:42+00:00\",\"dateModified\":\"2026-04-08T07:43:10+00:00\",\"description\":\"Bekv\u00e4m skummadrass 80x160 medium mjuk. Hos oss hittar du m\u00e5nga madrasser till juniors\u00e4ngar och barns\u00e4ngar - K\u00f6p den h\u00e4r - V\u00e4lkommen till Babylove.se\",\"breadcrumb\":{\"@id\":\"https:\/\/babylove.se\/no\/produkt\/madrass-80x160\/#breadcrumb\"},\"inLanguage\":\"nb-NO\",\"potentialAction\":[{\"@type\":\"ReadAction\",\"target\":[\"https:\/\/babylove.se\/no\/produkt\/madrass-80x160\/\"]}]},{\"@type\":\"ImageObject\",\"inLanguage\":\"nb-NO\",\"@id\":\"https:\/\/babylove.se\/no\/produkt\/madrass-80x160\/#primaryimage\",\"url\":\"https:\/\/babylove.se\/no\/wp-content\/uploads\/sites\/3\/2025\/07\/5c3caef356df1.jpeg\",\"contentUrl\":\"https:\/\/babylove.se\/no\/wp-content\/uploads\/sites\/3\/2025\/07\/5c3caef356df1.jpeg\",\"width\":750,\"height\":600},{\"@type\":\"BreadcrumbList\",\"@id\":\"https:\/\/babylove.se\/no\/produkt\/madrass-80x160\/#breadcrumb\",\"itemListElement\":[{\"@type\":\"ListItem\",\"position\":1,\"name\":\"Hem\",\"item\":\"https:\/\/babylove.se\/no\/\"},{\"@type\":\"ListItem\",\"position\":2,\"name\":\"Butik\",\"item\":\"https:\/\/babylove.se\/no\/butik\/\"},{\"@type\":\"ListItem\",\"position\":3,\"name\":\"Madrass til barneseng 80&#215;160, 8 cm tykk\"}]},{\"@type\":\"WebSite\",\"@id\":\"https:\/\/babylove.se\/no\/#website\",\"url\":\"https:\/\/babylove.se\/no\/\",\"name\":\"Babylove Norska\",\"description\":\"\",\"potentialAction\":[{\"@type\":\"SearchAction\",\"target\":{\"@type\":\"EntryPoint\",\"urlTemplate\":\"https:\/\/babylove.se\/no\/?s={search_term_string}\"},\"query-input\":{\"@type\":\"PropertyValueSpecification\",\"valueRequired\":true,\"valueName\":\"search_term_string\"}}],\"inLanguage\":\"nb-NO\"}]}<\/script>\n<meta property=\"product:brand\" content=\"PQP\/TTM\" \/>\n<meta property=\"product:price:amount\" content=\"1299.00\" \/>\n<meta property=\"product:price:currency\" content=\"SEK\" \/>\n<meta property=\"og:availability\" content=\"instock\" \/>\n<meta property=\"product:availability\" content=\"instock\" \/>\n<meta property=\"product:retailer_item_id\" content=\"24704\" \/>\n<meta property=\"product:condition\" content=\"new\" \/>\n<!-- \/ Yoast SEO Premium plugin. -->","yoast_head_json":{"title":"Eco madrass till barns\u00e4ng 80x160x8 cm | Babylove.se","description":"Bekv\u00e4m skummadrass 80x160 medium mjuk. Hos oss hittar du m\u00e5nga madrasser till juniors\u00e4ngar och barns\u00e4ngar - K\u00f6p den h\u00e4r - V\u00e4lkommen till Babylove.se","robots":{"index":"noindex","follow":"follow","max-snippet":"max-snippet:-1","max-image-preview":"max-image-preview:large","max-video-preview":"max-video-preview:-1"},"og_locale":"nb_NO","og_type":"article","og_title":"Madrass til barneseng 80x160, 8 cm tykk","og_description":"Bekv\u00e4m skummadrass 80x160 medium mjuk. Hos oss hittar du m\u00e5nga madrasser till juniors\u00e4ngar och barns\u00e4ngar - K\u00f6p den h\u00e4r - V\u00e4lkommen till Babylove.se","og_url":"https:\/\/babylove.se\/no\/produkt\/madrass-80x160\/","og_site_name":"Babylove Norska","article_modified_time":"2026-04-08T07:43:10+00:00","og_image":[{"width":750,"height":600,"url":"https:\/\/babylove.se\/no\/wp-content\/uploads\/sites\/3\/2025\/07\/5c3caef356df1.jpeg","type":"image\/jpeg"}],"twitter_card":"summary_large_image","twitter_misc":{"Price":"1 299,00&nbsp;&#107;&#114;","Availability":"In stock"},"schema":{"@context":"https:\/\/schema.org","@graph":[{"@type":"WebPage","@id":"https:\/\/babylove.se\/no\/produkt\/madrass-80x160\/","url":"https:\/\/babylove.se\/no\/produkt\/madrass-80x160\/","name":"Eco madrass till barns\u00e4ng 80x160x8 cm | Babylove.se","isPartOf":{"@id":"https:\/\/babylove.se\/no\/#website"},"primaryImageOfPage":{"@id":"https:\/\/babylove.se\/no\/produkt\/madrass-80x160\/#primaryimage"},"image":{"@id":"https:\/\/babylove.se\/no\/produkt\/madrass-80x160\/#primaryimage"},"thumbnailUrl":"https:\/\/babylove.se\/no\/wp-content\/uploads\/sites\/3\/2025\/07\/5c3caef356df1.jpeg","datePublished":"2025-07-18T19:48:42+00:00","dateModified":"2026-04-08T07:43:10+00:00","description":"Bekv\u00e4m skummadrass 80x160 medium mjuk. Hos oss hittar du m\u00e5nga madrasser till juniors\u00e4ngar och barns\u00e4ngar - K\u00f6p den h\u00e4r - V\u00e4lkommen till Babylove.se","breadcrumb":{"@id":"https:\/\/babylove.se\/no\/produkt\/madrass-80x160\/#breadcrumb"},"inLanguage":"nb-NO","potentialAction":[{"@type":"ReadAction","target":["https:\/\/babylove.se\/no\/produkt\/madrass-80x160\/"]}]},{"@type":"ImageObject","inLanguage":"nb-NO","@id":"https:\/\/babylove.se\/no\/produkt\/madrass-80x160\/#primaryimage","url":"https:\/\/babylove.se\/no\/wp-content\/uploads\/sites\/3\/2025\/07\/5c3caef356df1.jpeg","contentUrl":"https:\/\/babylove.se\/no\/wp-content\/uploads\/sites\/3\/2025\/07\/5c3caef356df1.jpeg","width":750,"height":600},{"@type":"BreadcrumbList","@id":"https:\/\/babylove.se\/no\/produkt\/madrass-80x160\/#breadcrumb","itemListElement":[{"@type":"ListItem","position":1,"name":"Hem","item":"https:\/\/babylove.se\/no\/"},{"@type":"ListItem","position":2,"name":"Butik","item":"https:\/\/babylove.se\/no\/butik\/"},{"@type":"ListItem","position":3,"name":"Madrass til barneseng 80&#215;160, 8 cm tykk"}]},{"@type":"WebSite","@id":"https:\/\/babylove.se\/no\/#website","url":"https:\/\/babylove.se\/no\/","name":"Babylove Norska","description":"","potentialAction":[{"@type":"SearchAction","target":{"@type":"EntryPoint","urlTemplate":"https:\/\/babylove.se\/no\/?s={search_term_string}"},"query-input":{"@type":"PropertyValueSpecification","valueRequired":true,"valueName":"search_term_string"}}],"inLanguage":"nb-NO"}]},"product_brand":"PQP\/TTM","product_price_amount":"1299.00","product_price_currency":"SEK","og_availability":"instock","product_availability":"instock","product_retailer_item_id":"24704","product_condition":"new"},"_links":{"self":[{"href":"https:\/\/babylove.se\/no\/wp-json\/wp\/v2\/product\/8176","targetHints":{"allow":["GET"]}}],"collection":[{"href":"https:\/\/babylove.se\/no\/wp-json\/wp\/v2\/product"}],"about":[{"href":"https:\/\/babylove.se\/no\/wp-json\/wp\/v2\/types\/product"}],"replies":[{"embeddable":true,"href":"https:\/\/babylove.se\/no\/wp-json\/wp\/v2\/comments?post=8176"}],"wp:featuredmedia":[{"embeddable":true,"href":"https:\/\/babylove.se\/no\/wp-json\/wp\/v2\/media\/8178"}],"wp:attachment":[{"href":"https:\/\/babylove.se\/no\/wp-json\/wp\/v2\/media?parent=8176"}],"wp:term":[{"taxonomy":"product_brand","embeddable":true,"href":"https:\/\/babylove.se\/no\/wp-json\/wp\/v2\/product_brand?post=8176"},{"taxonomy":"product_cat","embeddable":true,"href":"https:\/\/babylove.se\/no\/wp-json\/wp\/v2\/product_cat?post=8176"},{"taxonomy":"product_tag","embeddable":true,"href":"https:\/\/babylove.se\/no\/wp-json\/wp\/v2\/product_tag?post=8176"}],"curies":[{"name":"wp","href":"https:\/\/api.w.org\/{rel}","templated":true}]}}