{"id":82373,"date":"2025-11-25T09:07:00","date_gmt":"2025-11-25T08:07:00","guid":{"rendered":"https:\/\/babylove.se\/?post_type=product&#038;p=82373"},"modified":"2026-04-08T14:38:25","modified_gmt":"2026-04-08T13:38:25","slug":"det-hollandske-laven-dockhus","status":"publish","type":"product","link":"https:\/\/babylove.se\/no\/produkt\/det-hollandske-laven-dockhus\/","title":{"rendered":"The Dutch Barn &#8211; Dukkehus"},"content":{"rendered":"<p data-start=\"119\" data-end=\"251\">Ikke alle barndomsminner begynner med store \u00f8yeblikk.<br data-start=\"171\" data-end=\"174\" \/>Noen starter i det lille \u2014 med en liten l\u00e5ved\u00f8r som forsiktig \u00e5pnes.<\/p>\n<p data-start=\"253\" data-end=\"420\"><strong data-start=\"253\" data-end=\"288\">The Dutch Barn Wooden Dollhouse<\/strong> er ikke bare et landlig dukkehus \u2014 det er et sted hvor de enkleste gjenstandene forvandles til de mest betydningsfulle historiene.<\/p>\n<p data-start=\"422\" data-end=\"653\">Innvendig finner du en liten samling h\u00e5ndlagede tredyr:<br data-start=\"474\" data-end=\"477\" \/>2 kyr, 2 geiter og 2 h\u00f8ner \u2014 alle klare til \u00e5 spille sin rolle i ditt barns fantasi.<br data-start=\"557\" data-end=\"560\" \/>Der er ogs\u00e5 en liten bonde, klar til \u00e5 holde alle med selskap fra soloppgang til solnedgang.<\/p>\n<p data-start=\"655\" data-end=\"703\">Under det sjarmerende gr\u00f8nne taket er alt p\u00e5 plass:<\/p>\n<ul data-start=\"705\" data-end=\"849\">\n<li data-start=\"705\" data-end=\"739\">\n<p data-start=\"707\" data-end=\"739\">Dyrene venter p\u00e5 morgenlyset.<\/p>\n<\/li>\n<li data-start=\"740\" data-end=\"789\">\n<p data-start=\"742\" data-end=\"789\">Den lille bonden f\u00f8rer dagbok i smug p\u00e5 loftet.<\/p>\n<\/li>\n<li data-start=\"790\" data-end=\"849\">\n<p data-start=\"792\" data-end=\"849\">Den skjelmske geita? Den planlegger allerede enda et takeventyr.<\/p>\n<\/li>\n<\/ul>\n<p data-start=\"851\" data-end=\"898\">Men en ting mangler fortsatt \u2014 <strong data-start=\"883\" data-end=\"897\">fortelleren<\/strong>.<\/p>\n<p data-start=\"900\" data-end=\"1145\">Kanskje er det ditt barn som st\u00e5r opp tidlig, \u00e5pner l\u00e5ved\u00f8rene og leder dyrene ut p\u00e5 beite.<br data-start=\"1000\" data-end=\"1003\" \/>Kanskje er kyrne litt sure fordi frokosten er sen, h\u00f8nene vokter en hemmelighet og geitene\u2026 ja, de er sannsynligvis fortsatt oppe p\u00e5 taket.<\/p>\n<p data-start=\"1147\" data-end=\"1362\">Vi har ikke bare skapt et leket\u00f8y \u2014 vi har skapt en verden som ditt barn kan gj\u00f8re til sin egen.<br data-start=\"1243\" data-end=\"1246\" \/>Et sted \u00e5 vandre, dr\u00f8mme og veve historier\u2026 mens du i stillhet f\u00e5r oppleve de der gylne, flyktige \u00f8yeblikkene.<\/p>\n<p data-start=\"1364\" data-end=\"1607\"><strong data-start=\"1364\" data-end=\"1392\">The Dutch Barn Dollhouse<\/strong> er kompakt, portabelt og tidl\u00f8st.<br data-start=\"1427\" data-end=\"1430\" \/>Det kombinerer varmen fra naturlige materialer med enkelthetens skj\u00f8nnhet.<br data-start=\"1500\" data-end=\"1503\" \/>Enten det st\u00e5r i hagen eller i stua er det alltid midtpunktet for ditt barns fantasi.<\/p>\n<hr data-start=\"1609\" data-end=\"1612\" \/>\n<h3 data-start=\"1614\" data-end=\"1640\"><strong data-start=\"1618\" data-end=\"1640\">Produktinformasjon<\/strong><\/h3>\n<ul data-start=\"1642\" data-end=\"1924\">\n<li data-start=\"1642\" data-end=\"1687\">\n<p data-start=\"1644\" data-end=\"1687\">H\u00e5ndlaget av h\u00f8ykvalitets, b\u00e6rekraftig tre<\/p>\n<\/li>\n<li data-start=\"1688\" data-end=\"1759\">\n<p data-start=\"1690\" data-end=\"1759\">Inkluderer 2 kyr, 2 geiter og 2 h\u00f8ner \u2014 alt i tre, inkludert i prisen<\/p>\n<\/li>\n<li data-start=\"1760\" data-end=\"1794\">\n<p data-start=\"1762\" data-end=\"1794\">Dukker og LED-lys er ikke inkludert<\/p>\n<\/li>\n<li data-start=\"1795\" data-end=\"1866\">\n<p data-start=\"1797\" data-end=\"1866\">Anbefalt belysning: 1 LED-lampe for \u00e5 mykt lyse opp innvendig<\/p>\n<\/li>\n<li data-start=\"1867\" data-end=\"1924\">\n<p data-start=\"1869\" data-end=\"1924\">Lett og portabel \u2014 perfekt for lek b\u00e5de inne og ute<\/p>\n<\/li>\n<\/ul>\n<p data-start=\"1926\" data-end=\"1937\"><strong data-start=\"1926\" data-end=\"1935\">M\u00e5l:<\/strong><\/p>\n<ul data-start=\"1938\" data-end=\"2059\">\n<li data-start=\"1938\" data-end=\"1966\">\n<p data-start=\"1940\" data-end=\"1966\"><strong data-start=\"1940\" data-end=\"1949\">Vekt:<\/strong> 2 kg (4.4 lbs)<\/p>\n<\/li>\n<li data-start=\"1967\" data-end=\"1997\">\n<p data-start=\"1969\" data-end=\"1997\"><strong data-start=\"1969\" data-end=\"1979\">Bredde:<\/strong> 50 cm (19.7 in)<\/p>\n<\/li>\n<li data-start=\"1998\" data-end=\"2029\">\n<p data-start=\"2000\" data-end=\"2029\"><strong data-start=\"2000\" data-end=\"2009\">H\u00f8yde:<\/strong> 36.8 cm (14.5 in)<\/p>\n<\/li>\n<li data-start=\"2030\" data-end=\"2059\">\n<p data-start=\"2032\" data-end=\"2059\"><strong data-start=\"2032\" data-end=\"2041\">Dybde:<\/strong> 45 cm (17.7 in)<\/p>\n<\/li>\n<\/ul>\n","protected":false},"excerpt":{"rendered":"<p>Ikke alle barndomsminner begynner med store \u00f8yeblikk.Noen starter i det lille \u2014 med en liten l\u00e5ved\u00f8r som forsiktig \u00e5pnes. The Dutch Barn Wooden Dollhouse er ikke bare et landlig dukkehus \u2014 det er et sted hvor de enkleste gjenstandene forvandles til de mest betydningsfulle historiene. Innvendig finner du en liten samling h\u00e5ndlagede tredyr:2 kyr, 2 [&hellip;]<\/p>\n","protected":false},"featured_media":82374,"comment_status":"closed","ping_status":"closed","template":"","meta":{"_acf_changed":false},"product_brand":[],"product_cat":[89,1703,922,112],"product_tag":[],"class_list":{"0":"post-82373","1":"product","2":"type-product","3":"status-publish","4":"has-post-thumbnail","6":"product_cat-dukkehus","7":"product_cat-little-forrest-animals","8":"product_cat-nyheter","9":"product_cat-treleker","11":"first","12":"instock","13":"taxable","14":"shipping-taxable","15":"purchasable","16":"product-type-variable","17":"has-default-attributes"},"acf":[],"yoast_head":"<!-- This site is optimized with the Yoast SEO Premium plugin v25.8 (Yoast SEO v27.2) - https:\/\/yoast.com\/product\/yoast-seo-premium-wordpress\/ -->\n<title>The Dutch Barn - Dukkehus - Babylove Norska<\/title>\n<meta name=\"robots\" content=\"noindex, follow, max-snippet:-1, max-image-preview:large, max-video-preview:-1\" \/>\n<meta property=\"og:locale\" content=\"nb_NO\" \/>\n<meta property=\"og:type\" content=\"article\" \/>\n<meta property=\"og:title\" content=\"The Dutch Barn - Dukkehus\" \/>\n<meta property=\"og:description\" content=\"Ikke alle barndomsminner begynner med store \u00f8yeblikk.Noen starter i det lille \u2014 med en liten l\u00e5ved\u00f8r som forsiktig \u00e5pnes. The Dutch Barn Wooden Dollhouse er ikke bare et landlig dukkehus \u2014 det er et sted hvor de enkleste gjenstandene forvandles til de mest betydningsfulle historiene. Innvendig finner du en liten samling h\u00e5ndlagede tredyr:2 kyr, 2 [&hellip;]\" \/>\n<meta property=\"og:url\" content=\"https:\/\/babylove.se\/no\/produkt\/det-hollandske-laven-dockhus\/\" \/>\n<meta property=\"og:site_name\" content=\"Babylove Norska\" \/>\n<meta property=\"article:modified_time\" content=\"2026-04-08T13:38:25+00:00\" \/>\n<meta property=\"og:image\" content=\"https:\/\/babylove.se\/no\/wp-content\/uploads\/sites\/3\/2025\/11\/IMG_7020-stor.jpeg\" \/>\n\t<meta property=\"og:image:width\" content=\"1280\" \/>\n\t<meta property=\"og:image:height\" content=\"1280\" \/>\n\t<meta property=\"og:image:type\" content=\"image\/jpeg\" \/>\n<meta name=\"twitter:card\" content=\"summary_large_image\" \/>\n<meta name=\"twitter:label1\" content=\"Availability\" \/>\n\t<meta name=\"twitter:data1\" content=\"In stock\" \/>\n<script type=\"application\/ld+json\" class=\"yoast-schema-graph\">{\"@context\":\"https:\/\/schema.org\",\"@graph\":[{\"@type\":\"WebPage\",\"@id\":\"https:\/\/babylove.se\/no\/produkt\/det-hollandske-laven-dockhus\/\",\"url\":\"https:\/\/babylove.se\/no\/produkt\/det-hollandske-laven-dockhus\/\",\"name\":\"The Dutch Barn - Dukkehus - Babylove Norska\",\"isPartOf\":{\"@id\":\"https:\/\/babylove.se\/no\/#website\"},\"primaryImageOfPage\":{\"@id\":\"https:\/\/babylove.se\/no\/produkt\/det-hollandske-laven-dockhus\/#primaryimage\"},\"image\":{\"@id\":\"https:\/\/babylove.se\/no\/produkt\/det-hollandske-laven-dockhus\/#primaryimage\"},\"thumbnailUrl\":\"https:\/\/babylove.se\/no\/wp-content\/uploads\/sites\/3\/2025\/11\/IMG_7020-stor.jpeg\",\"datePublished\":\"2025-11-25T08:07:00+00:00\",\"dateModified\":\"2026-04-08T13:38:25+00:00\",\"breadcrumb\":{\"@id\":\"https:\/\/babylove.se\/no\/produkt\/det-hollandske-laven-dockhus\/#breadcrumb\"},\"inLanguage\":\"nb-NO\",\"potentialAction\":[{\"@type\":\"ReadAction\",\"target\":[\"https:\/\/babylove.se\/no\/produkt\/det-hollandske-laven-dockhus\/\"]}]},{\"@type\":\"ImageObject\",\"inLanguage\":\"nb-NO\",\"@id\":\"https:\/\/babylove.se\/no\/produkt\/det-hollandske-laven-dockhus\/#primaryimage\",\"url\":\"https:\/\/babylove.se\/no\/wp-content\/uploads\/sites\/3\/2025\/11\/IMG_7020-stor.jpeg\",\"contentUrl\":\"https:\/\/babylove.se\/no\/wp-content\/uploads\/sites\/3\/2025\/11\/IMG_7020-stor.jpeg\",\"width\":1280,\"height\":1280},{\"@type\":\"BreadcrumbList\",\"@id\":\"https:\/\/babylove.se\/no\/produkt\/det-hollandske-laven-dockhus\/#breadcrumb\",\"itemListElement\":[{\"@type\":\"ListItem\",\"position\":1,\"name\":\"Hem\",\"item\":\"https:\/\/babylove.se\/no\/\"},{\"@type\":\"ListItem\",\"position\":2,\"name\":\"Butik\",\"item\":\"https:\/\/babylove.se\/no\/butik\/\"},{\"@type\":\"ListItem\",\"position\":3,\"name\":\"The Dutch Barn &#8211; Dukkehus\"}]},{\"@type\":\"WebSite\",\"@id\":\"https:\/\/babylove.se\/no\/#website\",\"url\":\"https:\/\/babylove.se\/no\/\",\"name\":\"Babylove Norska\",\"description\":\"\",\"potentialAction\":[{\"@type\":\"SearchAction\",\"target\":{\"@type\":\"EntryPoint\",\"urlTemplate\":\"https:\/\/babylove.se\/no\/?s={search_term_string}\"},\"query-input\":{\"@type\":\"PropertyValueSpecification\",\"valueRequired\":true,\"valueName\":\"search_term_string\"}}],\"inLanguage\":\"nb-NO\"}]}<\/script>\n<meta property=\"og:availability\" content=\"instock\" \/>\n<meta property=\"product:availability\" content=\"instock\" \/>\n<meta property=\"product:condition\" content=\"new\" \/>\n<!-- \/ Yoast SEO Premium plugin. -->","yoast_head_json":{"title":"The Dutch Barn - Dukkehus - Babylove Norska","robots":{"index":"noindex","follow":"follow","max-snippet":"max-snippet:-1","max-image-preview":"max-image-preview:large","max-video-preview":"max-video-preview:-1"},"og_locale":"nb_NO","og_type":"article","og_title":"The Dutch Barn - Dukkehus","og_description":"Ikke alle barndomsminner begynner med store \u00f8yeblikk.Noen starter i det lille \u2014 med en liten l\u00e5ved\u00f8r som forsiktig \u00e5pnes. The Dutch Barn Wooden Dollhouse er ikke bare et landlig dukkehus \u2014 det er et sted hvor de enkleste gjenstandene forvandles til de mest betydningsfulle historiene. Innvendig finner du en liten samling h\u00e5ndlagede tredyr:2 kyr, 2 [&hellip;]","og_url":"https:\/\/babylove.se\/no\/produkt\/det-hollandske-laven-dockhus\/","og_site_name":"Babylove Norska","article_modified_time":"2026-04-08T13:38:25+00:00","og_image":[{"width":1280,"height":1280,"url":"https:\/\/babylove.se\/no\/wp-content\/uploads\/sites\/3\/2025\/11\/IMG_7020-stor.jpeg","type":"image\/jpeg"}],"twitter_card":"summary_large_image","twitter_misc":{"Availability":"In stock"},"schema":{"@context":"https:\/\/schema.org","@graph":[{"@type":"WebPage","@id":"https:\/\/babylove.se\/no\/produkt\/det-hollandske-laven-dockhus\/","url":"https:\/\/babylove.se\/no\/produkt\/det-hollandske-laven-dockhus\/","name":"The Dutch Barn - Dukkehus - Babylove Norska","isPartOf":{"@id":"https:\/\/babylove.se\/no\/#website"},"primaryImageOfPage":{"@id":"https:\/\/babylove.se\/no\/produkt\/det-hollandske-laven-dockhus\/#primaryimage"},"image":{"@id":"https:\/\/babylove.se\/no\/produkt\/det-hollandske-laven-dockhus\/#primaryimage"},"thumbnailUrl":"https:\/\/babylove.se\/no\/wp-content\/uploads\/sites\/3\/2025\/11\/IMG_7020-stor.jpeg","datePublished":"2025-11-25T08:07:00+00:00","dateModified":"2026-04-08T13:38:25+00:00","breadcrumb":{"@id":"https:\/\/babylove.se\/no\/produkt\/det-hollandske-laven-dockhus\/#breadcrumb"},"inLanguage":"nb-NO","potentialAction":[{"@type":"ReadAction","target":["https:\/\/babylove.se\/no\/produkt\/det-hollandske-laven-dockhus\/"]}]},{"@type":"ImageObject","inLanguage":"nb-NO","@id":"https:\/\/babylove.se\/no\/produkt\/det-hollandske-laven-dockhus\/#primaryimage","url":"https:\/\/babylove.se\/no\/wp-content\/uploads\/sites\/3\/2025\/11\/IMG_7020-stor.jpeg","contentUrl":"https:\/\/babylove.se\/no\/wp-content\/uploads\/sites\/3\/2025\/11\/IMG_7020-stor.jpeg","width":1280,"height":1280},{"@type":"BreadcrumbList","@id":"https:\/\/babylove.se\/no\/produkt\/det-hollandske-laven-dockhus\/#breadcrumb","itemListElement":[{"@type":"ListItem","position":1,"name":"Hem","item":"https:\/\/babylove.se\/no\/"},{"@type":"ListItem","position":2,"name":"Butik","item":"https:\/\/babylove.se\/no\/butik\/"},{"@type":"ListItem","position":3,"name":"The Dutch Barn &#8211; Dukkehus"}]},{"@type":"WebSite","@id":"https:\/\/babylove.se\/no\/#website","url":"https:\/\/babylove.se\/no\/","name":"Babylove Norska","description":"","potentialAction":[{"@type":"SearchAction","target":{"@type":"EntryPoint","urlTemplate":"https:\/\/babylove.se\/no\/?s={search_term_string}"},"query-input":{"@type":"PropertyValueSpecification","valueRequired":true,"valueName":"search_term_string"}}],"inLanguage":"nb-NO"}]},"og_availability":"instock","product_availability":"instock","product_condition":"new"},"_links":{"self":[{"href":"https:\/\/babylove.se\/no\/wp-json\/wp\/v2\/product\/82373","targetHints":{"allow":["GET"]}}],"collection":[{"href":"https:\/\/babylove.se\/no\/wp-json\/wp\/v2\/product"}],"about":[{"href":"https:\/\/babylove.se\/no\/wp-json\/wp\/v2\/types\/product"}],"replies":[{"embeddable":true,"href":"https:\/\/babylove.se\/no\/wp-json\/wp\/v2\/comments?post=82373"}],"wp:featuredmedia":[{"embeddable":true,"href":"https:\/\/babylove.se\/no\/wp-json\/wp\/v2\/media\/82374"}],"wp:attachment":[{"href":"https:\/\/babylove.se\/no\/wp-json\/wp\/v2\/media?parent=82373"}],"wp:term":[{"taxonomy":"product_brand","embeddable":true,"href":"https:\/\/babylove.se\/no\/wp-json\/wp\/v2\/product_brand?post=82373"},{"taxonomy":"product_cat","embeddable":true,"href":"https:\/\/babylove.se\/no\/wp-json\/wp\/v2\/product_cat?post=82373"},{"taxonomy":"product_tag","embeddable":true,"href":"https:\/\/babylove.se\/no\/wp-json\/wp\/v2\/product_tag?post=82373"}],"curies":[{"name":"wp","href":"https:\/\/api.w.org\/{rel}","templated":true}]}}