{"id":82399,"date":"2025-11-25T09:32:10","date_gmt":"2025-11-25T08:32:10","guid":{"rendered":"https:\/\/babylove.se\/?post_type=product&#038;p=82399"},"modified":"2026-04-08T14:38:28","modified_gmt":"2026-04-08T13:38:28","slug":"house-of-london-fireetasjes-dukkehus-i-london-stil","status":"publish","type":"product","link":"https:\/\/babylove.se\/no\/produkt\/house-of-london-fireetasjes-dukkehus-i-london-stil\/","title":{"rendered":"House of London \u2013 Fireetasjers dukkehus i Londonstil"},"content":{"rendered":"<p data-start=\"141\" data-end=\"457\"><strong data-start=\"141\" data-end=\"168\">House of London Dukkehus<\/strong> fanger sjarmen i klassisk London-arkitektur i et vakkert utformet dukkehus med fire etasjer. Med myke pastellfarger, detaljerte rom og inkludert m\u00f8belsett tilbyr dette London-dukkehuset uendelige lekemuligheter for barn \u2013 og fungerer samtidig som et tidl\u00f8st samleobjekt for voksne.<\/p>\n<p data-start=\"459\" data-end=\"518\">Dette m\u00f8beldukkehuset best\u00e5r av fire fullt designede etasjer:<\/p>\n<ul data-start=\"520\" data-end=\"776\">\n<li data-start=\"520\" data-end=\"584\">\n<p data-start=\"522\" data-end=\"584\"><strong data-start=\"522\" data-end=\"539\">F\u00f8rste etasje:<\/strong> Romslig stue og fullt m\u00f8blert kj\u00f8kken.<\/p>\n<\/li>\n<li data-start=\"585\" data-end=\"646\">\n<p data-start=\"587\" data-end=\"646\"><strong data-start=\"587\" data-end=\"606\">Andre etasje:<\/strong> Komfortabelt soverom og detaljert bad.<\/p>\n<\/li>\n<li data-start=\"647\" data-end=\"706\">\n<p data-start=\"649\" data-end=\"706\"><strong data-start=\"649\" data-end=\"669\">Tredje etasje:<\/strong> Lekent barnerom og lyst lekerom.<\/p>\n<\/li>\n<li data-start=\"707\" data-end=\"776\">\n<p data-start=\"709\" data-end=\"776\"><strong data-start=\"709\" data-end=\"718\">Loft:<\/strong> Avtakbare takpaneler for enkel tilgang og utvidet lekeomr\u00e5de.<\/p>\n<\/li>\n<\/ul>\n<p data-start=\"778\" data-end=\"995\">Dukkehuset er laget av h\u00f8ykvalitets tre og malt med EN71-sertifiserte, barnevennlige farger. Det er trygt, stabilt og bygget for \u00e5 vare i mange \u00e5r. Monteringen er enkel \u2014 ingen skruer, spiker eller lim trengs.<\/p>\n<hr data-start=\"997\" data-end=\"1000\" \/>\n<h3 data-start=\"1002\" data-end=\"1021\"><strong data-start=\"1006\" data-end=\"1021\">Dette inng\u00e5r<\/strong><\/h3>\n<p data-start=\"1023\" data-end=\"1222\">Alle m\u00f8bler og alle dekorative tilbeh\u00f8r som ses p\u00e5 bildene inng\u00e5r i <strong data-start=\"1096\" data-end=\"1123\">House of London Dukkehus<\/strong>.<br data-start=\"1124\" data-end=\"1127\" \/>LED-belysning og dukkefamilie selges separat. For beste resultat anbefaler vi 3\u20134 LED-lamper.<\/p>\n<hr data-start=\"1224\" data-end=\"1227\" \/>\n<h3 data-start=\"1229\" data-end=\"1241\"><strong data-start=\"1233\" data-end=\"1241\">M\u00e5l<\/strong><\/h3>\n<ul data-start=\"1243\" data-end=\"1366\">\n<li data-start=\"1243\" data-end=\"1272\">\n<p data-start=\"1245\" data-end=\"1272\"><strong data-start=\"1245\" data-end=\"1254\">Vekt:<\/strong> 34 kg (74.96 lbs)<\/p>\n<\/li>\n<li data-start=\"1274\" data-end=\"1305\">\n<p data-start=\"1276\" data-end=\"1305\"><strong data-start=\"1276\" data-end=\"1285\">H\u00f8yde:<\/strong> 102 cm (40.16 in)<\/p>\n<\/li>\n<li data-start=\"1306\" data-end=\"1336\">\n<p data-start=\"1308\" data-end=\"1336\"><strong data-start=\"1308\" data-end=\"1317\">Dybde:<\/strong> 40 cm (15.75 in)<\/p>\n<\/li>\n<li data-start=\"1337\" data-end=\"1366\">\n<p data-start=\"1339\" data-end=\"1366\"><strong data-start=\"1339\" data-end=\"1349\">Bredde:<\/strong> 70 cm (27.56 in)<\/p>\n<\/li>\n<\/ul>\n<hr data-start=\"1368\" data-end=\"1371\" \/>\n<p data-start=\"1373\" data-end=\"1542\">Enten det er en gave til et barn, et blikkfang i et lekerom eller et elsket samleobjekt, vil <strong data-start=\"1479\" data-end=\"1506\">House of London Dukkehus<\/strong> bli verdsatt i mange \u00e5r fremover.<\/p>\n","protected":false},"excerpt":{"rendered":"<p>House of London Dukkehus fanger sjarmen i klassisk London-arkitektur i et vakkert utformet dukkehus med fire etasjer. Med myke pastellfarger, detaljerte rom og inkludert m\u00f8belsett tilbyr dette London-dukkehuset uendelige lekemuligheter for barn \u2013 og fungerer samtidig som et tidl\u00f8st samleobjekt for voksne. Dette m\u00f8beldukkehuset best\u00e5r av fire fullt designede etasjer: F\u00f8rste etasje: Romslig stue og [&hellip;]<\/p>\n","protected":false},"featured_media":82400,"comment_status":"open","ping_status":"closed","template":"","meta":{"_acf_changed":false},"product_brand":[1711],"product_cat":[89,72,1703,922],"product_tag":[1689],"class_list":{"0":"post-82399","1":"product","2":"type-product","3":"status-publish","4":"has-post-thumbnail","6":"product_brand-little-forrest-animals","7":"product_cat-dukkehus","8":"product_cat-julegaver","9":"product_cat-little-forrest-animals","10":"product_cat-nyheter","11":"product_tag-bestillingsvaror","13":"first","14":"instock","15":"taxable","16":"shipping-taxable","17":"purchasable","18":"product-type-variable"},"acf":[],"yoast_head":"<!-- This site is optimized with the Yoast SEO Premium plugin v25.8 (Yoast SEO v27.2) - https:\/\/yoast.com\/product\/yoast-seo-premium-wordpress\/ -->\n<title>House of London \u2013 Fireetasjers dukkehus i Londonstil - Babylove Norska<\/title>\n<meta name=\"robots\" content=\"noindex, follow, max-snippet:-1, max-image-preview:large, max-video-preview:-1\" \/>\n<meta property=\"og:locale\" content=\"nb_NO\" \/>\n<meta property=\"og:type\" content=\"article\" \/>\n<meta property=\"og:title\" content=\"House of London \u2013 Fireetasjers dukkehus i Londonstil\" \/>\n<meta property=\"og:description\" content=\"House of London Dukkehus fanger sjarmen i klassisk London-arkitektur i et vakkert utformet dukkehus med fire etasjer. Med myke pastellfarger, detaljerte rom og inkludert m\u00f8belsett tilbyr dette London-dukkehuset uendelige lekemuligheter for barn \u2013 og fungerer samtidig som et tidl\u00f8st samleobjekt for voksne. Dette m\u00f8beldukkehuset best\u00e5r av fire fullt designede etasjer: F\u00f8rste etasje: Romslig stue og [&hellip;]\" \/>\n<meta property=\"og:url\" content=\"https:\/\/babylove.se\/no\/produkt\/house-of-london-fireetasjes-dukkehus-i-london-stil\/\" \/>\n<meta property=\"og:site_name\" content=\"Babylove Norska\" \/>\n<meta property=\"article:modified_time\" content=\"2026-04-08T13:38:28+00:00\" \/>\n<meta property=\"og:image\" content=\"https:\/\/babylove.se\/no\/wp-content\/uploads\/sites\/3\/2025\/11\/HOUSE-0895-stor.jpeg\" \/>\n\t<meta property=\"og:image:width\" content=\"854\" \/>\n\t<meta property=\"og:image:height\" content=\"1280\" \/>\n\t<meta property=\"og:image:type\" content=\"image\/jpeg\" \/>\n<meta name=\"twitter:card\" content=\"summary_large_image\" \/>\n<meta name=\"twitter:label1\" content=\"Availability\" \/>\n\t<meta name=\"twitter:data1\" content=\"In stock\" \/>\n<script type=\"application\/ld+json\" class=\"yoast-schema-graph\">{\"@context\":\"https:\/\/schema.org\",\"@graph\":[{\"@type\":\"WebPage\",\"@id\":\"https:\/\/babylove.se\/no\/produkt\/house-of-london-fireetasjes-dukkehus-i-london-stil\/\",\"url\":\"https:\/\/babylove.se\/no\/produkt\/house-of-london-fireetasjes-dukkehus-i-london-stil\/\",\"name\":\"House of London \u2013 Fireetasjers dukkehus i Londonstil - Babylove Norska\",\"isPartOf\":{\"@id\":\"https:\/\/babylove.se\/no\/#website\"},\"primaryImageOfPage\":{\"@id\":\"https:\/\/babylove.se\/no\/produkt\/house-of-london-fireetasjes-dukkehus-i-london-stil\/#primaryimage\"},\"image\":{\"@id\":\"https:\/\/babylove.se\/no\/produkt\/house-of-london-fireetasjes-dukkehus-i-london-stil\/#primaryimage\"},\"thumbnailUrl\":\"https:\/\/babylove.se\/no\/wp-content\/uploads\/sites\/3\/2025\/11\/HOUSE-0895-stor.jpeg\",\"datePublished\":\"2025-11-25T08:32:10+00:00\",\"dateModified\":\"2026-04-08T13:38:28+00:00\",\"breadcrumb\":{\"@id\":\"https:\/\/babylove.se\/no\/produkt\/house-of-london-fireetasjes-dukkehus-i-london-stil\/#breadcrumb\"},\"inLanguage\":\"nb-NO\",\"potentialAction\":[{\"@type\":\"ReadAction\",\"target\":[\"https:\/\/babylove.se\/no\/produkt\/house-of-london-fireetasjes-dukkehus-i-london-stil\/\"]}]},{\"@type\":\"ImageObject\",\"inLanguage\":\"nb-NO\",\"@id\":\"https:\/\/babylove.se\/no\/produkt\/house-of-london-fireetasjes-dukkehus-i-london-stil\/#primaryimage\",\"url\":\"https:\/\/babylove.se\/no\/wp-content\/uploads\/sites\/3\/2025\/11\/HOUSE-0895-stor.jpeg\",\"contentUrl\":\"https:\/\/babylove.se\/no\/wp-content\/uploads\/sites\/3\/2025\/11\/HOUSE-0895-stor.jpeg\",\"width\":854,\"height\":1280},{\"@type\":\"BreadcrumbList\",\"@id\":\"https:\/\/babylove.se\/no\/produkt\/house-of-london-fireetasjes-dukkehus-i-london-stil\/#breadcrumb\",\"itemListElement\":[{\"@type\":\"ListItem\",\"position\":1,\"name\":\"Hem\",\"item\":\"https:\/\/babylove.se\/no\/\"},{\"@type\":\"ListItem\",\"position\":2,\"name\":\"Butik\",\"item\":\"https:\/\/babylove.se\/no\/butik\/\"},{\"@type\":\"ListItem\",\"position\":3,\"name\":\"House of London \u2013 Fireetasjers dukkehus i Londonstil\"}]},{\"@type\":\"WebSite\",\"@id\":\"https:\/\/babylove.se\/no\/#website\",\"url\":\"https:\/\/babylove.se\/no\/\",\"name\":\"Babylove Norska\",\"description\":\"\",\"potentialAction\":[{\"@type\":\"SearchAction\",\"target\":{\"@type\":\"EntryPoint\",\"urlTemplate\":\"https:\/\/babylove.se\/no\/?s={search_term_string}\"},\"query-input\":{\"@type\":\"PropertyValueSpecification\",\"valueRequired\":true,\"valueName\":\"search_term_string\"}}],\"inLanguage\":\"nb-NO\"}]}<\/script>\n<meta property=\"product:brand\" content=\"Little Forrest Animals\" \/>\n<meta property=\"og:availability\" content=\"instock\" \/>\n<meta property=\"product:availability\" content=\"instock\" \/>\n<meta property=\"product:condition\" content=\"new\" \/>\n<!-- \/ Yoast SEO Premium plugin. -->","yoast_head_json":{"title":"House of London \u2013 Fireetasjers dukkehus i Londonstil - Babylove Norska","robots":{"index":"noindex","follow":"follow","max-snippet":"max-snippet:-1","max-image-preview":"max-image-preview:large","max-video-preview":"max-video-preview:-1"},"og_locale":"nb_NO","og_type":"article","og_title":"House of London \u2013 Fireetasjers dukkehus i Londonstil","og_description":"House of London Dukkehus fanger sjarmen i klassisk London-arkitektur i et vakkert utformet dukkehus med fire etasjer. Med myke pastellfarger, detaljerte rom og inkludert m\u00f8belsett tilbyr dette London-dukkehuset uendelige lekemuligheter for barn \u2013 og fungerer samtidig som et tidl\u00f8st samleobjekt for voksne. Dette m\u00f8beldukkehuset best\u00e5r av fire fullt designede etasjer: F\u00f8rste etasje: Romslig stue og [&hellip;]","og_url":"https:\/\/babylove.se\/no\/produkt\/house-of-london-fireetasjes-dukkehus-i-london-stil\/","og_site_name":"Babylove Norska","article_modified_time":"2026-04-08T13:38:28+00:00","og_image":[{"width":854,"height":1280,"url":"https:\/\/babylove.se\/no\/wp-content\/uploads\/sites\/3\/2025\/11\/HOUSE-0895-stor.jpeg","type":"image\/jpeg"}],"twitter_card":"summary_large_image","twitter_misc":{"Availability":"In stock"},"schema":{"@context":"https:\/\/schema.org","@graph":[{"@type":"WebPage","@id":"https:\/\/babylove.se\/no\/produkt\/house-of-london-fireetasjes-dukkehus-i-london-stil\/","url":"https:\/\/babylove.se\/no\/produkt\/house-of-london-fireetasjes-dukkehus-i-london-stil\/","name":"House of London \u2013 Fireetasjers dukkehus i Londonstil - Babylove Norska","isPartOf":{"@id":"https:\/\/babylove.se\/no\/#website"},"primaryImageOfPage":{"@id":"https:\/\/babylove.se\/no\/produkt\/house-of-london-fireetasjes-dukkehus-i-london-stil\/#primaryimage"},"image":{"@id":"https:\/\/babylove.se\/no\/produkt\/house-of-london-fireetasjes-dukkehus-i-london-stil\/#primaryimage"},"thumbnailUrl":"https:\/\/babylove.se\/no\/wp-content\/uploads\/sites\/3\/2025\/11\/HOUSE-0895-stor.jpeg","datePublished":"2025-11-25T08:32:10+00:00","dateModified":"2026-04-08T13:38:28+00:00","breadcrumb":{"@id":"https:\/\/babylove.se\/no\/produkt\/house-of-london-fireetasjes-dukkehus-i-london-stil\/#breadcrumb"},"inLanguage":"nb-NO","potentialAction":[{"@type":"ReadAction","target":["https:\/\/babylove.se\/no\/produkt\/house-of-london-fireetasjes-dukkehus-i-london-stil\/"]}]},{"@type":"ImageObject","inLanguage":"nb-NO","@id":"https:\/\/babylove.se\/no\/produkt\/house-of-london-fireetasjes-dukkehus-i-london-stil\/#primaryimage","url":"https:\/\/babylove.se\/no\/wp-content\/uploads\/sites\/3\/2025\/11\/HOUSE-0895-stor.jpeg","contentUrl":"https:\/\/babylove.se\/no\/wp-content\/uploads\/sites\/3\/2025\/11\/HOUSE-0895-stor.jpeg","width":854,"height":1280},{"@type":"BreadcrumbList","@id":"https:\/\/babylove.se\/no\/produkt\/house-of-london-fireetasjes-dukkehus-i-london-stil\/#breadcrumb","itemListElement":[{"@type":"ListItem","position":1,"name":"Hem","item":"https:\/\/babylove.se\/no\/"},{"@type":"ListItem","position":2,"name":"Butik","item":"https:\/\/babylove.se\/no\/butik\/"},{"@type":"ListItem","position":3,"name":"House of London \u2013 Fireetasjers dukkehus i Londonstil"}]},{"@type":"WebSite","@id":"https:\/\/babylove.se\/no\/#website","url":"https:\/\/babylove.se\/no\/","name":"Babylove Norska","description":"","potentialAction":[{"@type":"SearchAction","target":{"@type":"EntryPoint","urlTemplate":"https:\/\/babylove.se\/no\/?s={search_term_string}"},"query-input":{"@type":"PropertyValueSpecification","valueRequired":true,"valueName":"search_term_string"}}],"inLanguage":"nb-NO"}]},"product_brand":"Little Forrest Animals","og_availability":"instock","product_availability":"instock","product_condition":"new"},"_links":{"self":[{"href":"https:\/\/babylove.se\/no\/wp-json\/wp\/v2\/product\/82399","targetHints":{"allow":["GET"]}}],"collection":[{"href":"https:\/\/babylove.se\/no\/wp-json\/wp\/v2\/product"}],"about":[{"href":"https:\/\/babylove.se\/no\/wp-json\/wp\/v2\/types\/product"}],"replies":[{"embeddable":true,"href":"https:\/\/babylove.se\/no\/wp-json\/wp\/v2\/comments?post=82399"}],"wp:featuredmedia":[{"embeddable":true,"href":"https:\/\/babylove.se\/no\/wp-json\/wp\/v2\/media\/82400"}],"wp:attachment":[{"href":"https:\/\/babylove.se\/no\/wp-json\/wp\/v2\/media?parent=82399"}],"wp:term":[{"taxonomy":"product_brand","embeddable":true,"href":"https:\/\/babylove.se\/no\/wp-json\/wp\/v2\/product_brand?post=82399"},{"taxonomy":"product_cat","embeddable":true,"href":"https:\/\/babylove.se\/no\/wp-json\/wp\/v2\/product_cat?post=82399"},{"taxonomy":"product_tag","embeddable":true,"href":"https:\/\/babylove.se\/no\/wp-json\/wp\/v2\/product_tag?post=82399"}],"curies":[{"name":"wp","href":"https:\/\/api.w.org\/{rel}","templated":true}]}}